{"id":106,"date":"2015-08-24T20:33:00","date_gmt":"2015-08-24T20:33:00","guid":{"rendered":"http:\/\/club-des-ecureuils.fr\/?page_id=106"},"modified":"2025-08-29T14:47:06","modified_gmt":"2025-08-29T14:47:06","slug":"ecole-eveil-multi-sports","status":"publish","type":"page","link":"https:\/\/club-des-ecureuils.fr\/?page_id=106","title":{"rendered":"Eveil Multi Sports"},"content":{"rendered":"\n<p class=\"has-text-align-center\"><a href=\"https:\/\/club-des-ecureuils.fr\/?page_id=106\">EMS<\/a>&nbsp;&#8211; <a href=\"https:\/\/club-des-ecureuils.fr\/?page_id=112\">Horaires<\/a> &#8211; <a href=\"https:\/\/club-des-ecureuils.fr\/?page_id=115\">Actualit\u00e9s<\/a> &#8211;&nbsp;<a href=\"https:\/\/club-des-ecureuils.fr\/?page_id=124\">Phototh\u00e8que<\/a> &#8211; <a href=\"https:\/\/club-des-ecureuils.fr\/?page_id=145\">Vid\u00e9oth\u00e8que<\/a><\/p>\n\n\n\n<h3 class=\"wp-block-heading\"><span style=\"color: #808000;\">Inscriptions saison 2025-2026 en ligne et UNIQUEMENT par CB :&nbsp;<\/span><\/h3>\n\n\n\n<iframe id=\"haWidget\" allowtransparency=\"true\" src=\"https:\/\/www.helloasso.com\/associations\/club-omnisport-et-culturel-des-ecureuils-section-multi-sports\/adhesions\/adhesion-saison-2024-2025-2\/widget-bouton\" style=\"width: 100%; height: 70px; border: none;\" onload=\"window.addEventListener( 'message', e => { const dataHeight = e.data.height; const haWidgetElement = document.getElementById(&lsquo;haWidget&rsquo;); haWidgetElement.height = dataHeight + &lsquo;px&rsquo;; } )\u00a0\u00bb ><\/iframe>\n\n\n\n<p><span style=\"color: #000000;\">L\u2019\u00c9cole d\u2019\u00e9veil Multi Sports permet d\u2019initier des enfants \u00e2g\u00e9s de 4 \u00e0 11 ans \u00e0 la pratique de multiples et diff\u00e9rentes activit\u00e9s sportives et corporelles. Outil d\u2019\u00e9veil et prolongement de l\u2019\u00e9cole dans le sport, elle offre \u00e0 l\u2019enfant l\u2019occasion de d\u00e9couvrir plusieurs disciplines, d\u2019acqu\u00e9rir une comp\u00e9tence sportive plus importante et de pouvoir faire un meilleur choix pour une future pratique en loisir ou en comp\u00e9tition.<\/span><br><span style=\"color: #000000;\">L\u2019\u00c9cole d\u2019\u00e9veil Multi-sports est une \u00e9cole des sports encadr\u00e9e par des \u00e9ducateurs dipl\u00f4m\u00e9s.<\/span><br><span style=\"text-decoration: underline; color: #000000;\">Ses principes :<\/span><\/p>\n\n\n\n<ul class=\"wp-block-list\">\n<li><span style=\"color: #000000;\">&nbsp;Offrir au plus grand nombre la possibilit\u00e9 d\u2019exercer une activit\u00e9 sportive dans une pratique de loisirs et de bien-\u00eatre.<\/span><\/li>\n\n\n\n<li><span style=\"color: #000000;\">&nbsp;R\u00e9pondre aux besoins de d\u00e9couverte des enfants en les aidant \u00e0 s\u2019orienter vers des choix durables au sein des associations et des clubs sportifs.<\/span><\/li>\n\n\n\n<li><span style=\"color: #000000;\">&nbsp;Permettre de d\u00e9velopper et d\u2019affiner leurs habilet\u00e9s motrices, d\u2019acqu\u00e9rir les fondements n\u00e9cessaires \u00e0 une culture sportive la plus compl\u00e8te.<\/span><\/li>\n<\/ul>\n\n\n\n<p><a title=\"ems@club-des-ecureuils.fr\" href=\"mailto:ems@club-des-ecureuils.fr\" target=\"_blank\" rel=\"noopener noreferrer\">contact : ems@club-des-ecureuils.fr<\/a><\/p>\n\n\n\n<figure class=\"wp-block-image\"><a href=\"https:\/\/club-des-ecureuils.fr\/wp-content\/uploads\/2015\/08\/Ecole1.jpg\"><img loading=\"lazy\" decoding=\"async\" width=\"800\" height=\"536\" src=\"https:\/\/club-des-ecureuils.fr\/wp-content\/uploads\/2015\/08\/Ecole1.jpg\" alt=\"Ecole1\" class=\"wp-image-108\" srcset=\"https:\/\/club-des-ecureuils.fr\/wp-content\/uploads\/2015\/08\/Ecole1.jpg 800w, https:\/\/club-des-ecureuils.fr\/wp-content\/uploads\/2015\/08\/Ecole1-300x201.jpg 300w, https:\/\/club-des-ecureuils.fr\/wp-content\/uploads\/2015\/08\/Ecole1-100x67.jpg 100w, https:\/\/club-des-ecureuils.fr\/wp-content\/uploads\/2015\/08\/Ecole1-150x101.jpg 150w, https:\/\/club-des-ecureuils.fr\/wp-content\/uploads\/2015\/08\/Ecole1-200x134.jpg 200w, https:\/\/club-des-ecureuils.fr\/wp-content\/uploads\/2015\/08\/Ecole1-450x302.jpg 450w, https:\/\/club-des-ecureuils.fr\/wp-content\/uploads\/2015\/08\/Ecole1-600x402.jpg 600w\" sizes=\"auto, (max-width: 767px) 89vw, (max-width: 1000px) 54vw, (max-width: 1071px) 543px, 580px\" \/><\/a><\/figure>\n\n\n\n<figure class=\"wp-block-image\"><a href=\"https:\/\/club-des-ecureuils.fr\/wp-content\/uploads\/2015\/08\/Ecole2.jpg\"><img loading=\"lazy\" decoding=\"async\" width=\"800\" height=\"536\" src=\"https:\/\/club-des-ecureuils.fr\/wp-content\/uploads\/2015\/08\/Ecole2.jpg\" alt=\"Ecole2\" class=\"wp-image-109\" srcset=\"https:\/\/club-des-ecureuils.fr\/wp-content\/uploads\/2015\/08\/Ecole2.jpg 800w, https:\/\/club-des-ecureuils.fr\/wp-content\/uploads\/2015\/08\/Ecole2-300x201.jpg 300w, https:\/\/club-des-ecureuils.fr\/wp-content\/uploads\/2015\/08\/Ecole2-100x67.jpg 100w, https:\/\/club-des-ecureuils.fr\/wp-content\/uploads\/2015\/08\/Ecole2-150x101.jpg 150w, https:\/\/club-des-ecureuils.fr\/wp-content\/uploads\/2015\/08\/Ecole2-200x134.jpg 200w, https:\/\/club-des-ecureuils.fr\/wp-content\/uploads\/2015\/08\/Ecole2-450x302.jpg 450w, https:\/\/club-des-ecureuils.fr\/wp-content\/uploads\/2015\/08\/Ecole2-600x402.jpg 600w\" sizes=\"auto, (max-width: 767px) 89vw, (max-width: 1000px) 54vw, (max-width: 1071px) 543px, 580px\" \/><\/a><\/figure>\n","protected":false},"excerpt":{"rendered":"<p>EMS&nbsp;&#8211; Horaires &#8211; Actualit\u00e9s &#8211;&nbsp;Phototh\u00e8que &#8211; Vid\u00e9oth\u00e8que Inscriptions saison 2025-2026 en ligne et UNIQUEMENT par CB :&nbsp;<\/p>\n","protected":false},"author":1,"featured_media":0,"parent":28,"menu_order":4,"comment_status":"closed","ping_status":"closed","template":"","meta":{"footnotes":""},"class_list":["post-106","page","type-page","status-publish","hentry"],"_links":{"self":[{"href":"https:\/\/club-des-ecureuils.fr\/index.php?rest_route=\/wp\/v2\/pages\/106","targetHints":{"allow":["GET"]}}],"collection":[{"href":"https:\/\/club-des-ecureuils.fr\/index.php?rest_route=\/wp\/v2\/pages"}],"about":[{"href":"https:\/\/club-des-ecureuils.fr\/index.php?rest_route=\/wp\/v2\/types\/page"}],"author":[{"embeddable":true,"href":"https:\/\/club-des-ecureuils.fr\/index.php?rest_route=\/wp\/v2\/users\/1"}],"replies":[{"embeddable":true,"href":"https:\/\/club-des-ecureuils.fr\/index.php?rest_route=%2Fwp%2Fv2%2Fcomments&post=106"}],"version-history":[{"count":25,"href":"https:\/\/club-des-ecureuils.fr\/index.php?rest_route=\/wp\/v2\/pages\/106\/revisions"}],"predecessor-version":[{"id":6530,"href":"https:\/\/club-des-ecureuils.fr\/index.php?rest_route=\/wp\/v2\/pages\/106\/revisions\/6530"}],"up":[{"embeddable":true,"href":"https:\/\/club-des-ecureuils.fr\/index.php?rest_route=\/wp\/v2\/pages\/28"}],"wp:attachment":[{"href":"https:\/\/club-des-ecureuils.fr\/index.php?rest_route=%2Fwp%2Fv2%2Fmedia&parent=106"}],"curies":[{"name":"wp","href":"https:\/\/api.w.org\/{rel}","templated":true}]}}