{"id":112,"date":"2015-08-24T20:36:22","date_gmt":"2015-08-24T20:36:22","guid":{"rendered":"http:\/\/club-des-ecureuils.fr\/?page_id=112"},"modified":"2025-08-29T14:44:31","modified_gmt":"2025-08-29T14:44:31","slug":"horaires","status":"publish","type":"page","link":"https:\/\/club-des-ecureuils.fr\/?page_id=112","title":{"rendered":"Horaires EMS"},"content":{"rendered":"<table style=\"height: 333px;\" width=\"757\" cellpadding=\"0\">\n<tbody>\n<tr>\n<td colspan=\"4\">\n<h5 align=\"center\"><a href=\"https:\/\/club-des-ecureuils.fr\/?page_id=106\">EMS<\/a>\u00a0&#8211; <a href=\"https:\/\/club-des-ecureuils.fr\/?page_id=112\">Horaires<\/a> &#8211; <a href=\"https:\/\/club-des-ecureuils.fr\/?page_id=115\">Actualit\u00e9s<\/a> &#8211;\u00a0<a href=\"https:\/\/club-des-ecureuils.fr\/?page_id=124\">Phototh\u00e8que<\/a> &#8211; <a href=\"https:\/\/club-des-ecureuils.fr\/?page_id=145\">Vid\u00e9oth\u00e8que<\/a><\/h5>\n<h2 align=\"center\"><span style=\"color: #800080;\">Eveil Multi Sports<\/span><\/h2>\n<p><span style=\"color: #008000;\">Educateur sportif: Alexandra<\/span><\/p>\n<p><span style=\"color: #008000;\">Aide animateur sportif: S\u00e9bastien<\/span><\/td>\n<\/tr>\n<tr>\n<td>\n<h4>\u00a0\u00a0\u00a0\u00a0\u00a0\u00a0\u00a0\u00a0\u00a0\u00a0\u00a0\u00a0\u00a0\u00a0\u00a0 Lieu<\/h4>\n<p><span style=\"color: #ff0000;\">Du 13-09- 2025\u00a0 au 27-09-2026<\/span><\/p>\n<p><strong><em>Gymnase du coll\u00e8ge<\/em><\/strong><\/p>\n<p><span style=\"color: #ff0000;\">Du 04-10- 2025 au 27-06-2026<\/span><\/p>\n<p><em><strong>Salle des sports (complexe du parc)<\/strong><\/em><\/p>\n<p><span style=\"color: #ff0000;\">Certains samedis se d\u00e9rouleront au<\/span><\/p>\n<p><strong><em>Gymnase du coll\u00e8ge<\/em><\/strong><\/p>\n<p>( vous serez pr\u00e9venus \u00e0 l&rsquo;avance par mail)<\/td>\n<td>MS, GS maternelle<\/p>\n<p>CP-CE1 &#8211; CE2<\/p>\n<p>CM1 -CM2<\/td>\n<td>\n<h4>\u00a0Horaires <strong>(de principe, pouvant \u00eatre adaqpt\u00e9s en fonction du nombre d&rsquo;enfants<\/strong>)<\/h4>\n<p>de 11h30 \u00e0 12h30<\/p>\n<p>de 10h30 \u00e0 11h30<\/p>\n<p>de 09h30 \u00e0 10h30<\/td>\n<td><\/td>\n<\/tr>\n<\/tbody>\n<\/table>\n","protected":false},"excerpt":{"rendered":"<p>EMS\u00a0&#8211; Horaires &#8211; Actualit\u00e9s &#8211;\u00a0Phototh\u00e8que &#8211; Vid\u00e9oth\u00e8que Eveil Multi Sports Educateur sportif: Alexandra Aide animateur sportif: S\u00e9bastien \u00a0\u00a0\u00a0\u00a0\u00a0\u00a0\u00a0\u00a0\u00a0\u00a0\u00a0\u00a0\u00a0\u00a0\u00a0 Lieu Du 13-09- 2025\u00a0 au 27-09-2026 Gymnase du coll\u00e8ge Du 04-10- 2025 au 27-06-2026 Salle des sports (complexe du parc) Certains samedis se d\u00e9rouleront au Gymnase du coll\u00e8ge ( vous serez pr\u00e9venus \u00e0 l&rsquo;avance par mail) MS, &hellip; <\/p>\n<p class=\"link-more\"><a href=\"https:\/\/club-des-ecureuils.fr\/?page_id=112\" class=\"more-link\">Continuer la lecture<span class=\"screen-reader-text\"> de &laquo;&nbsp;Horaires EMS&nbsp;&raquo;<\/span><\/a><\/p>\n","protected":false},"author":1,"featured_media":0,"parent":106,"menu_order":1,"comment_status":"closed","ping_status":"closed","template":"","meta":{"footnotes":""},"class_list":["post-112","page","type-page","status-publish","hentry"],"_links":{"self":[{"href":"https:\/\/club-des-ecureuils.fr\/index.php?rest_route=\/wp\/v2\/pages\/112","targetHints":{"allow":["GET"]}}],"collection":[{"href":"https:\/\/club-des-ecureuils.fr\/index.php?rest_route=\/wp\/v2\/pages"}],"about":[{"href":"https:\/\/club-des-ecureuils.fr\/index.php?rest_route=\/wp\/v2\/types\/page"}],"author":[{"embeddable":true,"href":"https:\/\/club-des-ecureuils.fr\/index.php?rest_route=\/wp\/v2\/users\/1"}],"replies":[{"embeddable":true,"href":"https:\/\/club-des-ecureuils.fr\/index.php?rest_route=%2Fwp%2Fv2%2Fcomments&post=112"}],"version-history":[{"count":10,"href":"https:\/\/club-des-ecureuils.fr\/index.php?rest_route=\/wp\/v2\/pages\/112\/revisions"}],"predecessor-version":[{"id":6529,"href":"https:\/\/club-des-ecureuils.fr\/index.php?rest_route=\/wp\/v2\/pages\/112\/revisions\/6529"}],"up":[{"embeddable":true,"href":"https:\/\/club-des-ecureuils.fr\/index.php?rest_route=\/wp\/v2\/pages\/106"}],"wp:attachment":[{"href":"https:\/\/club-des-ecureuils.fr\/index.php?rest_route=%2Fwp%2Fv2%2Fmedia&parent=112"}],"curies":[{"name":"wp","href":"https:\/\/api.w.org\/{rel}","templated":true}]}}