{"id":124,"date":"2015-08-24T20:43:47","date_gmt":"2015-08-24T20:43:47","guid":{"rendered":"http:\/\/club-des-ecureuils.fr\/?page_id=124"},"modified":"2016-03-04T14:23:00","modified_gmt":"2016-03-04T14:23:00","slug":"phototheque","status":"publish","type":"page","link":"https:\/\/club-des-ecureuils.fr\/?page_id=124","title":{"rendered":"Phototh\u00e8que EMS"},"content":{"rendered":"<p style=\"text-align: center;\"><a href=\"https:\/\/club-des-ecureuils.fr\/?page_id=106\">EMS<\/a>\u00a0&#8211; <a href=\"https:\/\/club-des-ecureuils.fr\/?page_id=112\">Horaires<\/a> &#8211; <a href=\"https:\/\/club-des-ecureuils.fr\/?page_id=115\">Actualit\u00e9s<\/a> &#8211;\u00a0<a href=\"https:\/\/club-des-ecureuils.fr\/?page_id=124\">Phototh\u00e8que<\/a> &#8211; <a href=\"https:\/\/club-des-ecureuils.fr\/?page_id=145\">Vid\u00e9oth\u00e8que<\/a><\/p>\n<p style=\"text-align: left;\">\u00a0Cours \u00ab\u00a0Parcours du Combattant\u00a0\u00bb : Cours rassembl\u00e9s avant les vacances de f\u00e9vrier 2016 suivi d&rsquo;un petit go\u00fbter partag\u00e9 tous ensemble :-). Merci aux enfants et aux parents de leur participation.<\/p>\n<p style=\"text-align: left;\"><a href=\"https:\/\/club-des-ecureuils.fr\/wp-content\/uploads\/2015\/08\/IMG_3562.jpg\" rel=\"attachment wp-att-2025\"><img loading=\"lazy\" decoding=\"async\" class=\"wp-image-2025 size-medium alignnone\" src=\"https:\/\/club-des-ecureuils.fr\/wp-content\/uploads\/2015\/08\/IMG_3562-300x225.jpg\" alt=\"IMG_3562\" width=\"300\" height=\"225\" srcset=\"https:\/\/club-des-ecureuils.fr\/wp-content\/uploads\/2015\/08\/IMG_3562-300x225.jpg 300w, https:\/\/club-des-ecureuils.fr\/wp-content\/uploads\/2015\/08\/IMG_3562-768x576.jpg 768w, https:\/\/club-des-ecureuils.fr\/wp-content\/uploads\/2015\/08\/IMG_3562-1024x768.jpg 1024w, https:\/\/club-des-ecureuils.fr\/wp-content\/uploads\/2015\/08\/IMG_3562-100x75.jpg 100w, https:\/\/club-des-ecureuils.fr\/wp-content\/uploads\/2015\/08\/IMG_3562-150x113.jpg 150w, https:\/\/club-des-ecureuils.fr\/wp-content\/uploads\/2015\/08\/IMG_3562-200x150.jpg 200w, https:\/\/club-des-ecureuils.fr\/wp-content\/uploads\/2015\/08\/IMG_3562-450x338.jpg 450w, https:\/\/club-des-ecureuils.fr\/wp-content\/uploads\/2015\/08\/IMG_3562-600x450.jpg 600w, https:\/\/club-des-ecureuils.fr\/wp-content\/uploads\/2015\/08\/IMG_3562-900x675.jpg 900w\" sizes=\"auto, (max-width: 300px) 100vw, 300px\" \/><\/a>\u00a0<a href=\"https:\/\/club-des-ecureuils.fr\/wp-content\/uploads\/2015\/08\/IMG_3564.jpg\" rel=\"attachment wp-att-2027\"><img loading=\"lazy\" decoding=\"async\" class=\"alignnone size-medium wp-image-2027\" src=\"https:\/\/club-des-ecureuils.fr\/wp-content\/uploads\/2015\/08\/IMG_3564-300x225.jpg\" alt=\"IMG_3564\" width=\"300\" height=\"225\" srcset=\"https:\/\/club-des-ecureuils.fr\/wp-content\/uploads\/2015\/08\/IMG_3564-300x225.jpg 300w, https:\/\/club-des-ecureuils.fr\/wp-content\/uploads\/2015\/08\/IMG_3564-768x576.jpg 768w, https:\/\/club-des-ecureuils.fr\/wp-content\/uploads\/2015\/08\/IMG_3564-1024x768.jpg 1024w, https:\/\/club-des-ecureuils.fr\/wp-content\/uploads\/2015\/08\/IMG_3564-100x75.jpg 100w, https:\/\/club-des-ecureuils.fr\/wp-content\/uploads\/2015\/08\/IMG_3564-150x113.jpg 150w, https:\/\/club-des-ecureuils.fr\/wp-content\/uploads\/2015\/08\/IMG_3564-200x150.jpg 200w, https:\/\/club-des-ecureuils.fr\/wp-content\/uploads\/2015\/08\/IMG_3564-450x338.jpg 450w, https:\/\/club-des-ecureuils.fr\/wp-content\/uploads\/2015\/08\/IMG_3564-600x450.jpg 600w, https:\/\/club-des-ecureuils.fr\/wp-content\/uploads\/2015\/08\/IMG_3564-900x675.jpg 900w\" sizes=\"auto, (max-width: 300px) 100vw, 300px\" \/><\/a>\u00a0<a href=\"https:\/\/club-des-ecureuils.fr\/wp-content\/uploads\/2015\/08\/IMG_3565.jpg\" rel=\"attachment wp-att-2028\"><img loading=\"lazy\" decoding=\"async\" class=\"alignnone size-medium wp-image-2028\" src=\"https:\/\/club-des-ecureuils.fr\/wp-content\/uploads\/2015\/08\/IMG_3565-300x225.jpg\" alt=\"IMG_3565\" width=\"300\" height=\"225\" srcset=\"https:\/\/club-des-ecureuils.fr\/wp-content\/uploads\/2015\/08\/IMG_3565-300x225.jpg 300w, https:\/\/club-des-ecureuils.fr\/wp-content\/uploads\/2015\/08\/IMG_3565-768x576.jpg 768w, https:\/\/club-des-ecureuils.fr\/wp-content\/uploads\/2015\/08\/IMG_3565-1024x768.jpg 1024w, https:\/\/club-des-ecureuils.fr\/wp-content\/uploads\/2015\/08\/IMG_3565-100x75.jpg 100w, https:\/\/club-des-ecureuils.fr\/wp-content\/uploads\/2015\/08\/IMG_3565-150x113.jpg 150w, https:\/\/club-des-ecureuils.fr\/wp-content\/uploads\/2015\/08\/IMG_3565-200x150.jpg 200w, https:\/\/club-des-ecureuils.fr\/wp-content\/uploads\/2015\/08\/IMG_3565-450x338.jpg 450w, https:\/\/club-des-ecureuils.fr\/wp-content\/uploads\/2015\/08\/IMG_3565-600x450.jpg 600w, https:\/\/club-des-ecureuils.fr\/wp-content\/uploads\/2015\/08\/IMG_3565-900x675.jpg 900w\" sizes=\"auto, (max-width: 300px) 100vw, 300px\" \/><\/a> <a href=\"https:\/\/club-des-ecureuils.fr\/wp-content\/uploads\/2015\/08\/IMG_3567.jpg\" rel=\"attachment wp-att-2029\"><img loading=\"lazy\" decoding=\"async\" class=\"alignnone size-medium wp-image-2029\" src=\"https:\/\/club-des-ecureuils.fr\/wp-content\/uploads\/2015\/08\/IMG_3567-300x225.jpg\" alt=\"IMG_3567\" width=\"300\" height=\"225\" srcset=\"https:\/\/club-des-ecureuils.fr\/wp-content\/uploads\/2015\/08\/IMG_3567-300x225.jpg 300w, https:\/\/club-des-ecureuils.fr\/wp-content\/uploads\/2015\/08\/IMG_3567-768x576.jpg 768w, https:\/\/club-des-ecureuils.fr\/wp-content\/uploads\/2015\/08\/IMG_3567-1024x768.jpg 1024w, https:\/\/club-des-ecureuils.fr\/wp-content\/uploads\/2015\/08\/IMG_3567-100x75.jpg 100w, https:\/\/club-des-ecureuils.fr\/wp-content\/uploads\/2015\/08\/IMG_3567-150x113.jpg 150w, https:\/\/club-des-ecureuils.fr\/wp-content\/uploads\/2015\/08\/IMG_3567-200x150.jpg 200w, https:\/\/club-des-ecureuils.fr\/wp-content\/uploads\/2015\/08\/IMG_3567-450x338.jpg 450w, https:\/\/club-des-ecureuils.fr\/wp-content\/uploads\/2015\/08\/IMG_3567-600x450.jpg 600w, https:\/\/club-des-ecureuils.fr\/wp-content\/uploads\/2015\/08\/IMG_3567-900x675.jpg 900w\" sizes=\"auto, (max-width: 300px) 100vw, 300px\" \/><\/a>\u00a0<a href=\"https:\/\/club-des-ecureuils.fr\/wp-content\/uploads\/2015\/08\/IMG_3580.jpg\" rel=\"attachment wp-att-2032\"><img loading=\"lazy\" decoding=\"async\" class=\"alignnone size-medium wp-image-2032\" src=\"https:\/\/club-des-ecureuils.fr\/wp-content\/uploads\/2015\/08\/IMG_3580-300x225.jpg\" alt=\"IMG_3580\" width=\"300\" height=\"225\" srcset=\"https:\/\/club-des-ecureuils.fr\/wp-content\/uploads\/2015\/08\/IMG_3580-300x225.jpg 300w, https:\/\/club-des-ecureuils.fr\/wp-content\/uploads\/2015\/08\/IMG_3580-768x576.jpg 768w, https:\/\/club-des-ecureuils.fr\/wp-content\/uploads\/2015\/08\/IMG_3580-1024x768.jpg 1024w, https:\/\/club-des-ecureuils.fr\/wp-content\/uploads\/2015\/08\/IMG_3580-100x75.jpg 100w, https:\/\/club-des-ecureuils.fr\/wp-content\/uploads\/2015\/08\/IMG_3580-150x113.jpg 150w, https:\/\/club-des-ecureuils.fr\/wp-content\/uploads\/2015\/08\/IMG_3580-200x150.jpg 200w, https:\/\/club-des-ecureuils.fr\/wp-content\/uploads\/2015\/08\/IMG_3580-450x338.jpg 450w, https:\/\/club-des-ecureuils.fr\/wp-content\/uploads\/2015\/08\/IMG_3580-600x450.jpg 600w, https:\/\/club-des-ecureuils.fr\/wp-content\/uploads\/2015\/08\/IMG_3580-900x675.jpg 900w\" sizes=\"auto, (max-width: 300px) 100vw, 300px\" \/>\u00a0<\/a><a href=\"https:\/\/club-des-ecureuils.fr\/wp-content\/uploads\/2015\/08\/IMG_3568.jpg\" rel=\"attachment wp-att-2030\"><img loading=\"lazy\" decoding=\"async\" class=\"alignnone size-medium wp-image-2030\" src=\"https:\/\/club-des-ecureuils.fr\/wp-content\/uploads\/2015\/08\/IMG_3568-300x225.jpg\" alt=\"IMG_3568\" width=\"300\" height=\"225\" srcset=\"https:\/\/club-des-ecureuils.fr\/wp-content\/uploads\/2015\/08\/IMG_3568-300x225.jpg 300w, https:\/\/club-des-ecureuils.fr\/wp-content\/uploads\/2015\/08\/IMG_3568-768x576.jpg 768w, https:\/\/club-des-ecureuils.fr\/wp-content\/uploads\/2015\/08\/IMG_3568-1024x768.jpg 1024w, https:\/\/club-des-ecureuils.fr\/wp-content\/uploads\/2015\/08\/IMG_3568-100x75.jpg 100w, https:\/\/club-des-ecureuils.fr\/wp-content\/uploads\/2015\/08\/IMG_3568-150x113.jpg 150w, https:\/\/club-des-ecureuils.fr\/wp-content\/uploads\/2015\/08\/IMG_3568-200x150.jpg 200w, https:\/\/club-des-ecureuils.fr\/wp-content\/uploads\/2015\/08\/IMG_3568-450x338.jpg 450w, https:\/\/club-des-ecureuils.fr\/wp-content\/uploads\/2015\/08\/IMG_3568-600x450.jpg 600w, https:\/\/club-des-ecureuils.fr\/wp-content\/uploads\/2015\/08\/IMG_3568-900x675.jpg 900w\" sizes=\"auto, (max-width: 300px) 100vw, 300px\" \/><\/a>\u00a0<a href=\"https:\/\/club-des-ecureuils.fr\/wp-content\/uploads\/2015\/08\/IMG_3569-e1457032660393.jpg\" rel=\"attachment wp-att-2031\"><img loading=\"lazy\" decoding=\"async\" class=\"alignnone size-medium wp-image-2031\" src=\"https:\/\/club-des-ecureuils.fr\/wp-content\/uploads\/2015\/08\/IMG_3569-e1457032660393-225x300.jpg\" alt=\"IMG_3569\" width=\"225\" height=\"300\" srcset=\"https:\/\/club-des-ecureuils.fr\/wp-content\/uploads\/2015\/08\/IMG_3569-e1457032660393-225x300.jpg 225w, https:\/\/club-des-ecureuils.fr\/wp-content\/uploads\/2015\/08\/IMG_3569-e1457032660393-768x1024.jpg 768w, https:\/\/club-des-ecureuils.fr\/wp-content\/uploads\/2015\/08\/IMG_3569-e1457032660393-100x133.jpg 100w, https:\/\/club-des-ecureuils.fr\/wp-content\/uploads\/2015\/08\/IMG_3569-e1457032660393-150x200.jpg 150w, https:\/\/club-des-ecureuils.fr\/wp-content\/uploads\/2015\/08\/IMG_3569-e1457032660393-200x267.jpg 200w, https:\/\/club-des-ecureuils.fr\/wp-content\/uploads\/2015\/08\/IMG_3569-e1457032660393-300x400.jpg 300w, https:\/\/club-des-ecureuils.fr\/wp-content\/uploads\/2015\/08\/IMG_3569-e1457032660393-450x600.jpg 450w, https:\/\/club-des-ecureuils.fr\/wp-content\/uploads\/2015\/08\/IMG_3569-e1457032660393-600x800.jpg 600w, https:\/\/club-des-ecureuils.fr\/wp-content\/uploads\/2015\/08\/IMG_3569-e1457032660393-900x1200.jpg 900w\" sizes=\"auto, (max-width: 225px) 100vw, 225px\" \/><\/a><\/p>\n","protected":false},"excerpt":{"rendered":"<p>EMS\u00a0&#8211; Horaires &#8211; Actualit\u00e9s &#8211;\u00a0Phototh\u00e8que &#8211; Vid\u00e9oth\u00e8que \u00a0Cours \u00ab\u00a0Parcours du Combattant\u00a0\u00bb : Cours rassembl\u00e9s avant les vacances de f\u00e9vrier 2016 suivi d&rsquo;un petit go\u00fbter partag\u00e9 tous ensemble :-). Merci aux enfants et aux parents de leur participation. \u00a0\u00a0 \u00a0\u00a0\u00a0<\/p>\n","protected":false},"author":1,"featured_media":0,"parent":106,"menu_order":3,"comment_status":"closed","ping_status":"closed","template":"full-width-page.php","meta":{"footnotes":""},"class_list":["post-124","page","type-page","status-publish","hentry"],"_links":{"self":[{"href":"https:\/\/club-des-ecureuils.fr\/index.php?rest_route=\/wp\/v2\/pages\/124","targetHints":{"allow":["GET"]}}],"collection":[{"href":"https:\/\/club-des-ecureuils.fr\/index.php?rest_route=\/wp\/v2\/pages"}],"about":[{"href":"https:\/\/club-des-ecureuils.fr\/index.php?rest_route=\/wp\/v2\/types\/page"}],"author":[{"embeddable":true,"href":"https:\/\/club-des-ecureuils.fr\/index.php?rest_route=\/wp\/v2\/users\/1"}],"replies":[{"embeddable":true,"href":"https:\/\/club-des-ecureuils.fr\/index.php?rest_route=%2Fwp%2Fv2%2Fcomments&post=124"}],"version-history":[{"count":8,"href":"https:\/\/club-des-ecureuils.fr\/index.php?rest_route=\/wp\/v2\/pages\/124\/revisions"}],"predecessor-version":[{"id":2094,"href":"https:\/\/club-des-ecureuils.fr\/index.php?rest_route=\/wp\/v2\/pages\/124\/revisions\/2094"}],"up":[{"embeddable":true,"href":"https:\/\/club-des-ecureuils.fr\/index.php?rest_route=\/wp\/v2\/pages\/106"}],"wp:attachment":[{"href":"https:\/\/club-des-ecureuils.fr\/index.php?rest_route=%2Fwp%2Fv2%2Fmedia&parent=124"}],"curies":[{"name":"wp","href":"https:\/\/api.w.org\/{rel}","templated":true}]}}