{"id":126,"date":"2015-08-24T20:45:37","date_gmt":"2015-08-24T20:45:37","guid":{"rendered":"http:\/\/club-des-ecureuils.fr\/?page_id=126"},"modified":"2025-10-15T09:15:32","modified_gmt":"2025-10-15T09:15:32","slug":"temps-libre-eveil-multi-sports","status":"publish","type":"page","link":"https:\/\/club-des-ecureuils.fr\/?page_id=126","title":{"rendered":"Multi Sports"},"content":{"rendered":"\n<p class=\"has-text-align-center\"><a href=\"https:\/\/club-des-ecureuils.fr\/?page_id=126\">Multisports<\/a>\u00a0&#8211; <a href=\"https:\/\/club-des-ecureuils.fr\/?page_id=131\">Horaires<\/a> &#8211; <a href=\"https:\/\/club-des-ecureuils.fr\/?page_id=135\">Actualit\u00e9s<\/a> &#8211;\u00a0<a href=\"https:\/\/club-des-ecureuils.fr\/?page_id=133\">Phototh\u00e8que<\/a> &#8211; <a href=\"https:\/\/club-des-ecureuils.fr\/?page_id=147\">Vid\u00e9oth\u00e8que<\/a><\/p>\n\n\n\n<p><strong>SAISON 2025-2026: Adhesion au Temps- Libre multisports, paiement parCB:<\/strong><\/p>\n\n\n\n<iframe id=\"haWidget\" allowtransparency=\"true\" src=\"https:\/\/www.helloasso.com\/associations\/club-omnisport-et-culturel-des-ecureuils-section-multi-sports\/adhesions\/adhesion-saison-2024-2025-2\/widget-bouton\" style=\"width: 100%; height: 70px; border: none;\" onload=\"window.addEventListener( 'message', e => { const dataHeight = e.data.height; const haWidgetElement = document.getElementById(&lsquo;haWidget&rsquo;); haWidgetElement.height = dataHeight + &lsquo;px&rsquo;; } )\u00a0\u00bb ><\/iframe>\n\n\n\n<iframe id=\"haWidget\" allowtransparency=\"true\" src=\"https:\/\/www.helloasso.com\/associations\/club-omnisport-et-culturel-des-ecureuils-section-multi-sports\/adhesions\/adhesion-saison-2024-2025\/widget-bouton\" style=\"width: 100%; height: 70px; border: none;\"><\/iframe>\n\n\n\n<div class=\"\" data-block=\"true\" data-editor=\"b1630\" data-offset-key=\"863a-0-0\">\n<div class=\"public-DraftStyleDefault-block public-DraftStyleDefault-ltr\" data-offset-key=\"863a-0-0\"><span style=\"color: #000000;\"><em><strong>Temps libre multisports adultes<\/strong><\/em><\/span><\/div>\n<\/div>\n\n\n\n<div class=\"\" data-block=\"true\" data-editor=\"b1630\" data-offset-key=\"6bols-0-0\">\n<div class=\"public-DraftStyleDefault-block public-DraftStyleDefault-ltr\" data-offset-key=\"6bols-0-0\"><span data-offset-key=\"6bols-0-0\">&nbsp;<\/span><\/div>\n<\/div>\n\n\n\n<div class=\"\" data-block=\"true\" data-editor=\"b1630\" data-offset-key=\"5co7q-0-0\">\n<div class=\"public-DraftStyleDefault-block public-DraftStyleDefault-ltr\" data-offset-key=\"5co7q-0-0\"><span data-offset-key=\"5co7q-0-0\">La section multisports adulte, rassemble une multitude d&rsquo;activit\u00e9s (sports collectifs, renforcement musculaire, activit\u00e9s sportives,&#8230;) qui sauront combler toutes les attentes.<\/span><\/div>\n<\/div>\n\n\n\n<div class=\"\" data-block=\"true\" data-editor=\"b1630\" data-offset-key=\"8kt51-0-0\">\n<div class=\"public-DraftStyleDefault-block public-DraftStyleDefault-ltr\" data-offset-key=\"8kt51-0-0\"><span data-offset-key=\"8kt51-0-0\">Cette section a pour vocation de divertir et entretenir physiquement ses adh\u00e9rents, gr\u00e2ce \u00e0 des activit\u00e9s qui sont encadr\u00e9es par un professeur dipl\u00f4m\u00e9.<\/span><\/div>\n<\/div>\n\n\n\n<div class=\"\" data-block=\"true\" data-editor=\"b1630\" data-offset-key=\"bakse-0-0\">&nbsp;<\/div>\n\n\n\n<p><span style=\"color: #000000;\"><\/span><\/p>\n\n\n\n<div class=\"\" data-block=\"true\" data-editor=\"b1630\" data-offset-key=\"cjcsh-0-0\">\n<div class=\"public-DraftStyleDefault-block public-DraftStyleDefault-ltr\" data-offset-key=\"cjcsh-0-0\"><span data-offset-key=\"cjcsh-0-0\">&nbsp;<\/span><\/div>\n<\/div>\n\n\n\n<div class=\"\" data-block=\"true\" data-editor=\"b1630\" data-offset-key=\"b391t-0-0\">\n<div class=\"public-DraftStyleDefault-block public-DraftStyleDefault-ltr\" data-offset-key=\"b391t-0-0\"><span data-offset-key=\"b391t-0-0\">Une fois par semaine, venez d\u00e9couvrir diverses activit\u00e9s sportives<\/span><\/div>\n<\/div>\n\n\n\n<div class=\"\" data-block=\"true\" data-editor=\"b1630\" data-offset-key=\"du94h-0-0\">\n<div class=\"public-DraftStyleDefault-block public-DraftStyleDefault-ltr\" data-offset-key=\"du94h-0-0\"><span data-offset-key=\"du94h-0-0\">(marche, v\u00e9lo, jeux de balle, s\u00e9ance de relaxation, yoga&#8230;).<\/span><\/div>\n<\/div>\n\n\n\n<div class=\"\" data-block=\"true\" data-editor=\"b1630\" data-offset-key=\"di99h-0-0\">&nbsp;<\/div>\n\n\n\n<div>&nbsp;<\/div>\n\n\n\n<div>&nbsp;<\/div>\n\n\n\n<div><a title=\"ems@club-des-ecureuils.fr\" href=\"mailto:ems@club-des-ecureuils.fr\" target=\"_blank\" rel=\"noopener noreferrer\">Contact : ems@club-des-ecureuils.fr<\/a><\/div>\n\n\n\n<div>&nbsp;<\/div>\n\n\n<div class=\"wp-block-image\">\n<figure class=\"aligncenter\"><a href=\"https:\/\/club-des-ecureuils.fr\/wp-content\/uploads\/2015\/08\/Aquitaine-2012.jpg\"><img loading=\"lazy\" decoding=\"async\" width=\"594\" height=\"307\" src=\"https:\/\/club-des-ecureuils.fr\/wp-content\/uploads\/2015\/08\/Aquitaine-2012.jpg\" alt=\"Aquitaine-2012\" class=\"wp-image-128\" srcset=\"https:\/\/club-des-ecureuils.fr\/wp-content\/uploads\/2015\/08\/Aquitaine-2012.jpg 594w, https:\/\/club-des-ecureuils.fr\/wp-content\/uploads\/2015\/08\/Aquitaine-2012-300x155.jpg 300w, https:\/\/club-des-ecureuils.fr\/wp-content\/uploads\/2015\/08\/Aquitaine-2012-100x52.jpg 100w, https:\/\/club-des-ecureuils.fr\/wp-content\/uploads\/2015\/08\/Aquitaine-2012-150x78.jpg 150w, https:\/\/club-des-ecureuils.fr\/wp-content\/uploads\/2015\/08\/Aquitaine-2012-200x103.jpg 200w, https:\/\/club-des-ecureuils.fr\/wp-content\/uploads\/2015\/08\/Aquitaine-2012-450x233.jpg 450w\" sizes=\"auto, (max-width: 594px) 100vw, 594px\" \/><\/a><\/figure>\n<\/div>\n\n\n<div><\/div>\n","protected":false},"excerpt":{"rendered":"<p>Multisports\u00a0&#8211; Horaires &#8211; Actualit\u00e9s &#8211;\u00a0Phototh\u00e8que &#8211; Vid\u00e9oth\u00e8que SAISON 2025-2026: Adhesion au Temps- Libre multisports, paiement parCB:<\/p>\n","protected":false},"author":1,"featured_media":0,"parent":28,"menu_order":5,"comment_status":"closed","ping_status":"closed","template":"","meta":{"footnotes":""},"class_list":["post-126","page","type-page","status-publish","hentry"],"_links":{"self":[{"href":"https:\/\/club-des-ecureuils.fr\/index.php?rest_route=\/wp\/v2\/pages\/126","targetHints":{"allow":["GET"]}}],"collection":[{"href":"https:\/\/club-des-ecureuils.fr\/index.php?rest_route=\/wp\/v2\/pages"}],"about":[{"href":"https:\/\/club-des-ecureuils.fr\/index.php?rest_route=\/wp\/v2\/types\/page"}],"author":[{"embeddable":true,"href":"https:\/\/club-des-ecureuils.fr\/index.php?rest_route=\/wp\/v2\/users\/1"}],"replies":[{"embeddable":true,"href":"https:\/\/club-des-ecureuils.fr\/index.php?rest_route=%2Fwp%2Fv2%2Fcomments&post=126"}],"version-history":[{"count":25,"href":"https:\/\/club-des-ecureuils.fr\/index.php?rest_route=\/wp\/v2\/pages\/126\/revisions"}],"predecessor-version":[{"id":6806,"href":"https:\/\/club-des-ecureuils.fr\/index.php?rest_route=\/wp\/v2\/pages\/126\/revisions\/6806"}],"up":[{"embeddable":true,"href":"https:\/\/club-des-ecureuils.fr\/index.php?rest_route=\/wp\/v2\/pages\/28"}],"wp:attachment":[{"href":"https:\/\/club-des-ecureuils.fr\/index.php?rest_route=%2Fwp%2Fv2%2Fmedia&parent=126"}],"curies":[{"name":"wp","href":"https:\/\/api.w.org\/{rel}","templated":true}]}}