{"id":133,"date":"2015-08-24T20:51:06","date_gmt":"2015-08-24T20:51:06","guid":{"rendered":"http:\/\/club-des-ecureuils.fr\/?page_id=133"},"modified":"2016-03-04T16:38:00","modified_gmt":"2016-03-04T16:38:00","slug":"phototheque","status":"publish","type":"page","link":"https:\/\/club-des-ecureuils.fr\/?page_id=133","title":{"rendered":"Phototh\u00e8que Temps-Libre"},"content":{"rendered":"<p style=\"text-align: center;\"><a href=\"https:\/\/club-des-ecureuils.fr\/wp-content\/uploads\/2015\/08\/S\u00e9ance-Kin-Ball-01.2016.jpg\" rel=\"attachment wp-att-2096\"><img loading=\"lazy\" decoding=\"async\" class=\"alignleft wp-image-2096 size-medium\" src=\"https:\/\/club-des-ecureuils.fr\/wp-content\/uploads\/2015\/08\/S\u00e9ance-Kin-Ball-01.2016-300x225.jpg\" alt=\"S\u00e9ance Kin Ball 01.2016\" width=\"300\" height=\"225\" srcset=\"https:\/\/club-des-ecureuils.fr\/wp-content\/uploads\/2015\/08\/S\u00e9ance-Kin-Ball-01.2016-300x225.jpg 300w, https:\/\/club-des-ecureuils.fr\/wp-content\/uploads\/2015\/08\/S\u00e9ance-Kin-Ball-01.2016-768x576.jpg 768w, https:\/\/club-des-ecureuils.fr\/wp-content\/uploads\/2015\/08\/S\u00e9ance-Kin-Ball-01.2016-1024x768.jpg 1024w, https:\/\/club-des-ecureuils.fr\/wp-content\/uploads\/2015\/08\/S\u00e9ance-Kin-Ball-01.2016-100x75.jpg 100w, https:\/\/club-des-ecureuils.fr\/wp-content\/uploads\/2015\/08\/S\u00e9ance-Kin-Ball-01.2016-150x113.jpg 150w, https:\/\/club-des-ecureuils.fr\/wp-content\/uploads\/2015\/08\/S\u00e9ance-Kin-Ball-01.2016-200x150.jpg 200w, https:\/\/club-des-ecureuils.fr\/wp-content\/uploads\/2015\/08\/S\u00e9ance-Kin-Ball-01.2016-450x338.jpg 450w, https:\/\/club-des-ecureuils.fr\/wp-content\/uploads\/2015\/08\/S\u00e9ance-Kin-Ball-01.2016-600x450.jpg 600w, https:\/\/club-des-ecureuils.fr\/wp-content\/uploads\/2015\/08\/S\u00e9ance-Kin-Ball-01.2016-900x675.jpg 900w, https:\/\/club-des-ecureuils.fr\/wp-content\/uploads\/2015\/08\/S\u00e9ance-Kin-Ball-01.2016.jpg 1632w\" sizes=\"auto, (max-width: 300px) 100vw, 300px\" \/><\/a><a href=\"https:\/\/club-des-ecureuils.fr\/?page_id=126\">TLMS<\/a> &#8211; <a href=\"https:\/\/club-des-ecureuils.fr\/?page_id=131\">Horaires<\/a> &#8211; <a href=\"https:\/\/club-des-ecureuils.fr\/?page_id=135\">Actualit\u00e9s<\/a> &#8211;\u00a0<a href=\"https:\/\/club-des-ecureuils.fr\/?page_id=133\">Phototh\u00e8que<\/a> &#8211; <a href=\"https:\/\/club-des-ecureuils.fr\/?page_id=147\">Vid\u00e9oth\u00e8que<\/a><\/p>\n<p>D\u00e9couverte du Kin Ball en janvier 2016<\/p>\n","protected":false},"excerpt":{"rendered":"<p>TLMS &#8211; Horaires &#8211; Actualit\u00e9s &#8211;\u00a0Phototh\u00e8que &#8211; Vid\u00e9oth\u00e8que D\u00e9couverte du Kin Ball en janvier 2016<\/p>\n","protected":false},"author":1,"featured_media":0,"parent":126,"menu_order":3,"comment_status":"closed","ping_status":"closed","template":"full-width-page.php","meta":{"footnotes":""},"class_list":["post-133","page","type-page","status-publish","hentry"],"_links":{"self":[{"href":"https:\/\/club-des-ecureuils.fr\/index.php?rest_route=\/wp\/v2\/pages\/133","targetHints":{"allow":["GET"]}}],"collection":[{"href":"https:\/\/club-des-ecureuils.fr\/index.php?rest_route=\/wp\/v2\/pages"}],"about":[{"href":"https:\/\/club-des-ecureuils.fr\/index.php?rest_route=\/wp\/v2\/types\/page"}],"author":[{"embeddable":true,"href":"https:\/\/club-des-ecureuils.fr\/index.php?rest_route=\/wp\/v2\/users\/1"}],"replies":[{"embeddable":true,"href":"https:\/\/club-des-ecureuils.fr\/index.php?rest_route=%2Fwp%2Fv2%2Fcomments&post=133"}],"version-history":[{"count":6,"href":"https:\/\/club-des-ecureuils.fr\/index.php?rest_route=\/wp\/v2\/pages\/133\/revisions"}],"predecessor-version":[{"id":2098,"href":"https:\/\/club-des-ecureuils.fr\/index.php?rest_route=\/wp\/v2\/pages\/133\/revisions\/2098"}],"up":[{"embeddable":true,"href":"https:\/\/club-des-ecureuils.fr\/index.php?rest_route=\/wp\/v2\/pages\/126"}],"wp:attachment":[{"href":"https:\/\/club-des-ecureuils.fr\/index.php?rest_route=%2Fwp%2Fv2%2Fmedia&parent=133"}],"curies":[{"name":"wp","href":"https:\/\/api.w.org\/{rel}","templated":true}]}}