{"id":137,"date":"2015-08-24T20:53:04","date_gmt":"2015-08-24T20:53:04","guid":{"rendered":"http:\/\/club-des-ecureuils.fr\/?page_id=137"},"modified":"2025-09-01T07:16:00","modified_gmt":"2025-09-01T07:16:00","slug":"phototheque","status":"publish","type":"page","link":"https:\/\/club-des-ecureuils.fr\/?page_id=137","title":{"rendered":"Phototh\u00e8que Batucada"},"content":{"rendered":"<p style=\"text-align: center;\"><a href=\"https:\/\/club-des-ecureuils.fr\/?page_id=33\">Batucada<\/a> &#8211; <a href=\"https:\/\/club-des-ecureuils.fr\/?page_id=40\">Horaires<\/a> &#8211; <a href=\"https:\/\/club-des-ecureuils.fr\/?page_id=117\">Actualit\u00e9s<\/a> &#8211; <a href=\"https:\/\/club-des-ecureuils.fr\/?page_id=137\">Phototh\u00e8que<\/a> &#8211; <a href=\"https:\/\/club-des-ecureuils.fr\/?page_id=48\">Vid\u00e9oth\u00e8que<\/a><\/p>\n<p>Nous vous invitons \u00e0 vous replonger dans nos diff\u00e9rentes <span style=\"color: #ff0000;\"><strong>prestations<\/strong>\u00a0<\/span>lors de plusieurs <span style=\"color: #ff0000;\"><strong>manifestations culturelles<\/strong><\/span> du territoire Girondins et au-del\u00e0 !<\/p>\n<p>Vous nous avez peut-\u00eatre crois\u00e9 au d\u00e9tour d&rsquo;un carnaval, march\u00e9 ou festival&#8230;<\/p>\n<p>Nous mentionnons \u00e9galement notre belle collaboration avec le groupe de Samba <a href=\"https:\/\/www.facebook.com\/p\/Energia-Do-Brasil-100063556360639\/?paipv=0&amp;eav=AfaUbZwWX5tH30E9ow0nsr_Ni9ZIQQrf5_QB619J_cjhrmRF5i0OtHrWGpNIyiwewPc&amp;_rdr\"><strong><span style=\"color: #ff0000;\"><em>\u00ab\u00a0Energia<\/em> <em>Do Brasil\u00a0\u00bb<\/em><\/span><\/strong><\/a> qui dansent au rythme de notre musique !<\/p>\n\n\n<figure class=\"wp-block-image size-large\"><a href=\"https:\/\/club-des-ecureuils.fr\/wp-content\/uploads\/2025\/09\/IMG_1502-scaled.jpg\"><img loading=\"lazy\" decoding=\"async\" width=\"1024\" height=\"658\" src=\"https:\/\/club-des-ecureuils.fr\/wp-content\/uploads\/2025\/09\/IMG_1502-1024x658.jpg\" alt=\"\" class=\"wp-image-6548\" srcset=\"https:\/\/club-des-ecureuils.fr\/wp-content\/uploads\/2025\/09\/IMG_1502-1024x658.jpg 1024w, https:\/\/club-des-ecureuils.fr\/wp-content\/uploads\/2025\/09\/IMG_1502-300x193.jpg 300w, https:\/\/club-des-ecureuils.fr\/wp-content\/uploads\/2025\/09\/IMG_1502-768x493.jpg 768w, https:\/\/club-des-ecureuils.fr\/wp-content\/uploads\/2025\/09\/IMG_1502-1536x986.jpg 1536w, https:\/\/club-des-ecureuils.fr\/wp-content\/uploads\/2025\/09\/IMG_1502-2048x1315.jpg 2048w\" sizes=\"auto, (max-width: 767px) 89vw, (max-width: 1000px) 54vw, (max-width: 1071px) 543px, 580px\" \/><\/a><\/figure>\n\n\n\n<figure class=\"wp-block-image size-large\"><a href=\"https:\/\/club-des-ecureuils.fr\/wp-content\/uploads\/2023\/10\/45-4-scaled.jpg\"><img loading=\"lazy\" decoding=\"async\" width=\"1024\" height=\"768\" src=\"https:\/\/club-des-ecureuils.fr\/wp-content\/uploads\/2023\/10\/45-4-1024x768.jpg\" alt=\"\" class=\"wp-image-5677\" srcset=\"https:\/\/club-des-ecureuils.fr\/wp-content\/uploads\/2023\/10\/45-4-1024x768.jpg 1024w, https:\/\/club-des-ecureuils.fr\/wp-content\/uploads\/2023\/10\/45-4-300x225.jpg 300w, https:\/\/club-des-ecureuils.fr\/wp-content\/uploads\/2023\/10\/45-4-768x576.jpg 768w, https:\/\/club-des-ecureuils.fr\/wp-content\/uploads\/2023\/10\/45-4-1536x1152.jpg 1536w, https:\/\/club-des-ecureuils.fr\/wp-content\/uploads\/2023\/10\/45-4-2048x1536.jpg 2048w, https:\/\/club-des-ecureuils.fr\/wp-content\/uploads\/2023\/10\/45-4-100x75.jpg 100w, https:\/\/club-des-ecureuils.fr\/wp-content\/uploads\/2023\/10\/45-4-150x113.jpg 150w, https:\/\/club-des-ecureuils.fr\/wp-content\/uploads\/2023\/10\/45-4-200x150.jpg 200w, https:\/\/club-des-ecureuils.fr\/wp-content\/uploads\/2023\/10\/45-4-450x338.jpg 450w, https:\/\/club-des-ecureuils.fr\/wp-content\/uploads\/2023\/10\/45-4-600x450.jpg 600w, https:\/\/club-des-ecureuils.fr\/wp-content\/uploads\/2023\/10\/45-4-900x675.jpg 900w\" sizes=\"auto, (max-width: 767px) 89vw, (max-width: 1000px) 54vw, (max-width: 1071px) 543px, 580px\" \/><\/a><\/figure>\n\n\n\n<figure class=\"wp-block-image size-large\"><a href=\"https:\/\/club-des-ecureuils.fr\/wp-content\/uploads\/2023\/10\/51-1-scaled.jpg\"><img loading=\"lazy\" decoding=\"async\" width=\"1024\" height=\"768\" src=\"https:\/\/club-des-ecureuils.fr\/wp-content\/uploads\/2023\/10\/51-1-1024x768.jpg\" alt=\"\" class=\"wp-image-5676\" srcset=\"https:\/\/club-des-ecureuils.fr\/wp-content\/uploads\/2023\/10\/51-1-1024x768.jpg 1024w, https:\/\/club-des-ecureuils.fr\/wp-content\/uploads\/2023\/10\/51-1-300x225.jpg 300w, https:\/\/club-des-ecureuils.fr\/wp-content\/uploads\/2023\/10\/51-1-768x576.jpg 768w, https:\/\/club-des-ecureuils.fr\/wp-content\/uploads\/2023\/10\/51-1-1536x1152.jpg 1536w, https:\/\/club-des-ecureuils.fr\/wp-content\/uploads\/2023\/10\/51-1-2048x1536.jpg 2048w, https:\/\/club-des-ecureuils.fr\/wp-content\/uploads\/2023\/10\/51-1-100x75.jpg 100w, https:\/\/club-des-ecureuils.fr\/wp-content\/uploads\/2023\/10\/51-1-150x113.jpg 150w, https:\/\/club-des-ecureuils.fr\/wp-content\/uploads\/2023\/10\/51-1-200x150.jpg 200w, https:\/\/club-des-ecureuils.fr\/wp-content\/uploads\/2023\/10\/51-1-450x338.jpg 450w, https:\/\/club-des-ecureuils.fr\/wp-content\/uploads\/2023\/10\/51-1-600x450.jpg 600w, https:\/\/club-des-ecureuils.fr\/wp-content\/uploads\/2023\/10\/51-1-900x675.jpg 900w\" sizes=\"auto, (max-width: 767px) 89vw, (max-width: 1000px) 54vw, (max-width: 1071px) 543px, 580px\" \/><\/a><\/figure>\n\n\n\n<figure class=\"wp-block-image size-large\"><a href=\"https:\/\/club-des-ecureuils.fr\/wp-content\/uploads\/2024\/08\/E-CS-73-scaled.jpg\"><img loading=\"lazy\" decoding=\"async\" width=\"1024\" height=\"576\" src=\"https:\/\/club-des-ecureuils.fr\/wp-content\/uploads\/2024\/08\/E-CS-73-1024x576.jpg\" alt=\"\" class=\"wp-image-6148\" srcset=\"https:\/\/club-des-ecureuils.fr\/wp-content\/uploads\/2024\/08\/E-CS-73-1024x576.jpg 1024w, https:\/\/club-des-ecureuils.fr\/wp-content\/uploads\/2024\/08\/E-CS-73-300x169.jpg 300w, https:\/\/club-des-ecureuils.fr\/wp-content\/uploads\/2024\/08\/E-CS-73-768x432.jpg 768w, https:\/\/club-des-ecureuils.fr\/wp-content\/uploads\/2024\/08\/E-CS-73-1536x864.jpg 1536w, https:\/\/club-des-ecureuils.fr\/wp-content\/uploads\/2024\/08\/E-CS-73-2048x1152.jpg 2048w\" sizes=\"auto, (max-width: 767px) 89vw, (max-width: 1000px) 54vw, (max-width: 1071px) 543px, 580px\" \/><\/a><\/figure>\n\n\n\n<figure class=\"wp-block-image size-large\"><a href=\"https:\/\/club-des-ecureuils.fr\/wp-content\/uploads\/2024\/08\/1-scaled.jpg\"><img loading=\"lazy\" decoding=\"async\" width=\"1024\" height=\"683\" src=\"https:\/\/club-des-ecureuils.fr\/wp-content\/uploads\/2024\/08\/1-1024x683.jpg\" alt=\"\" class=\"wp-image-6152\" srcset=\"https:\/\/club-des-ecureuils.fr\/wp-content\/uploads\/2024\/08\/1-1024x683.jpg 1024w, https:\/\/club-des-ecureuils.fr\/wp-content\/uploads\/2024\/08\/1-300x200.jpg 300w, https:\/\/club-des-ecureuils.fr\/wp-content\/uploads\/2024\/08\/1-768x512.jpg 768w, https:\/\/club-des-ecureuils.fr\/wp-content\/uploads\/2024\/08\/1-1536x1024.jpg 1536w\" sizes=\"auto, (max-width: 767px) 89vw, (max-width: 1000px) 54vw, (max-width: 1071px) 543px, 580px\" \/><\/a><\/figure>\n\n\n\n<figure class=\"wp-block-gallery has-nested-images columns-default is-cropped wp-block-gallery-1 is-layout-flex wp-block-gallery-is-layout-flex\">\n<figure class=\"wp-block-image size-large\"><a href=\"https:\/\/club-des-ecureuils.fr\/wp-content\/uploads\/2023\/10\/22-scaled.jpg\"><img loading=\"lazy\" decoding=\"async\" width=\"1024\" height=\"768\" data-id=\"5667\" src=\"https:\/\/club-des-ecureuils.fr\/wp-content\/uploads\/2023\/10\/22-1024x768.jpg\" alt=\"\" class=\"wp-image-5667\" srcset=\"https:\/\/club-des-ecureuils.fr\/wp-content\/uploads\/2023\/10\/22-1024x768.jpg 1024w, https:\/\/club-des-ecureuils.fr\/wp-content\/uploads\/2023\/10\/22-300x225.jpg 300w, https:\/\/club-des-ecureuils.fr\/wp-content\/uploads\/2023\/10\/22-768x576.jpg 768w, https:\/\/club-des-ecureuils.fr\/wp-content\/uploads\/2023\/10\/22-1536x1152.jpg 1536w, https:\/\/club-des-ecureuils.fr\/wp-content\/uploads\/2023\/10\/22-2048x1536.jpg 2048w, https:\/\/club-des-ecureuils.fr\/wp-content\/uploads\/2023\/10\/22-100x75.jpg 100w, https:\/\/club-des-ecureuils.fr\/wp-content\/uploads\/2023\/10\/22-150x113.jpg 150w, https:\/\/club-des-ecureuils.fr\/wp-content\/uploads\/2023\/10\/22-200x150.jpg 200w, https:\/\/club-des-ecureuils.fr\/wp-content\/uploads\/2023\/10\/22-450x338.jpg 450w, https:\/\/club-des-ecureuils.fr\/wp-content\/uploads\/2023\/10\/22-600x450.jpg 600w, https:\/\/club-des-ecureuils.fr\/wp-content\/uploads\/2023\/10\/22-900x675.jpg 900w\" sizes=\"auto, (max-width: 767px) 89vw, (max-width: 1000px) 54vw, (max-width: 1071px) 543px, 580px\" \/><\/a><\/figure>\n\n\n\n<figure class=\"wp-block-image size-large\"><a href=\"https:\/\/club-des-ecureuils.fr\/wp-content\/uploads\/2023\/10\/EHOWE2451-1.jpg\"><img loading=\"lazy\" decoding=\"async\" width=\"1024\" height=\"576\" data-id=\"5668\" src=\"https:\/\/club-des-ecureuils.fr\/wp-content\/uploads\/2023\/10\/EHOWE2451-1-1024x576.jpg\" alt=\"\" class=\"wp-image-5668\" srcset=\"https:\/\/club-des-ecureuils.fr\/wp-content\/uploads\/2023\/10\/EHOWE2451-1-1024x576.jpg 1024w, https:\/\/club-des-ecureuils.fr\/wp-content\/uploads\/2023\/10\/EHOWE2451-1-300x169.jpg 300w, https:\/\/club-des-ecureuils.fr\/wp-content\/uploads\/2023\/10\/EHOWE2451-1-768x432.jpg 768w, https:\/\/club-des-ecureuils.fr\/wp-content\/uploads\/2023\/10\/EHOWE2451-1-100x56.jpg 100w, https:\/\/club-des-ecureuils.fr\/wp-content\/uploads\/2023\/10\/EHOWE2451-1-150x84.jpg 150w, https:\/\/club-des-ecureuils.fr\/wp-content\/uploads\/2023\/10\/EHOWE2451-1-200x113.jpg 200w, https:\/\/club-des-ecureuils.fr\/wp-content\/uploads\/2023\/10\/EHOWE2451-1-450x253.jpg 450w, https:\/\/club-des-ecureuils.fr\/wp-content\/uploads\/2023\/10\/EHOWE2451-1-600x338.jpg 600w, https:\/\/club-des-ecureuils.fr\/wp-content\/uploads\/2023\/10\/EHOWE2451-1-900x506.jpg 900w, https:\/\/club-des-ecureuils.fr\/wp-content\/uploads\/2023\/10\/EHOWE2451-1.jpg 1472w\" sizes=\"auto, (max-width: 767px) 89vw, (max-width: 1000px) 54vw, (max-width: 1071px) 543px, 580px\" \/><\/a><\/figure>\n<\/figure>\n\n\n\n<figure class=\"wp-block-gallery has-nested-images columns-default is-cropped wp-block-gallery-2 is-layout-flex wp-block-gallery-is-layout-flex\">\n<figure class=\"wp-block-image size-large\"><a href=\"https:\/\/club-des-ecureuils.fr\/wp-content\/uploads\/2023\/10\/1-scaled.jpg\"><img loading=\"lazy\" decoding=\"async\" width=\"768\" height=\"1024\" data-id=\"5629\" src=\"https:\/\/club-des-ecureuils.fr\/wp-content\/uploads\/2023\/10\/1-768x1024.jpg\" alt=\"\" class=\"wp-image-5629\" srcset=\"https:\/\/club-des-ecureuils.fr\/wp-content\/uploads\/2023\/10\/1-768x1024.jpg 768w, https:\/\/club-des-ecureuils.fr\/wp-content\/uploads\/2023\/10\/1-225x300.jpg 225w, https:\/\/club-des-ecureuils.fr\/wp-content\/uploads\/2023\/10\/1-1152x1536.jpg 1152w, https:\/\/club-des-ecureuils.fr\/wp-content\/uploads\/2023\/10\/1-1536x2048.jpg 1536w, https:\/\/club-des-ecureuils.fr\/wp-content\/uploads\/2023\/10\/1-scaled.jpg 1920w\" sizes=\"auto, (max-width: 767px) 89vw, (max-width: 1000px) 54vw, (max-width: 1071px) 543px, 580px\" \/><\/a><\/figure>\n\n\n\n<figure class=\"wp-block-image size-large\"><a href=\"https:\/\/club-des-ecureuils.fr\/wp-content\/uploads\/2023\/10\/2.jpg\"><img loading=\"lazy\" decoding=\"async\" width=\"822\" height=\"1024\" data-id=\"5626\" src=\"https:\/\/club-des-ecureuils.fr\/wp-content\/uploads\/2023\/10\/2-822x1024.jpg\" alt=\"\" class=\"wp-image-5626\" srcset=\"https:\/\/club-des-ecureuils.fr\/wp-content\/uploads\/2023\/10\/2-822x1024.jpg 822w, https:\/\/club-des-ecureuils.fr\/wp-content\/uploads\/2023\/10\/2-241x300.jpg 241w, https:\/\/club-des-ecureuils.fr\/wp-content\/uploads\/2023\/10\/2-768x957.jpg 768w, https:\/\/club-des-ecureuils.fr\/wp-content\/uploads\/2023\/10\/2-1233x1536.jpg 1233w, https:\/\/club-des-ecureuils.fr\/wp-content\/uploads\/2023\/10\/2.jpg 1536w\" sizes=\"auto, (max-width: 767px) 89vw, (max-width: 1000px) 54vw, (max-width: 1071px) 543px, 580px\" \/><\/a><\/figure>\n\n\n\n<figure class=\"wp-block-image size-large\"><a href=\"https:\/\/club-des-ecureuils.fr\/wp-content\/uploads\/2023\/10\/3.jpg\"><img loading=\"lazy\" decoding=\"async\" width=\"1500\" height=\"1000\" data-id=\"5621\" src=\"https:\/\/club-des-ecureuils.fr\/wp-content\/uploads\/2023\/10\/3-1024x683.jpg\" alt=\"\" class=\"wp-image-5621\" srcset=\"https:\/\/club-des-ecureuils.fr\/wp-content\/uploads\/2023\/10\/3-1024x683.jpg 1024w, https:\/\/club-des-ecureuils.fr\/wp-content\/uploads\/2023\/10\/3-300x200.jpg 300w, https:\/\/club-des-ecureuils.fr\/wp-content\/uploads\/2023\/10\/3-768x512.jpg 768w, https:\/\/club-des-ecureuils.fr\/wp-content\/uploads\/2023\/10\/3.jpg 1500w\" sizes=\"auto, (max-width: 767px) 89vw, (max-width: 1000px) 54vw, (max-width: 1071px) 543px, 580px\" \/><\/a><\/figure>\n\n\n\n<figure class=\"wp-block-image size-large\"><a href=\"https:\/\/club-des-ecureuils.fr\/wp-content\/uploads\/2023\/10\/4-scaled.jpg\"><img loading=\"lazy\" decoding=\"async\" width=\"1024\" height=\"768\" data-id=\"5627\" src=\"https:\/\/club-des-ecureuils.fr\/wp-content\/uploads\/2023\/10\/4-1024x768.jpg\" alt=\"\" class=\"wp-image-5627\" srcset=\"https:\/\/club-des-ecureuils.fr\/wp-content\/uploads\/2023\/10\/4-1024x768.jpg 1024w, https:\/\/club-des-ecureuils.fr\/wp-content\/uploads\/2023\/10\/4-300x225.jpg 300w, https:\/\/club-des-ecureuils.fr\/wp-content\/uploads\/2023\/10\/4-768x576.jpg 768w, https:\/\/club-des-ecureuils.fr\/wp-content\/uploads\/2023\/10\/4-1536x1152.jpg 1536w, https:\/\/club-des-ecureuils.fr\/wp-content\/uploads\/2023\/10\/4-2048x1536.jpg 2048w\" sizes=\"auto, (max-width: 767px) 89vw, (max-width: 1000px) 54vw, (max-width: 1071px) 543px, 580px\" \/><\/a><\/figure>\n\n\n\n<figure class=\"wp-block-image size-large\"><a href=\"https:\/\/club-des-ecureuils.fr\/wp-content\/uploads\/2023\/10\/5.jpg\"><img loading=\"lazy\" decoding=\"async\" width=\"1024\" height=\"682\" data-id=\"5624\" src=\"https:\/\/club-des-ecureuils.fr\/wp-content\/uploads\/2023\/10\/5-1024x682.jpg\" alt=\"\" class=\"wp-image-5624\" srcset=\"https:\/\/club-des-ecureuils.fr\/wp-content\/uploads\/2023\/10\/5-1024x682.jpg 1024w, https:\/\/club-des-ecureuils.fr\/wp-content\/uploads\/2023\/10\/5-300x200.jpg 300w, https:\/\/club-des-ecureuils.fr\/wp-content\/uploads\/2023\/10\/5-768x512.jpg 768w, https:\/\/club-des-ecureuils.fr\/wp-content\/uploads\/2023\/10\/5-1536x1023.jpg 1536w, https:\/\/club-des-ecureuils.fr\/wp-content\/uploads\/2023\/10\/5.jpg 1600w\" sizes=\"auto, (max-width: 767px) 89vw, (max-width: 1000px) 54vw, (max-width: 1071px) 543px, 580px\" \/><\/a><\/figure>\n\n\n\n<figure class=\"wp-block-image size-large\"><a href=\"https:\/\/club-des-ecureuils.fr\/wp-content\/uploads\/2023\/10\/6-1-scaled.jpg\"><img loading=\"lazy\" decoding=\"async\" width=\"1024\" height=\"768\" data-id=\"5632\" src=\"https:\/\/club-des-ecureuils.fr\/wp-content\/uploads\/2023\/10\/6-1-1024x768.jpg\" alt=\"\" class=\"wp-image-5632\" srcset=\"https:\/\/club-des-ecureuils.fr\/wp-content\/uploads\/2023\/10\/6-1-1024x768.jpg 1024w, https:\/\/club-des-ecureuils.fr\/wp-content\/uploads\/2023\/10\/6-1-300x225.jpg 300w, https:\/\/club-des-ecureuils.fr\/wp-content\/uploads\/2023\/10\/6-1-768x576.jpg 768w, https:\/\/club-des-ecureuils.fr\/wp-content\/uploads\/2023\/10\/6-1-1536x1152.jpg 1536w, https:\/\/club-des-ecureuils.fr\/wp-content\/uploads\/2023\/10\/6-1-2048x1536.jpg 2048w\" sizes=\"auto, (max-width: 767px) 89vw, (max-width: 1000px) 54vw, (max-width: 1071px) 543px, 580px\" \/><\/a><\/figure>\n\n\n\n<figure class=\"wp-block-image size-large\"><a href=\"https:\/\/club-des-ecureuils.fr\/wp-content\/uploads\/2023\/10\/7.jpg\"><img loading=\"lazy\" decoding=\"async\" width=\"1024\" height=\"682\" data-id=\"5625\" src=\"https:\/\/club-des-ecureuils.fr\/wp-content\/uploads\/2023\/10\/7-1024x682.jpg\" alt=\"\" class=\"wp-image-5625\" srcset=\"https:\/\/club-des-ecureuils.fr\/wp-content\/uploads\/2023\/10\/7-1024x682.jpg 1024w, https:\/\/club-des-ecureuils.fr\/wp-content\/uploads\/2023\/10\/7-300x200.jpg 300w, https:\/\/club-des-ecureuils.fr\/wp-content\/uploads\/2023\/10\/7-768x512.jpg 768w, https:\/\/club-des-ecureuils.fr\/wp-content\/uploads\/2023\/10\/7-1536x1023.jpg 1536w, https:\/\/club-des-ecureuils.fr\/wp-content\/uploads\/2023\/10\/7.jpg 1600w\" sizes=\"auto, (max-width: 767px) 89vw, (max-width: 1000px) 54vw, (max-width: 1071px) 543px, 580px\" \/><\/a><\/figure>\n\n\n\n<figure class=\"wp-block-image size-large\"><a href=\"https:\/\/club-des-ecureuils.fr\/wp-content\/uploads\/2023\/10\/8-scaled.jpg\"><img loading=\"lazy\" decoding=\"async\" width=\"1024\" height=\"768\" data-id=\"5631\" src=\"https:\/\/club-des-ecureuils.fr\/wp-content\/uploads\/2023\/10\/8-1024x768.jpg\" alt=\"\" class=\"wp-image-5631\" srcset=\"https:\/\/club-des-ecureuils.fr\/wp-content\/uploads\/2023\/10\/8-1024x768.jpg 1024w, https:\/\/club-des-ecureuils.fr\/wp-content\/uploads\/2023\/10\/8-300x225.jpg 300w, https:\/\/club-des-ecureuils.fr\/wp-content\/uploads\/2023\/10\/8-768x576.jpg 768w, https:\/\/club-des-ecureuils.fr\/wp-content\/uploads\/2023\/10\/8-1536x1152.jpg 1536w, https:\/\/club-des-ecureuils.fr\/wp-content\/uploads\/2023\/10\/8-2048x1536.jpg 2048w\" sizes=\"auto, (max-width: 767px) 89vw, (max-width: 1000px) 54vw, (max-width: 1071px) 543px, 580px\" \/><\/a><\/figure>\n\n\n\n<figure class=\"wp-block-image size-large\"><a href=\"https:\/\/club-des-ecureuils.fr\/wp-content\/uploads\/2023\/10\/9-1-scaled.jpg\"><img loading=\"lazy\" decoding=\"async\" width=\"1024\" height=\"768\" data-id=\"5633\" src=\"https:\/\/club-des-ecureuils.fr\/wp-content\/uploads\/2023\/10\/9-1-1024x768.jpg\" alt=\"\" class=\"wp-image-5633\" srcset=\"https:\/\/club-des-ecureuils.fr\/wp-content\/uploads\/2023\/10\/9-1-1024x768.jpg 1024w, https:\/\/club-des-ecureuils.fr\/wp-content\/uploads\/2023\/10\/9-1-300x225.jpg 300w, https:\/\/club-des-ecureuils.fr\/wp-content\/uploads\/2023\/10\/9-1-768x576.jpg 768w, https:\/\/club-des-ecureuils.fr\/wp-content\/uploads\/2023\/10\/9-1-1536x1152.jpg 1536w, https:\/\/club-des-ecureuils.fr\/wp-content\/uploads\/2023\/10\/9-1-2048x1536.jpg 2048w\" sizes=\"auto, (max-width: 767px) 89vw, (max-width: 1000px) 54vw, (max-width: 1071px) 543px, 580px\" \/><\/a><\/figure>\n\n\n\n<figure class=\"wp-block-image size-large\"><a href=\"https:\/\/club-des-ecureuils.fr\/wp-content\/uploads\/2023\/10\/10.jpg\"><img loading=\"lazy\" decoding=\"async\" width=\"576\" height=\"1024\" data-id=\"5623\" src=\"https:\/\/club-des-ecureuils.fr\/wp-content\/uploads\/2023\/10\/10-576x1024.jpg\" alt=\"\" class=\"wp-image-5623\" srcset=\"https:\/\/club-des-ecureuils.fr\/wp-content\/uploads\/2023\/10\/10-576x1024.jpg 576w, https:\/\/club-des-ecureuils.fr\/wp-content\/uploads\/2023\/10\/10-169x300.jpg 169w, https:\/\/club-des-ecureuils.fr\/wp-content\/uploads\/2023\/10\/10-768x1365.jpg 768w, https:\/\/club-des-ecureuils.fr\/wp-content\/uploads\/2023\/10\/10.jpg 828w\" sizes=\"auto, (max-width: 576px) 100vw, 576px\" \/><\/a><\/figure>\n\n\n\n<figure class=\"wp-block-image size-large\"><a href=\"https:\/\/club-des-ecureuils.fr\/wp-content\/uploads\/2023\/10\/11.jpg\"><img loading=\"lazy\" decoding=\"async\" width=\"576\" height=\"1024\" data-id=\"5622\" src=\"https:\/\/club-des-ecureuils.fr\/wp-content\/uploads\/2023\/10\/11-576x1024.jpg\" alt=\"\" class=\"wp-image-5622\" srcset=\"https:\/\/club-des-ecureuils.fr\/wp-content\/uploads\/2023\/10\/11-576x1024.jpg 576w, https:\/\/club-des-ecureuils.fr\/wp-content\/uploads\/2023\/10\/11-169x300.jpg 169w, https:\/\/club-des-ecureuils.fr\/wp-content\/uploads\/2023\/10\/11-768x1365.jpg 768w, https:\/\/club-des-ecureuils.fr\/wp-content\/uploads\/2023\/10\/11.jpg 828w\" sizes=\"auto, (max-width: 576px) 100vw, 576px\" \/><\/a><\/figure>\n<\/figure>\n\n\n\n<figure class=\"wp-block-gallery has-nested-images columns-default is-cropped wp-block-gallery-3 is-layout-flex wp-block-gallery-is-layout-flex\">\n<figure class=\"wp-block-image size-large\"><a href=\"https:\/\/club-des-ecureuils.fr\/wp-content\/uploads\/2024\/02\/22-3-scaled.jpeg\"><img loading=\"lazy\" decoding=\"async\" width=\"1024\" height=\"683\" data-id=\"5911\" src=\"https:\/\/club-des-ecureuils.fr\/wp-content\/uploads\/2024\/02\/22-3-1024x683.jpeg\" alt=\"\" class=\"wp-image-5911\" srcset=\"https:\/\/club-des-ecureuils.fr\/wp-content\/uploads\/2024\/02\/22-3-1024x683.jpeg 1024w, https:\/\/club-des-ecureuils.fr\/wp-content\/uploads\/2024\/02\/22-3-300x200.jpeg 300w, https:\/\/club-des-ecureuils.fr\/wp-content\/uploads\/2024\/02\/22-3-768x512.jpeg 768w, https:\/\/club-des-ecureuils.fr\/wp-content\/uploads\/2024\/02\/22-3-1536x1024.jpeg 1536w, https:\/\/club-des-ecureuils.fr\/wp-content\/uploads\/2024\/02\/22-3-2048x1365.jpeg 2048w\" sizes=\"auto, (max-width: 767px) 89vw, (max-width: 1000px) 54vw, (max-width: 1071px) 543px, 580px\" \/><\/a><\/figure>\n\n\n\n<figure class=\"wp-block-image size-large\"><a href=\"https:\/\/club-des-ecureuils.fr\/wp-content\/uploads\/2024\/02\/28-2-scaled.jpeg\"><img loading=\"lazy\" decoding=\"async\" width=\"1024\" height=\"683\" data-id=\"5910\" src=\"https:\/\/club-des-ecureuils.fr\/wp-content\/uploads\/2024\/02\/28-2-1024x683.jpeg\" alt=\"\" class=\"wp-image-5910\" srcset=\"https:\/\/club-des-ecureuils.fr\/wp-content\/uploads\/2024\/02\/28-2-1024x683.jpeg 1024w, https:\/\/club-des-ecureuils.fr\/wp-content\/uploads\/2024\/02\/28-2-300x200.jpeg 300w, https:\/\/club-des-ecureuils.fr\/wp-content\/uploads\/2024\/02\/28-2-768x512.jpeg 768w, https:\/\/club-des-ecureuils.fr\/wp-content\/uploads\/2024\/02\/28-2-1536x1024.jpeg 1536w, https:\/\/club-des-ecureuils.fr\/wp-content\/uploads\/2024\/02\/28-2-2048x1365.jpeg 2048w\" sizes=\"auto, (max-width: 767px) 89vw, (max-width: 1000px) 54vw, (max-width: 1071px) 543px, 580px\" \/><\/a><\/figure>\n\n\n\n<figure class=\"wp-block-image size-large\"><a href=\"https:\/\/club-des-ecureuils.fr\/wp-content\/uploads\/2024\/02\/41-2-scaled.jpeg\"><img loading=\"lazy\" decoding=\"async\" width=\"1024\" height=\"683\" data-id=\"5912\" src=\"https:\/\/club-des-ecureuils.fr\/wp-content\/uploads\/2024\/02\/41-2-1024x683.jpeg\" alt=\"\" class=\"wp-image-5912\" srcset=\"https:\/\/club-des-ecureuils.fr\/wp-content\/uploads\/2024\/02\/41-2-1024x683.jpeg 1024w, https:\/\/club-des-ecureuils.fr\/wp-content\/uploads\/2024\/02\/41-2-300x200.jpeg 300w, https:\/\/club-des-ecureuils.fr\/wp-content\/uploads\/2024\/02\/41-2-768x512.jpeg 768w, https:\/\/club-des-ecureuils.fr\/wp-content\/uploads\/2024\/02\/41-2-1536x1024.jpeg 1536w, https:\/\/club-des-ecureuils.fr\/wp-content\/uploads\/2024\/02\/41-2-2048x1365.jpeg 2048w\" sizes=\"auto, (max-width: 767px) 89vw, (max-width: 1000px) 54vw, (max-width: 1071px) 543px, 580px\" \/><\/a><\/figure>\n\n\n\n<figure class=\"wp-block-image size-large\"><a href=\"https:\/\/club-des-ecureuils.fr\/wp-content\/uploads\/2024\/02\/33-3-scaled.jpeg\"><img loading=\"lazy\" decoding=\"async\" width=\"1024\" height=\"683\" data-id=\"5913\" src=\"https:\/\/club-des-ecureuils.fr\/wp-content\/uploads\/2024\/02\/33-3-1024x683.jpeg\" alt=\"\" class=\"wp-image-5913\" srcset=\"https:\/\/club-des-ecureuils.fr\/wp-content\/uploads\/2024\/02\/33-3-1024x683.jpeg 1024w, https:\/\/club-des-ecureuils.fr\/wp-content\/uploads\/2024\/02\/33-3-300x200.jpeg 300w, https:\/\/club-des-ecureuils.fr\/wp-content\/uploads\/2024\/02\/33-3-768x512.jpeg 768w, https:\/\/club-des-ecureuils.fr\/wp-content\/uploads\/2024\/02\/33-3-1536x1024.jpeg 1536w, https:\/\/club-des-ecureuils.fr\/wp-content\/uploads\/2024\/02\/33-3-2048x1365.jpeg 2048w\" sizes=\"auto, (max-width: 767px) 89vw, (max-width: 1000px) 54vw, (max-width: 1071px) 543px, 580px\" \/><\/a><\/figure>\n\n\n\n<figure class=\"wp-block-image size-large\"><a href=\"https:\/\/club-des-ecureuils.fr\/wp-content\/uploads\/2024\/02\/112-1.jpeg\"><img loading=\"lazy\" decoding=\"async\" width=\"1024\" height=\"769\" data-id=\"5906\" src=\"https:\/\/club-des-ecureuils.fr\/wp-content\/uploads\/2024\/02\/112-1-1024x769.jpeg\" alt=\"\" class=\"wp-image-5906\" srcset=\"https:\/\/club-des-ecureuils.fr\/wp-content\/uploads\/2024\/02\/112-1-1024x769.jpeg 1024w, https:\/\/club-des-ecureuils.fr\/wp-content\/uploads\/2024\/02\/112-1-300x225.jpeg 300w, https:\/\/club-des-ecureuils.fr\/wp-content\/uploads\/2024\/02\/112-1-768x576.jpeg 768w, https:\/\/club-des-ecureuils.fr\/wp-content\/uploads\/2024\/02\/112-1-1536x1153.jpeg 1536w, https:\/\/club-des-ecureuils.fr\/wp-content\/uploads\/2024\/02\/112-1.jpeg 2048w\" sizes=\"auto, (max-width: 767px) 89vw, (max-width: 1000px) 54vw, (max-width: 1071px) 543px, 580px\" \/><\/a><\/figure>\n<\/figure>\n","protected":false},"excerpt":{"rendered":"<p>Batucada &#8211; Horaires &#8211; Actualit\u00e9s &#8211; Phototh\u00e8que &#8211; Vid\u00e9oth\u00e8que Nous vous invitons \u00e0 vous replonger dans nos diff\u00e9rentes prestations\u00a0lors de plusieurs manifestations culturelles du territoire Girondins et au-del\u00e0 ! Vous nous avez peut-\u00eatre crois\u00e9 au d\u00e9tour d&rsquo;un carnaval, march\u00e9 ou festival&#8230; Nous mentionnons \u00e9galement notre belle collaboration avec le groupe de Samba \u00ab\u00a0Energia Do Brasil\u00a0\u00bb &hellip; <\/p>\n<p class=\"link-more\"><a href=\"https:\/\/club-des-ecureuils.fr\/?page_id=137\" class=\"more-link\">Continuer la lecture<span class=\"screen-reader-text\"> de &laquo;&nbsp;Phototh\u00e8que Batucada&nbsp;&raquo;<\/span><\/a><\/p>\n","protected":false},"author":1,"featured_media":0,"parent":33,"menu_order":3,"comment_status":"closed","ping_status":"closed","template":"","meta":{"footnotes":""},"class_list":["post-137","page","type-page","status-publish","hentry"],"_links":{"self":[{"href":"https:\/\/club-des-ecureuils.fr\/index.php?rest_route=\/wp\/v2\/pages\/137","targetHints":{"allow":["GET"]}}],"collection":[{"href":"https:\/\/club-des-ecureuils.fr\/index.php?rest_route=\/wp\/v2\/pages"}],"about":[{"href":"https:\/\/club-des-ecureuils.fr\/index.php?rest_route=\/wp\/v2\/types\/page"}],"author":[{"embeddable":true,"href":"https:\/\/club-des-ecureuils.fr\/index.php?rest_route=\/wp\/v2\/users\/1"}],"replies":[{"embeddable":true,"href":"https:\/\/club-des-ecureuils.fr\/index.php?rest_route=%2Fwp%2Fv2%2Fcomments&post=137"}],"version-history":[{"count":17,"href":"https:\/\/club-des-ecureuils.fr\/index.php?rest_route=\/wp\/v2\/pages\/137\/revisions"}],"predecessor-version":[{"id":6549,"href":"https:\/\/club-des-ecureuils.fr\/index.php?rest_route=\/wp\/v2\/pages\/137\/revisions\/6549"}],"up":[{"embeddable":true,"href":"https:\/\/club-des-ecureuils.fr\/index.php?rest_route=\/wp\/v2\/pages\/33"}],"wp:attachment":[{"href":"https:\/\/club-des-ecureuils.fr\/index.php?rest_route=%2Fwp%2Fv2%2Fmedia&parent=137"}],"curies":[{"name":"wp","href":"https:\/\/api.w.org\/{rel}","templated":true}]}}