{"id":1453,"date":"2015-12-14T17:36:22","date_gmt":"2015-12-14T17:36:22","guid":{"rendered":"http:\/\/club-des-ecureuils.fr\/?page_id=1453"},"modified":"2025-11-20T11:36:07","modified_gmt":"2025-11-20T11:36:07","slug":"choix-dun-vtt","status":"publish","type":"page","link":"https:\/\/club-des-ecureuils.fr\/?page_id=1453","title":{"rendered":"Choix d&rsquo;un VTT"},"content":{"rendered":"<p><img loading=\"lazy\" decoding=\"async\" class=\"alignnone size-medium wp-image-6834 aligncenter\" src=\"https:\/\/club-des-ecureuils.fr\/wp-content\/uploads\/2025\/10\/Logo-Stickers-2025-300x107.png\" alt=\"\" width=\"300\" height=\"107\" srcset=\"https:\/\/club-des-ecureuils.fr\/wp-content\/uploads\/2025\/10\/Logo-Stickers-2025-300x107.png 300w, https:\/\/club-des-ecureuils.fr\/wp-content\/uploads\/2025\/10\/Logo-Stickers-2025-768x275.png 768w, https:\/\/club-des-ecureuils.fr\/wp-content\/uploads\/2025\/10\/Logo-Stickers-2025.png 928w\" sizes=\"auto, (max-width: 300px) 100vw, 300px\" \/><\/p>\n<p style=\"text-align: center;\"><strong><a href=\"https:\/\/club-des-ecureuils.fr\/?page_id=199\">Section VTT<\/a> \u2013 <a href=\"https:\/\/club-des-ecureuils.fr\/?page_id=201\">Horaires et Tarifs<\/a>\u00a0\u2013 <a href=\"https:\/\/club-des-ecureuils.fr\/?page_id=205\">Actualit\u00e9s<\/a> \u2013 <a href=\"https:\/\/club-des-ecureuils.fr\/?page_id=239\">Phototh\u00e8que<\/a> \u2013 <a href=\"https:\/\/club-des-ecureuils.fr\/?page_id=241\">Vid\u00e9oth\u00e8que<\/a><\/strong><\/p>\n<p style=\"text-align: center;\"><strong><a href=\"https:\/\/club-des-ecureuils.fr\/?page_id=604\">Section Jeunes<\/a> \u2013 <a href=\"https:\/\/club-des-ecureuils.fr\/?page_id=645\">Section Pitchounes<\/a>\u00a0&#8211; <a href=\"https:\/\/club-des-ecureuils.fr\/?page_id=1453\">Choix d&rsquo;un VTT<\/a><\/strong><\/p>\n<p><span style=\"color: #0000ff;\"><strong>Le Choix d\u2019un VTT\u00a0(pour les enfants et Adolescents)<\/strong><\/span><\/p>\n<p>Cette page est une aide aux parents un peu perdus dans la jungle des cycles VTT, afin d&rsquo;apporter une aide aux choix d\u2019un VTT pour enfant et adapt\u00e9 \u00e0 la pratique du VTT Cross Country (pratique du\u00a0<a title=\"V\u00e9lo tout terrain\" href=\"https:\/\/fr.wikipedia.org\/wiki\/V%C3%A9lo_tout_terrain\">VTT<\/a>\u00a0sur tous les terrains.<\/p>\n<p><span style=\"color: #0000ff;\"><strong><u>ATTENTION<\/u><\/strong> <\/span>: Libre \u00e0 vous d\u2019acheter le VTT de votre enfant o\u00f9 bon vous semble, de choisir la marque qui vous\u00a0correspond, mais <span style=\"color: #0000ff;\"><strong>veillez \u00e0 pr\u00e9ciser au vendeur<\/strong><\/span> lors de votre achat <span style=\"color: #0000ff;\"><strong>que votre enfant va pratiquer le VTT en club<\/strong><\/span> (ce\u00a0n\u2019est pas pour aller chercher le pain ou aller \u00e0 l\u2019\u00e9cole). <span style=\"color: #0000ff;\"><strong>Les parcours sont en for\u00eat, sur des petits chemins d\u00e9di\u00e9s \u00e0 la pratique sportive du V\u00e9lo Tout Terrain (VTT)<\/strong><\/span>.<br \/>\nCertains v\u00e9los ne sont pas adapt\u00e9s \u00e0 une activit\u00e9\u00a0soutenue (d\u00e9t\u00e9rioration rapide, risque de casse,).<\/p>\n<p><strong style=\"color: #0000ff;\">Notre \u00e9quipe d\u2019encadrants est \u00e0 votre \u00e9coute pour\u00a0d\u2019\u00e9ventuels conseils.<\/strong><br \/>\n<a href=\"https:\/\/club-des-ecureuils.fr\/wp-content\/uploads\/2015\/12\/choixVTT.png\"><img loading=\"lazy\" decoding=\"async\" class=\"wp-image-1454 size-full aligncenter\" src=\"https:\/\/club-des-ecureuils.fr\/wp-content\/uploads\/2015\/12\/choixVTT.png\" alt=\"choixVTT\" width=\"800\" height=\"600\" srcset=\"https:\/\/club-des-ecureuils.fr\/wp-content\/uploads\/2015\/12\/choixVTT.png 800w, https:\/\/club-des-ecureuils.fr\/wp-content\/uploads\/2015\/12\/choixVTT-300x225.png 300w, https:\/\/club-des-ecureuils.fr\/wp-content\/uploads\/2015\/12\/choixVTT-100x75.png 100w, https:\/\/club-des-ecureuils.fr\/wp-content\/uploads\/2015\/12\/choixVTT-150x113.png 150w, https:\/\/club-des-ecureuils.fr\/wp-content\/uploads\/2015\/12\/choixVTT-200x150.png 200w, https:\/\/club-des-ecureuils.fr\/wp-content\/uploads\/2015\/12\/choixVTT-450x338.png 450w, https:\/\/club-des-ecureuils.fr\/wp-content\/uploads\/2015\/12\/choixVTT-600x450.png 600w\" sizes=\"auto, (max-width: 767px) 89vw, (max-width: 1000px) 54vw, (max-width: 1071px) 543px, 580px\" \/><\/a><\/p>\n<p>Le \u201c<span style=\"color: #0000ff;\"><strong>Cadre dit Sloping<\/strong><\/span>\u201d : on peut tracer une ligne droite imaginaire entre l\u2019axe de la roue arri\u00e8re et le point haut de la colonne de direction.<\/p>\n<p><a href=\"https:\/\/club-des-ecureuils.fr\/wp-content\/uploads\/2015\/12\/Cadres.png\"><img loading=\"lazy\" decoding=\"async\" class=\"aligncenter wp-image-1455 size-full\" src=\"https:\/\/club-des-ecureuils.fr\/wp-content\/uploads\/2015\/12\/Cadres.png\" alt=\"Cadres\" width=\"877\" height=\"634\" srcset=\"https:\/\/club-des-ecureuils.fr\/wp-content\/uploads\/2015\/12\/Cadres.png 877w, https:\/\/club-des-ecureuils.fr\/wp-content\/uploads\/2015\/12\/Cadres-300x217.png 300w, https:\/\/club-des-ecureuils.fr\/wp-content\/uploads\/2015\/12\/Cadres-100x72.png 100w, https:\/\/club-des-ecureuils.fr\/wp-content\/uploads\/2015\/12\/Cadres-150x108.png 150w, https:\/\/club-des-ecureuils.fr\/wp-content\/uploads\/2015\/12\/Cadres-200x145.png 200w, https:\/\/club-des-ecureuils.fr\/wp-content\/uploads\/2015\/12\/Cadres-450x325.png 450w, https:\/\/club-des-ecureuils.fr\/wp-content\/uploads\/2015\/12\/Cadres-600x434.png 600w\" sizes=\"auto, (max-width: 767px) 89vw, (max-width: 1000px) 54vw, (max-width: 1071px) 543px, 580px\" \/><\/a><\/p>\n<p>Ce type de cadre est \u00e0 favoriser pour un jeune qui est en pleine croissance car il a une grande amplitude de hauteur de selle, ce qui permet de l\u2019adapter pour plus longtemps \u00e0 sa taille En alu, carbone, ou en acier, la diff\u00e9rence pour un VTT enfant joue surtout sur le poids.<br \/>\nUn jeune de 8 ans pesant environ 25-30 kg aura un 24 pouces de 14-17 kg.\u00a0 Pour comparaison, je vous laisse imaginer un adulte de 80 kg avec un VTT de 35 \u00e0 40 Kg&#8230;..<\/p>\n<p><span style=\"color: #0000ff;\"><strong>Cadre Droit\u00a0:<\/strong><\/span><\/p>\n<p><a href=\"https:\/\/club-des-ecureuils.fr\/?attachment_id=4239\" rel=\"attachment wp-att-4239\"><img loading=\"lazy\" decoding=\"async\" class=\"alignnone size-full wp-image-4239\" src=\"https:\/\/club-des-ecureuils.fr\/wp-content\/uploads\/2019\/09\/Sportelite_TWO_VAR2_2020.jpg\" alt=\"\" width=\"2750\" height=\"1603\" srcset=\"https:\/\/club-des-ecureuils.fr\/wp-content\/uploads\/2019\/09\/Sportelite_TWO_VAR2_2020.jpg 2750w, https:\/\/club-des-ecureuils.fr\/wp-content\/uploads\/2019\/09\/Sportelite_TWO_VAR2_2020-300x175.jpg 300w, https:\/\/club-des-ecureuils.fr\/wp-content\/uploads\/2019\/09\/Sportelite_TWO_VAR2_2020-768x448.jpg 768w, https:\/\/club-des-ecureuils.fr\/wp-content\/uploads\/2019\/09\/Sportelite_TWO_VAR2_2020-1024x597.jpg 1024w, https:\/\/club-des-ecureuils.fr\/wp-content\/uploads\/2019\/09\/Sportelite_TWO_VAR2_2020-100x58.jpg 100w, https:\/\/club-des-ecureuils.fr\/wp-content\/uploads\/2019\/09\/Sportelite_TWO_VAR2_2020-150x87.jpg 150w, https:\/\/club-des-ecureuils.fr\/wp-content\/uploads\/2019\/09\/Sportelite_TWO_VAR2_2020-200x117.jpg 200w, https:\/\/club-des-ecureuils.fr\/wp-content\/uploads\/2019\/09\/Sportelite_TWO_VAR2_2020-450x262.jpg 450w, https:\/\/club-des-ecureuils.fr\/wp-content\/uploads\/2019\/09\/Sportelite_TWO_VAR2_2020-600x350.jpg 600w, https:\/\/club-des-ecureuils.fr\/wp-content\/uploads\/2019\/09\/Sportelite_TWO_VAR2_2020-900x525.jpg 900w\" sizes=\"auto, (max-width: 767px) 89vw, (max-width: 1000px) 54vw, (max-width: 1071px) 543px, 580px\" \/><\/a><br \/>\n<span style=\"color: #0000ff;\"><strong>ATTENTION\u00a0\u00e0 la taille du cadre<\/strong><\/span>, qui se d\u00e9termine par la taille du jeune.<br \/>\nPour les moins de 12 ans, on parle en \u201c<span style=\"color: #0000ff;\"><strong>pouces<\/strong><\/span>\u201d (16\u201d ,20\u201d, 24\u201d pouces). Au-dessus de 1,55m on parle <span style=\"color: #0000ff;\"><strong>de taille de cadre<\/strong><\/span> XS, S, M, L, XL.<\/p>\n<p><span style=\"color: #0000ff;\"><strong>Pour les v\u00e9los enfant en tailles* de roues<\/strong><\/span><br \/>\n20 pouces de 1m20 \u00e0 1m30 soit 7 \u00e0 9 ans<br \/>\n24 pouces de 1m30 \u00e0 1m55 soit 9 \u00e0 12 ans<br \/>\n<span style=\"color: #0000ff;\"><strong>Pour les v\u00e9los adultes en tailles* de cadres<\/strong><\/span><br \/>\nXS pour une taille de 1m40 \u00e0 1m55 (une alternative au 24 pouces pour un pr\u00e9-ados entre 10 et 12 ans)<br \/>\nS pour une taille de 1m55 \u00e0 1m65<br \/>\nM pour une taille de 1m65 \u00e0 1m75<br \/>\nL pour une taille de 1m75 \u00e0 1m90<br \/>\nXL au-del\u00e0 de 1m90<\/p>\n<p>A v\u00e9rifier suivant votre pratique et votre confort. Un enfant, comme un adulte, doit avoir un v\u00e9lo \u00e0 sa taille s\u2019il veut en profiter pleinement. Un v\u00e9lo trop grand sera tr\u00e8s instable et la personne aura une position tr\u00e8s vers l\u2019avant du v\u00e9lo, d\u2019o\u00f9 des douleurs aux cervicales. Un v\u00e9lo trop petit sera extr\u00eamement maniable, mais souvent trop maniable et instable \u00e0 haute vitesse, ainsi qu\u2019en tournant.<\/p>\n<p>*Taille donn\u00e9e \u00e0 titre d\u2019exemple pour une pratique Rando, XC (X-Country).<\/p>\n<p style=\"text-align: center;\"><span style=\"color: #0000ff;\"><strong>Retrouver tous ces conseils dans la vraie vie,\u00a0 avec un professionnel du cycle.<\/strong><\/span><br \/>\nNotre magasin partenaire est <a href=\"https:\/\/location-velo-arcachon-bordeaux-pyrenees.fr\/\" target=\"_blank\" rel=\"noopener\">Cycles &amp; Nature Le Teich<\/a>.<\/p>\n<p class=\"body\" dir=\"auto\" style=\"text-align: center;\"><strong>4 rue Martial GARNUNG 33470 Le Teich<\/strong><\/p>\n<p class=\"body\" dir=\"auto\" style=\"text-align: center;\">+33 6 68 40 41 16 \/ +33 5 57 52 07 19<\/p>\n<p><a href=\"https:\/\/club-des-ecureuils.fr\/wp-content\/uploads\/2025\/11\/Logo-Cycles-et-Nature-Le-Teich.png\"><img loading=\"lazy\" decoding=\"async\" class=\"alignnone size-full wp-image-7220 aligncenter\" src=\"https:\/\/club-des-ecureuils.fr\/wp-content\/uploads\/2025\/11\/Logo-Cycles-et-Nature-Le-Teich.png\" alt=\"\" width=\"287\" height=\"234\" \/><\/a><\/p>\n","protected":false},"excerpt":{"rendered":"<p>Section VTT \u2013 Horaires et Tarifs\u00a0\u2013 Actualit\u00e9s \u2013 Phototh\u00e8que \u2013 Vid\u00e9oth\u00e8que Section Jeunes \u2013 Section Pitchounes\u00a0&#8211; Choix d&rsquo;un VTT Le Choix d\u2019un VTT\u00a0(pour les enfants et Adolescents) Cette page est une aide aux parents un peu perdus dans la jungle des cycles VTT, afin d&rsquo;apporter une aide aux choix d\u2019un VTT pour enfant et adapt\u00e9 &hellip; <\/p>\n<p class=\"link-more\"><a href=\"https:\/\/club-des-ecureuils.fr\/?page_id=1453\" class=\"more-link\">Continuer la lecture<span class=\"screen-reader-text\"> de &laquo;&nbsp;Choix d&rsquo;un VTT&nbsp;&raquo;<\/span><\/a><\/p>\n","protected":false},"author":1,"featured_media":0,"parent":199,"menu_order":8,"comment_status":"closed","ping_status":"closed","template":"","meta":{"footnotes":""},"class_list":["post-1453","page","type-page","status-publish","hentry"],"_links":{"self":[{"href":"https:\/\/club-des-ecureuils.fr\/index.php?rest_route=\/wp\/v2\/pages\/1453","targetHints":{"allow":["GET"]}}],"collection":[{"href":"https:\/\/club-des-ecureuils.fr\/index.php?rest_route=\/wp\/v2\/pages"}],"about":[{"href":"https:\/\/club-des-ecureuils.fr\/index.php?rest_route=\/wp\/v2\/types\/page"}],"author":[{"embeddable":true,"href":"https:\/\/club-des-ecureuils.fr\/index.php?rest_route=\/wp\/v2\/users\/1"}],"replies":[{"embeddable":true,"href":"https:\/\/club-des-ecureuils.fr\/index.php?rest_route=%2Fwp%2Fv2%2Fcomments&post=1453"}],"version-history":[{"count":14,"href":"https:\/\/club-des-ecureuils.fr\/index.php?rest_route=\/wp\/v2\/pages\/1453\/revisions"}],"predecessor-version":[{"id":7221,"href":"https:\/\/club-des-ecureuils.fr\/index.php?rest_route=\/wp\/v2\/pages\/1453\/revisions\/7221"}],"up":[{"embeddable":true,"href":"https:\/\/club-des-ecureuils.fr\/index.php?rest_route=\/wp\/v2\/pages\/199"}],"wp:attachment":[{"href":"https:\/\/club-des-ecureuils.fr\/index.php?rest_route=%2Fwp%2Fv2%2Fmedia&parent=1453"}],"curies":[{"name":"wp","href":"https:\/\/api.w.org\/{rel}","templated":true}]}}