{"id":15,"date":"2015-08-24T18:59:46","date_gmt":"2015-08-24T18:59:46","guid":{"rendered":"http:\/\/club-des-ecureuils.fr\/?page_id=15"},"modified":"2025-10-25T14:39:04","modified_gmt":"2025-10-25T14:39:04","slug":"organigramme","status":"publish","type":"page","link":"https:\/\/club-des-ecureuils.fr\/?page_id=15","title":{"rendered":"Organigramme"},"content":{"rendered":"<h5 style=\"text-align: center;\"><span style=\"color: #0000ff;\"><strong><a href=\"https:\/\/club-des-ecureuils.fr\/?attachment_id=4350\" rel=\"attachment wp-att-4350\"><img loading=\"lazy\" decoding=\"async\" class=\"size-full wp-image-4350 alignleft\" src=\"https:\/\/club-des-ecureuils.fr\/wp-content\/uploads\/2020\/02\/Logo-Club-ecureuils-rect-blanc-e1581092759421.jpg\" alt=\"\" width=\"115\" height=\"142\" \/><\/a><\/strong><\/span><\/h5>\n<h5 style=\"text-align: center;\"><span style=\"color: #0000ff;\"><strong><a style=\"color: #0000ff;\" href=\"https:\/\/club-des-ecureuils.fr\/?page_id=13\">Club<\/a> &#8211; <a style=\"color: #0000ff;\" href=\"https:\/\/club-des-ecureuils.fr\/?page_id=230\">Inscriptions<\/a> &#8211; <a style=\"color: #0000ff;\" href=\"https:\/\/club-des-ecureuils.fr\/?page_id=15\">Organigramme<\/a> &#8211; <a style=\"color: #0000ff;\" href=\"https:\/\/club-des-ecureuils.fr\/?page_id=21\">Statuts<\/a> &#8211;\u00a0<a style=\"color: #0000ff;\" href=\"https:\/\/club-des-ecureuils.fr\/?page_id=23\">R\u00e8glement<\/a><\/strong><\/span><\/h5>\n<h5 style=\"text-align: center;\"><span style=\"color: #0000ff;\"><strong><a style=\"color: #0000ff;\" href=\"https:\/\/club-des-ecureuils.fr\/?page_id=26\">Charte de bonne conduite<\/a> &#8211; <a style=\"color: #0000ff;\" href=\"https:\/\/club-des-ecureuils.fr\/?page_id=404\">Conseil d&rsquo;Administration<\/a>\u00a0&#8211;\u00a0<\/strong><a style=\"color: #0000ff;\" href=\"https:\/\/club-des-ecureuils.fr\/?page_id=1421\">Assurances<\/a><\/span><\/h5>\n\n\n<h2 class=\"wp-block-heading\"><strong><em>Club Omnisport et Culturel Des Ecureuils<\/em><\/strong><\/h2>\n\n\n\n<figure class=\"wp-block-table has-small-font-size\"><table><tbody><tr><td><strong>RESPONSABLES<\/strong><\/td><td><strong>INTERLOCUTEURS<\/strong><\/td><td><strong>ADRESSE EMAIL<\/strong><\/td><td><strong>TELEPHONE<\/strong><\/td><\/tr><tr><td>Pr\u00e9sident<\/td><td>VIGNACQ Jean-Bernard<\/td><td><a href=\"mailto:president@club-des-ecureuils.fr\">president@club-des-ecureuils.fr<\/a><\/td><td>06.20.60.61.74<\/td><\/tr><tr><td>Secr\u00e9taire<\/td><td>FRADIN Rodolphe<\/td><td><a href=\"mailto:secretaire@club-des-ecureuils.fr\">secretaire@club-des-ecureuils.fr<\/a><\/td><td>06.80.25.40.13<\/td><\/tr><tr><td>Tr\u00e9sorier<\/td><td>LIENARD Patrick<\/td><td><a href=\"mailto:tresorier@club-des-ecureuils.fr\">tresorier@club-des-ecureuils.fr<\/a><\/td><td>06.77.36.56.45<\/td><\/tr><tr><td>Secr\u00e9taire adjointe<\/td><td>CAUBIT Nativit\u00e9<\/td><td><\/td><td>06.59.67.02.27<\/td><\/tr><\/tbody><\/table><\/figure>\n\n\n\n<h2 class=\"wp-block-heading has-text-color\" style=\"color:#f2139c91\"><strong>SECTIONS \u00ab\u00a0BIEN-\u00caTRE<\/strong>\u00ab\u00a0<\/h2>\n\n\n\n<h2 class=\"wp-block-heading has-text-color\" style=\"color:#f78da8\"><strong><em><a href=\"https:\/\/club-des-ecureuils.fr\/?page_id=152\">TAI CHI CHUAN<\/a><\/em><\/strong><\/h2>\n\n\n\n<figure class=\"wp-block-table has-small-font-size\"><table><tbody><tr><td><strong>RESPONSABLES<\/strong><\/td><td><strong>INTERLOCUTEURS<\/strong><\/td><td><strong>ADRESSE EMAIL<\/strong><\/td><td>TELEPHONE<\/td><\/tr><tr><td>Animatrice<\/td><td>LALANNE Fran\u00e7oise<\/td><td><a href=\"mailto:mf_lalanne@yahoo.fr\">mf_lalanne@yahoo.fr<\/a><\/td><td>06.21.08.10.19<\/td><\/tr><\/tbody><\/table><\/figure>\n\n\n\n<h2 class=\"wp-block-heading has-pale-pink-color has-text-color\"><strong><em><a href=\"https:\/\/club-des-ecureuils.fr\/?page_id=6070\" data-type=\"page\" data-id=\"6070\">YOGA<\/a><\/em><\/strong><\/h2>\n\n\n\n<figure class=\"wp-block-table has-small-font-size\"><table><tbody><tr><td><strong>RESPONSABLES<\/strong><\/td><td><strong>INTERLOCUTEURS<\/strong><\/td><td><strong>ADRESSE EMAIL<\/strong><\/td><td><strong>TELEPHONE<\/strong><\/td><\/tr><tr><td>Responsable section<\/td><td><br>GAUDE St\u00e9phanie<br>MONTEIL Laetitia<\/td><td><br><a href=\"mailto:yoga.marcheprimais@gmail.com\">yoga.marcheprimais@gmail.com<\/a><\/td><td><br>07.87.00.60.25<\/td><\/tr><\/tbody><\/table><\/figure>\n\n\n\n<h2 class=\"wp-block-heading has-text-color\" style=\"color:#e33407\"><strong>SECTIONS \u00ab\u00a0CULTURE<\/strong>\u00ab\u00a0<\/h2>\n\n\n\n<h2 class=\"wp-block-heading has-vivid-red-color has-text-color\"><strong><em><a href=\"https:\/\/club-des-ecureuils.fr\/?page_id=33\">BATUCADA<\/a><\/em><\/strong><\/h2>\n\n\n\n<figure class=\"wp-block-table has-small-font-size\"><table><tbody><tr><td><strong>RESPONSABLES<\/strong><\/td><td><strong>INTERLOCUTEURS<\/strong><\/td><td><strong>ADRESSE EMAIL<\/strong><\/td><td><strong>TELEPHONE<\/strong><\/td><\/tr><tr><td>Responsable section<\/td><td>COUILLARD Jo\u00ebl<\/td><td><a href=\"mailto:carabatsouk.contact@gmail.com\">carabatsouk.contact@gmail.com<\/a><\/td><td>06.01.18.60.93<\/td><\/tr><\/tbody><\/table><\/figure>\n\n\n\n<h2 class=\"wp-block-heading has-vivid-red-color has-text-color\"><strong><em><a href=\"https:\/\/club-des-ecureuils.fr\/?page_id=3530\">THEATRE<\/a><\/em><\/strong><\/h2>\n\n\n\n<figure class=\"wp-block-table has-small-font-size\"><table><tbody><tr><td><strong>RESPONSABLES<\/strong><\/td><td><strong>INTERLOCUTEURS<\/strong><\/td><td><strong>ADRESSE EMAIL<\/strong><\/td><td><strong>TELEPHONE<\/strong><\/td><\/tr><tr><td>Responsable section<\/td><td>PLANSON Cindy<\/td><td><a href=\"mailto:scenart33@gmail.com\">scenart33@gmail.com<\/a><\/td><td>06.18.80.01.30<\/td><\/tr><\/tbody><\/table><\/figure>\n\n\n\n<h2 class=\"wp-block-heading has-text-color\" style=\"color:#3db126\"><strong>SECTIONS \u00ab\u00a0SPORT\u00a0\u00bb<\/strong><\/h2>\n\n\n\n<h2 class=\"wp-block-heading has-vivid-green-cyan-color has-text-color\"><strong><em><a href=\"https:\/\/club-des-ecureuils.fr\/?page_id=53\">COURSE A PIED<\/a><\/em><\/strong><\/h2>\n\n\n\n<figure class=\"wp-block-table has-small-font-size\"><table><tbody><tr><td><strong>RESPONSABLES<\/strong><\/td><td><strong>INTERLOCUTEURS<\/strong><\/td><td><strong>ADRESSE EMAIL<\/strong><\/td><td><strong>TELEPHONE<\/strong><\/td><\/tr><tr><td>Responsable section<\/td><td>LOISON Eug\u00e8ne<\/td><td><a href=\"mailto:course-a-pied@club-des-ecureuils.fr\">course-a-pied@club-des-ecureuils.fr<\/a><br><a href=\"mailto:loison.eugene@wanadoo.fr\">loison.eugene@wanadoo.fr<\/a><\/td><td>06.85.46.39.94<\/td><\/tr><\/tbody><\/table><\/figure>\n\n\n\n<h2 class=\"wp-block-heading has-vivid-green-cyan-color has-text-color\"><strong><em><a href=\"https:\/\/club-des-ecureuils.fr\/?page_id=154\">DANSE<\/a><\/em><\/strong><\/h2>\n\n\n\n<figure class=\"wp-block-table has-small-font-size\"><table><tbody><tr><td><strong>RESPONSABLES<\/strong><\/td><td><strong>INTERLOCUTEURS<\/strong><\/td><td><strong>ADRESSE EMAIL<\/strong><\/td><td><strong>TELEPHONE<\/strong><\/td><\/tr><tr><td>Responsable section<\/td><td>TRASSARD Euridys<\/td><td><a href=\"mailto:temps-danse@club-des-ecureuils.fr\">temps-danse@club-des-ecureuils.fr<\/a><br><a href=\"mailto:eyridysm@hotmail.fr\">eyridysm@hotmail.fr<\/a><\/td><td>06.82.93.79.61<\/td><\/tr><\/tbody><\/table><\/figure>\n\n\n\n<h2 class=\"wp-block-heading has-vivid-green-cyan-color has-text-color\"><strong><em><a href=\"https:\/\/club-des-ecureuils.fr\/?page_id=106\">MULTISPORTS<\/a><\/em><\/strong><\/h2>\n\n\n\n<figure class=\"wp-block-table has-small-font-size\"><table><tbody><tr><td><strong>RESPONSABLES<\/strong><\/td><td><strong>INTERLOCUTEURS<\/strong><\/td><td><strong>ADRESSE EMAIL<\/strong><\/td><td><strong>TELEPHONE<\/strong><\/td><\/tr><tr><td>Responsable section adultes<\/td><td>DUVIGNAC Martine<\/td><td><a href=\"mailto:martineduvignac33@gmail.com\">martineduvignac33@gmail.com<\/a><\/td><td><\/td><\/tr><tr><td>Responsable section enfants<\/td><td>VIGNACQ Jean-Bernard<\/td><td><a href=\"mailto:ems@club-des-ecureuils.fr\">ems@club-des-ecureuils.fr<\/a><\/td><td>06.20.60.61.74<\/td><\/tr><\/tbody><\/table><\/figure>\n\n\n\n<h2 class=\"wp-block-heading has-vivid-green-cyan-color has-text-color\"><strong><em><a href=\"https:\/\/club-des-ecureuils.fr\/?page_id=150\">JU JITSU<\/a><\/em><\/strong><\/h2>\n\n\n\n<figure class=\"wp-block-table has-small-font-size\"><table><tbody><tr><td><strong>RESPONSABLES<\/strong><\/td><td><strong>INTERLOCUTEURS<\/strong><\/td><td><strong>ADRESSE EMAIL<\/strong><\/td><td><strong>TELEPHONE<\/strong><\/td><\/tr><tr><td>Responsable section<\/td><td>DUCARDONNAY Brice<\/td><td><a href=\"mailto:mushinryu@club-des-ecureuils.fr\">mushinryu@club-des-ecureuils.fr<\/a><\/td><td>06.32.40.77.35<\/td><\/tr><\/tbody><\/table><\/figure>\n\n\n\n<h2 class=\"wp-block-heading has-vivid-green-cyan-color has-text-color\"><strong><em><a href=\"https:\/\/club-des-ecureuils.fr\/?page_id=5595\">RANDONNEE PEDESTRE<\/a><\/em><\/strong><\/h2>\n\n\n\n<figure class=\"wp-block-table has-small-font-size\"><table><tbody><tr><td><strong>RESPONSABLES<\/strong><\/td><td><strong>INTERLOCUTEURS<\/strong><\/td><td><strong>ADRESSE EMAIL<\/strong><\/td><td><strong>TELEPHONE<\/strong><\/td><\/tr><tr><td>Responsable section<\/td><td>LAGRAULET Olivier<\/td><td><a href=\"mailto:vendrellgerard6@gmail.com\"><\/a><a href=\"mailto:ecureuilsmarcheurs33@gmail.com\">ecureuilsmarcheurs33@gmail.com<\/a><\/td><td>06.24.88.27.66<\/td><\/tr><\/tbody><\/table><\/figure>\n\n\n\n<h2 class=\"wp-block-heading has-vivid-green-cyan-color has-text-color\"><a style=\"font-weight: bold; font-style: italic;\" href=\"https:\/\/club-des-ecureuils.fr\/?page_id=199\">CYCLO &#8211; GRAVEL &#8211; VTT<\/a><\/h2>\n\n\n\n<figure class=\"wp-block-table has-small-font-size\"><table><tbody><tr><td><strong>RESPONSABLES<\/strong><\/td><td><strong>INTERLOCUTEURS<\/strong><\/td><td><strong>ADRESSE EMAIL<\/strong><\/td><td><strong>TELEPHONE<\/strong><\/td><\/tr><tr><td>Responsable section<\/td><td>FRADIN Rodolphe<\/td><td><a href=\"mailto:vtt@club-des-ecureuils.fr\">vtt@club-des-ecureuils.fr<\/a><\/td><td>06.80.25.40.13<\/td><\/tr><\/tbody><\/table><\/figure>\n\n\n\n<p><\/p>\n","protected":false},"excerpt":{"rendered":"<p>Club &#8211; Inscriptions &#8211; Organigramme &#8211; Statuts &#8211;\u00a0R\u00e8glement Charte de bonne conduite &#8211; Conseil d&rsquo;Administration\u00a0&#8211;\u00a0Assurances Club Omnisport et Culturel Des Ecureuils RESPONSABLES INTERLOCUTEURS ADRESSE EMAIL TELEPHONE Pr\u00e9sident VIGNACQ Jean-Bernard president@club-des-ecureuils.fr 06.20.60.61.74 Secr\u00e9taire FRADIN Rodolphe secretaire@club-des-ecureuils.fr 06.80.25.40.13 Tr\u00e9sorier LIENARD Patrick tresorier@club-des-ecureuils.fr 06.77.36.56.45 Secr\u00e9taire adjointe CAUBIT Nativit\u00e9 06.59.67.02.27 SECTIONS \u00ab\u00a0BIEN-\u00caTRE\u00ab\u00a0 TAI CHI CHUAN RESPONSABLES INTERLOCUTEURS ADRESSE EMAIL &hellip; <\/p>\n<p class=\"link-more\"><a href=\"https:\/\/club-des-ecureuils.fr\/?page_id=15\" class=\"more-link\">Continuer la lecture<span class=\"screen-reader-text\"> de &laquo;&nbsp;Organigramme&nbsp;&raquo;<\/span><\/a><\/p>\n","protected":false},"author":1,"featured_media":0,"parent":13,"menu_order":0,"comment_status":"closed","ping_status":"closed","template":"","meta":{"footnotes":""},"class_list":["post-15","page","type-page","status-publish","hentry"],"_links":{"self":[{"href":"https:\/\/club-des-ecureuils.fr\/index.php?rest_route=\/wp\/v2\/pages\/15","targetHints":{"allow":["GET"]}}],"collection":[{"href":"https:\/\/club-des-ecureuils.fr\/index.php?rest_route=\/wp\/v2\/pages"}],"about":[{"href":"https:\/\/club-des-ecureuils.fr\/index.php?rest_route=\/wp\/v2\/types\/page"}],"author":[{"embeddable":true,"href":"https:\/\/club-des-ecureuils.fr\/index.php?rest_route=\/wp\/v2\/users\/1"}],"replies":[{"embeddable":true,"href":"https:\/\/club-des-ecureuils.fr\/index.php?rest_route=%2Fwp%2Fv2%2Fcomments&post=15"}],"version-history":[{"count":32,"href":"https:\/\/club-des-ecureuils.fr\/index.php?rest_route=\/wp\/v2\/pages\/15\/revisions"}],"predecessor-version":[{"id":7014,"href":"https:\/\/club-des-ecureuils.fr\/index.php?rest_route=\/wp\/v2\/pages\/15\/revisions\/7014"}],"up":[{"embeddable":true,"href":"https:\/\/club-des-ecureuils.fr\/index.php?rest_route=\/wp\/v2\/pages\/13"}],"wp:attachment":[{"href":"https:\/\/club-des-ecureuils.fr\/index.php?rest_route=%2Fwp%2Fv2%2Fmedia&parent=15"}],"curies":[{"name":"wp","href":"https:\/\/api.w.org\/{rel}","templated":true}]}}