{"id":154,"date":"2015-08-24T20:58:35","date_gmt":"2015-08-24T20:58:35","guid":{"rendered":"http:\/\/club-des-ecureuils.fr\/?page_id=154"},"modified":"2022-10-02T15:19:04","modified_gmt":"2022-10-02T15:19:04","slug":"temps-danse","status":"publish","type":"page","link":"https:\/\/club-des-ecureuils.fr\/?page_id=154","title":{"rendered":"Temps-Danse"},"content":{"rendered":"\n<p class=\"has-text-align-center\"><a href=\"https:\/\/club-des-ecureuils.fr\/?page_id=5071\">Inscription<\/a> &#8211; <a href=\"https:\/\/club-des-ecureuils.fr\/?page_id=162\">Actualit\u00e9s<\/a>&#8211; <a href=\"https:\/\/club-des-ecureuils.fr\/?page_id=157\">Horaires et tarifs<\/a> &#8211; <a href=\"https:\/\/club-des-ecureuils.fr\/?page_id=5144\">Les professeurs<\/a> &#8211; <a href=\"https:\/\/club-des-ecureuils.fr\/?page_id=5171\">L&rsquo;\u00e9quipe <\/a>&#8211; <a href=\"https:\/\/club-des-ecureuils.fr\/?page_id=165\">Photos<\/a> et <a href=\"https:\/\/club-des-ecureuils.fr\/?page_id=167\">Vid\u00e9os<\/a> &#8211; <a href=\"https:\/\/club-des-ecureuils.fr\/?page_id=5076\">Contact<\/a><\/p>\n\n\n\n<figure class=\"wp-block-image size-large\"><a href=\"https:\/\/club-des-ecureuils.fr\/wp-content\/uploads\/2022\/09\/285477693_1061855851128296_4778097091659113009_n-1.jpg\"><img loading=\"lazy\" decoding=\"async\" width=\"1024\" height=\"1024\" src=\"https:\/\/club-des-ecureuils.fr\/wp-content\/uploads\/2022\/09\/285477693_1061855851128296_4778097091659113009_n-1-1024x1024.jpg\" alt=\"\" class=\"wp-image-5061\" srcset=\"https:\/\/club-des-ecureuils.fr\/wp-content\/uploads\/2022\/09\/285477693_1061855851128296_4778097091659113009_n-1-1024x1024.jpg 1024w, https:\/\/club-des-ecureuils.fr\/wp-content\/uploads\/2022\/09\/285477693_1061855851128296_4778097091659113009_n-1-300x300.jpg 300w, https:\/\/club-des-ecureuils.fr\/wp-content\/uploads\/2022\/09\/285477693_1061855851128296_4778097091659113009_n-1-150x150.jpg 150w, https:\/\/club-des-ecureuils.fr\/wp-content\/uploads\/2022\/09\/285477693_1061855851128296_4778097091659113009_n-1-768x768.jpg 768w, https:\/\/club-des-ecureuils.fr\/wp-content\/uploads\/2022\/09\/285477693_1061855851128296_4778097091659113009_n-1-100x100.jpg 100w, https:\/\/club-des-ecureuils.fr\/wp-content\/uploads\/2022\/09\/285477693_1061855851128296_4778097091659113009_n-1.jpg 1440w\" sizes=\"auto, (max-width: 767px) 89vw, (max-width: 1000px) 54vw, (max-width: 1071px) 543px, 580px\" \/><\/a><\/figure>\n","protected":false},"excerpt":{"rendered":"<p>Inscription &#8211; Actualit\u00e9s&#8211; Horaires et tarifs &#8211; Les professeurs &#8211; L&rsquo;\u00e9quipe &#8211; Photos et Vid\u00e9os &#8211; Contact<\/p>\n","protected":false},"author":1,"featured_media":0,"parent":28,"menu_order":8,"comment_status":"closed","ping_status":"closed","template":"","meta":{"footnotes":""},"class_list":["post-154","page","type-page","status-publish","hentry"],"_links":{"self":[{"href":"https:\/\/club-des-ecureuils.fr\/index.php?rest_route=\/wp\/v2\/pages\/154","targetHints":{"allow":["GET"]}}],"collection":[{"href":"https:\/\/club-des-ecureuils.fr\/index.php?rest_route=\/wp\/v2\/pages"}],"about":[{"href":"https:\/\/club-des-ecureuils.fr\/index.php?rest_route=\/wp\/v2\/types\/page"}],"author":[{"embeddable":true,"href":"https:\/\/club-des-ecureuils.fr\/index.php?rest_route=\/wp\/v2\/users\/1"}],"replies":[{"embeddable":true,"href":"https:\/\/club-des-ecureuils.fr\/index.php?rest_route=%2Fwp%2Fv2%2Fcomments&post=154"}],"version-history":[{"count":50,"href":"https:\/\/club-des-ecureuils.fr\/index.php?rest_route=\/wp\/v2\/pages\/154\/revisions"}],"predecessor-version":[{"id":5187,"href":"https:\/\/club-des-ecureuils.fr\/index.php?rest_route=\/wp\/v2\/pages\/154\/revisions\/5187"}],"up":[{"embeddable":true,"href":"https:\/\/club-des-ecureuils.fr\/index.php?rest_route=\/wp\/v2\/pages\/28"}],"wp:attachment":[{"href":"https:\/\/club-des-ecureuils.fr\/index.php?rest_route=%2Fwp%2Fv2%2Fmedia&parent=154"}],"curies":[{"name":"wp","href":"https:\/\/api.w.org\/{rel}","templated":true}]}}