{"id":157,"date":"2015-08-24T21:00:49","date_gmt":"2015-08-24T21:00:49","guid":{"rendered":"http:\/\/club-des-ecureuils.fr\/?page_id=157"},"modified":"2025-09-17T07:04:51","modified_gmt":"2025-09-17T07:04:51","slug":"horaires","status":"publish","type":"page","link":"https:\/\/club-des-ecureuils.fr\/?page_id=157","title":{"rendered":"Horaires et Tarifs Temps-Danse"},"content":{"rendered":"<p style=\"text-align: center;\"><a href=\"https:\/\/club-des-ecureuils.fr\/?page_id=5071\">Inscription<\/a> &#8211; <a href=\"https:\/\/club-des-ecureuils.fr\/?page_id=162\">Actualit\u00e9s<\/a>&#8211; <a href=\"https:\/\/club-des-ecureuils.fr\/?page_id=157\">Horaires et tarifs<\/a> &#8211; <a href=\"https:\/\/club-des-ecureuils.fr\/?page_id=5144\">Les professeurs<\/a> &#8211; <a href=\"https:\/\/club-des-ecureuils.fr\/?page_id=5171\">L&rsquo;\u00e9quipe<\/a> &#8211; <a href=\"https:\/\/club-des-ecureuils.fr\/?page_id=165\">Photos<\/a> et <a href=\"https:\/\/club-des-ecureuils.fr\/?page_id=167\">Vid\u00e9os<\/a> &#8211; <a href=\"https:\/\/club-des-ecureuils.fr\/?page_id=5076\">Contact<\/a><\/p>\n\n\n<figure class=\"wp-block-image size-full\"><a href=\"https:\/\/club-des-ecureuils.fr\/wp-content\/uploads\/2025\/08\/taris-temps-danse-25-26-1.jpg\"><img loading=\"lazy\" decoding=\"async\" width=\"1056\" height=\"1115\" src=\"https:\/\/club-des-ecureuils.fr\/wp-content\/uploads\/2025\/08\/taris-temps-danse-25-26-1.jpg\" alt=\"\" class=\"wp-image-6521\" srcset=\"https:\/\/club-des-ecureuils.fr\/wp-content\/uploads\/2025\/08\/taris-temps-danse-25-26-1.jpg 1056w, https:\/\/club-des-ecureuils.fr\/wp-content\/uploads\/2025\/08\/taris-temps-danse-25-26-1-284x300.jpg 284w, https:\/\/club-des-ecureuils.fr\/wp-content\/uploads\/2025\/08\/taris-temps-danse-25-26-1-970x1024.jpg 970w, https:\/\/club-des-ecureuils.fr\/wp-content\/uploads\/2025\/08\/taris-temps-danse-25-26-1-768x811.jpg 768w\" sizes=\"auto, (max-width: 767px) 89vw, (max-width: 1000px) 54vw, (max-width: 1071px) 543px, 580px\" \/><\/a><\/figure>\n\n\n\n<p>\/<\/p>\n\n\n\n<p><\/p>\n\n\n\n<figure class=\"wp-block-image size-large\"><a href=\"https:\/\/club-des-ecureuils.fr\/wp-content\/uploads\/2025\/09\/PLANNING-DANSE-2025-2026-final-2.pdf\"><img loading=\"lazy\" decoding=\"async\" width=\"1024\" height=\"724\" src=\"https:\/\/club-des-ecureuils.fr\/wp-content\/uploads\/2025\/09\/PLANNING-DANSE-2025-2026-final-2-pdf-1024x724.jpg\" alt=\"\" class=\"wp-image-6597\"\/><\/a><\/figure>\n\n\n\n<figure class=\"wp-block-image size-full is-resized\"><a href=\"https:\/\/club-des-ecureuils.fr\/wp-content\/uploads\/2025\/08\/ramassage-danse-25-26.jpg\"><img loading=\"lazy\" decoding=\"async\" width=\"480\" height=\"480\" src=\"https:\/\/club-des-ecureuils.fr\/wp-content\/uploads\/2025\/08\/ramassage-danse-25-26.jpg\" alt=\"\" class=\"wp-image-6531\" style=\"width:674px;height:auto\" srcset=\"https:\/\/club-des-ecureuils.fr\/wp-content\/uploads\/2025\/08\/ramassage-danse-25-26.jpg 480w, https:\/\/club-des-ecureuils.fr\/wp-content\/uploads\/2025\/08\/ramassage-danse-25-26-300x300.jpg 300w, https:\/\/club-des-ecureuils.fr\/wp-content\/uploads\/2025\/08\/ramassage-danse-25-26-150x150.jpg 150w, https:\/\/club-des-ecureuils.fr\/wp-content\/uploads\/2025\/08\/ramassage-danse-25-26-100x100.jpg 100w\" sizes=\"auto, (max-width: 480px) 100vw, 480px\" \/><\/a><\/figure>\n\n\n\n<p><\/p>\n","protected":false},"excerpt":{"rendered":"<p>Inscription &#8211; Actualit\u00e9s&#8211; Horaires et tarifs &#8211; Les professeurs &#8211; L&rsquo;\u00e9quipe &#8211; Photos et Vid\u00e9os &#8211; Contact \/<\/p>\n","protected":false},"author":1,"featured_media":0,"parent":154,"menu_order":1,"comment_status":"closed","ping_status":"closed","template":"","meta":{"footnotes":""},"class_list":["post-157","page","type-page","status-publish","hentry"],"_links":{"self":[{"href":"https:\/\/club-des-ecureuils.fr\/index.php?rest_route=\/wp\/v2\/pages\/157","targetHints":{"allow":["GET"]}}],"collection":[{"href":"https:\/\/club-des-ecureuils.fr\/index.php?rest_route=\/wp\/v2\/pages"}],"about":[{"href":"https:\/\/club-des-ecureuils.fr\/index.php?rest_route=\/wp\/v2\/types\/page"}],"author":[{"embeddable":true,"href":"https:\/\/club-des-ecureuils.fr\/index.php?rest_route=\/wp\/v2\/users\/1"}],"replies":[{"embeddable":true,"href":"https:\/\/club-des-ecureuils.fr\/index.php?rest_route=%2Fwp%2Fv2%2Fcomments&post=157"}],"version-history":[{"count":85,"href":"https:\/\/club-des-ecureuils.fr\/index.php?rest_route=\/wp\/v2\/pages\/157\/revisions"}],"predecessor-version":[{"id":6598,"href":"https:\/\/club-des-ecureuils.fr\/index.php?rest_route=\/wp\/v2\/pages\/157\/revisions\/6598"}],"up":[{"embeddable":true,"href":"https:\/\/club-des-ecureuils.fr\/index.php?rest_route=\/wp\/v2\/pages\/154"}],"wp:attachment":[{"href":"https:\/\/club-des-ecureuils.fr\/index.php?rest_route=%2Fwp%2Fv2%2Fmedia&parent=157"}],"curies":[{"name":"wp","href":"https:\/\/api.w.org\/{rel}","templated":true}]}}