{"id":162,"date":"2015-08-24T21:04:37","date_gmt":"2015-08-24T21:04:37","guid":{"rendered":"http:\/\/club-des-ecureuils.fr\/?page_id=162"},"modified":"2025-06-06T09:00:52","modified_gmt":"2025-06-06T09:00:52","slug":"actualites","status":"publish","type":"page","link":"https:\/\/club-des-ecureuils.fr\/?page_id=162","title":{"rendered":"Actualit\u00e9s Temps-Danse"},"content":{"rendered":"<p style=\"text-align: center;\"><a href=\"https:\/\/club-des-ecureuils.fr\/?page_id=5071\" data-rich-text-format-boundary=\"true\">Inscription<\/a> &#8211; <a href=\"https:\/\/club-des-ecureuils.fr\/?page_id=162\">Actualit\u00e9s<\/a>&#8211; <a href=\"https:\/\/club-des-ecureuils.fr\/?page_id=157\">Horaires et tarifs<\/a> &#8211; <a href=\"https:\/\/club-des-ecureuils.fr\/?page_id=5144\">Les professeurs<\/a> &#8211; <a href=\"https:\/\/club-des-ecureuils.fr\/?page_id=5171\">L&rsquo;\u00e9quipe<\/a> &#8211; <a href=\"https:\/\/club-des-ecureuils.fr\/?page_id=165\">Photos<\/a> et <a href=\"https:\/\/club-des-ecureuils.fr\/?page_id=167\">Vid\u00e9os<\/a> &#8211; <a href=\"https:\/\/club-des-ecureuils.fr\/?page_id=5076\">Contact<\/a><\/p>\n\n\n<figure class=\"wp-block-image size-large\"><a href=\"https:\/\/club-des-ecureuils.fr\/wp-content\/uploads\/2025\/06\/WhatsApp-Image-2025-05-25-a-21.33.11_de1130a2.jpg\"><img loading=\"lazy\" decoding=\"async\" width=\"682\" height=\"1024\" src=\"https:\/\/club-des-ecureuils.fr\/wp-content\/uploads\/2025\/06\/WhatsApp-Image-2025-05-25-a-21.33.11_de1130a2-682x1024.jpg\" alt=\"\" class=\"wp-image-6359\" srcset=\"https:\/\/club-des-ecureuils.fr\/wp-content\/uploads\/2025\/06\/WhatsApp-Image-2025-05-25-a-21.33.11_de1130a2-682x1024.jpg 682w, https:\/\/club-des-ecureuils.fr\/wp-content\/uploads\/2025\/06\/WhatsApp-Image-2025-05-25-a-21.33.11_de1130a2-200x300.jpg 200w, https:\/\/club-des-ecureuils.fr\/wp-content\/uploads\/2025\/06\/WhatsApp-Image-2025-05-25-a-21.33.11_de1130a2-768x1152.jpg 768w, https:\/\/club-des-ecureuils.fr\/wp-content\/uploads\/2025\/06\/WhatsApp-Image-2025-05-25-a-21.33.11_de1130a2.jpg 853w\" sizes=\"auto, (max-width: 682px) 100vw, 682px\" \/><\/a><\/figure>\n\n\n\n<p>Pour acheter vos places pour le gala, c&rsquo;est par ici : <\/p>\n\n\n\n<p><a href=\"https:\/\/www.helloasso.com\/associations\/club-omnisport-et-culturel-des-ecureuils-section-danse\">https:\/\/www.helloasso.com\/associations\/club-omnisport-et-culturel-des-ecureuils-section-danse<\/a><br>Veillez \u00e0 bien cliquer en bas sur le bouton \u00ab\u00a0<strong><mark style=\"background-color:rgba(0, 0, 0, 0)\" class=\"has-inline-color has-vivid-red-color\">voir tous les \u00e9v\u00e8nements<\/mark><\/strong>\u00a0\u00bb pour avoir acc\u00e8s \u00e0 toutes les billetteries disponibles ! <\/p>\n\n\n\n<p class=\"has-text-align-center\">Programme des r\u00e9p\u00e9titions du gala 2025<\/p>\n\n\n\n<div data-wp-interactive=\"core\/file\" class=\"wp-block-file\"><object data-wp-bind--hidden=\"!state.hasPdfPreview\" hidden class=\"wp-block-file__embed\" data=\"https:\/\/club-des-ecureuils.fr\/wp-content\/uploads\/2025\/06\/Gala-2025-REPETITIONS-DU-MERCREDI.pdf\" type=\"application\/pdf\" style=\"width:100%;height:600px\" aria-label=\"Contenu embarqu\u00e9 MERCREDI 18 juin.\"><\/object><a id=\"wp-block-file--media-20641c1b-f416-496a-b372-b8f391478380\" href=\"https:\/\/club-des-ecureuils.fr\/wp-content\/uploads\/2025\/06\/Gala-2025-REPETITIONS-DU-MERCREDI.pdf\">MERCREDI 18 juin<\/a><a href=\"https:\/\/club-des-ecureuils.fr\/wp-content\/uploads\/2025\/06\/Gala-2025-REPETITIONS-DU-MERCREDI.pdf\" class=\"wp-block-file__button wp-element-button\" download aria-describedby=\"wp-block-file--media-20641c1b-f416-496a-b372-b8f391478380\">T\u00e9l\u00e9charger<\/a><\/div>\n\n\n\n<p class=\"has-text-align-center\"><\/p>\n\n\n\n<div data-wp-interactive=\"core\/file\" class=\"wp-block-file\"><object data-wp-bind--hidden=\"!state.hasPdfPreview\" hidden class=\"wp-block-file__embed\" data=\"https:\/\/club-des-ecureuils.fr\/wp-content\/uploads\/2025\/06\/Gala-2025-REPETITION-DU-SAMEDI.pdf\" type=\"application\/pdf\" style=\"width:100%;height:600px\" aria-label=\"Contenu embarqu\u00e9 SAMEDI 21 juin.\"><\/object><a id=\"wp-block-file--media-e0f01fd2-9620-4ec8-806d-dcc5d14c9d98\" href=\"https:\/\/club-des-ecureuils.fr\/wp-content\/uploads\/2025\/06\/Gala-2025-REPETITION-DU-SAMEDI.pdf\">SAMEDI 21 juin<\/a><a href=\"https:\/\/club-des-ecureuils.fr\/wp-content\/uploads\/2025\/06\/Gala-2025-REPETITION-DU-SAMEDI.pdf\" class=\"wp-block-file__button wp-element-button\" download aria-describedby=\"wp-block-file--media-e0f01fd2-9620-4ec8-806d-dcc5d14c9d98\">T\u00e9l\u00e9charger<\/a><\/div>\n\n\n\n<p><\/p>\n\n\n\n<p><\/p>\n","protected":false},"excerpt":{"rendered":"<p>Inscription &#8211; Actualit\u00e9s&#8211; Horaires et tarifs &#8211; Les professeurs &#8211; L&rsquo;\u00e9quipe &#8211; Photos et Vid\u00e9os &#8211; Contact Pour acheter vos places pour le gala, c&rsquo;est par ici : https:\/\/www.helloasso.com\/associations\/club-omnisport-et-culturel-des-ecureuils-section-danseVeillez \u00e0 bien cliquer en bas sur le bouton \u00ab\u00a0voir tous les \u00e9v\u00e8nements\u00a0\u00bb pour avoir acc\u00e8s \u00e0 toutes les billetteries disponibles ! Programme des r\u00e9p\u00e9titions du gala &hellip; <\/p>\n<p class=\"link-more\"><a href=\"https:\/\/club-des-ecureuils.fr\/?page_id=162\" class=\"more-link\">Continuer la lecture<span class=\"screen-reader-text\"> de &laquo;&nbsp;Actualit\u00e9s Temps-Danse&nbsp;&raquo;<\/span><\/a><\/p>\n","protected":false},"author":1,"featured_media":0,"parent":154,"menu_order":3,"comment_status":"closed","ping_status":"closed","template":"","meta":{"footnotes":""},"class_list":["post-162","page","type-page","status-publish","hentry"],"_links":{"self":[{"href":"https:\/\/club-des-ecureuils.fr\/index.php?rest_route=\/wp\/v2\/pages\/162","targetHints":{"allow":["GET"]}}],"collection":[{"href":"https:\/\/club-des-ecureuils.fr\/index.php?rest_route=\/wp\/v2\/pages"}],"about":[{"href":"https:\/\/club-des-ecureuils.fr\/index.php?rest_route=\/wp\/v2\/types\/page"}],"author":[{"embeddable":true,"href":"https:\/\/club-des-ecureuils.fr\/index.php?rest_route=\/wp\/v2\/users\/1"}],"replies":[{"embeddable":true,"href":"https:\/\/club-des-ecureuils.fr\/index.php?rest_route=%2Fwp%2Fv2%2Fcomments&post=162"}],"version-history":[{"count":49,"href":"https:\/\/club-des-ecureuils.fr\/index.php?rest_route=\/wp\/v2\/pages\/162\/revisions"}],"predecessor-version":[{"id":6361,"href":"https:\/\/club-des-ecureuils.fr\/index.php?rest_route=\/wp\/v2\/pages\/162\/revisions\/6361"}],"up":[{"embeddable":true,"href":"https:\/\/club-des-ecureuils.fr\/index.php?rest_route=\/wp\/v2\/pages\/154"}],"wp:attachment":[{"href":"https:\/\/club-des-ecureuils.fr\/index.php?rest_route=%2Fwp%2Fv2%2Fmedia&parent=162"}],"curies":[{"name":"wp","href":"https:\/\/api.w.org\/{rel}","templated":true}]}}