{"id":165,"date":"2015-08-24T21:05:32","date_gmt":"2015-08-24T21:05:32","guid":{"rendered":"http:\/\/club-des-ecureuils.fr\/?page_id=165"},"modified":"2022-09-25T21:10:35","modified_gmt":"2022-09-25T21:10:35","slug":"phototheque","status":"publish","type":"page","link":"https:\/\/club-des-ecureuils.fr\/?page_id=165","title":{"rendered":"Photos Temps Danse"},"content":{"rendered":"<p style=\"text-align: center;\"><a href=\"https:\/\/club-des-ecureuils.fr\/?page_id=5071\" data-rich-text-format-boundary=\"true\">Inscription<\/a> &#8211; <a href=\"https:\/\/club-des-ecureuils.fr\/?page_id=162\">Actualit\u00e9s<\/a>&#8211; <a href=\"https:\/\/club-des-ecureuils.fr\/?page_id=157\">Horaires et tarifs<\/a> &#8211; <a href=\"https:\/\/club-des-ecureuils.fr\/?page_id=5144\">Les professeurs<\/a> &#8211; <a href=\"https:\/\/club-des-ecureuils.fr\/?page_id=5171\">L&rsquo;\u00e9quipe<\/a> &#8211; <a href=\"https:\/\/club-des-ecureuils.fr\/?page_id=165\">Photos<\/a> et <a href=\"https:\/\/club-des-ecureuils.fr\/?page_id=167\">Vid\u00e9os<\/a> &#8211; <a href=\"https:\/\/club-des-ecureuils.fr\/?page_id=5076\">Contact<\/a><\/p>\n<p>\u00a0<\/p>\n\n\n<figure class=\"wp-block-image size-large\"><a href=\"https:\/\/club-des-ecureuils.fr\/wp-content\/uploads\/2022\/09\/286710874_1061883364458878_4897925688280202182_n.jpg\"><img loading=\"lazy\" decoding=\"async\" width=\"1024\" height=\"769\" src=\"https:\/\/club-des-ecureuils.fr\/wp-content\/uploads\/2022\/09\/286710874_1061883364458878_4897925688280202182_n-1024x769.jpg\" alt=\"\" class=\"wp-image-5098\" srcset=\"https:\/\/club-des-ecureuils.fr\/wp-content\/uploads\/2022\/09\/286710874_1061883364458878_4897925688280202182_n-1024x769.jpg 1024w, https:\/\/club-des-ecureuils.fr\/wp-content\/uploads\/2022\/09\/286710874_1061883364458878_4897925688280202182_n-300x225.jpg 300w, https:\/\/club-des-ecureuils.fr\/wp-content\/uploads\/2022\/09\/286710874_1061883364458878_4897925688280202182_n-768x577.jpg 768w, https:\/\/club-des-ecureuils.fr\/wp-content\/uploads\/2022\/09\/286710874_1061883364458878_4897925688280202182_n.jpg 1440w\" sizes=\"auto, (max-width: 767px) 89vw, (max-width: 1000px) 54vw, (max-width: 1071px) 543px, 580px\" \/><\/a><\/figure>\n\n\n\n<figure class=\"wp-block-image size-large\"><a href=\"https:\/\/club-des-ecureuils.fr\/wp-content\/uploads\/2022\/09\/286994689_1061854934461721_5043111654221985518_n.jpg\"><img loading=\"lazy\" decoding=\"async\" width=\"1024\" height=\"576\" src=\"https:\/\/club-des-ecureuils.fr\/wp-content\/uploads\/2022\/09\/286994689_1061854934461721_5043111654221985518_n-1024x576.jpg\" alt=\"\" class=\"wp-image-5100\" srcset=\"https:\/\/club-des-ecureuils.fr\/wp-content\/uploads\/2022\/09\/286994689_1061854934461721_5043111654221985518_n-1024x576.jpg 1024w, https:\/\/club-des-ecureuils.fr\/wp-content\/uploads\/2022\/09\/286994689_1061854934461721_5043111654221985518_n-300x169.jpg 300w, https:\/\/club-des-ecureuils.fr\/wp-content\/uploads\/2022\/09\/286994689_1061854934461721_5043111654221985518_n-768x432.jpg 768w, https:\/\/club-des-ecureuils.fr\/wp-content\/uploads\/2022\/09\/286994689_1061854934461721_5043111654221985518_n.jpg 1440w\" sizes=\"auto, (max-width: 767px) 89vw, (max-width: 1000px) 54vw, (max-width: 1071px) 543px, 580px\" \/><\/a><\/figure>\n\n\n\n<figure class=\"wp-block-image size-large\"><a href=\"https:\/\/club-des-ecureuils.fr\/wp-content\/uploads\/2022\/09\/287315914_1061881914459023_2454965100288554017_n.jpg\"><img loading=\"lazy\" decoding=\"async\" width=\"1024\" height=\"769\" src=\"https:\/\/club-des-ecureuils.fr\/wp-content\/uploads\/2022\/09\/287315914_1061881914459023_2454965100288554017_n-1024x769.jpg\" alt=\"\" class=\"wp-image-5101\" srcset=\"https:\/\/club-des-ecureuils.fr\/wp-content\/uploads\/2022\/09\/287315914_1061881914459023_2454965100288554017_n-1024x769.jpg 1024w, https:\/\/club-des-ecureuils.fr\/wp-content\/uploads\/2022\/09\/287315914_1061881914459023_2454965100288554017_n-300x225.jpg 300w, https:\/\/club-des-ecureuils.fr\/wp-content\/uploads\/2022\/09\/287315914_1061881914459023_2454965100288554017_n-768x577.jpg 768w, https:\/\/club-des-ecureuils.fr\/wp-content\/uploads\/2022\/09\/287315914_1061881914459023_2454965100288554017_n.jpg 1440w\" sizes=\"auto, (max-width: 767px) 89vw, (max-width: 1000px) 54vw, (max-width: 1071px) 543px, 580px\" \/><\/a><\/figure>\n\n\n\n<figure class=\"wp-block-image size-large\"><a href=\"https:\/\/club-des-ecureuils.fr\/wp-content\/uploads\/2022\/09\/287513758_1061877384459476_4745910583146936272_n.jpg\"><img loading=\"lazy\" decoding=\"async\" width=\"1024\" height=\"813\" src=\"https:\/\/club-des-ecureuils.fr\/wp-content\/uploads\/2022\/09\/287513758_1061877384459476_4745910583146936272_n-1024x813.jpg\" alt=\"\" class=\"wp-image-5102\" srcset=\"https:\/\/club-des-ecureuils.fr\/wp-content\/uploads\/2022\/09\/287513758_1061877384459476_4745910583146936272_n-1024x813.jpg 1024w, https:\/\/club-des-ecureuils.fr\/wp-content\/uploads\/2022\/09\/287513758_1061877384459476_4745910583146936272_n-300x238.jpg 300w, https:\/\/club-des-ecureuils.fr\/wp-content\/uploads\/2022\/09\/287513758_1061877384459476_4745910583146936272_n-768x610.jpg 768w, https:\/\/club-des-ecureuils.fr\/wp-content\/uploads\/2022\/09\/287513758_1061877384459476_4745910583146936272_n.jpg 1440w\" sizes=\"auto, (max-width: 767px) 89vw, (max-width: 1000px) 54vw, (max-width: 1071px) 543px, 580px\" \/><\/a><\/figure>\n\n\n\n<figure class=\"wp-block-image size-large\"><a href=\"https:\/\/club-des-ecureuils.fr\/wp-content\/uploads\/2022\/09\/287076798_1061880464459168_7083507831733252444_n.jpg\"><img loading=\"lazy\" decoding=\"async\" width=\"1024\" height=\"769\" src=\"https:\/\/club-des-ecureuils.fr\/wp-content\/uploads\/2022\/09\/287076798_1061880464459168_7083507831733252444_n-1024x769.jpg\" alt=\"\" class=\"wp-image-5103\" srcset=\"https:\/\/club-des-ecureuils.fr\/wp-content\/uploads\/2022\/09\/287076798_1061880464459168_7083507831733252444_n-1024x769.jpg 1024w, https:\/\/club-des-ecureuils.fr\/wp-content\/uploads\/2022\/09\/287076798_1061880464459168_7083507831733252444_n-300x225.jpg 300w, https:\/\/club-des-ecureuils.fr\/wp-content\/uploads\/2022\/09\/287076798_1061880464459168_7083507831733252444_n-768x577.jpg 768w, https:\/\/club-des-ecureuils.fr\/wp-content\/uploads\/2022\/09\/287076798_1061880464459168_7083507831733252444_n.jpg 1440w\" sizes=\"auto, (max-width: 767px) 89vw, (max-width: 1000px) 54vw, (max-width: 1071px) 543px, 580px\" \/><\/a><\/figure>\n","protected":false},"excerpt":{"rendered":"<p>Inscription &#8211; Actualit\u00e9s&#8211; Horaires et tarifs &#8211; Les professeurs &#8211; L&rsquo;\u00e9quipe &#8211; Photos et Vid\u00e9os &#8211; Contact \u00a0<\/p>\n","protected":false},"author":1,"featured_media":0,"parent":154,"menu_order":3,"comment_status":"closed","ping_status":"closed","template":"","meta":{"footnotes":""},"class_list":["post-165","page","type-page","status-publish","hentry"],"_links":{"self":[{"href":"https:\/\/club-des-ecureuils.fr\/index.php?rest_route=\/wp\/v2\/pages\/165","targetHints":{"allow":["GET"]}}],"collection":[{"href":"https:\/\/club-des-ecureuils.fr\/index.php?rest_route=\/wp\/v2\/pages"}],"about":[{"href":"https:\/\/club-des-ecureuils.fr\/index.php?rest_route=\/wp\/v2\/types\/page"}],"author":[{"embeddable":true,"href":"https:\/\/club-des-ecureuils.fr\/index.php?rest_route=\/wp\/v2\/users\/1"}],"replies":[{"embeddable":true,"href":"https:\/\/club-des-ecureuils.fr\/index.php?rest_route=%2Fwp%2Fv2%2Fcomments&post=165"}],"version-history":[{"count":13,"href":"https:\/\/club-des-ecureuils.fr\/index.php?rest_route=\/wp\/v2\/pages\/165\/revisions"}],"predecessor-version":[{"id":5185,"href":"https:\/\/club-des-ecureuils.fr\/index.php?rest_route=\/wp\/v2\/pages\/165\/revisions\/5185"}],"up":[{"embeddable":true,"href":"https:\/\/club-des-ecureuils.fr\/index.php?rest_route=\/wp\/v2\/pages\/154"}],"wp:attachment":[{"href":"https:\/\/club-des-ecureuils.fr\/index.php?rest_route=%2Fwp%2Fv2%2Fmedia&parent=165"}],"curies":[{"name":"wp","href":"https:\/\/api.w.org\/{rel}","templated":true}]}}