{"id":1660,"date":"2016-02-05T10:26:13","date_gmt":"2016-02-05T10:26:13","guid":{"rendered":"http:\/\/club-des-ecureuils.fr\/?page_id=1660"},"modified":"2017-04-12T06:43:09","modified_gmt":"2017-04-12T06:43:09","slug":"planning","status":"publish","type":"page","link":"https:\/\/club-des-ecureuils.fr\/?page_id=1660","title":{"rendered":"Planning des courses"},"content":{"rendered":"<p style=\"text-align: center;\"><span style=\"color: #993366;\"><a href=\"https:\/\/club-des-ecureuils.fr\/?page_id=53\">CAP<\/a> &#8211; <a href=\"https:\/\/club-des-ecureuils.fr\/?page_id=283\">Horaires<\/a> &#8211; <a href=\"https:\/\/club-des-ecureuils.fr\/?page_id=120\">Actualit\u00e9s<\/a> &#8211;\u00a0<a href=\"https:\/\/club-des-ecureuils.fr\/?page_id=59\">Phototh\u00e8que<\/a> &#8211; <a href=\"https:\/\/club-des-ecureuils.fr\/?page_id=139\">Vid\u00e9oth\u00e8que<\/a> &#8211; <\/span><a href=\"https:\/\/club-des-ecureuils.fr\/?page_id=1660\">Planning des course<\/a><span style=\"color: #000080;\"><a style=\"color: #000080;\" href=\"https:\/\/club-des-ecureuils.fr\/?page_id=1660\">s<\/a><\/span><\/p>\n<p>&nbsp;<\/p>\n<p><span style=\"color: #ff00ff;\">planning modifi\u00e9 au 11 avril<\/span><\/p>\n<p>le samedi 15 avril<br \/>\nsemi de Bordeaux<br \/>\n<span style=\"color: #ff0000;\">partants<\/span> &#8211; Arnaud -Loic &#8211; <span style=\"color: #ff00ff;\">Christophe N<\/span><br \/>\nmarathon de Bordeaux en relais<br \/>\n<span style=\"color: #ff0000;\">partants<\/span> &#8211; Nathalie &#8211; Pierre &#8211;<\/p>\n<p>le dimanche 16 avril<br \/>\nmarathon de Saumur en duo<br \/>\n<span style=\"color: #ff0000;\">partant<\/span> sur le 18 km &#8211; Laurence &#8211;<br \/>\n<span style=\"color: #ff0000;\">partant<\/span> sur le marathon &#8211; St\u00e9phane &#8211;<\/p>\n<p>le samedi 22 avril<br \/>\n100 km de Belves<br \/>\n<span style=\"color: #ff0000;\">partant<\/span> &#8211; <span style=\"color: #ff00ff;\">Aur\u00e9lien<\/span><\/p>\n<p>le lundi 8 mai<br \/>\nfoul\u00e9e des Baines<br \/>\n<span style=\"color: #ff0000;\">partant<\/span> &#8211; John &#8211;<\/p>\n<p>le dimanche 13 mai<br \/>\nmarathon de Blaye<br \/>\n<span style=\"color: #ff0000;\">partants<\/span>&#8211; Eugene &#8211; Mickael &#8211; <span style=\"color: #ff00ff;\">Aur\u00e9lien<\/span> &#8211;<\/p>\n<p>le dimanche 21 mai<br \/>\nsemi marathon de Biscarrosse<br \/>\n<span style=\"color: #ff0000;\">partant<\/span> &#8211; &#8211; Patrick &#8211;<\/p>\n<p>le samedi 1 juillet<br \/>\nEspelette<br \/>\n26km &#8211; <span style=\"color: #ff0000;\">partants<\/span> &#8211; Laurent &#8211; Eugene<br \/>\n20km &#8211; <span style=\"color: #ff0000;\">partant<\/span> &#8211;<br \/>\n14km &#8211; <span style=\"color: #ff0000;\">partant<\/span> &#8211;<br \/>\n7km &#8211; <span style=\"color: #ff0000;\">partant<\/span> &#8211;<\/p>\n<p>le samedi et dimanche 3 et 4 juin<br \/>\nles gendarmes et les voleurs \u00e0 Ambazac dans le Limousin .<br \/>\n<span style=\"color: #ff0000;\">partants<\/span> sur le 58km &#8211; Laurent &#8211; St\u00e9phane &#8211; Patrick &#8211; Eugene &#8211; Mickael &#8211;<br \/>\n<span style=\"color: #ff0000;\">partants<\/span> sur le 32 km &#8211; Jean-Pierre &#8211; Christophe N &#8211; Patrick L<br \/>\n<span style=\"color: #ff0000;\">partants<\/span> sur le 10km &#8211; Nathalie C &#8211; Laurence &#8211;<br \/>\nplus d&rsquo;inscription possible pour l&rsquo;h\u00e9bergement .<\/p>\n<div class=\"yiv2239753964qtdSeparateBR\"><\/div>\n<div id=\"yiv1782797017yui_3_16_0_ym19_1_1477812709628_3756\" class=\"yiv2239753964qtdSeparateBR\">Fonctionnement pour les nouveaux arrivants dans la section ,<\/div>\n<p>si vous \u00eates int\u00e9ress\u00e9s par ces courses ,merci de me le faire savoir , je r\u00e9actualiserais le planning une fois par semaine .Si j&rsquo;ai fait des erreurs, merci de me\u00a0 le faire savoir \u00e9galement.<br \/>\nPour l&rsquo;ensemble des adh\u00e9rents, vous pouvez \u00e9galement proposer une course que vous d\u00e9sirez faire ,je la positionnerais et d&rsquo;autres adh\u00e9rents pourront se joindre \u00e0 vous . <span style=\"color: #ff0000;\">Dans tout les cas le faire savoir \u00e0 l&rsquo;ensemble des adh\u00e9rents .<\/span><\/p>\n","protected":false},"excerpt":{"rendered":"<p>CAP &#8211; Horaires &#8211; Actualit\u00e9s &#8211;\u00a0Phototh\u00e8que &#8211; Vid\u00e9oth\u00e8que &#8211; Planning des courses &nbsp; planning modifi\u00e9 au 11 avril le samedi 15 avril semi de Bordeaux partants &#8211; Arnaud -Loic &#8211; Christophe N marathon de Bordeaux en relais partants &#8211; Nathalie &#8211; Pierre &#8211; le dimanche 16 avril marathon de Saumur en duo partant sur le &hellip; <\/p>\n<p class=\"link-more\"><a href=\"https:\/\/club-des-ecureuils.fr\/?page_id=1660\" class=\"more-link\">Continuer la lecture<span class=\"screen-reader-text\"> de &laquo;&nbsp;Planning des courses&nbsp;&raquo;<\/span><\/a><\/p>\n","protected":false},"author":8,"featured_media":0,"parent":53,"menu_order":5,"comment_status":"closed","ping_status":"closed","template":"full-width-page.php","meta":{"footnotes":""},"class_list":["post-1660","page","type-page","status-publish","hentry"],"_links":{"self":[{"href":"https:\/\/club-des-ecureuils.fr\/index.php?rest_route=\/wp\/v2\/pages\/1660","targetHints":{"allow":["GET"]}}],"collection":[{"href":"https:\/\/club-des-ecureuils.fr\/index.php?rest_route=\/wp\/v2\/pages"}],"about":[{"href":"https:\/\/club-des-ecureuils.fr\/index.php?rest_route=\/wp\/v2\/types\/page"}],"author":[{"embeddable":true,"href":"https:\/\/club-des-ecureuils.fr\/index.php?rest_route=\/wp\/v2\/users\/8"}],"replies":[{"embeddable":true,"href":"https:\/\/club-des-ecureuils.fr\/index.php?rest_route=%2Fwp%2Fv2%2Fcomments&post=1660"}],"version-history":[{"count":28,"href":"https:\/\/club-des-ecureuils.fr\/index.php?rest_route=\/wp\/v2\/pages\/1660\/revisions"}],"predecessor-version":[{"id":3337,"href":"https:\/\/club-des-ecureuils.fr\/index.php?rest_route=\/wp\/v2\/pages\/1660\/revisions\/3337"}],"up":[{"embeddable":true,"href":"https:\/\/club-des-ecureuils.fr\/index.php?rest_route=\/wp\/v2\/pages\/53"}],"wp:attachment":[{"href":"https:\/\/club-des-ecureuils.fr\/index.php?rest_route=%2Fwp%2Fv2%2Fmedia&parent=1660"}],"curies":[{"name":"wp","href":"https:\/\/api.w.org\/{rel}","templated":true}]}}