{"id":167,"date":"2015-08-24T21:07:31","date_gmt":"2015-08-24T21:07:31","guid":{"rendered":"http:\/\/club-des-ecureuils.fr\/?page_id=167"},"modified":"2022-09-25T21:10:38","modified_gmt":"2022-09-25T21:10:38","slug":"videotheque","status":"publish","type":"page","link":"https:\/\/club-des-ecureuils.fr\/?page_id=167","title":{"rendered":"Vid\u00e9os Temps Danse"},"content":{"rendered":"<p style=\"text-align: center;\"><a href=\"https:\/\/club-des-ecureuils.fr\/?page_id=5071\" data-rich-text-format-boundary=\"true\">Inscription<\/a> &#8211; <a href=\"https:\/\/club-des-ecureuils.fr\/?page_id=162\">Actualit\u00e9s<\/a>&#8211; <a href=\"https:\/\/club-des-ecureuils.fr\/?page_id=157\">Horaires et tarifs<\/a> &#8211; <a href=\"https:\/\/club-des-ecureuils.fr\/?page_id=5144\">Les professeurs<\/a> &#8211; <a href=\"https:\/\/club-des-ecureuils.fr\/?page_id=5171\">L&rsquo;\u00e9quipe<\/a> &#8211; <a href=\"https:\/\/club-des-ecureuils.fr\/?page_id=165\">Photos<\/a> et <a href=\"https:\/\/club-des-ecureuils.fr\/?page_id=167\">Vid\u00e9os<\/a> &#8211; <a href=\"https:\/\/club-des-ecureuils.fr\/?page_id=5076\">Contact<\/a><\/p>\n<div style=\"width: 525px;\" class=\"wp-video\"><video class=\"wp-video-shortcode\" id=\"video-167-1\" width=\"525\" height=\"295\" preload=\"metadata\" controls=\"controls\"><source type=\"video\/mp4\" src=\"https:\/\/club-des-ecureuils.fr\/wp-content\/uploads\/2018\/06\/Teaser-Vendredi-1.mp4?_=1\" \/><a href=\"https:\/\/club-des-ecureuils.fr\/wp-content\/uploads\/2018\/06\/Teaser-Vendredi-1.mp4\">https:\/\/club-des-ecureuils.fr\/wp-content\/uploads\/2018\/06\/Teaser-Vendredi-1.mp4<\/a><\/video><\/div>\n<div style=\"width: 525px;\" class=\"wp-video\"><video class=\"wp-video-shortcode\" id=\"video-167-2\" width=\"525\" height=\"295\" preload=\"metadata\" controls=\"controls\"><source type=\"video\/mp4\" src=\"https:\/\/club-des-ecureuils.fr\/wp-content\/uploads\/2018\/06\/Teaser-Vendredi-2.mp4?_=2\" \/><a href=\"https:\/\/club-des-ecureuils.fr\/wp-content\/uploads\/2018\/06\/Teaser-Vendredi-2.mp4\">https:\/\/club-des-ecureuils.fr\/wp-content\/uploads\/2018\/06\/Teaser-Vendredi-2.mp4<\/a><\/video><\/div>\n<div style=\"width: 525px;\" class=\"wp-video\"><video class=\"wp-video-shortcode\" id=\"video-167-3\" width=\"525\" height=\"295\" preload=\"metadata\" controls=\"controls\"><source type=\"video\/mp4\" src=\"https:\/\/club-des-ecureuils.fr\/wp-content\/uploads\/2018\/06\/Teaser-Samedi-1.mp4?_=3\" \/><a href=\"https:\/\/club-des-ecureuils.fr\/wp-content\/uploads\/2018\/06\/Teaser-Samedi-1.mp4\">https:\/\/club-des-ecureuils.fr\/wp-content\/uploads\/2018\/06\/Teaser-Samedi-1.mp4<\/a><\/video><\/div>\n<div style=\"width: 525px;\" class=\"wp-video\"><video class=\"wp-video-shortcode\" id=\"video-167-4\" width=\"525\" height=\"295\" preload=\"metadata\" controls=\"controls\"><source type=\"video\/mp4\" src=\"https:\/\/club-des-ecureuils.fr\/wp-content\/uploads\/2018\/06\/Teaser-Dimanche.mp4?_=4\" \/><a href=\"https:\/\/club-des-ecureuils.fr\/wp-content\/uploads\/2018\/06\/Teaser-Dimanche.mp4\">https:\/\/club-des-ecureuils.fr\/wp-content\/uploads\/2018\/06\/Teaser-Dimanche.mp4<\/a><\/video><\/div>\n","protected":false},"excerpt":{"rendered":"<p>Inscription &#8211; Actualit\u00e9s&#8211; Horaires et tarifs &#8211; Les professeurs &#8211; L&rsquo;\u00e9quipe &#8211; Photos et Vid\u00e9os &#8211; Contact<\/p>\n","protected":false},"author":1,"featured_media":0,"parent":154,"menu_order":4,"comment_status":"closed","ping_status":"closed","template":"","meta":{"footnotes":""},"class_list":["post-167","page","type-page","status-publish","hentry"],"_links":{"self":[{"href":"https:\/\/club-des-ecureuils.fr\/index.php?rest_route=\/wp\/v2\/pages\/167","targetHints":{"allow":["GET"]}}],"collection":[{"href":"https:\/\/club-des-ecureuils.fr\/index.php?rest_route=\/wp\/v2\/pages"}],"about":[{"href":"https:\/\/club-des-ecureuils.fr\/index.php?rest_route=\/wp\/v2\/types\/page"}],"author":[{"embeddable":true,"href":"https:\/\/club-des-ecureuils.fr\/index.php?rest_route=\/wp\/v2\/users\/1"}],"replies":[{"embeddable":true,"href":"https:\/\/club-des-ecureuils.fr\/index.php?rest_route=%2Fwp%2Fv2%2Fcomments&post=167"}],"version-history":[{"count":26,"href":"https:\/\/club-des-ecureuils.fr\/index.php?rest_route=\/wp\/v2\/pages\/167\/revisions"}],"predecessor-version":[{"id":5183,"href":"https:\/\/club-des-ecureuils.fr\/index.php?rest_route=\/wp\/v2\/pages\/167\/revisions\/5183"}],"up":[{"embeddable":true,"href":"https:\/\/club-des-ecureuils.fr\/index.php?rest_route=\/wp\/v2\/pages\/154"}],"wp:attachment":[{"href":"https:\/\/club-des-ecureuils.fr\/index.php?rest_route=%2Fwp%2Fv2%2Fmedia&parent=167"}],"curies":[{"name":"wp","href":"https:\/\/api.w.org\/{rel}","templated":true}]}}