{"id":173,"date":"2015-08-24T21:36:35","date_gmt":"2015-08-24T21:36:35","guid":{"rendered":"http:\/\/club-des-ecureuils.fr\/?page_id=173"},"modified":"2022-03-17T16:30:19","modified_gmt":"2022-03-17T16:30:19","slug":"horaires","status":"publish","type":"page","link":"https:\/\/club-des-ecureuils.fr\/?page_id=173","title":{"rendered":"Horaires Ju-Jutsu Mushinryu"},"content":{"rendered":"<p style=\"text-align: center;\"><a href=\"https:\/\/club-des-ecureuils.fr\/?page_id=150\">Ju-Jutsu<\/a> &#8211; <a href=\"https:\/\/club-des-ecureuils.fr\/?page_id=173\">Horaires<\/a> &#8211; <a href=\"https:\/\/club-des-ecureuils.fr\/?page_id=175\">Actualit\u00e9s<\/a> &#8211; <a href=\"https:\/\/club-des-ecureuils.fr\/?page_id=179\">Vid\u00e9oth\u00e8que<\/a><\/p>\n<table style=\"height: 255px;\" width=\"671\" cellpadding=\"0\">\n<tbody>\n<tr>\n<td colspan=\"4\">\n<div align=\"center\"><a href=\"https:\/\/club-des-ecureuils.fr\/wp-content\/uploads\/2015\/08\/logo-mushin-marcheprime-et-phrase.png\" rel=\"attachment wp-att-1574\"><img loading=\"lazy\" decoding=\"async\" class=\" wp-image-1574 aligncenter\" src=\"https:\/\/club-des-ecureuils.fr\/wp-content\/uploads\/2015\/08\/logo-mushin-marcheprime-et-phrase-300x81.png\" alt=\"logo-mushin-marcheprime-et-phrase\" width=\"363\" height=\"98\" srcset=\"https:\/\/club-des-ecureuils.fr\/wp-content\/uploads\/2015\/08\/logo-mushin-marcheprime-et-phrase-300x81.png 300w, https:\/\/club-des-ecureuils.fr\/wp-content\/uploads\/2015\/08\/logo-mushin-marcheprime-et-phrase-768x208.png 768w, https:\/\/club-des-ecureuils.fr\/wp-content\/uploads\/2015\/08\/logo-mushin-marcheprime-et-phrase-1024x277.png 1024w, https:\/\/club-des-ecureuils.fr\/wp-content\/uploads\/2015\/08\/logo-mushin-marcheprime-et-phrase-100x27.png 100w, https:\/\/club-des-ecureuils.fr\/wp-content\/uploads\/2015\/08\/logo-mushin-marcheprime-et-phrase-150x41.png 150w, https:\/\/club-des-ecureuils.fr\/wp-content\/uploads\/2015\/08\/logo-mushin-marcheprime-et-phrase-200x54.png 200w, https:\/\/club-des-ecureuils.fr\/wp-content\/uploads\/2015\/08\/logo-mushin-marcheprime-et-phrase-450x122.png 450w, https:\/\/club-des-ecureuils.fr\/wp-content\/uploads\/2015\/08\/logo-mushin-marcheprime-et-phrase-600x162.png 600w, https:\/\/club-des-ecureuils.fr\/wp-content\/uploads\/2015\/08\/logo-mushin-marcheprime-et-phrase-900x244.png 900w\" sizes=\"auto, (max-width: 363px) 100vw, 363px\" \/><\/a><\/div>\n<\/td>\n<\/tr>\n<tr>\n<td>\u00a0Salle des arts martiaux<\/td>\n<td>\u00a0Cours<\/td>\n<td>\n<div>\u00a0<\/div>\n<div>Mercredi<\/div>\n<div>\u00a0<\/div>\n<div>Samedi<\/div>\n<div>\u00a0<\/div>\n<div>Dimanche<\/div>\n<\/td>\n<td>\n<div>\u00a0<\/div>\n<div>19h00 &#8211; 20h30<\/div>\n<div>\u00a0<\/div>\n<div>11h30 &#8211;\u00a013h30<\/div>\n<div>\u00a0<\/div>\n<div>Stage<\/div>\n<\/td>\n<\/tr>\n<\/tbody>\n<\/table>\n<div>\u00a0<\/div>\n\n\n<p><\/p>\n","protected":false},"excerpt":{"rendered":"<p>Ju-Jutsu &#8211; Horaires &#8211; Actualit\u00e9s &#8211; Vid\u00e9oth\u00e8que \u00a0Salle des arts martiaux \u00a0Cours \u00a0 Mercredi \u00a0 Samedi \u00a0 Dimanche \u00a0 19h00 &#8211; 20h30 \u00a0 11h30 &#8211;\u00a013h30 \u00a0 Stage \u00a0<\/p>\n","protected":false},"author":1,"featured_media":0,"parent":150,"menu_order":1,"comment_status":"closed","ping_status":"closed","template":"","meta":{"footnotes":""},"class_list":["post-173","page","type-page","status-publish","hentry"],"_links":{"self":[{"href":"https:\/\/club-des-ecureuils.fr\/index.php?rest_route=\/wp\/v2\/pages\/173","targetHints":{"allow":["GET"]}}],"collection":[{"href":"https:\/\/club-des-ecureuils.fr\/index.php?rest_route=\/wp\/v2\/pages"}],"about":[{"href":"https:\/\/club-des-ecureuils.fr\/index.php?rest_route=\/wp\/v2\/types\/page"}],"author":[{"embeddable":true,"href":"https:\/\/club-des-ecureuils.fr\/index.php?rest_route=\/wp\/v2\/users\/1"}],"replies":[{"embeddable":true,"href":"https:\/\/club-des-ecureuils.fr\/index.php?rest_route=%2Fwp%2Fv2%2Fcomments&post=173"}],"version-history":[{"count":16,"href":"https:\/\/club-des-ecureuils.fr\/index.php?rest_route=\/wp\/v2\/pages\/173\/revisions"}],"predecessor-version":[{"id":4960,"href":"https:\/\/club-des-ecureuils.fr\/index.php?rest_route=\/wp\/v2\/pages\/173\/revisions\/4960"}],"up":[{"embeddable":true,"href":"https:\/\/club-des-ecureuils.fr\/index.php?rest_route=\/wp\/v2\/pages\/150"}],"wp:attachment":[{"href":"https:\/\/club-des-ecureuils.fr\/index.php?rest_route=%2Fwp%2Fv2%2Fmedia&parent=173"}],"curies":[{"name":"wp","href":"https:\/\/api.w.org\/{rel}","templated":true}]}}