{"id":175,"date":"2015-08-24T21:37:22","date_gmt":"2015-08-24T21:37:22","guid":{"rendered":"http:\/\/club-des-ecureuils.fr\/?page_id=175"},"modified":"2022-03-17T16:30:55","modified_gmt":"2022-03-17T16:30:55","slug":"actualites","status":"publish","type":"page","link":"https:\/\/club-des-ecureuils.fr\/?page_id=175","title":{"rendered":"Actualit\u00e9s Ju-Jutsu"},"content":{"rendered":"<p style=\"text-align: center;\"><a href=\"https:\/\/club-des-ecureuils.fr\/?page_id=150\">Ju-Jutsu<\/a> &#8211; <a href=\"https:\/\/club-des-ecureuils.fr\/?page_id=173\">Horaires<\/a> &#8211; <a href=\"https:\/\/club-des-ecureuils.fr\/?page_id=175\">Actualit\u00e9s<\/a>\u00a0&#8211; <a href=\"https:\/\/club-des-ecureuils.fr\/?page_id=179\">Vid\u00e9oth\u00e8que<\/a><\/p>\n<p><strong>Sortie de fin d&rsquo;ann\u00e9e 2018-2019<\/strong><\/p>\n<figure id=\"attachment_4148\" aria-describedby=\"caption-attachment-4148\" style=\"width: 605px\" class=\"wp-caption aligncenter\"><a href=\"https:\/\/club-des-ecureuils.fr\/wp-content\/uploads\/2019\/07\/1562497950186.jpg\"><img loading=\"lazy\" decoding=\"async\" class=\"wp-image-4148 size-large\" src=\"https:\/\/club-des-ecureuils.fr\/wp-content\/uploads\/2019\/07\/1562497950186-1024x576.jpg\" alt=\"\" width=\"605\" height=\"340\" srcset=\"https:\/\/club-des-ecureuils.fr\/wp-content\/uploads\/2019\/07\/1562497950186-1024x576.jpg 1024w, https:\/\/club-des-ecureuils.fr\/wp-content\/uploads\/2019\/07\/1562497950186-300x169.jpg 300w, https:\/\/club-des-ecureuils.fr\/wp-content\/uploads\/2019\/07\/1562497950186-768x432.jpg 768w, https:\/\/club-des-ecureuils.fr\/wp-content\/uploads\/2019\/07\/1562497950186-100x56.jpg 100w, https:\/\/club-des-ecureuils.fr\/wp-content\/uploads\/2019\/07\/1562497950186-150x84.jpg 150w, https:\/\/club-des-ecureuils.fr\/wp-content\/uploads\/2019\/07\/1562497950186-200x112.jpg 200w, https:\/\/club-des-ecureuils.fr\/wp-content\/uploads\/2019\/07\/1562497950186-450x253.jpg 450w, https:\/\/club-des-ecureuils.fr\/wp-content\/uploads\/2019\/07\/1562497950186-600x337.jpg 600w, https:\/\/club-des-ecureuils.fr\/wp-content\/uploads\/2019\/07\/1562497950186-900x506.jpg 900w\" sizes=\"auto, (max-width: 605px) 100vw, 605px\" \/><\/a><figcaption id=\"caption-attachment-4148\" class=\"wp-caption-text\">La plage de Biscarosse avant l&rsquo;AquaPark<\/figcaption><\/figure>\n<p>La sortie de fin d&rsquo;ann\u00e9e du club a eu lieu \u00e0 l&rsquo;aquapark de Biscarosse. Un dernier moment tous ensemble avant les vacances !<\/p>\n<p><img decoding=\"async\" class=\"spotlight\" src=\"https:\/\/scontent-cdg2-1.xx.fbcdn.net\/v\/t1.0-9\/13567315_291043984573409_5424657579388853645_n.jpg?oh=1fdf2e6b2e49a4cb4bc9a972b6ad4713&amp;oe=58439D9B\" alt=\"\" \/><\/p>\n","protected":false},"excerpt":{"rendered":"<p>Ju-Jutsu &#8211; Horaires &#8211; Actualit\u00e9s\u00a0&#8211; Vid\u00e9oth\u00e8que Sortie de fin d&rsquo;ann\u00e9e 2018-2019 La sortie de fin d&rsquo;ann\u00e9e du club a eu lieu \u00e0 l&rsquo;aquapark de Biscarosse. Un dernier moment tous ensemble avant les vacances !<\/p>\n","protected":false},"author":1,"featured_media":0,"parent":150,"menu_order":2,"comment_status":"closed","ping_status":"closed","template":"","meta":{"footnotes":""},"class_list":["post-175","page","type-page","status-publish","hentry"],"_links":{"self":[{"href":"https:\/\/club-des-ecureuils.fr\/index.php?rest_route=\/wp\/v2\/pages\/175","targetHints":{"allow":["GET"]}}],"collection":[{"href":"https:\/\/club-des-ecureuils.fr\/index.php?rest_route=\/wp\/v2\/pages"}],"about":[{"href":"https:\/\/club-des-ecureuils.fr\/index.php?rest_route=\/wp\/v2\/types\/page"}],"author":[{"embeddable":true,"href":"https:\/\/club-des-ecureuils.fr\/index.php?rest_route=\/wp\/v2\/users\/1"}],"replies":[{"embeddable":true,"href":"https:\/\/club-des-ecureuils.fr\/index.php?rest_route=%2Fwp%2Fv2%2Fcomments&post=175"}],"version-history":[{"count":12,"href":"https:\/\/club-des-ecureuils.fr\/index.php?rest_route=\/wp\/v2\/pages\/175\/revisions"}],"predecessor-version":[{"id":4961,"href":"https:\/\/club-des-ecureuils.fr\/index.php?rest_route=\/wp\/v2\/pages\/175\/revisions\/4961"}],"up":[{"embeddable":true,"href":"https:\/\/club-des-ecureuils.fr\/index.php?rest_route=\/wp\/v2\/pages\/150"}],"wp:attachment":[{"href":"https:\/\/club-des-ecureuils.fr\/index.php?rest_route=%2Fwp%2Fv2%2Fmedia&parent=175"}],"curies":[{"name":"wp","href":"https:\/\/api.w.org\/{rel}","templated":true}]}}