{"id":177,"date":"2015-08-24T21:38:19","date_gmt":"2015-08-24T21:38:19","guid":{"rendered":"http:\/\/club-des-ecureuils.fr\/?page_id=177"},"modified":"2017-10-27T09:18:19","modified_gmt":"2017-10-27T09:18:19","slug":"phototheque","status":"publish","type":"page","link":"https:\/\/club-des-ecureuils.fr\/?page_id=177","title":{"rendered":"Phototh\u00e8que Ju-Jutsu"},"content":{"rendered":"<p style=\"text-align: center;\"><a href=\"https:\/\/club-des-ecureuils.fr\/?page_id=150\">Ju-Jutsu<\/a> &#8211; <a href=\"https:\/\/club-des-ecureuils.fr\/?page_id=173\">Horaires<\/a> &#8211; <a href=\"https:\/\/club-des-ecureuils.fr\/?page_id=175\">Actualit\u00e9s<\/a> &#8211;\u00a0<a href=\"https:\/\/club-des-ecureuils.fr\/?page_id=177\">Phototh\u00e8que<\/a> &#8211; <a href=\"https:\/\/club-des-ecureuils.fr\/?page_id=179\">Vid\u00e9oth\u00e8que<\/a><\/p>\n<p>&nbsp;<\/p>\n","protected":false},"excerpt":{"rendered":"<p>Ju-Jutsu &#8211; Horaires &#8211; Actualit\u00e9s &#8211;\u00a0Phototh\u00e8que &#8211; Vid\u00e9oth\u00e8que &nbsp;<\/p>\n","protected":false},"author":1,"featured_media":0,"parent":150,"menu_order":3,"comment_status":"closed","ping_status":"closed","template":"full-width-page.php","meta":{"footnotes":""},"class_list":["post-177","page","type-page","status-publish","hentry"],"_links":{"self":[{"href":"https:\/\/club-des-ecureuils.fr\/index.php?rest_route=\/wp\/v2\/pages\/177","targetHints":{"allow":["GET"]}}],"collection":[{"href":"https:\/\/club-des-ecureuils.fr\/index.php?rest_route=\/wp\/v2\/pages"}],"about":[{"href":"https:\/\/club-des-ecureuils.fr\/index.php?rest_route=\/wp\/v2\/types\/page"}],"author":[{"embeddable":true,"href":"https:\/\/club-des-ecureuils.fr\/index.php?rest_route=\/wp\/v2\/users\/1"}],"replies":[{"embeddable":true,"href":"https:\/\/club-des-ecureuils.fr\/index.php?rest_route=%2Fwp%2Fv2%2Fcomments&post=177"}],"version-history":[{"count":5,"href":"https:\/\/club-des-ecureuils.fr\/index.php?rest_route=\/wp\/v2\/pages\/177\/revisions"}],"predecessor-version":[{"id":3524,"href":"https:\/\/club-des-ecureuils.fr\/index.php?rest_route=\/wp\/v2\/pages\/177\/revisions\/3524"}],"up":[{"embeddable":true,"href":"https:\/\/club-des-ecureuils.fr\/index.php?rest_route=\/wp\/v2\/pages\/150"}],"wp:attachment":[{"href":"https:\/\/club-des-ecureuils.fr\/index.php?rest_route=%2Fwp%2Fv2%2Fmedia&parent=177"}],"curies":[{"name":"wp","href":"https:\/\/api.w.org\/{rel}","templated":true}]}}