{"id":179,"date":"2015-08-24T21:38:43","date_gmt":"2015-08-24T21:38:43","guid":{"rendered":"http:\/\/club-des-ecureuils.fr\/?page_id=179"},"modified":"2019-07-12T09:20:13","modified_gmt":"2019-07-12T09:20:13","slug":"videotheque","status":"publish","type":"page","link":"https:\/\/club-des-ecureuils.fr\/?page_id=179","title":{"rendered":"Vid\u00e9oth\u00e8que Ju-Jutsu"},"content":{"rendered":"<p style=\"text-align: center;\"><a href=\"https:\/\/club-des-ecureuils.fr\/?page_id=150\">Ju-Jutsu<\/a> &#8211; <a href=\"https:\/\/club-des-ecureuils.fr\/?page_id=173\">Horaires<\/a> &#8211; <a href=\"https:\/\/club-des-ecureuils.fr\/?page_id=175\">Actualit\u00e9s<\/a>\u00a0&#8211; <a href=\"https:\/\/club-des-ecureuils.fr\/?page_id=179\">Vid\u00e9oth\u00e8que<\/a><\/p>\n\n\n<p>Plus de vid\u00e9os sur l&rsquo;\u00e9cole de ju-jutsu <a href=\"https:\/\/mushin-ryu.marcheprime.fr\/mushin-ryu-ju-jutsu\/\" target=\"_blank\" rel=\"noreferrer noopener\" aria-label=\" (s\u2019ouvre dans un nouvel onglet)\">Mushin ryu<\/a> sur le <a rel=\"noreferrer noopener\" href=\"https:\/\/www.mushin-ryu.fr\/\" target=\"_blank\">site de la f\u00e9d\u00e9ration<\/a> ou sur <a rel=\"noreferrer noopener\" href=\"https:\/\/www.youtube.com\/user\/vallearmand\/featured\" target=\"_blank\">notre cha\u00eene Youtube<\/a><\/p>\n\n\n\n<figure class=\"wp-block-embed-youtube wp-block-embed is-type-video is-provider-youtube wp-embed-aspect-16-9 wp-has-aspect-ratio\"><div class=\"wp-block-embed__wrapper\">\n<iframe loading=\"lazy\" title=\"Mushin ryu Ju jitsu : Muna dori, Waki gatame.\" width=\"525\" height=\"295\" src=\"https:\/\/www.youtube.com\/embed\/DKfFPd3_oGI?feature=oembed\" frameborder=\"0\" allow=\"accelerometer; autoplay; clipboard-write; encrypted-media; gyroscope; picture-in-picture; web-share\" referrerpolicy=\"strict-origin-when-cross-origin\" allowfullscreen><\/iframe>\n<\/div><\/figure>\n\n\n\n<figure class=\"wp-block-embed-youtube wp-block-embed is-type-video is-provider-youtube wp-embed-aspect-16-9 wp-has-aspect-ratio\"><div class=\"wp-block-embed__wrapper\">\n<iframe loading=\"lazy\" title=\"Mushin ryu Ju jitsu: Ushiro shitate, Soto makikomi.\" width=\"525\" height=\"295\" src=\"https:\/\/www.youtube.com\/embed\/YkZI_elXK30?start=1&#038;feature=oembed\" frameborder=\"0\" allow=\"accelerometer; autoplay; clipboard-write; encrypted-media; gyroscope; picture-in-picture; web-share\" referrerpolicy=\"strict-origin-when-cross-origin\" allowfullscreen><\/iframe>\n<\/div><\/figure>\n\n\n\n<figure class=\"wp-block-embed-youtube wp-block-embed is-type-video is-provider-youtube wp-embed-aspect-16-9 wp-has-aspect-ratio\"><div class=\"wp-block-embed__wrapper\">\n<iframe loading=\"lazy\" title=\"Mushin ryu Ju jitsu Oi tsuki chudan, Irimi nage.\" width=\"525\" height=\"295\" src=\"https:\/\/www.youtube.com\/embed\/GXj7Xn_nbZE?feature=oembed\" frameborder=\"0\" allow=\"accelerometer; autoplay; clipboard-write; encrypted-media; gyroscope; picture-in-picture; web-share\" referrerpolicy=\"strict-origin-when-cross-origin\" allowfullscreen><\/iframe>\n<\/div><\/figure>\n\n\n\n<figure class=\"wp-block-embed-youtube wp-block-embed is-type-video is-provider-youtube wp-embed-aspect-16-9 wp-has-aspect-ratio\"><div class=\"wp-block-embed__wrapper\">\nhttps:\/\/www.youtube.com\/watch?v=PKp_eP1Xzoo\n<\/div><\/figure>\n","protected":false},"excerpt":{"rendered":"<p>Ju-Jutsu &#8211; Horaires &#8211; Actualit\u00e9s\u00a0&#8211; Vid\u00e9oth\u00e8que Plus de vid\u00e9os sur l&rsquo;\u00e9cole de ju-jutsu Mushin ryu sur le site de la f\u00e9d\u00e9ration ou sur notre cha\u00eene Youtube<\/p>\n","protected":false},"author":1,"featured_media":0,"parent":150,"menu_order":4,"comment_status":"closed","ping_status":"closed","template":"full-width-page.php","meta":{"footnotes":""},"class_list":["post-179","page","type-page","status-publish","hentry"],"_links":{"self":[{"href":"https:\/\/club-des-ecureuils.fr\/index.php?rest_route=\/wp\/v2\/pages\/179","targetHints":{"allow":["GET"]}}],"collection":[{"href":"https:\/\/club-des-ecureuils.fr\/index.php?rest_route=\/wp\/v2\/pages"}],"about":[{"href":"https:\/\/club-des-ecureuils.fr\/index.php?rest_route=\/wp\/v2\/types\/page"}],"author":[{"embeddable":true,"href":"https:\/\/club-des-ecureuils.fr\/index.php?rest_route=\/wp\/v2\/users\/1"}],"replies":[{"embeddable":true,"href":"https:\/\/club-des-ecureuils.fr\/index.php?rest_route=%2Fwp%2Fv2%2Fcomments&post=179"}],"version-history":[{"count":7,"href":"https:\/\/club-des-ecureuils.fr\/index.php?rest_route=\/wp\/v2\/pages\/179\/revisions"}],"predecessor-version":[{"id":4154,"href":"https:\/\/club-des-ecureuils.fr\/index.php?rest_route=\/wp\/v2\/pages\/179\/revisions\/4154"}],"up":[{"embeddable":true,"href":"https:\/\/club-des-ecureuils.fr\/index.php?rest_route=\/wp\/v2\/pages\/150"}],"wp:attachment":[{"href":"https:\/\/club-des-ecureuils.fr\/index.php?rest_route=%2Fwp%2Fv2%2Fmedia&parent=179"}],"curies":[{"name":"wp","href":"https:\/\/api.w.org\/{rel}","templated":true}]}}