{"id":189,"date":"2015-08-24T21:45:08","date_gmt":"2015-08-24T21:45:08","guid":{"rendered":"http:\/\/club-des-ecureuils.fr\/?page_id=189"},"modified":"2025-07-05T15:14:11","modified_gmt":"2025-07-05T15:14:11","slug":"horaires","status":"publish","type":"page","link":"https:\/\/club-des-ecureuils.fr\/?page_id=189","title":{"rendered":"Horaires Tai Chi Chuan"},"content":{"rendered":"<p style=\"text-align: center;\"><a href=\"https:\/\/club-des-ecureuils.fr\/?page_id=152\">Tai Chi Chuan<\/a> &#8211; <a href=\"https:\/\/club-des-ecureuils.fr\/?page_id=189\">Horaires<\/a> &#8211; <a href=\"https:\/\/club-des-ecureuils.fr\/?page_id=191\">Actualit\u00e9s<\/a> &#8211;\u00a0<a href=\"https:\/\/club-des-ecureuils.fr\/?page_id=193\">Phototh\u00e8que<\/a> &#8211; <a href=\"https:\/\/club-des-ecureuils.fr\/?page_id=195\">Vid\u00e9oth\u00e8que<\/a><\/p>\n<table width=\"911\" cellpadding=\"0\">\n<tbody>\n<tr>\n<td colspan=\"4\">\n<div align=\"center\"><\/div>\n<h2 align=\"center\"><span style=\"color: #cc99ff;\">Tai Chi Chuan \/ Chi cong<\/span><\/h2>\n<div align=\"center\"><\/div>\n<div align=\"center\"><span style=\"color: #339966;\">Professeur: Fran\u00e7oise<\/span><\/div>\n<\/td>\n<\/tr>\n<tr>\n<td>\n<div><\/div>\n<div><\/div>\n<div>Studio de Danse<\/div>\n<div><\/div>\n<div><\/div>\n<div align=\"center\"><\/div>\n<\/td>\n<td>\n<div align=\"left\">Ta\u00ef Chi Chuan<\/div>\n<div align=\"left\"><\/div>\n<h3 align=\"left\">Chi cong<\/h3>\n<\/td>\n<td>\n<div>Lundi<\/div>\n<div><\/div>\n<h3>Lundi<\/h3>\n<\/td>\n<td>\n<div>10h00 &#8211; 11h00<\/div>\n<div><\/div>\n<h3>11h00-12h00<\/h3>\n<\/td>\n<\/tr>\n<\/tbody>\n<\/table>\n","protected":false},"excerpt":{"rendered":"<p>Tai Chi Chuan &#8211; Horaires &#8211; Actualit\u00e9s &#8211;\u00a0Phototh\u00e8que &#8211; Vid\u00e9oth\u00e8que Tai Chi Chuan \/ Chi cong Professeur: Fran\u00e7oise Studio de Danse Ta\u00ef Chi Chuan Chi cong Lundi Lundi 10h00 &#8211; 11h00 11h00-12h00<\/p>\n","protected":false},"author":1,"featured_media":0,"parent":152,"menu_order":1,"comment_status":"closed","ping_status":"closed","template":"","meta":{"footnotes":""},"class_list":["post-189","page","type-page","status-publish","hentry"],"_links":{"self":[{"href":"https:\/\/club-des-ecureuils.fr\/index.php?rest_route=\/wp\/v2\/pages\/189","targetHints":{"allow":["GET"]}}],"collection":[{"href":"https:\/\/club-des-ecureuils.fr\/index.php?rest_route=\/wp\/v2\/pages"}],"about":[{"href":"https:\/\/club-des-ecureuils.fr\/index.php?rest_route=\/wp\/v2\/types\/page"}],"author":[{"embeddable":true,"href":"https:\/\/club-des-ecureuils.fr\/index.php?rest_route=\/wp\/v2\/users\/1"}],"replies":[{"embeddable":true,"href":"https:\/\/club-des-ecureuils.fr\/index.php?rest_route=%2Fwp%2Fv2%2Fcomments&post=189"}],"version-history":[{"count":15,"href":"https:\/\/club-des-ecureuils.fr\/index.php?rest_route=\/wp\/v2\/pages\/189\/revisions"}],"predecessor-version":[{"id":6405,"href":"https:\/\/club-des-ecureuils.fr\/index.php?rest_route=\/wp\/v2\/pages\/189\/revisions\/6405"}],"up":[{"embeddable":true,"href":"https:\/\/club-des-ecureuils.fr\/index.php?rest_route=\/wp\/v2\/pages\/152"}],"wp:attachment":[{"href":"https:\/\/club-des-ecureuils.fr\/index.php?rest_route=%2Fwp%2Fv2%2Fmedia&parent=189"}],"curies":[{"name":"wp","href":"https:\/\/api.w.org\/{rel}","templated":true}]}}