{"id":205,"date":"2015-08-24T22:02:42","date_gmt":"2015-08-24T22:02:42","guid":{"rendered":"http:\/\/club-des-ecureuils.fr\/?page_id=205"},"modified":"2025-11-14T15:10:28","modified_gmt":"2025-11-14T15:10:28","slug":"actualites","status":"publish","type":"page","link":"https:\/\/club-des-ecureuils.fr\/?page_id=205","title":{"rendered":"Actualit\u00e9s de la section Cyclisme (Cyclo &#8211; Gravel &#8211; VTT)"},"content":{"rendered":"<div class=\"wp-block-image\">\n<figure class=\"aligncenter\"><img loading=\"lazy\" decoding=\"async\" width=\"300\" height=\"107\" src=\"https:\/\/club-des-ecureuils.fr\/wp-content\/uploads\/2025\/10\/Logo-Stickers-2025-300x107.png\" alt=\"\" class=\"wp-image-6834\" srcset=\"https:\/\/club-des-ecureuils.fr\/wp-content\/uploads\/2025\/10\/Logo-Stickers-2025-300x107.png 300w, https:\/\/club-des-ecureuils.fr\/wp-content\/uploads\/2025\/10\/Logo-Stickers-2025-768x275.png 768w, https:\/\/club-des-ecureuils.fr\/wp-content\/uploads\/2025\/10\/Logo-Stickers-2025.png 928w\" sizes=\"auto, (max-width: 300px) 100vw, 300px\" \/><\/figure>\n<\/div>\n\n\n<p class=\"has-text-align-center\"><strong><a href=\"https:\/\/club-des-ecureuils.fr\/?page_id=199\">Section VTT<\/a> \u2013 <a href=\"https:\/\/club-des-ecureuils.fr\/?page_id=201\">Horaires et Tarifs<\/a>&nbsp;\u2013 <a href=\"https:\/\/club-des-ecureuils.fr\/?page_id=205\">Actualit\u00e9s<\/a> \u2013 <a href=\"https:\/\/club-des-ecureuils.fr\/?page_id=239\">Phototh\u00e8que<\/a> \u2013 <a href=\"https:\/\/club-des-ecureuils.fr\/?page_id=241\">Vid\u00e9oth\u00e8que<\/a><\/strong><\/p>\n\n\n\n<p class=\"has-text-align-center\"><strong><a href=\"https:\/\/club-des-ecureuils.fr\/?page_id=604\">Section Jeunes<\/a> \u2013 <a href=\"https:\/\/club-des-ecureuils.fr\/?page_id=645\">Section Pitchounes<\/a>&nbsp;&#8211; <a href=\"https:\/\/club-des-ecureuils.fr\/?page_id=1453\">Choix d&rsquo;un VTT<\/a><\/strong><\/p>\n\n\n\n<p><strong>Toujours avoir la bonne pression !<\/strong> Pour ceux qui voudrait savoir la bonne pression pour les pneus : <a href=\"https:\/\/axs.sram.com\/guides\/tire\/pressure\" target=\"_blank\" rel=\"noreferrer noopener\">https:\/\/axs.sram.com\/guides\/tire\/pressure<\/a><\/p>\n\n\n\n<p>Le forum de Associations le Samedi 7 septembre<\/p>\n\n\n\n<p><strong>VTT Parfum Nature c\u2019est :<\/strong><\/p>\n\n\n\n<p>&#8211; une \u00e9cole VTT pour les jeunes de 7 \u00e0 16 ans<\/p>\n\n\n\n<p>&#8211; un club Cyclo &#8211; Gravel et VTT pour les adultes<\/p>\n\n\n\n<p>Rendez-vous au forum des associations le samedi 7 septembre de 10h \u00e0 17h00.<\/p>\n\n\n\n<p><strong>\u00c0 Samedi 7\/09<\/strong><\/p>\n\n\n<p><img decoding=\"async\" src=\"https:\/\/scontent-mrs2-3.xx.fbcdn.net\/v\/t39.30808-6\/456517642_1049687947164770_1847490007995390479_n.jpg?stp=dst-jpg_p526x296&amp;_nc_cat=108&amp;ccb=1-7&amp;_nc_sid=833d8c&amp;_nc_ohc=JZVeJkk6VGsQ7kNvgFUpKU0&amp;_nc_ht=scontent-mrs2-3.xx&amp;oh=00_AYA2R9vrvSrc_iImZOIWvWo7Ezuw279DO6M4p8xNnBrHVQ&amp;oe=66E0A11B\" alt=\"Peut \u00eatre une image de texte\" \/><\/p>\n<\/p>\n<p><strong>Evolution de la section VTT vers une section Cyclo &#8211; Gravel &#8211; VTT (sous animation VTT Parfum Nature)<\/strong><\/p>\n<div class=\"xdj266r x11i5rnm xat24cr x1mh8g0r x1vvkbs x126k92a\">\n<div dir=\"auto\">Les pratiques cyclistes \u00e9voluent et avec elles, celles de nos adh\u00e9rents qui ne font pas que du VTT. Nous sommes d\u00e9j\u00e0 plusieurs \u00e0 faire du VTT, du Gravel et du v\u00e9lo de route.<\/div>\n<\/div>\n<div class=\"x11i5rnm xat24cr x1mh8g0r x1vvkbs xtlvy1s x126k92a\">\n<div dir=\"auto\">Dans le m\u00eame temps nos amis de la section Cyclotourisme avait besoin d\u2019un second souffle pour maintenir la pratique v\u00e9lo de route au sein du Club Omnisport et Culturel des Ecureuils de Marcheprime.<\/div>\n<div dir=\"auto\">\u00a0<\/div>\n<\/div>\n<div class=\"x11i5rnm xat24cr x1mh8g0r x1vvkbs xtlvy1s x126k92a\">\n<div dir=\"auto\">Apr\u00e8s quelques \u00e9changes derni\u00e8re nos guidons et guider par notre Pr\u00e9sident du Club Omnisport et Culturel des Ecureuils de Marcheprime, La Section VTT Parfum Nature et la Section Cyclotourisme ont pris la d\u00e9cision commune de rassembler leur force pour promouvoir et animer les disciplines Cyclo \u2013 Gravel et VTT.<\/div>\n<div dir=\"auto\">\u00a0<\/div>\n<\/div>\n<div class=\"x11i5rnm xat24cr x1mh8g0r x1vvkbs xtlvy1s x126k92a\">\n<div dir=\"auto\">Cette nouvelle \u00e9quipe sera donc fier de vous accueillir d\u00e8s d\u00e9but Septembre pour une saison 2024-2025 sous le signe du partage et de la convivialit\u00e9.<\/div>\n<div dir=\"auto\">Rendez-vous au Forum des Associations le Samedi 7 Sept 2024.<\/div>\n<div dir=\"auto\">A bient\u00f4t sur le v\u00e9lo !<\/div>\n<div dir=\"auto\"><img decoding=\"async\" src=\"https:\/\/scontent-mrs2-2.xx.fbcdn.net\/v\/t39.30808-6\/451208365_1018980710235494_4717242578165236329_n.jpg?stp=dst-jpg_s960x960&amp;_nc_cat=106&amp;ccb=1-7&amp;_nc_sid=127cfc&amp;_nc_ohc=McLKz_xlkX0Q7kNvgFweJ9A&amp;_nc_ht=scontent-mrs2-2.xx&amp;_nc_gid=AAAvTVLCqkG4zv7HPiD2FCD&amp;oh=00_AYB9lOmhubPuN9Ru47kfQJlbKo5ZlrSZrlaEPqKP4F_clg&amp;oe=66E08859\" alt=\"Peut \u00eatre une image de 3 personnes, v\u00e9lo et texte\" \/><\/div>\n<\/div>\n<p><!-- \/wp:post-content --><\/p>\n<p><!-- wp:paragraph --><\/p>\n<p><!-- \/wp:paragraph --><\/p>","protected":false},"excerpt":{"rendered":"<p>Section VTT \u2013 Horaires et Tarifs&nbsp;\u2013 Actualit\u00e9s \u2013 Phototh\u00e8que \u2013 Vid\u00e9oth\u00e8que Section Jeunes \u2013 Section Pitchounes&nbsp;&#8211; Choix d&rsquo;un VTT Toujours avoir la bonne pression ! Pour ceux qui voudrait savoir la bonne pression pour les pneus : https:\/\/axs.sram.com\/guides\/tire\/pressure Le forum de Associations le Samedi 7 septembre VTT Parfum Nature c\u2019est : &#8211; une \u00e9cole VTT &hellip; <\/p>\n<p class=\"link-more\"><a href=\"https:\/\/club-des-ecureuils.fr\/?page_id=205\" class=\"more-link\">Continuer la lecture<span class=\"screen-reader-text\"> de &laquo;&nbsp;Actualit\u00e9s de la section Cyclisme (Cyclo &#8211; Gravel &#8211; VTT)&nbsp;&raquo;<\/span><\/a><\/p>\n","protected":false},"author":1,"featured_media":0,"parent":199,"menu_order":2,"comment_status":"closed","ping_status":"closed","template":"","meta":{"footnotes":""},"class_list":["post-205","page","type-page","status-publish","hentry"],"_links":{"self":[{"href":"https:\/\/club-des-ecureuils.fr\/index.php?rest_route=\/wp\/v2\/pages\/205","targetHints":{"allow":["GET"]}}],"collection":[{"href":"https:\/\/club-des-ecureuils.fr\/index.php?rest_route=\/wp\/v2\/pages"}],"about":[{"href":"https:\/\/club-des-ecureuils.fr\/index.php?rest_route=\/wp\/v2\/types\/page"}],"author":[{"embeddable":true,"href":"https:\/\/club-des-ecureuils.fr\/index.php?rest_route=\/wp\/v2\/users\/1"}],"replies":[{"embeddable":true,"href":"https:\/\/club-des-ecureuils.fr\/index.php?rest_route=%2Fwp%2Fv2%2Fcomments&post=205"}],"version-history":[{"count":56,"href":"https:\/\/club-des-ecureuils.fr\/index.php?rest_route=\/wp\/v2\/pages\/205\/revisions"}],"predecessor-version":[{"id":7118,"href":"https:\/\/club-des-ecureuils.fr\/index.php?rest_route=\/wp\/v2\/pages\/205\/revisions\/7118"}],"up":[{"embeddable":true,"href":"https:\/\/club-des-ecureuils.fr\/index.php?rest_route=\/wp\/v2\/pages\/199"}],"wp:attachment":[{"href":"https:\/\/club-des-ecureuils.fr\/index.php?rest_route=%2Fwp%2Fv2%2Fmedia&parent=205"}],"curies":[{"name":"wp","href":"https:\/\/api.w.org\/{rel}","templated":true}]}}