{"id":230,"date":"2015-08-24T22:36:40","date_gmt":"2015-08-24T22:36:40","guid":{"rendered":"http:\/\/club-des-ecureuils.fr\/?page_id=230"},"modified":"2025-10-25T14:37:37","modified_gmt":"2025-10-25T14:37:37","slug":"fiche-dinscription-club","status":"publish","type":"page","link":"https:\/\/club-des-ecureuils.fr\/?page_id=230","title":{"rendered":"Inscription Club"},"content":{"rendered":"\n<h5 class=\"wp-block-heading\">&nbsp;<\/h5>\n\n\n\n<h1 class=\"wp-block-heading\"><a href=\"https:\/\/club-des-ecureuils.fr\/?attachment_id=4350\" rel=\"attachment wp-att-4350\"><img loading=\"lazy\" decoding=\"async\" class=\"alignleft wp-image-4350\" src=\"https:\/\/club-des-ecureuils.fr\/wp-content\/uploads\/2020\/02\/Logo-Club-ecureuils-rect-blanc.jpg\" alt=\"\" width=\"115\" height=\"142\"><\/a><\/h1>\n\n\n\n<h5 class=\"wp-block-heading\"><span style=\"color: #0000ff;\"><strong><a style=\"color: #0000ff;\" href=\"https:\/\/club-des-ecureuils.fr\/?page_id=13\">Club<\/a> &#8211; <a style=\"color: #0000ff;\" href=\"https:\/\/club-des-ecureuils.fr\/?page_id=230\">Inscriptions<\/a> &#8211; <a style=\"color: #0000ff;\" href=\"https:\/\/club-des-ecureuils.fr\/?page_id=15\">Organigramme<\/a> &#8211; <a style=\"color: #0000ff;\" href=\"https:\/\/club-des-ecureuils.fr\/?page_id=21\">Statuts<\/a> &#8211;&nbsp;<a style=\"color: #0000ff;\" href=\"https:\/\/club-des-ecureuils.fr\/?page_id=23\">R\u00e8glement<\/a><\/strong><\/span><\/h5>\n\n\n\n<h3 class=\"wp-block-heading\">Vous avez la possibilit\u00e9 de r\u00e9gler votre cotisation:<\/h3>\n\n\n\n<p><strong>&#8211;<mark style=\"background-color:rgba(0, 0, 0, 0)\" class=\"has-inline-color has-black-color\"> soit par ch\u00e8ques bancaires,<\/mark> <\/strong>ch\u00e9ques vacances, coupons sports ou en esp\u00e8ces. pour cela vous devez joindre \u00e0 votre paiement <strong>la Fiche d&rsquo;inscription individuelle<\/strong> ainsi que <strong>le Questionnaire sant\u00e9 <\/strong>pour les activit\u00e9s sportives et de bien \u00eatre.<\/p>\n\n\n\n<p><strong><mark style=\"background-color:rgba(0, 0, 0, 0)\" class=\"has-inline-color has-black-color\">&#8211; soit par carte bancaire,<\/mark><\/strong> pour cel\u00e0 utiliser utilisez le bouton<strong> \u00a0\u00bb adh\u00e9rer\u00a0\u00bb<\/strong> sur la premi\u00e8re page de la section concern\u00e9e, vous serez dirig\u00e9 vers notre partenaire \u00ab\u00a0helloasso\u00a0\u00bb vous r\u00e9glerez votre cotisation et vous remplirez la fiche de renseignement et le questionnaire sant\u00e9 directement en ligne.<\/p>\n\n\n\n<p><strong>-si vous b\u00e9n\u00e9ficiez de l&rsquo;aide de l&rsquo;\u00e9tat \u00ab\u00a0PASS SPORTS\u00a0\u00bb vous devez obligatoirement vous inscrire manuellement.<\/strong><\/p>\n\n\n\n<p class=\"has-text-align-left\"><strong>Fiche d&rsquo;inscription au Club des \u00c9cureuils (<span style=\"color: #ff0000;\">Hors VTT<\/span>-Gravel-V\u00e9lo)<\/strong> &nbsp;: <strong><a href=\"https:\/\/club-des-ecureuils.fr\/wp-content\/uploads\/2025\/07\/Fiche-individuelle-dinscription-2025-2026-2.pdf\" data-type=\"link\" data-id=\"https:\/\/club-des-ecureuils.fr\/wp-content\/uploads\/2023\/09\/Fiche-inscription-2023-2024-1.pdf\" target=\"_blank\" rel=\"noreferrer noopener\">Fiche- inscription COCDE 2025-2026<\/a> <\/strong>(pour la Batucada, Course \u00e0 pied, Cyclo, Danse, Ju-jitsu Munshinryu, Eveil et temps libre Multisport, Randonn\u00e9e p\u00e9destre , Th\u00e9\u00e2tre, Tai Chi chuan,,Yoga)<\/p>\n\n\n\n<p>T\u00e9l\u00e9chargement du <strong><a href=\"https:\/\/club-des-ecureuils.fr\/wp-content\/uploads\/2025\/07\/Questionnaire-Sante-mineur-et-normal.pdf\" data-type=\"link\" data-id=\"https:\/\/club-des-ecureuils.fr\/wp-content\/uploads\/2023\/09\/Questionnaire_de_sante_Adulte-2023-2024.pdf\">Questionnaire Sant\u00e9&nbsp; adulte<\/a> &#8211;&nbsp;<\/strong><a href=\"https:\/\/club-des-ecureuils.fr\/wp-content\/uploads\/2025\/07\/Questionnaire-Sante-mineur-et-normal.pdf\" data-type=\"link\" data-id=\"https:\/\/club-des-ecureuils.fr\/wp-content\/uploads\/2023\/09\/Questionnaire_de_sante_Mineur-e-2023-2024.pdf\"><strong>Questionnaire <strong>Sant\u00e9<\/strong><\/strong> <strong>mineur<\/strong><\/a><\/p>\n\n\n\n<h4 class=\"wp-block-heading\">Saison 2025\/2026, quelques pr\u00e9cisions:<\/h4>\n\n\n\n<p>Cette fiche d&rsquo;inscription doit \u00eatre remplie et sign\u00e9e Recto\/verso par chaque adh\u00e9rent \u00e0 l&rsquo;une des Sections du Club Omnisports et Culturel des \u00c9cureuils de Marcheprime.<\/p>\n\n\n\n<p class=\"has-text-align-center\"><strong><span style=\"color: #ff0000;\">Nous vous invitons \u00e0 vous inscrire et payer votre cotisation en ligne, ouvrez sur la section souhait\u00e9e et cliquez sur \u00ab\u00a0adh\u00e9rer\u00a0\u00bb<\/span><\/strong><\/p>\n\n\n\n<p>Vous n&rsquo;avez plus \u00e0 nous remettre de certificat m\u00e9dical, mais compl\u00e9tez le questionnaire sant\u00e9 ci-dessous (1 pour les personnes de plus de 18 ans, 1 pour les moins de 18 ans compl\u00e9t\u00e9 par l&rsquo;attestation parentale) et attestez de son remplissage sur la partie correspondante de la fiche d&rsquo;inscription (sauf pour la premi\u00e8re inscription \u00e0 la section randonn\u00e9e p\u00e9destre).<\/p>\n\n\n\n<p><span style=\"color: #ff0000;\"><strong>Pour la Section VTT <\/strong><\/span><span style=\"color: #000000;\">tous les documents \u00e0 t\u00e9l\u00e9charger ou a remplir sont ci-dessous : Inscription<\/span> au Club des \u00c9cureuils &#8211; <span style=\"color: #ff0000;\"><strong>Section VTT<\/strong><\/span> (<strong>\u00e0 remplir en ligne<\/strong>) :<a href=\"https:\/\/bit.ly\/34IW4wA\"><strong> https:\/\/bit.ly\/34IW4wA<\/strong><\/a><br>T\u00e9l\u00e9chargement <strong>Nouvelle Licence UFOLEP VTT<\/strong> (nouvel adh\u00e9rent) : <strong><a href=\"https:\/\/bit.ly\/3gV6pYO\" target=\"_blank\" rel=\"noopener noreferrer\">Nouvelle Licence UFOLEP 2025-202<\/a>6<\/strong><br>T\u00e9l\u00e9chargement du <strong>Certificat M\u00e9dicale Type UFOLEP<\/strong> : <strong><a href=\"http:\/\/bit.ly\/2ZK0XDL\" target=\"_blank\" rel=\"noopener noreferrer\">Certificat m\u00e9dical UFOLEP<\/a><\/strong><br>T\u00e9l\u00e9chargement du&nbsp;<strong>Questionnaire Sant\u00e9&nbsp; :&nbsp;<a href=\"http:\/\/bit.ly\/2ZAPxBV\" target=\"_blank\" rel=\"noopener noreferrer\">Questionnaire Sant\u00e9<\/a><\/strong><\/p>\n\n\n\n<p class=\"has-text-align-center\"><strong><span style=\"color: #ff0000;\">Pour les renouvellements de licence UFOLEP VTT, merci de Sign\u00e9 votre renouvellement au Club.<\/span><\/strong><\/p>\n\n\n\n<p><\/p>\n","protected":false},"excerpt":{"rendered":"<p>&nbsp; Club &#8211; Inscriptions &#8211; Organigramme &#8211; Statuts &#8211;&nbsp;R\u00e8glement Vous avez la possibilit\u00e9 de r\u00e9gler votre cotisation: &#8211; soit par ch\u00e8ques bancaires, ch\u00e9ques vacances, coupons sports ou en esp\u00e8ces. pour cela vous devez joindre \u00e0 votre paiement la Fiche d&rsquo;inscription individuelle ainsi que le Questionnaire sant\u00e9 pour les activit\u00e9s sportives et de bien \u00eatre. &#8211; &hellip; <\/p>\n<p class=\"link-more\"><a href=\"https:\/\/club-des-ecureuils.fr\/?page_id=230\" class=\"more-link\">Continuer la lecture<span class=\"screen-reader-text\"> de &laquo;&nbsp;Inscription Club&nbsp;&raquo;<\/span><\/a><\/p>\n","protected":false},"author":1,"featured_media":0,"parent":13,"menu_order":0,"comment_status":"closed","ping_status":"closed","template":"","meta":{"footnotes":""},"class_list":["post-230","page","type-page","status-publish","hentry"],"_links":{"self":[{"href":"https:\/\/club-des-ecureuils.fr\/index.php?rest_route=\/wp\/v2\/pages\/230","targetHints":{"allow":["GET"]}}],"collection":[{"href":"https:\/\/club-des-ecureuils.fr\/index.php?rest_route=\/wp\/v2\/pages"}],"about":[{"href":"https:\/\/club-des-ecureuils.fr\/index.php?rest_route=\/wp\/v2\/types\/page"}],"author":[{"embeddable":true,"href":"https:\/\/club-des-ecureuils.fr\/index.php?rest_route=\/wp\/v2\/users\/1"}],"replies":[{"embeddable":true,"href":"https:\/\/club-des-ecureuils.fr\/index.php?rest_route=%2Fwp%2Fv2%2Fcomments&post=230"}],"version-history":[{"count":81,"href":"https:\/\/club-des-ecureuils.fr\/index.php?rest_route=\/wp\/v2\/pages\/230\/revisions"}],"predecessor-version":[{"id":7013,"href":"https:\/\/club-des-ecureuils.fr\/index.php?rest_route=\/wp\/v2\/pages\/230\/revisions\/7013"}],"up":[{"embeddable":true,"href":"https:\/\/club-des-ecureuils.fr\/index.php?rest_route=\/wp\/v2\/pages\/13"}],"wp:attachment":[{"href":"https:\/\/club-des-ecureuils.fr\/index.php?rest_route=%2Fwp%2Fv2%2Fmedia&parent=230"}],"curies":[{"name":"wp","href":"https:\/\/api.w.org\/{rel}","templated":true}]}}