{"id":2450,"date":"2016-05-20T07:26:40","date_gmt":"2016-05-20T07:26:40","guid":{"rendered":"http:\/\/club-des-ecureuils.fr\/?page_id=2450"},"modified":"2018-12-11T15:26:10","modified_gmt":"2018-12-11T15:26:10","slug":"archives","status":"publish","type":"page","link":"https:\/\/club-des-ecureuils.fr\/?page_id=2450","title":{"rendered":"Archives"},"content":{"rendered":"<h5 align=\"JUSTIFY\"><span style=\"color: #0000ff;\"><span style=\"text-decoration: underline;\"><a style=\"color: #0000ff; text-decoration: underline;\" href=\"https:\/\/club-des-ecureuils.fr\/?page_id=2168\">Actualit\u00e9s<\/a>\u00a0cyclo<\/span>\u00a0&#8211;\u00a0\u00a0<span style=\"text-decoration: underline;\">B<a style=\"color: #0000ff; text-decoration: underline;\" href=\"https:\/\/club-des-ecureuils.fr\/?page_id=1816\">ureau de la section<\/a><\/span>\u00a0 \u2013 \u00a0<span style=\"text-decoration: underline;\"><a style=\"color: #0000ff; text-decoration: underline;\" href=\"https:\/\/club-des-ecureuils.fr\/?page_id=92\">Horaires des sorties<\/a><\/span>\u00a0 \u2013 \u00a0<span style=\"text-decoration: underline;\"><a style=\"color: #0000ff; text-decoration: underline;\" href=\"https:\/\/club-des-ecureuils.fr\/?page_id=974\">calendrier groupe 1 et 2<\/a><\/span>\u00a0 \u2013 \u00a0<span style=\"text-decoration: underline;\"><a style=\"color: #0000ff; text-decoration: underline;\" href=\"https:\/\/club-des-ecureuils.fr\/?page_id=940\">Rendez-vous groupe 1<\/a><\/span><\/span><\/h5>\n<h5 align=\"JUSTIFY\"><span style=\"color: #0000ff;\">\u00a0<span style=\"text-decoration: underline;\">\u00a0<a style=\"color: #0000ff; text-decoration: underline;\" href=\"https:\/\/club-des-ecureuils.fr\/?page_id=820\">Rendez-vous groupe 2<\/a><\/span>\u00a0 \u2013\u00a0\u00a0<span style=\"text-decoration: underline;\"><a style=\"color: #0000ff; text-decoration: underline;\" href=\"https:\/\/club-des-ecureuils.fr\/?page_id=96\">Photo<\/a><\/span>\u00a0 \u2013 \u00a0<span style=\"text-decoration: underline;\"><a style=\"color: #0000ff; text-decoration: underline;\" href=\"https:\/\/club-des-ecureuils.fr\/?page_id=142\">Vid\u00e9o<\/a><\/span><\/span><\/h5>\n<p>&nbsp;<\/p>\n<h1 style=\"text-align: center;\"><\/h1>\n<p>&nbsp;<\/p>\n<p>&nbsp;<\/p>\n<h3 align=\"JUSTIFY\"><\/h3>\n<h4 align=\"JUSTIFY\">Vassii\u00e8re, les terres \u00e0 Poupou \u202610 et 11 Sept. 2016<\/h4>\n<p align=\"JUSTIFY\">Haut lieu de tourisme et de loisirs que ce site magnifique du lac de Vassivi\u00e8re.<\/p>\n<p align=\"JUSTIFY\">Calme et repos assur\u00e9s pour peu qu\u2019on laisse son cheval \u00e0 l\u2019\u00e9curie, faute de quoi la nature se rappelle sans r\u00e9pit aux organismes habitu\u00e9s des chemins du bassin.<\/p>\n<p align=\"JUSTIFY\">Rien d\u2019\u00e9tonnant \u00e0 ce que ces douces pentes aient constitu\u00e9 un terrain d\u2019entrainement id\u00e9al pour notre h\u00e9ros national de St L\u00e9onard de N\u00f4blat.<\/p>\n<p align=\"JUSTIFY\"><a name=\"_GoBack\"><\/a>Car les reliefs du Limousin diff\u00e8rent quelque peu des faux plats du Pyla.<\/p>\n<p align=\"JUSTIFY\">Mais ne boudons point notre plaisir, car plaisir il y eut et nous reviendrons autant qu\u2019il nous plaira.<\/p>\n<p align=\"JUSTIFY\"><a href=\"https:\/\/club-des-ecureuils.fr\/wp-content\/uploads\/2015\/08\/IMGP0082.jpg\"><img loading=\"lazy\" decoding=\"async\" class=\"alignnone size-thumbnail wp-image-2879\" src=\"https:\/\/club-des-ecureuils.fr\/wp-content\/uploads\/2015\/08\/IMGP0082-150x150.jpg\" alt=\"\" width=\"150\" height=\"150\" \/><\/a><\/p>\n<p align=\"JUSTIFY\">il suffit de passer le pont<\/p>\n<hr \/>\n<h3 align=\"JUSTIFY\">Carnaval 2016 \u2013 une histoire d\u2019eau<\/h3>\n<p align=\"JUSTIFY\">Jours de f\u00eates durant la semaine pour Cumulus et Nimbus qui rivalis\u00e8rent d\u2019efficacit\u00e9 et apport\u00e8rent toujours plus d\u2019humidit\u00e9 \u00e0 nos ch\u00e8res contr\u00e9es.<\/p>\n<p align=\"JUSTIFY\">Que d\u2019eau\u00a0!<\/p>\n<p align=\"JUSTIFY\">Et Carnaval arriva.<\/p>\n<p align=\"JUSTIFY\">Tous les visages scrutaient les cieux en qu\u00eate du bel azur et Ben Hur, l\u2019auteur de notre mascotte soupirait\u00a0:<\/p>\n<ul>\n<li>\n<p align=\"JUSTIFY\">C\u2019est affolant car mon \u00e9cureuil n\u2019a jamais connu le mauvais temps<\/p>\n<\/li>\n<\/ul>\n<p align=\"JUSTIFY\">Mais contre toute attente, d\u00e9fiant tous les pronostics, le ciel se d\u00e9gagea pour laisser cheminer, cahin-caha, notre char fleuri, tract\u00e9 avec brio et efficacit\u00e9 par notre grand chef sans bouclier, P\u00e8re Picard.<\/p>\n<p align=\"JUSTIFY\">La technique progresse, j\u2019y contribue pleinement, songea-t-il.<\/p>\n<p align=\"JUSTIFY\">Second\u00e9 dans ses efforts par notre artisan local, Claudius, l\u2019allure s\u2019acc\u00e9l\u00e9ra n\u00e9cessitant toutefois de nombreux arr\u00eats pour contr\u00f4les m\u00e9caniques et regroupement g\u00e9n\u00e9ral.<\/p>\n<p align=\"JUSTIFY\">Sans doute la force du vent\u00a0!<\/p>\n<p align=\"JUSTIFY\">Certes sans tonnerre mais non sans bruit et sous les confettis, l\u2019entr\u00e9e de l\u2019\u00e9quipage dans Marcheprime suscita int\u00e9r\u00eat et curiosit\u00e9, car mu uniquement \u00e0 la force du jarret.<\/p>\n<p align=\"JUSTIFY\">Une premi\u00e8re vous dis-je.<\/p>\n<p align=\"JUSTIFY\">On murmura m\u00eame qu\u2019\u00e0 l\u2019avenir, toute cette \u00e9nergie serait recycl\u00e9e.<\/p>\n<p align=\"JUSTIFY\">Etonnant, non\u00a0?<\/p>\n<p align=\"JUSTIFY\">Tous regroup\u00e9s sur la place du village, M. Carnaval fut brul\u00e9 et selon la l\u00e9gende, l\u2019hiver termin\u00e9.<\/p>\n<p align=\"JUSTIFY\">D\u00e9sormais, place aux printemps et rendez-vous dans un an.<\/p>\n<p align=\"JUSTIFY\"><strong>\u00a0 \u00a0 \u00a0 \u00a0 \u00a0 \u00a0 \u00a0 \u00a0 \u00a0 \u00a0 \u00a0 \u00a0 \u00a0 \u00a0 \u00a0 \u00a0 \u00a0 \u00a0 \u00a0 \u00a0 \u00a0 \u00a0 \u00a0 \u00a0 \u00a0 \u00a0 \u00a0 \u00a0 \u00a0 \u00a0 \u00a0 \u00a0 \u00a0 \u00a0 \u00a0 \u00a0 ALAIN LACOSTE<\/strong><\/p>\n<hr \/>\n<h3 align=\"JUSTIFY\">Le<strong> 21 ao\u00fbt 2016 F\u00eates de Marcheprime<\/strong><\/h3>\n<p align=\"JUSTIFY\">Encore heureux qu\u2019il ait fait beau et que (vous connaissez la suite).<\/p>\n<p align=\"JUSTIFY\">Eh oui, nous l\u2019avions annonc\u00e9, B\u00e9l\u00e9nos faisait partie des invit\u00e9s.<\/p>\n<p align=\"JUSTIFY\">Et personne ne s\u2019en plaint.<\/p>\n<p align=\"JUSTIFY\">C\u2019est donc avec des conditions m\u00e9t\u00e9os optimales qu\u2019une centaine de cyclistes s\u2019\u00e9lanc\u00e8rent sur les 3 circuits propos\u00e9s (70 \u2013 90 et 110 km).<\/p>\n<p align=\"JUSTIFY\">Et le comptage des participants fit rapidement apparaitre la m\u00eame tendance que l\u2019an pass\u00e9.<\/p>\n<p align=\"JUSTIFY\">Bis \u2013 r\u00e9p\u00e9tita s\u2019\u00e9cri\u00e8rent nos amis de l\u2019ASPTT.<\/p>\n<p align=\"JUSTIFY\">Ils venaient d\u2019acqu\u00e9rir d\u00e9finitivement le troph\u00e9e Jean Claude Raymond en battant nos voisins de SMURFIT 18 \u00e0 15.<\/p>\n<p align=\"JUSTIFY\">Le cyclo Club Facture Biganos prenant la 3<sup>\u00e8me<\/sup>\u00a0position.<\/p>\n<p align=\"JUSTIFY\">Il convient de noter \u00e9galement que 2 benjamines furent r\u00e9compens\u00e9es sur le circuit des familles.<\/p>\n<p align=\"JUSTIFY\">Laura PERRIER \u2013 8 ans et sa grande s\u0153ur Alice -10 ans.<\/p>\n<p align=\"JUSTIFY\">Il en fut de m\u00eame du jeune Paolo FALQUIER \u2013 15 ans \u2013 qui se comporta fort honorablement sur le circuit des 90 km. Son papy \u00e9tait aussi pr\u00e9sent. F\u00e9licitations.<\/p>\n<p align=\"JUSTIFY\">&amp; bravo aux parents de transmettre ainsi leur passion.<\/p>\n<p align=\"JUSTIFY\">On aimerait tant qu\u2019ils soient plus nombreux.<\/p>\n<p align=\"JUSTIFY\"><a name=\"_GoBack\"><\/a>N\u2019oublions pas que notre championne olympique, Emilie And\u00e9ol a d\u00e9but\u00e9 le judo au sein des Ecureuils. Quel plus bel exemple\u00a0pour la commune, ses associations\u00a0!<\/p>\n<p align=\"JUSTIFY\">Quant \u00e0 notre v\u00e9t\u00e9ran, notre bordelais Jean Paul Doub\u00e8re \u2013 82 printemps \u2013 il est toujours bon pied, bon \u0153il et nous lui souhaitons tous de devenir centenaire et de nous accompagner encore longtemps.<\/p>\n<p align=\"JUSTIFY\">Rendez-vous \u00e0 tous en 2017. Promis, il fera encore beau \u00e0 Marcheprime.<\/p>\n<p align=\"JUSTIFY\"><img decoding=\"async\" src=\"https:\/\/club-des-ecureuils.fr\/wp-content\/uploads\/2016\/03\/Marcheprime-2016-150x150.jpg\" alt=\"Marcheprime 2016\" \/><\/p>\n<p align=\"JUSTIFY\"><strong>Alain Lacoste<\/strong><\/p>\n<h3><strong>Roue libre en Charentes pour les Ecureuils<\/strong><\/h3>\n<p>Craignant sans doute la chaleur, le peloton, rest\u00e9 aux abris, avait laiss\u00e9 filer bon train les \u00e9chapp\u00e9s vers quelques contr\u00e9es du cogna\u00e7ais.<\/p>\n<p>\u00ab\u00a0au c\u0153ur des vignes , de vallons en collines\u00a0\u00bb, souvent ralenti par un vent fripon, le groupe chemina, uni dans l\u2019effort pour rejoindre les supporters qui patientaient sans tumultes autour de breuvage du cru qu\u2019il m\u2019est d\u00e9fendu de nommer ici.<\/p>\n<p>Eau vive scandaient-ils\u00a0!<\/p>\n<p><a name=\"_GoBack\"><\/a>Dressant une oreille attentive aux autochtones, le groupe parcourut l\u2019histoire du territoire r\u00e9gional, de Fran\u00e7ois 1<sup>er<\/sup>\u00a0\u00e0 nos jours, interrogeant sans rel\u00e2che sur la fabrication du nectar convoit\u00e9.<\/p>\n<p>Mais impossible de soustraire un tonneau, ils \u00e9taient tous num\u00e9rot\u00e9s<\/p>\n<h5><strong>Alain Lacoste<\/strong><\/h5>\n<p><a href=\"https:\/\/goo.gl\/photos\/JWtPSRQGTDQe7wju9\"><img loading=\"lazy\" decoding=\"async\" class=\"alignnone size-thumbnail wp-image-2682\" src=\"https:\/\/club-des-ecureuils.fr\/wp-content\/uploads\/2015\/08\/IMGP0003-150x150.jpg\" alt=\"\" width=\"150\" height=\"150\" \/><\/a><\/p>\n<p>\u2014\u2014\u2014\u2014\u2014\u2014\u2014\u2014\u2014\u2014\u2014\u2014\u2014\u2014\u2014\u2014\u2014\u2014\u2014\u2014\u2014\u2014\u2014\u2014\u2014\u2014\u2014\u2014\u2014\u2014\u2014\u2014\u2014\u2014\u2014\u2014\u2014\u2014\u2014\u2014\u2014\u2014\u2014\u2014\u2014\u2014\u2014\u2013<\/p>\n<h3><strong>Evasion au c\u0153ur des Landes<\/strong><\/h3>\n<p>L\u2019ingratitude n\u2019\u00e9tant point la sp\u00e9cialit\u00e9 de nos amis de St Martin d\u2019Oney, c\u2019est aux petits oignons que les Ecureuils furent trait\u00e9s.<\/p>\n<p>Petite balade matinale empruntant les chemins vicinaux nous conduisant dans les basses- cour, villages pittoresques \u00e0 l\u2019abri des tumultes urbains, for\u00eats de pins magnifiques au sein desquelles les \u00e9cureuils aiment \u00e0 se reproduire, bref, un moment m\u00e9morable.<\/p>\n<p>La suite fut du m\u00eame acabit.<\/p>\n<p><a name=\"_GoBack\"><\/a>Car, chez ces gens-l\u00e0, l\u2019accueil et la convivialit\u00e9 constituent l\u2019essence m\u00eame de leur culture, leur raison de vivre.<\/p>\n<p>Et que croyez-vous que les Ecureuils firent\u00a0?<\/p>\n<p>Ils s\u2019acclimat\u00e8rent tr\u00e8s rapidement, et particip\u00e8rent pleinement \u00e0 la d\u00e9gustation des mets propos\u00e9s.<\/p>\n<p>Comme indiqu\u00e9 \u00e0 la fin du banquet, c\u2019est bien volontiers que les Ecureuils reviendront \u00e0 St Martin d\u2019Oney, car, chez nos amis, tout est bon, y\u2019a rien \u00e0 jeter \u2026<\/p>\n<h5 align=\"JUSTIFY\">\u00a0Alain Lacoste<\/h5>\n<p><a class=\"fbx-link fbx-instance\" href=\"https:\/\/club-des-ecureuils.fr\/wp-content\/uploads\/2016\/03\/IMG_0931.jpg\"><img loading=\"lazy\" decoding=\"async\" class=\"alignnone size-thumbnail wp-image-2484\" src=\"https:\/\/club-des-ecureuils.fr\/wp-content\/uploads\/2016\/03\/IMG_0931-150x150.jpg\" alt=\"IMG_0931\" width=\"150\" height=\"150\" \/><\/a><a class=\"fbx-link fbx-instance\" href=\"https:\/\/club-des-ecureuils.fr\/wp-content\/uploads\/2016\/03\/IMG_0914.jpg\"><img loading=\"lazy\" decoding=\"async\" class=\"alignnone size-thumbnail wp-image-2483\" src=\"https:\/\/club-des-ecureuils.fr\/wp-content\/uploads\/2016\/03\/IMG_0914-150x150.jpg\" alt=\"IMG_0914\" width=\"150\" height=\"150\" \/><\/a><\/p>\n<p>\u2014\u2014\u2014\u2014\u2014\u2014\u2014\u2014\u2014\u2014\u2014\u2014\u2014\u2014\u2014\u2014\u2014\u2014\u2014\u2014\u2014\u2014\u2014\u2014\u2014\u2014\u2014\u2014\u2014\u2014\u2014\u2014\u2014\u2014\u2014\u2014\u2014\u2014\u2014\u2014\u2014\u2014\u2014\u2014\u2014\u2014\u2014\u2014\u2014\u2014\u2014-<\/p>\n<p><strong>Escapade en Sauternais pour le 130 km<\/strong><\/p>\n<p align=\"JUSTIFY\">La troupe s\u2019\u00e9tait \u00e9toff\u00e9e et ne manquait point de grosses cylindr\u00e9es pour cette escapade en Sauternais.<\/p>\n<p align=\"JUSTIFY\">Et aucune plainte ne fut r\u00e9pertori\u00e9e.<\/p>\n<p align=\"JUSTIFY\">La m\u00e9t\u00e9o permit m\u00eame de d\u00e9buter la balade par un reportage photos pour notre prochain calendrier.<\/p>\n<p align=\"JUSTIFY\">Clich\u00e9s du meilleur effet, car tel \u00e9tait l\u2019objectif premier.<\/p>\n<p align=\"JUSTIFY\"><a name=\"_GoBack\"><\/a>Le reste ne fut que broutille, pacotille, enfantillage et promenade de sant\u00e9.<\/p>\n<p align=\"JUSTIFY\">Il y eut bien ici et l\u00e0 quelques faux-plats ralentissant le rythme soutenu et impos\u00e9 par nos s\u00e9niors \u00e0 l\u2019ardeur retrouv\u00e9e.<\/p>\n<p align=\"JUSTIFY\">Qu\u2019importe, la troupe resta homog\u00e8ne et rejoint l\u2019arriv\u00e9e, m\u00eame pas fatigu\u00e9e.<\/p>\n<p align=\"JUSTIFY\">Et tout le monde scanda\u00a0: \u00e0 recommencer \u2026<\/p>\n<h5 align=\"JUSTIFY\">\u00a0Alain Lacoste<\/h5>\n<p><a class=\"fbx-link fbx-instance\" href=\"https:\/\/club-des-ecureuils.fr\/wp-content\/uploads\/2016\/03\/DSCF4643.jpg\"><img loading=\"lazy\" decoding=\"async\" class=\"alignnone size-thumbnail wp-image-2477\" src=\"https:\/\/club-des-ecureuils.fr\/wp-content\/uploads\/2016\/03\/DSCF4643-150x150.jpg\" alt=\"DSCF4643\" width=\"150\" height=\"150\" \/><\/a><a class=\"fbx-link fbx-instance\" href=\"https:\/\/club-des-ecureuils.fr\/wp-content\/uploads\/2016\/03\/DSCF4642.jpg\"><img loading=\"lazy\" decoding=\"async\" class=\"alignnone size-thumbnail wp-image-2481\" src=\"https:\/\/club-des-ecureuils.fr\/wp-content\/uploads\/2016\/03\/DSCF4642-150x150.jpg\" alt=\"DSCF4642\" width=\"150\" height=\"150\" \/><\/a><\/p>\n","protected":false},"excerpt":{"rendered":"<p>Actualit\u00e9s\u00a0cyclo\u00a0&#8211;\u00a0\u00a0Bureau de la section\u00a0 \u2013 \u00a0Horaires des sorties\u00a0 \u2013 \u00a0calendrier groupe 1 et 2\u00a0 \u2013 \u00a0Rendez-vous groupe 1 \u00a0\u00a0Rendez-vous groupe 2\u00a0 \u2013\u00a0\u00a0Photo\u00a0 \u2013 \u00a0Vid\u00e9o &nbsp; &nbsp; &nbsp; Vassii\u00e8re, les terres \u00e0 Poupou \u202610 et 11 Sept. 2016 Haut lieu de tourisme et de loisirs que ce site magnifique du lac de Vassivi\u00e8re. Calme et repos &hellip; <\/p>\n<p class=\"link-more\"><a href=\"https:\/\/club-des-ecureuils.fr\/?page_id=2450\" class=\"more-link\">Continuer la lecture<span class=\"screen-reader-text\"> de &laquo;&nbsp;Archives&nbsp;&raquo;<\/span><\/a><\/p>\n","protected":false},"author":2,"featured_media":0,"parent":28,"menu_order":9,"comment_status":"closed","ping_status":"closed","template":"full-width-page.php","meta":{"footnotes":""},"class_list":["post-2450","page","type-page","status-publish","hentry"],"_links":{"self":[{"href":"https:\/\/club-des-ecureuils.fr\/index.php?rest_route=\/wp\/v2\/pages\/2450","targetHints":{"allow":["GET"]}}],"collection":[{"href":"https:\/\/club-des-ecureuils.fr\/index.php?rest_route=\/wp\/v2\/pages"}],"about":[{"href":"https:\/\/club-des-ecureuils.fr\/index.php?rest_route=\/wp\/v2\/types\/page"}],"author":[{"embeddable":true,"href":"https:\/\/club-des-ecureuils.fr\/index.php?rest_route=\/wp\/v2\/users\/2"}],"replies":[{"embeddable":true,"href":"https:\/\/club-des-ecureuils.fr\/index.php?rest_route=%2Fwp%2Fv2%2Fcomments&post=2450"}],"version-history":[{"count":22,"href":"https:\/\/club-des-ecureuils.fr\/index.php?rest_route=\/wp\/v2\/pages\/2450\/revisions"}],"predecessor-version":[{"id":3956,"href":"https:\/\/club-des-ecureuils.fr\/index.php?rest_route=\/wp\/v2\/pages\/2450\/revisions\/3956"}],"up":[{"embeddable":true,"href":"https:\/\/club-des-ecureuils.fr\/index.php?rest_route=\/wp\/v2\/pages\/28"}],"wp:attachment":[{"href":"https:\/\/club-des-ecureuils.fr\/index.php?rest_route=%2Fwp%2Fv2%2Fmedia&parent=2450"}],"curies":[{"name":"wp","href":"https:\/\/api.w.org\/{rel}","templated":true}]}}