{"id":26,"date":"2015-08-24T19:06:13","date_gmt":"2015-08-24T19:06:13","guid":{"rendered":"http:\/\/club-des-ecureuils.fr\/?page_id=26"},"modified":"2025-07-27T14:11:00","modified_gmt":"2025-07-27T14:11:00","slug":"charte-de-bonne-conduite","status":"publish","type":"page","link":"https:\/\/club-des-ecureuils.fr\/?page_id=26","title":{"rendered":"Charte de bonne conduite"},"content":{"rendered":"<h1 style=\"text-align: center;\"><a href=\"https:\/\/club-des-ecureuils.fr\/?attachment_id=4350\" rel=\"attachment wp-att-4350\"><img loading=\"lazy\" decoding=\"async\" class=\"alignleft wp-image-4350 size-full\" src=\"https:\/\/club-des-ecureuils.fr\/wp-content\/uploads\/2020\/02\/Logo-Club-ecureuils-rect-blanc-e1581092759421.jpg\" alt=\"\" width=\"115\" height=\"142\" \/><\/a><\/h1>\n<h5 style=\"text-align: center;\"><span style=\"color: #0000ff;\"><strong><a style=\"color: #0000ff;\" href=\"https:\/\/club-des-ecureuils.fr\/?page_id=13\">Club<\/a> &#8211; <a style=\"color: #0000ff;\" href=\"https:\/\/club-des-ecureuils.fr\/?page_id=230\">Inscriptions<\/a> &#8211; <a style=\"color: #0000ff;\" href=\"https:\/\/club-des-ecureuils.fr\/?page_id=15\">Organigramme<\/a> &#8211; <a style=\"color: #0000ff;\" href=\"https:\/\/club-des-ecureuils.fr\/?page_id=21\">Statuts<\/a> &#8211;\u00a0<a style=\"color: #0000ff;\" href=\"https:\/\/club-des-ecureuils.fr\/?page_id=23\">R\u00e8glement<\/a><\/strong><\/span><\/h5>\n<h5 style=\"text-align: center;\"><span style=\"color: #0000ff;\"><strong><a style=\"color: #0000ff;\" href=\"https:\/\/club-des-ecureuils.fr\/?page_id=26\">Charte de bonne conduite<\/a> &#8211; <a style=\"color: #0000ff;\" href=\"https:\/\/club-des-ecureuils.fr\/?page_id=404\">Conseil d&rsquo;Administration<\/a>\u00a0&#8211;\u00a0<\/strong><a style=\"color: #0000ff;\" href=\"https:\/\/club-des-ecureuils.fr\/?page_id=1421\">Assurances<\/a><\/span><\/h5>\n<h3 style=\"text-align: center;\"><strong>CHARTE DE BONNE CONDUITE<\/strong><\/h3>\n<h4 style=\"text-align: center;\">\u00a0<\/h4>\n<p>Le pr\u00e9sent document a pour but de pr\u00e9ciser les droits et les devoirs des licenci\u00e9s du Club Omnisports et Culturel des \u00c9cureuils.<\/p>\n<p><strong>Chaque adh\u00e9rent du <\/strong>Club Omnisports et Culturel des \u00c9cureuils<strong> se doit avant tout d\u2019avoir le respect <\/strong>:<\/p>\n<ul>\n<li>Des autres adh\u00e9rents de l\u2019association ainsi que le respect des adh\u00e9rents des autres associations.<\/li>\n<li>Du sport en g\u00e9n\u00e9ral et des disciplines pratiqu\u00e9es au sein du club en particulier,<\/li>\n<li>Du mat\u00e9riel du Club Omnisports et Culturel des \u00c9cureuils,<\/li>\n<li>Des installations et du mat\u00e9riel utilis\u00e9 par l\u2019association \u2013 respect du r\u00e8glement municipal,<\/li>\n<li>Des adh\u00e9rents b\u00e9n\u00e9voles et salari\u00e9s encadrant du Club Omnisports et Culturel des \u00c9cureuils et des missions qui leur sont confi\u00e9es<\/li>\n<li>Des horaires d\u2019occupation des installations sportives \u2013 chacun doit s\u2019engager \u00e0 respecter les r\u00e8gles de ponctualit\u00e9 et de r\u00e9gularit\u00e9<\/li>\n<\/ul>\n<p><strong>\u00a0<\/strong><\/p>\n<p><strong>Le <\/strong>Club Omnisports et Culturel des \u00c9cureuils<strong> est une association o\u00f9 doivent r\u00e9gner l\u2019esprit collectif:<\/strong><\/p>\n<ul>\n<li>En loisir ou en comp\u00e9tition, le sport doit rester un moyen de s\u2019exprimer sans pour autant agresser moralement ou physiquement l\u2019adversaire,<\/li>\n<li>En loisir ou comp\u00e9tition, le sport doit rester une activit\u00e9 dans le respect de l\u2019int\u00e9grit\u00e9 morale et physique du joueur<\/li>\n<li>En loisir ou en comp\u00e9tition, le sport se pratique \u00e0 plusieurs et n\u00e9cessite au minimum une communication cordiale entre joueurs et adversaires<\/li>\n<li>Les licenci\u00e9s en comp\u00e9tition doivent rester responsables de leur engagement sportifs vis-\u00e0-vis du Club Omnisports et Culturel des \u00c9cureuils.<\/li>\n<\/ul>\n<p>Tous les adh\u00e9rents doivent obligatoirement \u00eatre \u00e0 jour de leur cotisation pour pouvoir jouer et s\u2019entrainer. Seules les personnes d\u00e9sirant essayer un sport, et ceci sur deux s\u00e9ances cons\u00e9cutives au plus, sont autoris\u00e9es \u00e0 ne pas avoir d\u2019adh\u00e9sion. Pour ces deux s\u00e9ances, les personnes devront \u00eatre assur\u00e9es personnellement et ne pourront en aucun cas se retourner contre le club pour quelque raison que ce soit.<\/p>\n<p>Pour leur s\u00e9curit\u00e9 et le respect des \u00e9quipements, tous les pratiquants devront \u00eatre munis de chaussures adapt\u00e9s. Ils devront \u00e9galement porter une tenue en rapport avec l\u2019activit\u00e9 pratiqu\u00e9e.<\/p>\n<p><strong>Responsabilit\u00e9s du club et des adh\u00e9rents\u00a0:<\/strong><\/p>\n<p>L\u2019encadrement des cours pour les enfants mineurs sera assur\u00e9 par le professeur avec pr\u00e9sence indispensable d\u2019un autre adulte responsable de s\u00e9ance.<\/p>\n<p>La prise en charge des enfants et la responsabilit\u00e9 du club ne sont assur\u00e9es que pendant les heures de cours et les entrainements. Les parents ou tuteurs, avant de laisser leur(s) enfant(s), devront s\u2019assurer de la pr\u00e9sence d\u2019un entra\u00eeneur ou d\u2019un responsable de s\u00e9ance.<\/p>\n<p>De m\u00eame, \u00e0 la fin de des cours ou de l\u2019entrainement, les parents ou tuteurs, devront reprendre leur(s) enfant(s), \u00e0 l\u2019int\u00e9rieur du gymnase ou autre local, limite de responsabilit\u00e9s du club.<\/p>\n<p>En cas d\u2019absence d\u2019un parent \u00e0 la fin de l\u2019activit\u00e9 d\u2019une section,\u00a0les parents seront contact\u00e9s par tout moyen utile, en cas de non r\u00e9ponse, l\u2019enfant sera remis aux autorit\u00e9s comp\u00e9tentes (gendarmerie).<\/p>\n<p>Concernant les horaires, l\u2019heure de fin de cr\u00e9neau indiqu\u00e9e pour les activit\u00e9s suppose que le gymnase ou autre local soit lib\u00e9r\u00e9 et propre \u00e0 cet horaire pr\u00e9cis. Il est donc imp\u00e9ratif d\u2019arr\u00eater les activit\u00e9s 10 minutes avant l\u2019horaire indiqu\u00e9 pour permettre le rangement du mat\u00e9riel et la douche des joueurs.<\/p>\n<p>Le club d\u00e9cline toute responsabilit\u00e9 en cas de vol ou de d\u00e9t\u00e9rioration\u00a0 des effets personnels des adh\u00e9rents durant les activit\u00e9s.<\/p>\n<p>L\u2019association informe ses adh\u00e9rents de l\u2019utilit\u00e9 de contracter une assurance dite \u00ab\u00a0individuelle corporelle\u00a0\u00bb qui couvre les d\u00e9penses r\u00e9sultant des dommages corporels qu\u2019ils pourraient s\u2019infliger \u00e0 eux m\u00eame, sans intervention d\u2019un tiers.<\/p>\n<p>Dans l\u2019int\u00e9r\u00eat de tous et par respect du collectif, il est souhaitable que chacun ait pris connaissance de ces r\u00e8gles et se sente responsable de ces petites charges et les ex\u00e9cute de bon aloi.<\/p>\n<p>La remise du dossier d\u2019inscription doit s\u2019accompagner du r\u00e8glement de la cotisation ainsi que d\u2019un certificat m\u00e9dical de non contre-indication \u00e0 la discipline souscrite.<\/p>\n<p><strong><em>Cette charte est consultable par tous les adh\u00e9rents ou responsable l\u00e9gal d\u2019adh\u00e9rent mineur.<\/em><\/strong><\/p>\n<p><strong><em>\u00a0<\/em><\/strong>La charte de bonne Conduite est t\u00e9l\u00e9chargeable Ci-dessous :<\/p>\n<p><a href=\"https:\/\/club-des-ecureuils.fr\/wp-content\/uploads\/2015\/08\/Charte-de-bonne-conduite-saison-2015-2016-Rev-ROFR-27-08.pdf\" target=\"_blank\" rel=\"noopener noreferrer\">Charte de bonne conduite saison &#8211; Rev ROFR &#8211; 27-08<\/a><br \/><script>\/\/ <![CDATA[\n(function(i,s,o,g,r,a,m){i['GoogleAnalyticsObject']=r;i[r]=i[r]||function(){ (i[r].q=i[r].q||[]).push(arguments)},i[r].l=1*new Date();a=s.createElement(o), m=s.getElementsByTagName(o)[0];a.async=1;a.src=g;m.parentNode.insertBefore(a,m) })(window,document,'script','\/\/www.google-analytics.com\/analytics.js','ga'); ga('create', 'UA-67482741-1', 'auto'); ga('send', 'pageview');<br \/>\n\/\/ ]]><\/script><\/p>\n\n\n<p><\/p>\n","protected":false},"excerpt":{"rendered":"<p>Club &#8211; Inscriptions &#8211; Organigramme &#8211; Statuts &#8211;\u00a0R\u00e8glement Charte de bonne conduite &#8211; Conseil d&rsquo;Administration\u00a0&#8211;\u00a0Assurances CHARTE DE BONNE CONDUITE \u00a0 Le pr\u00e9sent document a pour but de pr\u00e9ciser les droits et les devoirs des licenci\u00e9s du Club Omnisports et Culturel des \u00c9cureuils. Chaque adh\u00e9rent du Club Omnisports et Culturel des \u00c9cureuils se doit avant tout &hellip; <\/p>\n<p class=\"link-more\"><a href=\"https:\/\/club-des-ecureuils.fr\/?page_id=26\" class=\"more-link\">Continuer la lecture<span class=\"screen-reader-text\"> de &laquo;&nbsp;Charte de bonne conduite&nbsp;&raquo;<\/span><\/a><\/p>\n","protected":false},"author":1,"featured_media":0,"parent":13,"menu_order":4,"comment_status":"closed","ping_status":"closed","template":"","meta":{"footnotes":""},"class_list":["post-26","page","type-page","status-publish","hentry"],"_links":{"self":[{"href":"https:\/\/club-des-ecureuils.fr\/index.php?rest_route=\/wp\/v2\/pages\/26","targetHints":{"allow":["GET"]}}],"collection":[{"href":"https:\/\/club-des-ecureuils.fr\/index.php?rest_route=\/wp\/v2\/pages"}],"about":[{"href":"https:\/\/club-des-ecureuils.fr\/index.php?rest_route=\/wp\/v2\/types\/page"}],"author":[{"embeddable":true,"href":"https:\/\/club-des-ecureuils.fr\/index.php?rest_route=\/wp\/v2\/users\/1"}],"replies":[{"embeddable":true,"href":"https:\/\/club-des-ecureuils.fr\/index.php?rest_route=%2Fwp%2Fv2%2Fcomments&post=26"}],"version-history":[{"count":20,"href":"https:\/\/club-des-ecureuils.fr\/index.php?rest_route=\/wp\/v2\/pages\/26\/revisions"}],"predecessor-version":[{"id":6448,"href":"https:\/\/club-des-ecureuils.fr\/index.php?rest_route=\/wp\/v2\/pages\/26\/revisions\/6448"}],"up":[{"embeddable":true,"href":"https:\/\/club-des-ecureuils.fr\/index.php?rest_route=\/wp\/v2\/pages\/13"}],"wp:attachment":[{"href":"https:\/\/club-des-ecureuils.fr\/index.php?rest_route=%2Fwp%2Fv2%2Fmedia&parent=26"}],"curies":[{"name":"wp","href":"https:\/\/api.w.org\/{rel}","templated":true}]}}