{"id":28,"date":"2015-08-24T19:06:46","date_gmt":"2015-08-24T19:06:46","guid":{"rendered":"http:\/\/club-des-ecureuils.fr\/?page_id=28"},"modified":"2025-11-14T15:08:07","modified_gmt":"2025-11-14T15:08:07","slug":"les-sections-du-club","status":"publish","type":"page","link":"https:\/\/club-des-ecureuils.fr\/?page_id=28","title":{"rendered":"Les Sections du Club"},"content":{"rendered":"\n<h2 class=\"wp-block-heading\">Sections bien-\u00eatre<\/h2>\n\n\n<p style=\"text-align: left;\"><a href=\"https:\/\/club-des-ecureuils.fr\/?page_id=6070\">Yoga <\/a>&#8211; <a href=\"https:\/\/club-des-ecureuils.fr\/?page_id=152\">Ta\u00ef-chi-chuan<\/a>\u00a0<\/p>\n\n\n<h2 class=\"wp-block-heading\">Sections culture<\/h2>\n\n\n\n<p><a href=\"https:\/\/club-des-ecureuils.fr\/?page_id=33\">Batucada<\/a>&nbsp;&#8211; <a href=\"https:\/\/club-des-ecureuils.fr\/?page_id=3530\">Th\u00e9\u00e2tre <\/a><\/p>\n\n\n\n<h2 class=\"wp-block-heading\">Sections sport<\/h2>\n\n\n\n<p><a href=\"https:\/\/club-des-ecureuils.fr\/?page_id=53\">Course \u00e0 Pied<\/a> &#8211; <a href=\"https:\/\/club-des-ecureuils.fr\/?page_id=199\">Cyclisme (Cyclo &#8211; Gravel &#8211; VTT)<\/a>  <a href=\"https:\/\/noemiepicard33.wixsite.com\/website\">Danse<\/a> &#8211; \u00a0<a href=\"https:\/\/club-des-ecureuils.fr\/?page_id=106\">Multi Sports<\/a> &#8211; \u00a0<a href=\"https:\/\/club-des-ecureuils.fr\/?page_id=150\">JU-JITSU<\/a> &#8211; <a href=\"https:\/\/club-des-ecureuils.fr\/?page_id=5595\">Randonn\u00e9e p\u00e9destre<\/a><\/p>\n\n\n\n<p><\/p>\n","protected":false},"excerpt":{"rendered":"<p>Sections bien-\u00eatre Yoga &#8211; Ta\u00ef-chi-chuan\u00a0 Sections culture Batucada&nbsp;&#8211; Th\u00e9\u00e2tre Sections sport Course \u00e0 Pied &#8211; Cyclisme (Cyclo &#8211; Gravel &#8211; VTT) Danse &#8211; \u00a0Multi Sports &#8211; \u00a0JU-JITSU &#8211; Randonn\u00e9e p\u00e9destre<\/p>\n","protected":false},"author":1,"featured_media":0,"parent":0,"menu_order":3,"comment_status":"closed","ping_status":"closed","template":"","meta":{"footnotes":""},"class_list":["post-28","page","type-page","status-publish","hentry"],"_links":{"self":[{"href":"https:\/\/club-des-ecureuils.fr\/index.php?rest_route=\/wp\/v2\/pages\/28","targetHints":{"allow":["GET"]}}],"collection":[{"href":"https:\/\/club-des-ecureuils.fr\/index.php?rest_route=\/wp\/v2\/pages"}],"about":[{"href":"https:\/\/club-des-ecureuils.fr\/index.php?rest_route=\/wp\/v2\/types\/page"}],"author":[{"embeddable":true,"href":"https:\/\/club-des-ecureuils.fr\/index.php?rest_route=\/wp\/v2\/users\/1"}],"replies":[{"embeddable":true,"href":"https:\/\/club-des-ecureuils.fr\/index.php?rest_route=%2Fwp%2Fv2%2Fcomments&post=28"}],"version-history":[{"count":13,"href":"https:\/\/club-des-ecureuils.fr\/index.php?rest_route=\/wp\/v2\/pages\/28\/revisions"}],"predecessor-version":[{"id":7116,"href":"https:\/\/club-des-ecureuils.fr\/index.php?rest_route=\/wp\/v2\/pages\/28\/revisions\/7116"}],"wp:attachment":[{"href":"https:\/\/club-des-ecureuils.fr\/index.php?rest_route=%2Fwp%2Fv2%2Fmedia&parent=28"}],"curies":[{"name":"wp","href":"https:\/\/api.w.org\/{rel}","templated":true}]}}