{"id":283,"date":"2015-08-25T08:12:04","date_gmt":"2015-08-25T08:12:04","guid":{"rendered":"http:\/\/club-des-ecureuils.fr\/?page_id=283"},"modified":"2021-09-13T09:37:50","modified_gmt":"2021-09-13T09:37:50","slug":"horaires-2","status":"publish","type":"page","link":"https:\/\/club-des-ecureuils.fr\/?page_id=283","title":{"rendered":"Horaires Course \u00e0 pied"},"content":{"rendered":"<p style=\"text-align: center;\"><a href=\"https:\/\/club-des-ecureuils.fr\/?page_id=53\">CAP<\/a> &#8211; <a href=\"https:\/\/club-des-ecureuils.fr\/?page_id=283\">Horaires<\/a> &#8211; <a href=\"https:\/\/club-des-ecureuils.fr\/?page_id=120\">Actualit\u00e9s<\/a> &#8211;\u00a0<a href=\"https:\/\/club-des-ecureuils.fr\/?page_id=59\">Phototh\u00e8que<\/a> &#8211; <a href=\"https:\/\/club-des-ecureuils.fr\/?page_id=139\">Vid\u00e9oth\u00e8que<\/a> &#8211; <span style=\"color: #333399;\"><a style=\"color: #333399;\" href=\"https:\/\/club-des-ecureuils.fr\/?page_id=1660\">Planning des courses<\/a><\/span><\/p>\n<p style=\"padding-left: 30px;\"><strong>Horaire d&rsquo;\u00e9t\u00e9<\/strong><\/p>\n<p style=\"padding-left: 70px;\">Mardi et jeudi \u00e0 18h45 &#8211; Rendez-vous au parking des tennis.<\/p>\n<p style=\"padding-left: 70px;\">Dimanche \u00e0 9h00 &#8211; Le rendez-vous est confirm\u00e9 par mail \u00e0 chaque adh\u00e9rent au plus tard le vendredi soir.<\/p>\n<p style=\"padding-left: 30px;\"><strong>Horaire d&rsquo;hiver :<\/strong><\/p>\n<p style=\"padding-left: 70px;\">Mardi \u00e0 18h45 &#8211; Rendez-vous dans la salle des sports pour 1\/4 d&rsquo;heure d&rsquo;\u00e9tirements et de gainage, d\u00e9part pour la course \u00e0 19h00 (muni d&rsquo;une chasuble fluo).<\/p>\n<p style=\"padding-left: 70px;\">Jeudi \u00e0 18h45 &#8211; Rendez-vous devant la salle des sports (muni d&rsquo;une chasuble fluo).<\/p>\n<p style=\"padding-left: 60px;\">Dimanche \u00e0 9h00\u00a0 &#8211; Le rendez-vous est confirm\u00e9 par mail \u00e0 chaque adh\u00e9rent au plus tard le vendredi soir.<\/p>\n\n\n<p><\/p>\n","protected":false},"excerpt":{"rendered":"<p>CAP &#8211; Horaires &#8211; Actualit\u00e9s &#8211;\u00a0Phototh\u00e8que &#8211; Vid\u00e9oth\u00e8que &#8211; Planning des courses Horaire d&rsquo;\u00e9t\u00e9 Mardi et jeudi \u00e0 18h45 &#8211; Rendez-vous au parking des tennis. Dimanche \u00e0 9h00 &#8211; Le rendez-vous est confirm\u00e9 par mail \u00e0 chaque adh\u00e9rent au plus tard le vendredi soir. Horaire d&rsquo;hiver : Mardi \u00e0 18h45 &#8211; Rendez-vous dans la salle &hellip; <\/p>\n<p class=\"link-more\"><a href=\"https:\/\/club-des-ecureuils.fr\/?page_id=283\" class=\"more-link\">Continuer la lecture<span class=\"screen-reader-text\"> de &laquo;&nbsp;Horaires Course \u00e0 pied&nbsp;&raquo;<\/span><\/a><\/p>\n","protected":false},"author":1,"featured_media":0,"parent":53,"menu_order":1,"comment_status":"closed","ping_status":"closed","template":"full-width-page.php","meta":{"footnotes":""},"class_list":["post-283","page","type-page","status-publish","hentry"],"_links":{"self":[{"href":"https:\/\/club-des-ecureuils.fr\/index.php?rest_route=\/wp\/v2\/pages\/283","targetHints":{"allow":["GET"]}}],"collection":[{"href":"https:\/\/club-des-ecureuils.fr\/index.php?rest_route=\/wp\/v2\/pages"}],"about":[{"href":"https:\/\/club-des-ecureuils.fr\/index.php?rest_route=\/wp\/v2\/types\/page"}],"author":[{"embeddable":true,"href":"https:\/\/club-des-ecureuils.fr\/index.php?rest_route=\/wp\/v2\/users\/1"}],"replies":[{"embeddable":true,"href":"https:\/\/club-des-ecureuils.fr\/index.php?rest_route=%2Fwp%2Fv2%2Fcomments&post=283"}],"version-history":[{"count":15,"href":"https:\/\/club-des-ecureuils.fr\/index.php?rest_route=\/wp\/v2\/pages\/283\/revisions"}],"predecessor-version":[{"id":4747,"href":"https:\/\/club-des-ecureuils.fr\/index.php?rest_route=\/wp\/v2\/pages\/283\/revisions\/4747"}],"up":[{"embeddable":true,"href":"https:\/\/club-des-ecureuils.fr\/index.php?rest_route=\/wp\/v2\/pages\/53"}],"wp:attachment":[{"href":"https:\/\/club-des-ecureuils.fr\/index.php?rest_route=%2Fwp%2Fv2%2Fmedia&parent=283"}],"curies":[{"name":"wp","href":"https:\/\/api.w.org\/{rel}","templated":true}]}}