{"id":30,"date":"2015-08-24T19:07:37","date_gmt":"2015-08-24T19:07:37","guid":{"rendered":"http:\/\/club-des-ecureuils.fr\/?page_id=30"},"modified":"2025-07-27T14:28:31","modified_gmt":"2025-07-27T14:28:31","slug":"actualites","status":"publish","type":"page","link":"https:\/\/club-des-ecureuils.fr\/?page_id=30","title":{"rendered":"Actualit\u00e9s Club"},"content":{"rendered":"<h1>Les sections <strong>Cyclo<\/strong> et <strong>VTT Parfum Nature<\/strong> \u00e9voluent !!<\/h1>\n<p><a href=\"https:\/\/club-des-ecureuils.fr\/?attachment_id=6046\" rel=\"attachment wp-att-6046\"><img loading=\"lazy\" decoding=\"async\" class=\"wp-image-6046 aligncenter\" src=\"https:\/\/club-des-ecureuils.fr\/wp-content\/uploads\/2024\/07\/Flyer-Club-VTT-2024.png\" alt=\"\" width=\"493\" height=\"259\" srcset=\"https:\/\/club-des-ecureuils.fr\/wp-content\/uploads\/2024\/07\/Flyer-Club-VTT-2024.png 1633w, https:\/\/club-des-ecureuils.fr\/wp-content\/uploads\/2024\/07\/Flyer-Club-VTT-2024-300x157.png 300w, https:\/\/club-des-ecureuils.fr\/wp-content\/uploads\/2024\/07\/Flyer-Club-VTT-2024-1024x537.png 1024w, https:\/\/club-des-ecureuils.fr\/wp-content\/uploads\/2024\/07\/Flyer-Club-VTT-2024-768x403.png 768w, https:\/\/club-des-ecureuils.fr\/wp-content\/uploads\/2024\/07\/Flyer-Club-VTT-2024-1536x806.png 1536w\" sizes=\"auto, (max-width: 493px) 100vw, 493px\" \/><\/a><\/p>\n<p>Les pratiques cyclistes \u00e9voluent et avec elles, celles de nos adh\u00e9rents qui ne font pas que du VTT. Nous sommes d\u00e9j\u00e0 plusieurs \u00e0 faire du VTT, du Gravel et du v\u00e9lo de route.<\/p>\n<p>Dans le m\u00eame temps nos amis de la section Cyclotourisme avait besoin d\u2019un second souffle pour maintenir la pratique v\u00e9lo de route au sein du Club Omnisport et Culturel des Ecureuils de Marcheprime.<\/p>\n<p>Apr\u00e8s quelques \u00e9changes derni\u00e8re nos guidons et guider par notre Pr\u00e9sident du Club Omnisport et Culturel des Ecureuils de Marcheprime, La Section VTT Parfum Nature et la Section Cyclotourisme ont pris la d\u00e9cision commune de rassembler leur force pour promouvoir et animer les disciplines Cyclo \u2013 Gravel et VTT.<\/p>\n<p>Cette nouvelle \u00e9quipe sera donc fier de vous accueillir d\u00e8s d\u00e9but Septembre pour une saison 2024-2025 sous le signe du partage et de la convivialit\u00e9.<\/p>\n<p>Rendez-vous au Forum des Associations le Samedi 7 Sept 2024.<\/p>\n<p>A bient\u00f4t sur le v\u00e9lo\u00a0!<\/p>\n<h1 style=\"text-align: center;\"><\/h1>\n","protected":false},"excerpt":{"rendered":"<p>Les sections Cyclo et VTT Parfum Nature \u00e9voluent !! Les pratiques cyclistes \u00e9voluent et avec elles, celles de nos adh\u00e9rents qui ne font pas que du VTT. Nous sommes d\u00e9j\u00e0 plusieurs \u00e0 faire du VTT, du Gravel et du v\u00e9lo de route. Dans le m\u00eame temps nos amis de la section Cyclotourisme avait besoin d\u2019un &hellip; <\/p>\n<p class=\"link-more\"><a href=\"https:\/\/club-des-ecureuils.fr\/?page_id=30\" class=\"more-link\">Continuer la lecture<span class=\"screen-reader-text\"> de &laquo;&nbsp;Actualit\u00e9s Club&nbsp;&raquo;<\/span><\/a><\/p>\n","protected":false},"author":1,"featured_media":0,"parent":0,"menu_order":4,"comment_status":"closed","ping_status":"closed","template":"","meta":{"footnotes":""},"class_list":["post-30","page","type-page","status-publish","hentry"],"_links":{"self":[{"href":"https:\/\/club-des-ecureuils.fr\/index.php?rest_route=\/wp\/v2\/pages\/30","targetHints":{"allow":["GET"]}}],"collection":[{"href":"https:\/\/club-des-ecureuils.fr\/index.php?rest_route=\/wp\/v2\/pages"}],"about":[{"href":"https:\/\/club-des-ecureuils.fr\/index.php?rest_route=\/wp\/v2\/types\/page"}],"author":[{"embeddable":true,"href":"https:\/\/club-des-ecureuils.fr\/index.php?rest_route=\/wp\/v2\/users\/1"}],"replies":[{"embeddable":true,"href":"https:\/\/club-des-ecureuils.fr\/index.php?rest_route=%2Fwp%2Fv2%2Fcomments&post=30"}],"version-history":[{"count":18,"href":"https:\/\/club-des-ecureuils.fr\/index.php?rest_route=\/wp\/v2\/pages\/30\/revisions"}],"predecessor-version":[{"id":6455,"href":"https:\/\/club-des-ecureuils.fr\/index.php?rest_route=\/wp\/v2\/pages\/30\/revisions\/6455"}],"wp:attachment":[{"href":"https:\/\/club-des-ecureuils.fr\/index.php?rest_route=%2Fwp%2Fv2%2Fmedia&parent=30"}],"curies":[{"name":"wp","href":"https:\/\/api.w.org\/{rel}","templated":true}]}}