{"id":33,"date":"2015-08-24T19:10:20","date_gmt":"2015-08-24T19:10:20","guid":{"rendered":"http:\/\/club-des-ecureuils.fr\/?page_id=33"},"modified":"2025-11-14T14:08:29","modified_gmt":"2025-11-14T14:08:29","slug":"batucada","status":"publish","type":"page","link":"https:\/\/club-des-ecureuils.fr\/?page_id=33","title":{"rendered":"Batucada, Carabat&rsquo;Souk"},"content":{"rendered":"\n<p class=\"has-text-align-center\"><span style=\"color: #000000;\"><a style=\"color: #000000;\" href=\"https:\/\/club-des-ecureuils.fr\/?page_id=33\">Carabat&rsquo;Souk<\/a><\/span> &#8211; <span style=\"color: #000000;\"><a style=\"color: #000000;\" href=\"https:\/\/club-des-ecureuils.fr\/?page_id=40\">Horaires<\/a><\/span> &#8211; <span style=\"color: #000000;\"><a style=\"color: #000000;\" href=\"https:\/\/club-des-ecureuils.fr\/?page_id=117\">Actualit\u00e9s<\/a><\/span>&#8211; <span style=\"color: #000000;\"><a style=\"color: #000000;\" href=\"https:\/\/club-des-ecureuils.fr\/?page_id=137\">Phototh\u00e8que<\/a><\/span> &#8211; <span style=\"color: #000000;\"><a style=\"color: #000000;\" href=\"https:\/\/club-des-ecureuils.fr\/?page_id=48\">Vid\u00e9oth\u00e8que<\/a><\/span><\/p>\n\n\n<p class=\"wp-block-heading\" style=\"text-align: center;\"><span style=\"color: #ff0000;\"><strong>Inscription saison 2025-2026 en ligne et UNIQUEMENT par CB :<\/strong><\/span><\/p>\n<p><iframe id=\"haWidget\" style=\"width: 100%; height: 70px; border: none;\" src=\"https:\/\/www.helloasso.com\/associations\/club-omnisport-et-culturel-des-ecureuils-section-carabat-souk-batucada\/adhesions\/adhesion-batucada-saison-2025-2026\/widget-bouton\"> { const dataHeight = e.data.height; const haWidgetElement = document.getElementById(&lsquo;haWidget&rsquo;); haWidgetElement.height = dataHeight + &lsquo;px&rsquo;; } )\u00a0\u00bb &gt;<\/iframe><strong><em>Carabat&rsquo;Souk<\/em><\/strong> est une batucada, un groupe de percussions br\u00e9siliennes \u00e0 Marcheprime. Apr\u00e8s <strong><em>10 ans d&rsquo;existences<\/em><\/strong> riches en musiques, le groupe compos\u00e9 de plus de 10 musiciens continue de grandir et de faire de la musique ! Vous pouvez nous rencontrer et lors de <strong><em>diff\u00e9rentes manifestations culturelles et \u00e9v\u00e9nements caritatifs<\/em><\/strong> en Gironde et au-del\u00e0 :<\/p>\n\n\n<p class=\"has-text-align-center\"><span style=\"font-weight: 400; color: #000000;\"> <\/span><\/p>\n\n\n\n<ul class=\"wp-block-list\">\n<li><span style=\"font-weight: 400; color: #000000;\">F\u00eates&nbsp;<\/span><\/li>\n\n\n\n<li><span style=\"font-weight: 400; color: #000000;\">Carnavals<\/span><\/li>\n\n\n\n<li><span style=\"font-weight: 400; color: #000000;\">March\u00e9s de No\u00ebl<\/span><\/li>\n\n\n\n<li><span style=\"color: #000000;\">Animations priv\u00e9es (mariages,&#8230;)<\/span><\/li>\n\n\n\n<li><span style=\"color: #000000;\">T\u00e9l\u00e9thon<\/span><\/li>\n\n\n\n<li><span style=\"color: #000000;\">Festi Bandas de Lanton, tous les 1er mercredi du mois d&rsquo;ao\u00fbt<\/span><\/li>\n<\/ul>\n\n\n\n<p class=\"has-text-align-center\"><span style=\"color: #000000;\">Retrouvez nous sur les r\u00e9seaux sociaux pour ne rien manquer de nos manifestations culturelles et de nos activit\u00e9s !!<\/span><\/p>\n\n\n<div class=\"wp-block-image\">\n<figure class=\"aligncenter is-resized\"><a href=\"https:\/\/www.instagram.com\/carabatsouk\/\"><img loading=\"lazy\" decoding=\"async\" width=\"300\" height=\"300\" src=\"https:\/\/club-des-ecureuils.fr\/wp-content\/uploads\/2023\/07\/Instagram-300x300.png\" alt=\"\" class=\"wp-image-5370\" style=\"width:68px;height:68px\" srcset=\"https:\/\/club-des-ecureuils.fr\/wp-content\/uploads\/2023\/07\/Instagram-300x300.png 300w, https:\/\/club-des-ecureuils.fr\/wp-content\/uploads\/2023\/07\/Instagram-150x150.png 150w, https:\/\/club-des-ecureuils.fr\/wp-content\/uploads\/2023\/07\/Instagram-100x100.png 100w, https:\/\/club-des-ecureuils.fr\/wp-content\/uploads\/2023\/07\/Instagram.png 600w\" sizes=\"auto, (max-width: 300px) 100vw, 300px\" \/><\/a><\/figure>\n<\/div>\n\n<div class=\"wp-block-image\">\n<figure class=\"aligncenter is-resized\"><a href=\"https:\/\/www.facebook.com\/profile.php?id=100094189308429\"><img loading=\"lazy\" decoding=\"async\" width=\"300\" height=\"300\" src=\"https:\/\/club-des-ecureuils.fr\/wp-content\/uploads\/2023\/07\/Facebook-300x300.png\" alt=\"\" class=\"wp-image-5375\" style=\"width:76px;height:76px\" srcset=\"https:\/\/club-des-ecureuils.fr\/wp-content\/uploads\/2023\/07\/Facebook-300x300.png 300w, https:\/\/club-des-ecureuils.fr\/wp-content\/uploads\/2023\/07\/Facebook-150x150.png 150w, https:\/\/club-des-ecureuils.fr\/wp-content\/uploads\/2023\/07\/Facebook-768x768.png 768w, https:\/\/club-des-ecureuils.fr\/wp-content\/uploads\/2023\/07\/Facebook-100x100.png 100w, https:\/\/club-des-ecureuils.fr\/wp-content\/uploads\/2023\/07\/Facebook.png 1024w\" sizes=\"auto, (max-width: 300px) 100vw, 300px\" \/><\/a><\/figure>\n<\/div>\n\n\n<p class=\"has-text-align-center\">&nbsp;<\/p>\n\n\n\n<p class=\"has-text-align-center\">Vous pouvez nous contacter \u00e0 cette adresse mail pour tous renseignements : carabatsouk.contact@gmail.com<\/p>\n\n\n<div class=\"wp-block-image\">\n<figure class=\"aligncenter size-large is-resized\"><a href=\"https:\/\/club-des-ecureuils.fr\/wp-content\/uploads\/2024\/05\/Nouveau-logo.png\"><img loading=\"lazy\" decoding=\"async\" width=\"1024\" height=\"1024\" src=\"https:\/\/club-des-ecureuils.fr\/wp-content\/uploads\/2024\/05\/Nouveau-logo-1024x1024.png\" alt=\"\" class=\"wp-image-5979\" style=\"width:313px;height:auto\" srcset=\"https:\/\/club-des-ecureuils.fr\/wp-content\/uploads\/2024\/05\/Nouveau-logo-1024x1024.png 1024w, https:\/\/club-des-ecureuils.fr\/wp-content\/uploads\/2024\/05\/Nouveau-logo-300x300.png 300w, https:\/\/club-des-ecureuils.fr\/wp-content\/uploads\/2024\/05\/Nouveau-logo-150x150.png 150w, https:\/\/club-des-ecureuils.fr\/wp-content\/uploads\/2024\/05\/Nouveau-logo-768x768.png 768w, https:\/\/club-des-ecureuils.fr\/wp-content\/uploads\/2024\/05\/Nouveau-logo-1536x1536.png 1536w, https:\/\/club-des-ecureuils.fr\/wp-content\/uploads\/2024\/05\/Nouveau-logo-2048x2048.png 2048w, https:\/\/club-des-ecureuils.fr\/wp-content\/uploads\/2024\/05\/Nouveau-logo-100x100.png 100w\" sizes=\"auto, (max-width: 767px) 89vw, (max-width: 1000px) 54vw, (max-width: 1071px) 543px, 580px\" \/><\/a><\/figure>\n<\/div>\n\n\n<p><\/p>\n\n\n\n<p><\/p>\n\n\n\n<p><\/p>\n","protected":false},"excerpt":{"rendered":"<p>Carabat&rsquo;Souk &#8211; Horaires &#8211; Actualit\u00e9s&#8211; Phototh\u00e8que &#8211; Vid\u00e9oth\u00e8que Inscription saison 2025-2026 en ligne et UNIQUEMENT par CB : { const dataHeight = e.data.height; const haWidgetElement = document.getElementById(&lsquo;haWidget&rsquo;); haWidgetElement.height = dataHeight + &lsquo;px&rsquo;; } )\u00a0\u00bb &gt;Carabat&rsquo;Souk est une batucada, un groupe de percussions br\u00e9siliennes \u00e0 Marcheprime. Apr\u00e8s 10 ans d&rsquo;existences riches en musiques, le groupe compos\u00e9 &hellip; <\/p>\n<p class=\"link-more\"><a href=\"https:\/\/club-des-ecureuils.fr\/?page_id=33\" class=\"more-link\">Continuer la lecture<span class=\"screen-reader-text\"> de &laquo;&nbsp;Batucada, Carabat&rsquo;Souk&nbsp;&raquo;<\/span><\/a><\/p>\n","protected":false},"author":1,"featured_media":0,"parent":28,"menu_order":1,"comment_status":"closed","ping_status":"closed","template":"","meta":{"footnotes":""},"class_list":["post-33","page","type-page","status-publish","hentry"],"_links":{"self":[{"href":"https:\/\/club-des-ecureuils.fr\/index.php?rest_route=\/wp\/v2\/pages\/33","targetHints":{"allow":["GET"]}}],"collection":[{"href":"https:\/\/club-des-ecureuils.fr\/index.php?rest_route=\/wp\/v2\/pages"}],"about":[{"href":"https:\/\/club-des-ecureuils.fr\/index.php?rest_route=\/wp\/v2\/types\/page"}],"author":[{"embeddable":true,"href":"https:\/\/club-des-ecureuils.fr\/index.php?rest_route=\/wp\/v2\/users\/1"}],"replies":[{"embeddable":true,"href":"https:\/\/club-des-ecureuils.fr\/index.php?rest_route=%2Fwp%2Fv2%2Fcomments&post=33"}],"version-history":[{"count":76,"href":"https:\/\/club-des-ecureuils.fr\/index.php?rest_route=\/wp\/v2\/pages\/33\/revisions"}],"predecessor-version":[{"id":7049,"href":"https:\/\/club-des-ecureuils.fr\/index.php?rest_route=\/wp\/v2\/pages\/33\/revisions\/7049"}],"up":[{"embeddable":true,"href":"https:\/\/club-des-ecureuils.fr\/index.php?rest_route=\/wp\/v2\/pages\/28"}],"wp:attachment":[{"href":"https:\/\/club-des-ecureuils.fr\/index.php?rest_route=%2Fwp%2Fv2%2Fmedia&parent=33"}],"curies":[{"name":"wp","href":"https:\/\/api.w.org\/{rel}","templated":true}]}}