{"id":3532,"date":"2017-10-27T09:25:28","date_gmt":"2017-10-27T09:25:28","guid":{"rendered":"http:\/\/club-des-ecureuils.fr\/?page_id=3532"},"modified":"2024-07-21T09:52:34","modified_gmt":"2024-07-21T09:52:34","slug":"horaires-et-tarifs-theatre","status":"publish","type":"page","link":"https:\/\/club-des-ecureuils.fr\/?page_id=3532","title":{"rendered":"Horaires et Tarifs Th\u00e9\u00e2tre"},"content":{"rendered":"<p style=\"text-align: center;\"><a href=\"https:\/\/club-des-ecureuils.fr\/?page_id=3530\">Th\u00e9\u00e2tre<\/a>\u00a0\u2013\u00a0<a href=\"https:\/\/club-des-ecureuils.fr\/?page_id=3532\">Horaires<\/a>\u00a0\u2013\u00a0<a href=\"https:\/\/club-des-ecureuils.fr\/?page_id=3534\">Actualit\u00e9s<\/a>\u00a0\u2013\u00a0<a href=\"https:\/\/club-des-ecureuils.fr\/?page_id=3536\">Phototh\u00e8que<\/a>\u00a0\u2013\u00a0<a href=\"https:\/\/club-des-ecureuils.fr\/?page_id=3538\">Vid\u00e9oth\u00e8que<br \/><\/a><\/p>\n<p><span style=\"color: #008080;\"><strong>Cours adultes:\u00a0<\/strong><\/span><\/p>\n<p>Mercredi de 20h30 \u00e0 23h \u00a0 \u00a0<em><strong> 2 all\u00e9e de REGANEAU<\/strong><strong><br \/><\/strong><\/em><\/p>\n<p>Cotisation 210 euros \u00e0 l&rsquo;ann\u00e9e<\/p>\n<p><strong><span style=\"color: #008080;\">Cours enfants:<\/span><\/strong><\/p>\n<p>Mercredi de 16h00 \u00e0 17h00\u00a0\u00a0<em><strong> Ecole Sainte Anne, Avenue L\u00e9on DELAGRANGE<br \/><\/strong><\/em><\/p>\n<p>Cotisation 145 euros \u00e0 l&rsquo;ann\u00e9e<\/p>\n<p><strong><span style=\"color: #008080;\">Cours adolescents:<\/span><\/strong><\/p>\n<p>Mercredi de 17h00 \u00e0 18h30 <em><strong>Ecole Sainte Anne, Avenue L\u00e9on DELAGRANGE<br \/><\/strong><\/em><\/p>\n<p>Cotisation 160 euros \u00e0 l &lsquo;ann\u00e9e<\/p>\n\n\n<p><\/p>\n","protected":false},"excerpt":{"rendered":"<p>Th\u00e9\u00e2tre\u00a0\u2013\u00a0Horaires\u00a0\u2013\u00a0Actualit\u00e9s\u00a0\u2013\u00a0Phototh\u00e8que\u00a0\u2013\u00a0Vid\u00e9oth\u00e8que Cours adultes:\u00a0 Mercredi de 20h30 \u00e0 23h \u00a0 \u00a0 2 all\u00e9e de REGANEAU Cotisation 210 euros \u00e0 l&rsquo;ann\u00e9e Cours enfants: Mercredi de 16h00 \u00e0 17h00\u00a0\u00a0 Ecole Sainte Anne, Avenue L\u00e9on DELAGRANGE Cotisation 145 euros \u00e0 l&rsquo;ann\u00e9e Cours adolescents: Mercredi de 17h00 \u00e0 18h30 Ecole Sainte Anne, Avenue L\u00e9on DELAGRANGE Cotisation 160 euros \u00e0 l &hellip; <\/p>\n<p class=\"link-more\"><a href=\"https:\/\/club-des-ecureuils.fr\/?page_id=3532\" class=\"more-link\">Continuer la lecture<span class=\"screen-reader-text\"> de &laquo;&nbsp;Horaires et Tarifs Th\u00e9\u00e2tre&nbsp;&raquo;<\/span><\/a><\/p>\n","protected":false},"author":1,"featured_media":0,"parent":3530,"menu_order":1,"comment_status":"closed","ping_status":"closed","template":"","meta":{"footnotes":""},"class_list":["post-3532","page","type-page","status-publish","hentry"],"_links":{"self":[{"href":"https:\/\/club-des-ecureuils.fr\/index.php?rest_route=\/wp\/v2\/pages\/3532","targetHints":{"allow":["GET"]}}],"collection":[{"href":"https:\/\/club-des-ecureuils.fr\/index.php?rest_route=\/wp\/v2\/pages"}],"about":[{"href":"https:\/\/club-des-ecureuils.fr\/index.php?rest_route=\/wp\/v2\/types\/page"}],"author":[{"embeddable":true,"href":"https:\/\/club-des-ecureuils.fr\/index.php?rest_route=\/wp\/v2\/users\/1"}],"replies":[{"embeddable":true,"href":"https:\/\/club-des-ecureuils.fr\/index.php?rest_route=%2Fwp%2Fv2%2Fcomments&post=3532"}],"version-history":[{"count":14,"href":"https:\/\/club-des-ecureuils.fr\/index.php?rest_route=\/wp\/v2\/pages\/3532\/revisions"}],"predecessor-version":[{"id":6100,"href":"https:\/\/club-des-ecureuils.fr\/index.php?rest_route=\/wp\/v2\/pages\/3532\/revisions\/6100"}],"up":[{"embeddable":true,"href":"https:\/\/club-des-ecureuils.fr\/index.php?rest_route=\/wp\/v2\/pages\/3530"}],"wp:attachment":[{"href":"https:\/\/club-des-ecureuils.fr\/index.php?rest_route=%2Fwp%2Fv2%2Fmedia&parent=3532"}],"curies":[{"name":"wp","href":"https:\/\/api.w.org\/{rel}","templated":true}]}}