{"id":3534,"date":"2017-10-27T09:26:32","date_gmt":"2017-10-27T09:26:32","guid":{"rendered":"http:\/\/club-des-ecureuils.fr\/?page_id=3534"},"modified":"2023-05-01T07:05:56","modified_gmt":"2023-05-01T07:05:56","slug":"actualites-theatre","status":"publish","type":"page","link":"https:\/\/club-des-ecureuils.fr\/?page_id=3534","title":{"rendered":"Actualit\u00e9s Th\u00e9\u00e2tre"},"content":{"rendered":"<p style=\"text-align: center;\"><a href=\"https:\/\/club-des-ecureuils.fr\/?page_id=3530\">Th\u00e9\u00e2tre<\/a>\u00a0\u2013\u00a0<a href=\"https:\/\/club-des-ecureuils.fr\/?page_id=3532\">Horaires<\/a>\u00a0\u2013\u00a0<a href=\"https:\/\/club-des-ecureuils.fr\/?page_id=3534\">Actualit\u00e9s<\/a>\u00a0\u2013\u00a0<a href=\"https:\/\/club-des-ecureuils.fr\/?page_id=3536\">Phototh\u00e8que<\/a>\u00a0\u2013\u00a0<a href=\"https:\/\/club-des-ecureuils.fr\/?page_id=3538\">Vid\u00e9oth\u00e8que<\/a><\/p>\n<p>SOIREE THEATRE<\/p>\n<p>\u00a0<\/p>\n\n\n<figure class=\"wp-block-image size-full\"><a href=\"https:\/\/club-des-ecureuils.fr\/wp-content\/uploads\/2023\/05\/soiree-theatre-mai-2023.jpg\"><img loading=\"lazy\" decoding=\"async\" width=\"683\" height=\"1024\" src=\"https:\/\/club-des-ecureuils.fr\/wp-content\/uploads\/2023\/05\/soiree-theatre-mai-2023.jpg\" alt=\"\" class=\"wp-image-5318\" srcset=\"https:\/\/club-des-ecureuils.fr\/wp-content\/uploads\/2023\/05\/soiree-theatre-mai-2023.jpg 683w, https:\/\/club-des-ecureuils.fr\/wp-content\/uploads\/2023\/05\/soiree-theatre-mai-2023-200x300.jpg 200w\" sizes=\"auto, (max-width: 683px) 100vw, 683px\" \/><\/a><\/figure>\n","protected":false},"excerpt":{"rendered":"<p>Th\u00e9\u00e2tre\u00a0\u2013\u00a0Horaires\u00a0\u2013\u00a0Actualit\u00e9s\u00a0\u2013\u00a0Phototh\u00e8que\u00a0\u2013\u00a0Vid\u00e9oth\u00e8que SOIREE THEATRE \u00a0<\/p>\n","protected":false},"author":1,"featured_media":0,"parent":3530,"menu_order":2,"comment_status":"closed","ping_status":"closed","template":"","meta":{"footnotes":""},"class_list":["post-3534","page","type-page","status-publish","hentry"],"_links":{"self":[{"href":"https:\/\/club-des-ecureuils.fr\/index.php?rest_route=\/wp\/v2\/pages\/3534","targetHints":{"allow":["GET"]}}],"collection":[{"href":"https:\/\/club-des-ecureuils.fr\/index.php?rest_route=\/wp\/v2\/pages"}],"about":[{"href":"https:\/\/club-des-ecureuils.fr\/index.php?rest_route=\/wp\/v2\/types\/page"}],"author":[{"embeddable":true,"href":"https:\/\/club-des-ecureuils.fr\/index.php?rest_route=\/wp\/v2\/users\/1"}],"replies":[{"embeddable":true,"href":"https:\/\/club-des-ecureuils.fr\/index.php?rest_route=%2Fwp%2Fv2%2Fcomments&post=3534"}],"version-history":[{"count":6,"href":"https:\/\/club-des-ecureuils.fr\/index.php?rest_route=\/wp\/v2\/pages\/3534\/revisions"}],"predecessor-version":[{"id":5323,"href":"https:\/\/club-des-ecureuils.fr\/index.php?rest_route=\/wp\/v2\/pages\/3534\/revisions\/5323"}],"up":[{"embeddable":true,"href":"https:\/\/club-des-ecureuils.fr\/index.php?rest_route=\/wp\/v2\/pages\/3530"}],"wp:attachment":[{"href":"https:\/\/club-des-ecureuils.fr\/index.php?rest_route=%2Fwp%2Fv2%2Fmedia&parent=3534"}],"curies":[{"name":"wp","href":"https:\/\/api.w.org\/{rel}","templated":true}]}}