{"id":3538,"date":"2017-10-27T09:30:42","date_gmt":"2017-10-27T09:30:42","guid":{"rendered":"http:\/\/club-des-ecureuils.fr\/?page_id=3538"},"modified":"2023-09-12T13:40:35","modified_gmt":"2023-09-12T13:40:35","slug":"videotheque-theatre","status":"publish","type":"page","link":"https:\/\/club-des-ecureuils.fr\/?page_id=3538","title":{"rendered":"Vid\u00e9oth\u00e8que Th\u00e9\u00e2tre"},"content":{"rendered":"<p style=\"text-align: center;\"><a href=\"https:\/\/club-des-ecureuils.fr\/?page_id=3530\">Th\u00e9\u00e2tre<\/a>\u00a0\u2013\u00a0<a href=\"https:\/\/club-des-ecureuils.fr\/?page_id=3532\">Horaires<\/a>\u00a0\u2013\u00a0<a href=\"https:\/\/club-des-ecureuils.fr\/?page_id=3534\">Actualit\u00e9s<\/a>\u00a0\u2013\u00a0<a href=\"https:\/\/club-des-ecureuils.fr\/?page_id=3536\">Phototh\u00e8que<\/a>\u00a0\u2013\u00a0<a href=\"https:\/\/club-des-ecureuils.fr\/?page_id=3538\">Vid\u00e9<\/a><a href=\"https:\/\/club-des-ecureuils.fr\/?page_id=3538\">oth\u00e8<\/a><a href=\"https:\/\/club-des-ecureuils.fr\/?page_id=3538\">que<\/a>\u00a0&#8211; <a href=\"https:\/\/club-des-ecureuils.fr\/?page_id=3966\">Spectacles<\/a><\/p>\n<p style=\"text-align: center;\">\u00a0<\/p>\n\n\n<div class=\"wp-block-media-text alignwide\"><figure class=\"wp-block-media-text__media\"><video controls src=\"https:\/\/club-des-ecureuils.fr\/wp-content\/uploads\/2020\/04\/VID-20190630-WA00011.mp4\"><\/video><\/figure><div class=\"wp-block-media-text__content\">\n\n<p class=\"has-background has-text-align-center has-medium-font-size has-pale-cyan-blue-background-color\"><em>Extrait spectacle enfants juin 2019<\/em><\/p>\n\n<\/div><\/div>\n\n\n\n<h3 class=\"wp-block-heading has-text-align-center has-vivid-green-cyan-color has-text-color\"><em>Extrait spectacle adultes juin 2019<\/em><\/h3>\n\n\n\n<figure class=\"wp-block-video\"><video height=\"352\" style=\"aspect-ratio: 640 \/ 352;\" width=\"640\" controls src=\"https:\/\/club-des-ecureuils.fr\/wp-content\/uploads\/2020\/04\/VID-20190630-WA00021.mp4\"><\/video><figcaption class=\"wp-element-caption\">Noel chez les parents interpr\u00e9t\u00e9 par Karine et Jo\u00eblle <\/figcaption><\/figure>\n\n\n\n<div class=\"wp-block-media-text alignwide\"><figure class=\"wp-block-media-text__media\"><video controls src=\"https:\/\/club-des-ecureuils.fr\/wp-content\/uploads\/2020\/04\/VID-20190630-WA00001.mp4\"><\/video><\/figure><div class=\"wp-block-media-text__content\">\n\n<div class=\"wp-block-group alignfull\"><div class=\"wp-block-group__inner-container is-layout-flow wp-block-group-is-layout-flow\">\n\n<p class=\"has-text-color has-background has-medium-font-size has-very-dark-gray-color has-cyan-bluish-gray-background-color\"><em>La patrouille sous-marine<\/em><\/p>\n\n<\/div><\/div>\n\n<\/div><\/div>\n","protected":false},"excerpt":{"rendered":"<p>Th\u00e9\u00e2tre\u00a0\u2013\u00a0Horaires\u00a0\u2013\u00a0Actualit\u00e9s\u00a0\u2013\u00a0Phototh\u00e8que\u00a0\u2013\u00a0Vid\u00e9oth\u00e8que\u00a0&#8211; Spectacles \u00a0 Extrait spectacle enfants juin 2019 Extrait spectacle adultes juin 2019<\/p>\n","protected":false},"author":1,"featured_media":0,"parent":3530,"menu_order":4,"comment_status":"closed","ping_status":"closed","template":"","meta":{"footnotes":""},"class_list":["post-3538","page","type-page","status-publish","hentry"],"_links":{"self":[{"href":"https:\/\/club-des-ecureuils.fr\/index.php?rest_route=\/wp\/v2\/pages\/3538","targetHints":{"allow":["GET"]}}],"collection":[{"href":"https:\/\/club-des-ecureuils.fr\/index.php?rest_route=\/wp\/v2\/pages"}],"about":[{"href":"https:\/\/club-des-ecureuils.fr\/index.php?rest_route=\/wp\/v2\/types\/page"}],"author":[{"embeddable":true,"href":"https:\/\/club-des-ecureuils.fr\/index.php?rest_route=\/wp\/v2\/users\/1"}],"replies":[{"embeddable":true,"href":"https:\/\/club-des-ecureuils.fr\/index.php?rest_route=%2Fwp%2Fv2%2Fcomments&post=3538"}],"version-history":[{"count":14,"href":"https:\/\/club-des-ecureuils.fr\/index.php?rest_route=\/wp\/v2\/pages\/3538\/revisions"}],"predecessor-version":[{"id":5548,"href":"https:\/\/club-des-ecureuils.fr\/index.php?rest_route=\/wp\/v2\/pages\/3538\/revisions\/5548"}],"up":[{"embeddable":true,"href":"https:\/\/club-des-ecureuils.fr\/index.php?rest_route=\/wp\/v2\/pages\/3530"}],"wp:attachment":[{"href":"https:\/\/club-des-ecureuils.fr\/index.php?rest_route=%2Fwp%2Fv2%2Fmedia&parent=3538"}],"curies":[{"name":"wp","href":"https:\/\/api.w.org\/{rel}","templated":true}]}}