{"id":40,"date":"2015-08-24T19:18:42","date_gmt":"2015-08-24T19:18:42","guid":{"rendered":"http:\/\/club-des-ecureuils.fr\/?page_id=40"},"modified":"2025-08-28T13:16:30","modified_gmt":"2025-08-28T13:16:30","slug":"horaires-2","status":"publish","type":"page","link":"https:\/\/club-des-ecureuils.fr\/?page_id=40","title":{"rendered":"Horaires Batucada"},"content":{"rendered":"\n<p class=\"has-text-align-center\"><a href=\"https:\/\/club-des-ecureuils.fr\/?page_id=33\">Carabat&rsquo;Souk<\/a> &#8211; <a href=\"https:\/\/club-des-ecureuils.fr\/?page_id=40\">Horaires<\/a> &#8211; <a href=\"https:\/\/club-des-ecureuils.fr\/?page_id=117\">Actualit\u00e9s<\/a> &#8211; <a href=\"https:\/\/club-des-ecureuils.fr\/?page_id=137\">Phototh\u00e8que<\/a> &#8211; <a href=\"https:\/\/club-des-ecureuils.fr\/?page_id=48\">Vid\u00e9oth\u00e8que<\/a><\/p>\n\n\n\n<figure class=\"wp-block-image size-large\"><a href=\"https:\/\/club-des-ecureuils.fr\/wp-content\/uploads\/2025\/08\/Composition-batuc-horaire.jpg\"><img loading=\"lazy\" decoding=\"async\" width=\"1024\" height=\"724\" src=\"https:\/\/club-des-ecureuils.fr\/wp-content\/uploads\/2025\/08\/Composition-batuc-horaire-1024x724.jpg\" alt=\"\" class=\"wp-image-6505\" srcset=\"https:\/\/club-des-ecureuils.fr\/wp-content\/uploads\/2025\/08\/Composition-batuc-horaire-1024x724.jpg 1024w, https:\/\/club-des-ecureuils.fr\/wp-content\/uploads\/2025\/08\/Composition-batuc-horaire-300x212.jpg 300w, https:\/\/club-des-ecureuils.fr\/wp-content\/uploads\/2025\/08\/Composition-batuc-horaire-768x543.jpg 768w, https:\/\/club-des-ecureuils.fr\/wp-content\/uploads\/2025\/08\/Composition-batuc-horaire-1536x1086.jpg 1536w, https:\/\/club-des-ecureuils.fr\/wp-content\/uploads\/2025\/08\/Composition-batuc-horaire.jpg 1754w\" sizes=\"auto, (max-width: 767px) 89vw, (max-width: 1000px) 54vw, (max-width: 1071px) 543px, 580px\" \/><\/a><\/figure>\n\n\n\n<figure class=\"wp-block-gallery has-nested-images columns-default is-cropped wp-block-gallery-1 is-layout-flex wp-block-gallery-is-layout-flex\"><\/figure>\n\n\n\n<figure class=\"wp-block-image size-large is-resized\"><a href=\"https:\/\/club-des-ecureuils.fr\/wp-content\/uploads\/2023\/10\/AFFICHES-PRESTAS.png\"><img loading=\"lazy\" decoding=\"async\" width=\"1024\" height=\"985\" src=\"https:\/\/club-des-ecureuils.fr\/wp-content\/uploads\/2023\/10\/AFFICHES-PRESTAS-1024x985.png\" alt=\"\" class=\"wp-image-5638\" style=\"aspect-ratio:1.0395939086294417;width:674px;height:auto\" srcset=\"https:\/\/club-des-ecureuils.fr\/wp-content\/uploads\/2023\/10\/AFFICHES-PRESTAS-1024x985.png 1024w, https:\/\/club-des-ecureuils.fr\/wp-content\/uploads\/2023\/10\/AFFICHES-PRESTAS-300x289.png 300w, https:\/\/club-des-ecureuils.fr\/wp-content\/uploads\/2023\/10\/AFFICHES-PRESTAS-768x739.png 768w, https:\/\/club-des-ecureuils.fr\/wp-content\/uploads\/2023\/10\/AFFICHES-PRESTAS.png 1414w\" sizes=\"auto, (max-width: 767px) 89vw, (max-width: 1000px) 54vw, (max-width: 1071px) 543px, 580px\" \/><\/a><\/figure>\n\n\n\n<figure class=\"wp-block-gallery has-nested-images columns-default is-cropped wp-block-gallery-2 is-layout-flex wp-block-gallery-is-layout-flex\">\n<figure class=\"wp-block-image size-large\"><a href=\"https:\/\/club-des-ecureuils.fr\/wp-content\/uploads\/2024\/02\/Affiche.jpg\"><img loading=\"lazy\" decoding=\"async\" width=\"977\" height=\"953\" data-id=\"5916\" src=\"https:\/\/club-des-ecureuils.fr\/wp-content\/uploads\/2024\/02\/Affiche.jpg\" alt=\"\" class=\"wp-image-5916\" srcset=\"https:\/\/club-des-ecureuils.fr\/wp-content\/uploads\/2024\/02\/Affiche.jpg 977w, https:\/\/club-des-ecureuils.fr\/wp-content\/uploads\/2024\/02\/Affiche-300x293.jpg 300w, https:\/\/club-des-ecureuils.fr\/wp-content\/uploads\/2024\/02\/Affiche-768x749.jpg 768w\" sizes=\"auto, (max-width: 767px) 89vw, (max-width: 1000px) 54vw, (max-width: 1071px) 543px, 580px\" \/><\/a><\/figure>\n\n\n\n<figure class=\"wp-block-image size-large\"><a href=\"https:\/\/club-des-ecureuils.fr\/wp-content\/uploads\/2024\/02\/Affiche.png\"><img loading=\"lazy\" decoding=\"async\" width=\"721\" height=\"1024\" data-id=\"5917\" src=\"https:\/\/club-des-ecureuils.fr\/wp-content\/uploads\/2024\/02\/Affiche-721x1024.png\" alt=\"\" class=\"wp-image-5917\" srcset=\"https:\/\/club-des-ecureuils.fr\/wp-content\/uploads\/2024\/02\/Affiche-721x1024.png 721w, https:\/\/club-des-ecureuils.fr\/wp-content\/uploads\/2024\/02\/Affiche-211x300.png 211w, https:\/\/club-des-ecureuils.fr\/wp-content\/uploads\/2024\/02\/Affiche-768x1090.png 768w, https:\/\/club-des-ecureuils.fr\/wp-content\/uploads\/2024\/02\/Affiche-1082x1536.png 1082w, https:\/\/club-des-ecureuils.fr\/wp-content\/uploads\/2024\/02\/Affiche-1443x2048.png 1443w, https:\/\/club-des-ecureuils.fr\/wp-content\/uploads\/2024\/02\/Affiche.png 1648w\" sizes=\"auto, (max-width: 721px) 100vw, 721px\" \/><\/a><\/figure>\n\n\n\n<figure class=\"wp-block-image size-large\"><a href=\"https:\/\/club-des-ecureuils.fr\/wp-content\/uploads\/2024\/05\/Affiche.png\"><img loading=\"lazy\" decoding=\"async\" width=\"694\" height=\"1024\" data-id=\"5967\" src=\"https:\/\/club-des-ecureuils.fr\/wp-content\/uploads\/2024\/05\/Affiche-694x1024.png\" alt=\"\" class=\"wp-image-5967\" srcset=\"https:\/\/club-des-ecureuils.fr\/wp-content\/uploads\/2024\/05\/Affiche-694x1024.png 694w, https:\/\/club-des-ecureuils.fr\/wp-content\/uploads\/2024\/05\/Affiche-203x300.png 203w, https:\/\/club-des-ecureuils.fr\/wp-content\/uploads\/2024\/05\/Affiche-768x1134.png 768w, https:\/\/club-des-ecureuils.fr\/wp-content\/uploads\/2024\/05\/Affiche.png 813w\" sizes=\"auto, (max-width: 694px) 100vw, 694px\" \/><\/a><\/figure>\n\n\n\n<figure class=\"wp-block-image size-large\"><a href=\"https:\/\/club-des-ecureuils.fr\/wp-content\/uploads\/2024\/05\/Affiche.jpg\"><img loading=\"lazy\" decoding=\"async\" width=\"731\" height=\"1024\" data-id=\"5970\" src=\"https:\/\/club-des-ecureuils.fr\/wp-content\/uploads\/2024\/05\/Affiche-731x1024.jpg\" alt=\"\" class=\"wp-image-5970\" srcset=\"https:\/\/club-des-ecureuils.fr\/wp-content\/uploads\/2024\/05\/Affiche-731x1024.jpg 731w, https:\/\/club-des-ecureuils.fr\/wp-content\/uploads\/2024\/05\/Affiche-214x300.jpg 214w, https:\/\/club-des-ecureuils.fr\/wp-content\/uploads\/2024\/05\/Affiche-768x1076.jpg 768w, https:\/\/club-des-ecureuils.fr\/wp-content\/uploads\/2024\/05\/Affiche-1097x1536.jpg 1097w, https:\/\/club-des-ecureuils.fr\/wp-content\/uploads\/2024\/05\/Affiche-1462x2048.jpg 1462w, https:\/\/club-des-ecureuils.fr\/wp-content\/uploads\/2024\/05\/Affiche.jpg 1828w\" sizes=\"auto, (max-width: 731px) 100vw, 731px\" \/><\/a><\/figure>\n\n\n\n<figure class=\"wp-block-image size-large\"><a href=\"https:\/\/club-des-ecureuils.fr\/wp-content\/uploads\/2024\/05\/Flyer-journee-harcelement.png\"><img loading=\"lazy\" decoding=\"async\" width=\"724\" height=\"1024\" data-id=\"5972\" src=\"https:\/\/club-des-ecureuils.fr\/wp-content\/uploads\/2024\/05\/Flyer-journee-harcelement-724x1024.png\" alt=\"\" class=\"wp-image-5972\" srcset=\"https:\/\/club-des-ecureuils.fr\/wp-content\/uploads\/2024\/05\/Flyer-journee-harcelement-724x1024.png 724w, https:\/\/club-des-ecureuils.fr\/wp-content\/uploads\/2024\/05\/Flyer-journee-harcelement-212x300.png 212w, https:\/\/club-des-ecureuils.fr\/wp-content\/uploads\/2024\/05\/Flyer-journee-harcelement-768x1086.png 768w, https:\/\/club-des-ecureuils.fr\/wp-content\/uploads\/2024\/05\/Flyer-journee-harcelement-1086x1536.png 1086w, https:\/\/club-des-ecureuils.fr\/wp-content\/uploads\/2024\/05\/Flyer-journee-harcelement-1448x2048.png 1448w, https:\/\/club-des-ecureuils.fr\/wp-content\/uploads\/2024\/05\/Flyer-journee-harcelement.png 1654w\" sizes=\"auto, (max-width: 724px) 100vw, 724px\" \/><\/a><\/figure>\n\n\n\n<figure class=\"wp-block-image size-large\"><a href=\"https:\/\/club-des-ecureuils.fr\/wp-content\/uploads\/2024\/05\/Affiche-1.png\"><img loading=\"lazy\" decoding=\"async\" width=\"722\" height=\"1024\" data-id=\"5973\" src=\"https:\/\/club-des-ecureuils.fr\/wp-content\/uploads\/2024\/05\/Affiche-1-722x1024.png\" alt=\"\" class=\"wp-image-5973\" srcset=\"https:\/\/club-des-ecureuils.fr\/wp-content\/uploads\/2024\/05\/Affiche-1-722x1024.png 722w, https:\/\/club-des-ecureuils.fr\/wp-content\/uploads\/2024\/05\/Affiche-1-211x300.png 211w, https:\/\/club-des-ecureuils.fr\/wp-content\/uploads\/2024\/05\/Affiche-1-768x1089.png 768w, https:\/\/club-des-ecureuils.fr\/wp-content\/uploads\/2024\/05\/Affiche-1-1083x1536.png 1083w, https:\/\/club-des-ecureuils.fr\/wp-content\/uploads\/2024\/05\/Affiche-1.png 1166w\" sizes=\"auto, (max-width: 722px) 100vw, 722px\" \/><\/a><\/figure>\n\n\n\n<figure class=\"wp-block-image size-large\"><a href=\"https:\/\/club-des-ecureuils.fr\/wp-content\/uploads\/2024\/05\/1.png\"><img loading=\"lazy\" decoding=\"async\" width=\"724\" height=\"1024\" data-id=\"5974\" src=\"https:\/\/club-des-ecureuils.fr\/wp-content\/uploads\/2024\/05\/1-724x1024.png\" alt=\"\" class=\"wp-image-5974\" srcset=\"https:\/\/club-des-ecureuils.fr\/wp-content\/uploads\/2024\/05\/1-724x1024.png 724w, https:\/\/club-des-ecureuils.fr\/wp-content\/uploads\/2024\/05\/1-212x300.png 212w, https:\/\/club-des-ecureuils.fr\/wp-content\/uploads\/2024\/05\/1-768x1086.png 768w, https:\/\/club-des-ecureuils.fr\/wp-content\/uploads\/2024\/05\/1-1086x1536.png 1086w, https:\/\/club-des-ecureuils.fr\/wp-content\/uploads\/2024\/05\/1.png 1414w\" sizes=\"auto, (max-width: 724px) 100vw, 724px\" \/><\/a><\/figure>\n\n\n\n<figure class=\"wp-block-image size-large\"><a href=\"https:\/\/club-des-ecureuils.fr\/wp-content\/uploads\/2024\/05\/Affiche-1.jpg\"><img loading=\"lazy\" decoding=\"async\" width=\"724\" height=\"1024\" data-id=\"5975\" src=\"https:\/\/club-des-ecureuils.fr\/wp-content\/uploads\/2024\/05\/Affiche-1-724x1024.jpg\" alt=\"\" class=\"wp-image-5975\" srcset=\"https:\/\/club-des-ecureuils.fr\/wp-content\/uploads\/2024\/05\/Affiche-1-724x1024.jpg 724w, https:\/\/club-des-ecureuils.fr\/wp-content\/uploads\/2024\/05\/Affiche-1-212x300.jpg 212w, https:\/\/club-des-ecureuils.fr\/wp-content\/uploads\/2024\/05\/Affiche-1-768x1086.jpg 768w, https:\/\/club-des-ecureuils.fr\/wp-content\/uploads\/2024\/05\/Affiche-1-1087x1536.jpg 1087w, https:\/\/club-des-ecureuils.fr\/wp-content\/uploads\/2024\/05\/Affiche-1-1449x2048.jpg 1449w, https:\/\/club-des-ecureuils.fr\/wp-content\/uploads\/2024\/05\/Affiche-1.jpg 1755w\" sizes=\"auto, (max-width: 724px) 100vw, 724px\" \/><\/a><\/figure>\n<\/figure>\n","protected":false},"excerpt":{"rendered":"<p>Carabat&rsquo;Souk &#8211; Horaires &#8211; Actualit\u00e9s &#8211; Phototh\u00e8que &#8211; Vid\u00e9oth\u00e8que<\/p>\n","protected":false},"author":1,"featured_media":0,"parent":33,"menu_order":1,"comment_status":"closed","ping_status":"closed","template":"","meta":{"footnotes":""},"class_list":["post-40","page","type-page","status-publish","hentry"],"_links":{"self":[{"href":"https:\/\/club-des-ecureuils.fr\/index.php?rest_route=\/wp\/v2\/pages\/40","targetHints":{"allow":["GET"]}}],"collection":[{"href":"https:\/\/club-des-ecureuils.fr\/index.php?rest_route=\/wp\/v2\/pages"}],"about":[{"href":"https:\/\/club-des-ecureuils.fr\/index.php?rest_route=\/wp\/v2\/types\/page"}],"author":[{"embeddable":true,"href":"https:\/\/club-des-ecureuils.fr\/index.php?rest_route=\/wp\/v2\/users\/1"}],"replies":[{"embeddable":true,"href":"https:\/\/club-des-ecureuils.fr\/index.php?rest_route=%2Fwp%2Fv2%2Fcomments&post=40"}],"version-history":[{"count":28,"href":"https:\/\/club-des-ecureuils.fr\/index.php?rest_route=\/wp\/v2\/pages\/40\/revisions"}],"predecessor-version":[{"id":6506,"href":"https:\/\/club-des-ecureuils.fr\/index.php?rest_route=\/wp\/v2\/pages\/40\/revisions\/6506"}],"up":[{"embeddable":true,"href":"https:\/\/club-des-ecureuils.fr\/index.php?rest_route=\/wp\/v2\/pages\/33"}],"wp:attachment":[{"href":"https:\/\/club-des-ecureuils.fr\/index.php?rest_route=%2Fwp%2Fv2%2Fmedia&parent=40"}],"curies":[{"name":"wp","href":"https:\/\/api.w.org\/{rel}","templated":true}]}}