{"id":404,"date":"2015-08-25T09:25:58","date_gmt":"2015-08-25T09:25:58","guid":{"rendered":"http:\/\/club-des-ecureuils.fr\/?page_id=404"},"modified":"2025-10-25T14:44:04","modified_gmt":"2025-10-25T14:44:04","slug":"conseil-dadministration","status":"publish","type":"page","link":"https:\/\/club-des-ecureuils.fr\/?page_id=404","title":{"rendered":"Bureau et Conseil d&rsquo;Administration"},"content":{"rendered":"<p style=\"padding-left: 30px;\"><a href=\"https:\/\/club-des-ecureuils.fr\/?attachment_id=4350\" rel=\"attachment wp-att-4350\"><img loading=\"lazy\" decoding=\"async\" class=\" wp-image-4350 alignleft\" src=\"https:\/\/club-des-ecureuils.fr\/wp-content\/uploads\/2020\/02\/Logo-Club-ecureuils-rect-blanc-e1581092759421.jpg\" alt=\"\" width=\"60\" height=\"74\" \/><\/a><\/p>\n<h5 style=\"text-align: center;\"><span style=\"color: #0000ff;\"><strong><a style=\"color: #0000ff;\" href=\"https:\/\/club-des-ecureuils.fr\/?page_id=13\">Club<\/a> &#8211; <a style=\"color: #0000ff;\" href=\"https:\/\/club-des-ecureuils.fr\/?page_id=230\">Inscriptions<\/a> &#8211; <a style=\"color: #0000ff;\" href=\"https:\/\/club-des-ecureuils.fr\/?page_id=15\">Organigramme<\/a> &#8211; <a style=\"color: #0000ff;\" href=\"https:\/\/club-des-ecureuils.fr\/?page_id=21\">Statuts<\/a> &#8211;\u00a0<a style=\"color: #0000ff;\" href=\"https:\/\/club-des-ecureuils.fr\/?page_id=23\">R\u00e8glement<\/a><\/strong><\/span><\/h5>\n<h5 style=\"text-align: center;\"><span style=\"color: #0000ff;\"><strong><a style=\"color: #0000ff;\" href=\"https:\/\/club-des-ecureuils.fr\/?page_id=26\">Charte de bonne conduite<\/a> &#8211; <a style=\"color: #0000ff;\" href=\"https:\/\/club-des-ecureuils.fr\/?page_id=404\">Conseil d&rsquo;Administration<\/a>\u00a0&#8211;\u00a0<\/strong><a style=\"color: #0000ff;\" href=\"https:\/\/club-des-ecureuils.fr\/?page_id=1421\">Assurances<\/a><\/span><\/h5>\n<p><strong>Compte-Rendu Assembl\u00e9es G\u00e9n\u00e9rales et Assembl\u00e9es G\u00e9n\u00e9rales Extraordinaires du COCDE :\u00a0<\/strong><\/p>\n<p style=\"text-align: left;\">La Prochaine Assembl\u00e9e G\u00e9n\u00e9rale pour la saison 2024\/2025 est programm\u00e9e pour le <strong>Vendredi 16 janvier 2026<\/strong><\/p>\n<p><a href=\"https:\/\/club-des-ecureuils.fr\/wp-content\/uploads\/2015\/08\/CR-r\u00e9union-bureau-COCDE-du-27-08-2015.pdf\"><img loading=\"lazy\" decoding=\"async\" class=\"\" src=\"https:\/\/club-des-ecureuils.fr\/wp-content\/uploads\/2015\/08\/PDF.png\" alt=\"PDF\" width=\"30\" height=\"31\" \/><\/a><a href=\"https:\/\/club-des-ecureuils.fr\/wp-content\/uploads\/2015\/08\/AGE-du-COCDE-CR-du-09-juin-2015.pdf\" target=\"_blank\" rel=\"noopener noreferrer\">AGE du COCDE &#8211; CR du 09 juin 2015<\/a><\/p>\n<p><a href=\"https:\/\/club-des-ecureuils.fr\/wp-content\/uploads\/2015\/08\/CR-r\u00e9union-bureau-COCDE-du-27-08-2015.pdf\"><img loading=\"lazy\" decoding=\"async\" class=\"\" src=\"https:\/\/club-des-ecureuils.fr\/wp-content\/uploads\/2015\/08\/PDF.png\" alt=\"PDF\" width=\"30\" height=\"31\" \/><\/a><a href=\"https:\/\/club-des-ecureuils.fr\/wp-content\/uploads\/2015\/08\/AG-2014-2015-Club-Omnisports-et-culturel-des-Ecureuils.pdf\" target=\"_blank\" rel=\"noopener noreferrer\">AG 2014-2015 &#8211; Club Omnisports et culturel des Ecureuils<\/a><\/p>\n<p><a href=\"https:\/\/club-des-ecureuils.fr\/wp-content\/uploads\/2015\/08\/CR-AG-2015-2016-Club-Omnisports-et-culturel-des-Ecureuils.pdf\" target=\"_blank\" rel=\"noopener noreferrer\"><img loading=\"lazy\" decoding=\"async\" class=\"\" src=\"https:\/\/club-des-ecureuils.fr\/wp-content\/uploads\/2015\/08\/PDF.png\" alt=\"PDF\" width=\"30\" height=\"31\" \/>CR AG 2015-2016 &#8211; Club Omnisports et culturel des Ecureuils<\/a><\/p>\n<p><img loading=\"lazy\" decoding=\"async\" class=\"\" src=\"https:\/\/club-des-ecureuils.fr\/wp-content\/uploads\/2015\/08\/PDF.png\" alt=\"PDF\" width=\"30\" height=\"31\" \/><a href=\"https:\/\/club-des-ecureuils.fr\/?attachment_id=3638\" target=\"_blank\" rel=\"attachment noopener wp-att-3638 noreferrer\">AG 2016-2017 &#8211; Club Omnisports et culturel des \u00c9cureuils<\/a><\/p>\n<p><a href=\"https:\/\/club-des-ecureuils.fr\/?attachment_id=3639\" rel=\"attachment wp-att-3639\"><img loading=\"lazy\" decoding=\"async\" class=\"\" src=\"https:\/\/club-des-ecureuils.fr\/wp-content\/uploads\/2015\/08\/PDF.png\" alt=\"PDF\" width=\"30\" height=\"31\" \/>AG 2016-2017 Allocution pr\u00e9sident<\/a>\u00a0 et\u00a0<img loading=\"lazy\" decoding=\"async\" class=\"\" src=\"https:\/\/club-des-ecureuils.fr\/wp-content\/uploads\/2015\/08\/PDF.png\" alt=\"PDF\" width=\"30\" height=\"31\" \/><a href=\"https:\/\/club-des-ecureuils.fr\/?attachment_id=3640\" target=\"_blank\" rel=\"attachment noopener wp-att-3640 noreferrer\">CR AG 2016-2017 du 08-12-17<\/a><\/p>\n<p><a href=\"https:\/\/club-des-ecureuils.fr\/?attachment_id=3639\" rel=\"attachment wp-att-3639\"><img loading=\"lazy\" decoding=\"async\" class=\"\" src=\"https:\/\/club-des-ecureuils.fr\/wp-content\/uploads\/2015\/08\/PDF.png\" alt=\"PDF\" width=\"30\" height=\"31\" \/> <\/a><a href=\"https:\/\/club-des-ecureuils.fr\/?attachment_id=4319\" target=\"_blank\" rel=\"attachment noopener wp-att-4319 noreferrer\">AG 2017-2018- Club Omnisports et culturel des Ecureuils<\/a><\/p>\n<p><a href=\"https:\/\/club-des-ecureuils.fr\/wp-content\/uploads\/2025\/07\/AG-2018-2019-Club-Omnisports-et-culturel-des-Ecureuils.pptx\">AG 2018-2019- Club Omnisports et culturel des Ecureuils<\/a><\/p>\n<p><a href=\"https:\/\/club-des-ecureuils.fr\/?attachment_id=3639\" rel=\"attachment wp-att-3639\"><img loading=\"lazy\" decoding=\"async\" class=\"\" src=\"https:\/\/club-des-ecureuils.fr\/wp-content\/uploads\/2015\/08\/PDF.png\" alt=\"PDF\" width=\"30\" height=\"31\" \/><\/a> <a href=\"https:\/\/club-des-ecureuils.fr\/?attachment_id=4802\" target=\"_blank\" rel=\"attachment noopener wp-att-4802\">CR AG 2019-2020- Club Omnisports et culturel des Ecureuils<\/a><\/p>\n<p>\u00a0 <a href=\"https:\/\/club-des-ecureuils.fr\/?attachment_id=3639\" rel=\"attachment wp-att-3639\"><img loading=\"lazy\" decoding=\"async\" class=\"\" src=\"https:\/\/club-des-ecureuils.fr\/wp-content\/uploads\/2015\/08\/PDF.png\" alt=\"PDF\" width=\"30\" height=\"31\" \/> <\/a><a href=\"https:\/\/club-des-ecureuils.fr\/wp-content\/uploads\/2022\/02\/Definitif-AG-2020-2021-V2-1-2.pdf\">CR -AG-2020-2021-Club omnisports et culturel des Ecureuils<\/a><\/p>\n<p><a href=\"https:\/\/club-des-ecureuils.fr\/?attachment_id=3639\" rel=\"attachment wp-att-3639\"><img loading=\"lazy\" decoding=\"async\" class=\"\" src=\"https:\/\/club-des-ecureuils.fr\/wp-content\/uploads\/2015\/08\/PDF.png\" alt=\"PDF\" width=\"30\" height=\"31\" \/><\/a> <a href=\"https:\/\/club-des-ecureuils.fr\/wp-content\/uploads\/2024\/01\/AG-2021-2022-definitif.pdf\" target=\"_blank\" rel=\"noopener\">CR AG 2021-2022 &#8211; Club Omnisport et Culturel des Ecureuils<\/a><\/p>\n<p><a href=\"https:\/\/club-des-ecureuils.fr\/?attachment_id=3639\" rel=\"attachment wp-att-3639\"><img loading=\"lazy\" decoding=\"async\" class=\"\" src=\"https:\/\/club-des-ecureuils.fr\/wp-content\/uploads\/2015\/08\/PDF.png\" alt=\"PDF\" width=\"30\" height=\"31\" \/><\/a> <a href=\"https:\/\/club-des-ecureuils.fr\/wp-content\/uploads\/2024\/06\/CR-AG-2022-2023-Definitif-signe.pdf\">CR AG 2022-2023 &#8211; Club Omnisport et Culturel des Ecureuils<\/a><\/p>\n<p><a href=\"https:\/\/club-des-ecureuils.fr\/wp-content\/uploads\/2025\/07\/prepa-AG-2023-2024-V1-corrige-NCRF-version-definitive-signee.pdf\">CR AG 2023-2024 &#8211; Club Omnisports et Culturel des Ecureuils<\/a><\/p>\n<p><strong>Compte-Rendu des Conseils d&rsquo;Administration :\u00a0<\/strong><\/p>\n<p>Les dates des r\u00e9unions du <strong>CA COCDE<\/strong> pour l\u2019ann\u00e9e <strong>2026<\/strong>\u00a0seront bient\u00f4t programm\u00e9es :<\/p>\n<p><a href=\"https:\/\/club-des-ecureuils.fr\/wp-content\/uploads\/2015\/08\/PDF.png\"><img loading=\"lazy\" decoding=\"async\" class=\"alignnone wp-image-407\" src=\"https:\/\/club-des-ecureuils.fr\/wp-content\/uploads\/2015\/08\/PDF.png\" alt=\"PDF\" width=\"29\" height=\"30\" \/> <\/a><a href=\"https:\/\/club-des-ecureuils.fr\/?attachment_id=4805\" target=\"_blank\" rel=\"attachment noopener wp-att-4805\">CR r\u00e9union CA COCDE du 02-09-21<\/a><\/p>\n<p><a href=\"https:\/\/club-des-ecureuils.fr\/wp-content\/uploads\/2015\/08\/PDF.png\"><img loading=\"lazy\" decoding=\"async\" class=\"alignnone wp-image-407\" src=\"https:\/\/club-des-ecureuils.fr\/wp-content\/uploads\/2015\/08\/PDF.png\" alt=\"PDF\" width=\"29\" height=\"30\" \/><\/a> <a href=\"https:\/\/club-des-ecureuils.fr\/?attachment_id=4318\" target=\"_blank\" rel=\"attachment noopener wp-att-4318 noreferrer\">CR CA COCDE du 19-06-20.19<\/a><\/p>\n<p><a href=\"https:\/\/club-des-ecureuils.fr\/wp-content\/uploads\/2015\/08\/PDF.png\"><img loading=\"lazy\" decoding=\"async\" class=\"alignnone wp-image-407\" src=\"https:\/\/club-des-ecureuils.fr\/wp-content\/uploads\/2015\/08\/PDF.png\" alt=\"PDF\" width=\"29\" height=\"30\" \/><\/a> <a href=\"https:\/\/club-des-ecureuils.fr\/?attachment_id=4317\" target=\"_blank\" rel=\"attachment noopener wp-att-4317 noreferrer\">CR r\u00e9union CA COCDE du 28-03-19<\/a><\/p>\n<p><a href=\"https:\/\/club-des-ecureuils.fr\/wp-content\/uploads\/2015\/08\/PDF.png\"><img loading=\"lazy\" decoding=\"async\" class=\"alignnone wp-image-407\" src=\"https:\/\/club-des-ecureuils.fr\/wp-content\/uploads\/2015\/08\/PDF.png\" alt=\"PDF\" width=\"29\" height=\"30\" \/><\/a><a href=\"https:\/\/club-des-ecureuils.fr\/?attachment_id=3942\" target=\"_blank\" rel=\"attachment noopener wp-att-3942 noreferrer\">CR CA COCDE du 28-03-18<\/a><\/p>\n<p><a href=\"https:\/\/club-des-ecureuils.fr\/wp-content\/uploads\/2015\/08\/PDF.png\"><img loading=\"lazy\" decoding=\"async\" class=\"alignnone wp-image-407\" src=\"https:\/\/club-des-ecureuils.fr\/wp-content\/uploads\/2015\/08\/PDF.png\" alt=\"PDF\" width=\"29\" height=\"30\" \/><\/a><a href=\"https:\/\/club-des-ecureuils.fr\/?attachment_id=3643\" target=\"_blank\" rel=\"attachment noopener wp-att-3643 noreferrer\">CR CA COCDE du 22-11-17<\/a><\/p>\n<p><a href=\"https:\/\/club-des-ecureuils.fr\/wp-content\/uploads\/2015\/08\/PDF.png\"><img loading=\"lazy\" decoding=\"async\" class=\"alignnone wp-image-407\" src=\"https:\/\/club-des-ecureuils.fr\/wp-content\/uploads\/2015\/08\/PDF.png\" alt=\"PDF\" width=\"29\" height=\"30\" \/><\/a><a href=\"https:\/\/club-des-ecureuils.fr\/?attachment_id=3647\" target=\"_blank\" rel=\"attachment noopener wp-att-3647 noreferrer\">CR CA COCDE du 26-10-2017<\/a><\/p>\n<p><a href=\"https:\/\/club-des-ecureuils.fr\/wp-content\/uploads\/2015\/08\/PDF.png\"><img loading=\"lazy\" decoding=\"async\" class=\"alignnone wp-image-407\" src=\"https:\/\/club-des-ecureuils.fr\/wp-content\/uploads\/2015\/08\/PDF.png\" alt=\"PDF\" width=\"29\" height=\"30\" \/><\/a><a href=\"https:\/\/club-des-ecureuils.fr\/wp-content\/uploads\/2015\/08\/CR-r\u00e9union-CA-COCDE-du-29-03-17.pdf\" target=\"_blank\" rel=\"noopener noreferrer\">CR CA COCDE du 29-03-17<\/a><\/p>\n<p><a href=\"https:\/\/club-des-ecureuils.fr\/wp-content\/uploads\/2015\/08\/PDF.png\"><img loading=\"lazy\" decoding=\"async\" class=\"alignnone wp-image-407\" src=\"https:\/\/club-des-ecureuils.fr\/wp-content\/uploads\/2015\/08\/PDF.png\" alt=\"PDF\" width=\"29\" height=\"30\" \/><\/a><a href=\"https:\/\/club-des-ecureuils.fr\/wp-content\/uploads\/2015\/08\/CR-CA-COCDE-du-17-11-16-Modifi\u00e9.pdf\" target=\"_blank\" rel=\"noopener noreferrer\">CR CA COCDE du 17-11-16-Modifi\u00e9<\/a><\/p>\n<p><a href=\"https:\/\/club-des-ecureuils.fr\/wp-content\/uploads\/2015\/08\/PDF.png\"><img loading=\"lazy\" decoding=\"async\" class=\"alignnone wp-image-407\" src=\"https:\/\/club-des-ecureuils.fr\/wp-content\/uploads\/2015\/08\/PDF.png\" alt=\"PDF\" width=\"29\" height=\"30\" \/><\/a><a href=\"https:\/\/club-des-ecureuils.fr\/wp-content\/uploads\/2015\/08\/CR-re\u0301union-CA-COCDE-du-29-06-16-1.pdf\" target=\"_blank\" rel=\"noopener noreferrer\">CR re\u0301union CA COCDE du 29-06-16<\/a><\/p>\n<p><a href=\"https:\/\/club-des-ecureuils.fr\/wp-content\/uploads\/2015\/08\/PDF.png\"><img loading=\"lazy\" decoding=\"async\" class=\"alignnone wp-image-407\" src=\"https:\/\/club-des-ecureuils.fr\/wp-content\/uploads\/2015\/08\/PDF.png\" alt=\"PDF\" width=\"29\" height=\"30\" \/><\/a><a href=\"https:\/\/club-des-ecureuils.fr\/wp-content\/uploads\/2015\/08\/CR-re\u0301union-CA-COCDE-du-31-03-16.pdf\" target=\"_blank\" rel=\"noopener noreferrer\">CR re\u0301union CA COCDE du 31-03-16<\/a><\/p>\n<p><a href=\"https:\/\/club-des-ecureuils.fr\/wp-content\/uploads\/2015\/08\/PDF.png\"><img loading=\"lazy\" decoding=\"async\" class=\"alignnone wp-image-407\" src=\"https:\/\/club-des-ecureuils.fr\/wp-content\/uploads\/2015\/08\/PDF.png\" alt=\"PDF\" width=\"29\" height=\"30\" \/><\/a><a href=\"https:\/\/club-des-ecureuils.fr\/wp-content\/uploads\/2015\/08\/CA-du-COCDE-CR-du-02-Juillet-2015.pdf\" target=\"_blank\" rel=\"noopener noreferrer\">CA du COCDE &#8211; CR du 02 Juillet 2015<\/a><\/p>\n<p><a href=\"https:\/\/club-des-ecureuils.fr\/wp-content\/uploads\/2015\/08\/PDF.png\"><img loading=\"lazy\" decoding=\"async\" class=\"alignnone wp-image-407\" src=\"https:\/\/club-des-ecureuils.fr\/wp-content\/uploads\/2015\/08\/PDF.png\" alt=\"PDF\" width=\"29\" height=\"30\" \/><\/a><a href=\"https:\/\/club-des-ecureuils.fr\/wp-content\/uploads\/2015\/08\/CR-r\u00e9union-du-CA-COCDE-du-30-09-2015.pdf\" target=\"_blank\" rel=\"noopener noreferrer\">CR r\u00e9union du CA COCDE du 30-09-2015<\/a><\/p>\n\n<form role=\"search\" method=\"get\" action=\"https:\/\/club-des-ecureuils.fr\/\" class=\"wp-block-search__button-outside wp-block-search__text-button wp-block-search\"    ><label class=\"wp-block-search__label\" for=\"wp-block-search__input-1\" >Rechercher<\/label><div class=\"wp-block-search__inside-wrapper\" ><input class=\"wp-block-search__input\" id=\"wp-block-search__input-1\" placeholder=\"\" value=\"\" type=\"search\" name=\"s\" required \/><button aria-label=\"Rechercher\" class=\"wp-block-search__button wp-element-button\" type=\"submit\" >Rechercher<\/button><\/div><\/form>\n\n\n<p><\/p>\n","protected":false},"excerpt":{"rendered":"<p>Club &#8211; Inscriptions &#8211; Organigramme &#8211; Statuts &#8211;\u00a0R\u00e8glement Charte de bonne conduite &#8211; Conseil d&rsquo;Administration\u00a0&#8211;\u00a0Assurances Compte-Rendu Assembl\u00e9es G\u00e9n\u00e9rales et Assembl\u00e9es G\u00e9n\u00e9rales Extraordinaires du COCDE :\u00a0 La Prochaine Assembl\u00e9e G\u00e9n\u00e9rale pour la saison 2024\/2025 est programm\u00e9e pour le Vendredi 16 janvier 2026 AGE du COCDE &#8211; CR du 09 juin 2015 AG 2014-2015 &#8211; Club Omnisports &hellip; <\/p>\n<p class=\"link-more\"><a href=\"https:\/\/club-des-ecureuils.fr\/?page_id=404\" class=\"more-link\">Continuer la lecture<span class=\"screen-reader-text\"> de &laquo;&nbsp;Bureau et Conseil d&rsquo;Administration&nbsp;&raquo;<\/span><\/a><\/p>\n","protected":false},"author":1,"featured_media":0,"parent":13,"menu_order":6,"comment_status":"closed","ping_status":"closed","template":"","meta":{"footnotes":""},"class_list":["post-404","page","type-page","status-publish","hentry"],"_links":{"self":[{"href":"https:\/\/club-des-ecureuils.fr\/index.php?rest_route=\/wp\/v2\/pages\/404","targetHints":{"allow":["GET"]}}],"collection":[{"href":"https:\/\/club-des-ecureuils.fr\/index.php?rest_route=\/wp\/v2\/pages"}],"about":[{"href":"https:\/\/club-des-ecureuils.fr\/index.php?rest_route=\/wp\/v2\/types\/page"}],"author":[{"embeddable":true,"href":"https:\/\/club-des-ecureuils.fr\/index.php?rest_route=\/wp\/v2\/users\/1"}],"replies":[{"embeddable":true,"href":"https:\/\/club-des-ecureuils.fr\/index.php?rest_route=%2Fwp%2Fv2%2Fcomments&post=404"}],"version-history":[{"count":98,"href":"https:\/\/club-des-ecureuils.fr\/index.php?rest_route=\/wp\/v2\/pages\/404\/revisions"}],"predecessor-version":[{"id":7015,"href":"https:\/\/club-des-ecureuils.fr\/index.php?rest_route=\/wp\/v2\/pages\/404\/revisions\/7015"}],"up":[{"embeddable":true,"href":"https:\/\/club-des-ecureuils.fr\/index.php?rest_route=\/wp\/v2\/pages\/13"}],"wp:attachment":[{"href":"https:\/\/club-des-ecureuils.fr\/index.php?rest_route=%2Fwp%2Fv2%2Fmedia&parent=404"}],"curies":[{"name":"wp","href":"https:\/\/api.w.org\/{rel}","templated":true}]}}