{"id":4712,"date":"2021-08-16T08:36:20","date_gmt":"2021-08-16T08:36:20","guid":{"rendered":"http:\/\/club-des-ecureuils.fr\/?page_id=4712"},"modified":"2025-08-27T10:02:51","modified_gmt":"2025-08-27T10:02:51","slug":"inscription-ou-renouvellement-vtt","status":"publish","type":"page","link":"https:\/\/club-des-ecureuils.fr\/?page_id=4712","title":{"rendered":"Inscription ou renouvellement VTT"},"content":{"rendered":"\n<h2 class=\"wp-block-heading\"><strong>Guide Premi\u00e8re Adh\u00e9sion ou R<\/strong><strong>enouvellement&nbsp;<\/strong><strong>\u00e0 la section VTT<\/strong> (Cyclo &#8211; Gravel &#8211; VTT)<\/h2>\n\n\n<p><strong>Pour toute nouvelle adh\u00e9sion ou renouvellement d\u2019adh\u00e9sion \u00e0 la section VTT tu dois :<\/strong><\/p>\n<h2 style=\"text-align: left;\"><span style=\"color: #ff0000;\"><strong style=\"font-size: revert;\">&#8212; ETAPE 1\u00a0 &#8212;<\/strong><\/span><\/h2>\n<p style=\"text-align: left;\"><strong style=\"font-size: revert;\"><span style=\"color: #0000ff;\">Faire ton Adh\u00e9sion Annuelle<\/span><\/strong><span style=\"font-size: revert;\">\u00a0(Cotisation Club \\ Licence \\ Assurance) et\u00a0<\/span><strong style=\"font-size: revert;\"><span style=\"color: #0000ff;\">remplir le formulaire en ligne<\/span><\/strong><span style=\"font-size: revert;\">\u00a0en cliquant sur le <\/span><strong style=\"font-size: revert;\"><span style=\"color: #0000ff;\">Bouton ci-dessous<\/span><\/strong><span style=\"font-size: revert;\"> :<\/span><\/p>\n<p><iframe id=\"haWidget\" style=\"width: 100%; height: 70px; border: none;\" src=\"https:\/\/www.helloasso.com\/associations\/club-omnisports-et-culturel-des-ecureuils-section-vtt\/adhesions\/saison-2025-2026-club-cyclo-gravel-vtt\/widget-bouton\"> { const dataHeight = e.data.height; const haWidgetElement = document.getElementById(&lsquo;haWidget&rsquo;); haWidgetElement.height = dataHeight + &lsquo;px&rsquo;; } )\u00a0\u00bb &gt;<\/iframe><span style=\"color: #0000ff;\"><strong>Si vous \u00eates \u00e9ligible au Pass&rsquo;Sport<\/strong><\/span> (R\u00e9duction de 50 \u20ac) <strong><span style=\"color: #0000ff;\">envoyer-moi<\/span><\/strong> ( <a href=\"mailto:vtt@club-des-ecureuils.fr\">vtt@club-des-ecureuils.fr<\/a>) le scanne ou photo de votre courrier <span style=\"color: #0000ff;\"><strong>pour obtenir le code de r\u00e9duction<\/strong><\/span> sp\u00e9cifique.<\/p>\n<p><span style=\"color: #0000ff;\"><strong>Si vous \u00eates une f\u00e9minines<\/strong><\/span>, demander votre code de r\u00e9duction \u00e0 <a href=\"mailto:vtt@club-des-ecureuils.fr\">vtt@club-des-ecureuils.fr<\/a><\/p>\n<h2><span style=\"color: #ff0000;\"><strong style=\"font-size: revert;\">&#8212; ETAPE 2 &#8212;\u00a0<\/strong><\/span><\/h2>\n<p><span style=\"color: #000000;\"><span style=\"font-size: revert;\"><strong>&#8211;&gt; Si je suis<\/strong> <span style=\"color: #0000ff;\"><strong style=\"font-size: revert;\">un(e) ancien(ne) ou un(e) nouvel(le) Adh\u00e9rent(e) adulte<\/strong><\/span><\/span><strong style=\"font-size: revert;\">, et que <span style=\"color: #ff0000;\">j&rsquo;ai choisi la Licence FNSMR<\/span> &#8211;&gt; <span style=\"color: #0000ff;\">je n&rsquo;ai rien a faire !!<\/span> Je recevrai ma licence dans quelques jours.<\/strong><\/span><\/p>\n<p><span style=\"font-size: revert; color: #000000;\"><strong>&#8211;&gt; Si je suis<\/strong> <\/span><strong style=\"font-size: revert;\"><span style=\"color: #0000ff;\"><span style=\"color: #ff0000;\"><span style=\"color: #000000;\"><span style=\"color: #0000ff;\">un(e) ancien(ne) Adh\u00e9rent(e) Pitchoune &#8211; Jeune &#8211; Adulte<\/span>, et que <span style=\"color: #ff0000;\">je vais avoir une Licence UFOLEP<\/span>, alors<\/span>\u00a0<\/span><\/span><\/strong><strong style=\"font-size: revert;\"><span style=\"color: #0000ff;\">Je signe <\/span><\/strong><span style=\"font-size: revert; color: #000000;\"><span style=\"color: #0000ff;\"><strong>\u00e9lectroniquement<\/strong><\/span> <strong>ma demande de renouvellement su<\/strong>r <\/span><strong style=\"font-size: revert;\"><span style=\"color: #0000ff;\"><a href=\"https:\/\/www.affiligue.org\/\">https:\/\/www.affiligue.org\/\u00a0<\/a><\/span><\/strong><\/p>\n<p style=\"text-align: center;\"><span style=\"color: #ff6600;\"><strong>Toutes les informations sont dans la proc\u00e9dure suivante : <a href=\"https:\/\/club-des-ecureuils.fr\/wp-content\/uploads\/2024\/08\/ETAPE-2-Renouvellement-Licence-UFOLEP-signature-Numerique.pdf\" target=\"_blank\" rel=\"noopener\">ETAPE 2 &#8211; Renouvellement Licence UFOLEP signature Num\u00e9rique<\/a><\/strong><\/span><\/p>\n<p><strong><span style=\"color: #000000;\">\u2013&gt; <\/span><span style=\"color: #0000ff;\"><span style=\"color: #000000;\">Si je suis nouvel(le) Adh\u00e9rent(e) <strong style=\"font-size: revert;\">Pitchoune &#8211; Jeune &#8211; Adulte<\/strong>, <strong style=\"font-size: revert;\"><span style=\"color: #ff0000;\">et que je vais avoir une Licence UFOLEP<span style=\"color: #000000;\">, alors <\/span><\/span><\/strong>\u00a0<\/span>je remplis la demande de premi\u00e8re Licence UFOLEP<\/span><\/strong> (<strong><a href=\"https:\/\/club-des-ecureuils.fr\/wp-content\/uploads\/2025\/08\/25-26-Demande_Licence_Ufolep_web.pdf\" target=\"_blank\" rel=\"noopener\">Demande_Licence_UFOLEP 2025-2026<\/a><\/strong>) avec les informations suivantes :<\/p>\n<ul>\n<li><strong>Nom de l\u2019association :<\/strong> <strong><span style=\"color: #0000ff;\">Club des \u00c9cureuils &#8211; <\/span><\/strong><strong><span style=\"color: #0000ff;\">Section VTT &#8211; <\/span><\/strong><span style=\"color: #0000ff;\"><strong>033555430<\/strong><\/span><\/li>\n<li><strong>Code d\u2019activit\u00e9 :<\/strong>\n<ul>\n<li>Si je suis un\u00a0<strong>Pitchoune ou un Jeunes<\/strong> (et que je veux faire <strong>seulement les Kid Bike<\/strong> ):\n<ul>\n<li><strong>Activit\u00e9 principale<\/strong> : V\u00e9lo \u00e9ducatif &#8211; code d&rsquo;activit\u00e9 : <span style=\"color: #0000ff;\"><strong>26016 <\/strong><\/span>\u2013 <span style=\"color: #0000ff;\"><b>Loisir<\/b><\/span><\/li>\n<\/ul>\n<\/li>\n<\/ul>\n<\/li>\n<\/ul>\n<ul>\n<li style=\"list-style-type: none;\">\n<ul>\n<li>Si je suis un(e) <strong>Jeune (de 11 \u00e0 16 ans)<\/strong> et que je veux faire les <strong>comp\u00e9titions UFOLEP<\/strong>:\n<ul>\n<li><strong>Activit\u00e9 principale<\/strong> : Cyclo &#8211; VTT &#8211; code d&rsquo;activit\u00e9 :\u00a0<span style=\"color: #0000ff;\"><strong>26042<\/strong><\/span> \u2013 <span style=\"color: #ff0000;\"><span style=\"color: #0000ff;\"><b>Comp\u00e9tition<\/b><\/span><\/span><\/li>\n<\/ul>\n<\/li>\n<\/ul>\n<\/li>\n<\/ul>\n<ul>\n<li style=\"list-style-type: none;\">\n<ul>\n<li>Si je suis un(e) <strong>Adulte avec une Licence UFOLEP Loisir\u00a0<\/strong>\n<ul>\n<li><strong>Activit\u00e9 principale <\/strong>: Cyclo &#8211; VTT &#8211; code d&rsquo;activit\u00e9 : <span style=\"color: #0000ff;\"><strong>26042<\/strong><\/span> \u2013 <span style=\"color: #0000ff;\"><b>Loisir<\/b><\/span><\/li>\n<\/ul>\n<\/li>\n<li>Si je suis\u00a0un(e) <strong>Adulte avec une Licence<\/strong><strong>\u00a0Comp\u00e9tition<\/strong>\n<ul>\n<li><strong>Activit\u00e9 principale<\/strong> :\u00a0Cyclo &#8211; VTT &#8211; code d&rsquo;activit\u00e9 : <span style=\"color: #0000ff;\"><strong>26042<\/strong><\/span> \u2013 <span style=\"color: #ff0000;\"><span style=\"color: #0000ff;\"><b>Comp\u00e9tition<\/b><\/span><\/span><\/li>\n<\/ul>\n<\/li>\n<\/ul>\n<\/li>\n<\/ul>\n<p><strong><span style=\"color: #ff6600;\">Je scanne mes Documents ou je l\u2019ai prends en photo<\/span> et je l\u2019ai envoie \u00e0\u00a0<a href=\"mailto:vtt@club-des-ecureuils.fr\">vtt@club-des-ecureuils.fr<\/a>\u00a0<\/strong><\/p>\n<p><span style=\"color: #ff0000;\"><strong>Questionnaire Sant\u00e9 ou\u00a0 Certificat M\u00e9dicale ?<\/strong><\/span><\/p>\n<p><strong><span style=\"color: #0000ff;\">Je t\u00e9l\u00e9charge le questionnaire sant\u00e9 en cliquant sur les liens ci-contre (<a href=\"https:\/\/club-des-ecureuils.fr\/wp-content\/uploads\/2025\/08\/25-26-Questionnaire_de_sante_mineur.pdf\" target=\"_blank\" rel=\"noopener\">Enfants<\/a>\u00a0et <a href=\"https:\/\/club-des-ecureuils.fr\/wp-content\/uploads\/2021\/09\/005-QUESTIONNAIRE-DE-SANTE-ADULTES.pdf\" target=\"_blank\" rel=\"noopener\">Adultes<\/a>).<\/span><\/strong><\/p>\n<p><span style=\"color: #0000ff;\"><strong>Les questionnaires sant\u00e9 ne doivent pas \u00eatre scann\u00e9s<\/strong><\/span>. Il vous guide pour savoir si vous devez produire un Certificat m\u00e9dicale ou pas.<\/p>\n<p><strong><span style=\"color: #0000ff;\">&#8211;&gt; Si vous r\u00e9pondez NON \u00e0 toutes les questions<\/span><\/strong> alors il faut cocher la case \u00ab <strong>j\u2019atteste avoir r\u00e9pondu par la n\u00e9gative<\/strong> \u00bb \u00e0 toutes les questions sur la demande de licence ou renouvellement.<\/p>\n<p><span style=\"color: #0000ff;\"><strong>\u2013&gt; Si je r\u00e9ponds OUI \u00e0 une des questions, alors je fournis un Certificat M\u00e9dical<\/strong><\/span>, avec la mention correspondante \u00e0 mon activit\u00e9 :<\/p>\n<ul>\n<li><strong>Mention \u2013&gt; \u00ab\u00a0VTT en comp\u00e9tition\u00a0\u00bb<\/strong>\u00a0pour les\u00a0<strong>Adultes, jeunes et Pitchounes en Comp\u00e9tition<\/strong>\u00a0<\/li>\n<li><strong>Mention \u2013&gt; \u00ab\u00a0VTT en Randonn\u00e9e\u00a0\u00bb<\/strong>\u00a0pour les\u00a0<strong>Adultes, jeunes et Pitchounes en Loisir<\/strong>\u00a0<\/li>\n<\/ul>\n<p><strong><span style=\"color: #ff6600;\">Je n&rsquo;oublie pas de scanner mes Documents ou je les prends en photo<\/span> et je les envoie \u00e0\u00a0<a href=\"mailto:vtt@club-des-ecureuils.fr\">vtt@club-des-ecureuils.fr<\/a>\u00a0<\/strong><\/p>","protected":false},"excerpt":{"rendered":"<p>Guide Premi\u00e8re Adh\u00e9sion ou Renouvellement&nbsp;\u00e0 la section VTT (Cyclo &#8211; Gravel &#8211; VTT) Pour toute nouvelle adh\u00e9sion ou renouvellement d\u2019adh\u00e9sion \u00e0 la section VTT tu dois : &#8212; ETAPE 1\u00a0 &#8212; Faire ton Adh\u00e9sion Annuelle\u00a0(Cotisation Club \\ Licence \\ Assurance) et\u00a0remplir le formulaire en ligne\u00a0en cliquant sur le Bouton ci-dessous : { const dataHeight = &hellip; <\/p>\n<p class=\"link-more\"><a href=\"https:\/\/club-des-ecureuils.fr\/?page_id=4712\" class=\"more-link\">Continuer la lecture<span class=\"screen-reader-text\"> de &laquo;&nbsp;Inscription ou renouvellement VTT&nbsp;&raquo;<\/span><\/a><\/p>\n","protected":false},"author":1,"featured_media":0,"parent":199,"menu_order":8,"comment_status":"closed","ping_status":"closed","template":"","meta":{"footnotes":""},"class_list":["post-4712","page","type-page","status-publish","hentry"],"_links":{"self":[{"href":"https:\/\/club-des-ecureuils.fr\/index.php?rest_route=\/wp\/v2\/pages\/4712","targetHints":{"allow":["GET"]}}],"collection":[{"href":"https:\/\/club-des-ecureuils.fr\/index.php?rest_route=\/wp\/v2\/pages"}],"about":[{"href":"https:\/\/club-des-ecureuils.fr\/index.php?rest_route=\/wp\/v2\/types\/page"}],"author":[{"embeddable":true,"href":"https:\/\/club-des-ecureuils.fr\/index.php?rest_route=\/wp\/v2\/users\/1"}],"replies":[{"embeddable":true,"href":"https:\/\/club-des-ecureuils.fr\/index.php?rest_route=%2Fwp%2Fv2%2Fcomments&post=4712"}],"version-history":[{"count":56,"href":"https:\/\/club-des-ecureuils.fr\/index.php?rest_route=\/wp\/v2\/pages\/4712\/revisions"}],"predecessor-version":[{"id":6499,"href":"https:\/\/club-des-ecureuils.fr\/index.php?rest_route=\/wp\/v2\/pages\/4712\/revisions\/6499"}],"up":[{"embeddable":true,"href":"https:\/\/club-des-ecureuils.fr\/index.php?rest_route=\/wp\/v2\/pages\/199"}],"wp:attachment":[{"href":"https:\/\/club-des-ecureuils.fr\/index.php?rest_route=%2Fwp%2Fv2%2Fmedia&parent=4712"}],"curies":[{"name":"wp","href":"https:\/\/api.w.org\/{rel}","templated":true}]}}