{"id":48,"date":"2015-08-24T19:38:47","date_gmt":"2015-08-24T19:38:47","guid":{"rendered":"http:\/\/club-des-ecureuils.fr\/?page_id=48"},"modified":"2024-01-15T18:59:05","modified_gmt":"2024-01-15T18:59:05","slug":"videos","status":"publish","type":"page","link":"https:\/\/club-des-ecureuils.fr\/?page_id=48","title":{"rendered":"Vid\u00e9oth\u00e8que Batucada"},"content":{"rendered":"<p style=\"text-align: center;\"><a href=\"https:\/\/club-des-ecureuils.fr\/?page_id=33\">Batucada<\/a> &#8211; <a href=\"https:\/\/club-des-ecureuils.fr\/?page_id=40\">Horaires<\/a> &#8211; <a href=\"https:\/\/club-des-ecureuils.fr\/?page_id=117\">Actualit\u00e9s<\/a> &#8211;\u00a0<a href=\"https:\/\/club-des-ecureuils.fr\/?page_id=137\">Phototh\u00e8que<\/a> &#8211; <a href=\"https:\/\/club-des-ecureuils.fr\/?page_id=48\">Vid\u00e9oth\u00e8que<\/a><\/p>\n<p style=\"text-align: center;\">Un petit aper\u00e7u de notre musique&#8230;.<\/p>\n<p style=\"text-align: center;\">Pour en d\u00e9couvrir davantage, <span style=\"color: #cc3333;\"><strong><em>venez nous voir \u00e0 nos prestations !!!!<\/em><\/strong><\/span><\/p>\n<div style=\"width: 525px;\" class=\"wp-video\"><video class=\"wp-video-shortcode\" id=\"video-48-1\" width=\"525\" height=\"295\" preload=\"metadata\" controls=\"controls\"><source type=\"video\/mp4\" src=\"https:\/\/club-des-ecureuils.fr\/wp-content\/uploads\/2024\/01\/Video-Promo.mp4?_=1\" \/><a href=\"https:\/\/club-des-ecureuils.fr\/wp-content\/uploads\/2024\/01\/Video-Promo.mp4\">https:\/\/club-des-ecureuils.fr\/wp-content\/uploads\/2024\/01\/Video-Promo.mp4<\/a><\/video><\/div>\n","protected":false},"excerpt":{"rendered":"<p>Batucada &#8211; Horaires &#8211; Actualit\u00e9s &#8211;\u00a0Phototh\u00e8que &#8211; Vid\u00e9oth\u00e8que Un petit aper\u00e7u de notre musique&#8230;. Pour en d\u00e9couvrir davantage, venez nous voir \u00e0 nos prestations !!!!<\/p>\n","protected":false},"author":1,"featured_media":0,"parent":33,"menu_order":3,"comment_status":"closed","ping_status":"closed","template":"","meta":{"footnotes":""},"class_list":["post-48","page","type-page","status-publish","hentry"],"_links":{"self":[{"href":"https:\/\/club-des-ecureuils.fr\/index.php?rest_route=\/wp\/v2\/pages\/48","targetHints":{"allow":["GET"]}}],"collection":[{"href":"https:\/\/club-des-ecureuils.fr\/index.php?rest_route=\/wp\/v2\/pages"}],"about":[{"href":"https:\/\/club-des-ecureuils.fr\/index.php?rest_route=\/wp\/v2\/types\/page"}],"author":[{"embeddable":true,"href":"https:\/\/club-des-ecureuils.fr\/index.php?rest_route=\/wp\/v2\/users\/1"}],"replies":[{"embeddable":true,"href":"https:\/\/club-des-ecureuils.fr\/index.php?rest_route=%2Fwp%2Fv2%2Fcomments&post=48"}],"version-history":[{"count":10,"href":"https:\/\/club-des-ecureuils.fr\/index.php?rest_route=\/wp\/v2\/pages\/48\/revisions"}],"predecessor-version":[{"id":5844,"href":"https:\/\/club-des-ecureuils.fr\/index.php?rest_route=\/wp\/v2\/pages\/48\/revisions\/5844"}],"up":[{"embeddable":true,"href":"https:\/\/club-des-ecureuils.fr\/index.php?rest_route=\/wp\/v2\/pages\/33"}],"wp:attachment":[{"href":"https:\/\/club-des-ecureuils.fr\/index.php?rest_route=%2Fwp%2Fv2%2Fmedia&parent=48"}],"curies":[{"name":"wp","href":"https:\/\/api.w.org\/{rel}","templated":true}]}}