{"id":5071,"date":"2022-09-24T09:19:49","date_gmt":"2022-09-24T09:19:49","guid":{"rendered":"https:\/\/club-des-ecureuils.fr\/?page_id=5071"},"modified":"2025-10-15T09:27:42","modified_gmt":"2025-10-15T09:27:42","slug":"inscription","status":"publish","type":"page","link":"https:\/\/club-des-ecureuils.fr\/?page_id=5071","title":{"rendered":"Inscription Temps Danse"},"content":{"rendered":"\n<p class=\"has-text-align-center\"><a href=\"https:\/\/club-des-ecureuils.fr\/?page_id=5071\">Temps danse<\/a> &#8211; <a href=\"https:\/\/club-des-ecureuils.fr\/?page_id=162\">Actualit\u00e9s<\/a>&#8211; <a href=\"https:\/\/club-des-ecureuils.fr\/?page_id=157\">Horaires et tarifs<\/a> &#8211; <a href=\"https:\/\/club-des-ecureuils.fr\/?page_id=5144\">Les professeurs<\/a> &#8211; <a href=\"https:\/\/club-des-ecureuils.fr\/?page_id=5171\">L&rsquo;\u00e9quipe<\/a> &#8211; <a href=\"https:\/\/club-des-ecureuils.fr\/?page_id=165\">Photos<\/a> et <a href=\"https:\/\/club-des-ecureuils.fr\/?page_id=167\">Vid\u00e9os<\/a> &#8211; <a href=\"https:\/\/club-des-ecureuils.fr\/?page_id=5076\">Contact<\/a><\/p>\n\n\n\n<p><strong><mark style=\"background-color:#fcb900\" class=\"has-inline-color has-vivid-red-color\">Les inscriptions pour l&rsquo;ann\u00e9e 2025\/2026 sont ouvertes !<\/mark><\/strong><\/p>\n\n\n\n<p>L&rsquo;inscription se fait en deux temps :<\/p>\n\n\n\n<p><strong><mark style=\"background-color:rgba(0, 0, 0, 0)\" class=\"has-inline-color has-vivid-red-color\">1 &#8211; Inscription administrative<\/mark> <\/strong><br><br>En remplissant ce questionnaire : <\/p>\n\n\n\n<p>cours <strong>HORS <\/strong>P\u00f4le Danse:<\/p>\n\n\n\n<p><a href=\"https:\/\/docs.google.com\/forms\/d\/e\/1FAIpQLSc0R0q1KmnLE6lY4B3oI5uStcEE23R_9EtcMKa_a86XBedJKA\/viewform?usp=sharing&amp;ouid=118060426003278471307\">https:\/\/docs.google.com\/forms\/d\/e\/1FAIpQLSc0R0q1KmnLE6lY4B3oI5uStcEE23R_9EtcMKa_a86XBedJKA\/viewform?usp=sharing&amp;ouid=118060426003278471307<\/a><\/p>\n\n\n\n<p>cours P\u00f4le Danse :<\/p>\n\n\n\n<p><a href=\"https:\/\/docs.google.com\/forms\/d\/e\/1FAIpQLSeu0EnS7rcWFHPaWS3B-G2mywL5wnDZljzbINwNwP_w6XW1IQ\/viewform?usp=header\">https:\/\/docs.google.com\/forms\/d\/e\/1FAIpQLSeu0EnS7rcWFHPaWS3B-G2mywL5wnDZljzbINwNwP_w6XW1IQ\/viewform?usp=header<\/a><\/p>\n\n\n\n<p><\/p>\n\n\n\n<p><strong><mark style=\"background-color:rgba(0, 0, 0, 0)\" class=\"has-inline-color has-vivid-red-color\">2 &#8211; Paiement<\/mark><\/strong>, par un des moyens ci-dessous<\/p>\n\n\n\n<p>Moyens de paiement accept\u00e9s : <\/p>\n\n\n\n<p><strong>&#8211; Paiement par carte en ligne via la plateforme Hello Asso :<\/strong><\/p>\n\n\n\n<h2 class=\"wp-block-heading\"><strong>Paiement section danse, hors pole danse<\/strong>:<\/h2>\n\n\n\n<iframe id=\"haWidget\" allowtransparency=\"true\" src=\"https:\/\/www.helloasso.com\/associations\/club-omnisport-et-culturel-des-ecureuils-section-danse\/adhesions\/saison-2025-2026\/widget-bouton\" style=\"width: 100%; height: 70px; border: none;\" onload=\"window.addEventListener( 'message', e =&gt; { const dataHeight = e.data.height; const haWidgetElement = document.getElementById('haWidget'); haWidgetElement.height = dataHeight + 'px'; } )\"><\/iframe>\n\n\n\n<h2 class=\"wp-block-heading\"><strong>Paiement cours pole danse<\/strong>:<\/h2>\n\n\n\n<iframe id=\"haWidget\" allowtransparency=\"true\" src=\"https:\/\/www.helloasso.com\/associations\/club-omnisport-et-culturel-des-ecureuils-section-danse\/adhesions\/saison-2025-2026-pole-dance\/widget-bouton\" style=\"width: 100%; height: 70px; border: none;\" onload=\"window.addEventListener( 'message', e => { const dataHeight = e.data.height; const haWidgetElement = document.getElementById(&lsquo;haWidget&rsquo;); haWidgetElement.height = dataHeight + &lsquo;px&rsquo;; } )\u00a0\u00bb ><\/iframe>\n\n\n\n<p>&#8211; Ch\u00e8ques (nom de l&rsquo;\u00e9l\u00e8ve et cours pratiqu\u00e9(s) \u00e0 indiquer au dos du ch\u00e8que &#8211; 5 maximum), \u00e0 l&rsquo;ordre de <strong><em>Temps Danse Marcheprime&nbsp;<\/em><\/strong><br>&#8211; Coupons sport<br>&#8211; Ch\u00e8ques vacances<br>&#8211; Pass&rsquo; Sport  (Merci de nous l&rsquo;envoyer par mail \u00e0&nbsp;<a rel=\"noreferrer noopener\" href=\"mailto:tempsdansemarcheprime@gmail.com\" target=\"_blank\">tempsdansemarcheprime@gmail.com<\/a>)<\/p>\n\n\n\n<p>Vous pouvez remettre le paiement au professeur ou le d\u00e9poser dans la boite aux lettre du club, 11 rue Blieck \u00e0 Marcheprime , boite A.<br><\/p>\n\n\n\n<p><strong>Une inscription est compl\u00e8te quand le lien d\u2019inscription est rempli et le r\u00e8glement en notre possession<\/strong><br><br>Pour les inscriptions en cours d&rsquo;ann\u00e9e, le dossier d&rsquo;inscription et le paiement de la cotisation seront \u00e0 remettre \u00e0 une personne du bureau apr\u00e8s validation du professeur.<br>Pas de r\u00e9duction financi\u00e8re au prorata temporis sur le montant de la cotisation.<strong>&nbsp;<\/strong><\/p>\n\n\n\n<p><\/p>\n\n\n\n<p><\/p>\n\n\n\n<p class=\"has-black-color has-text-color\">&nbsp;<strong>R\u00e9cup\u00e9ration des petits au centre de loisirs accueil p\u00e9riscolaire des \u00e9coles publiques du bourg&nbsp;<\/strong>: Le service est disponible pour 40\u20ac par an par enfant.<br>merci de remplir l&rsquo;autorisation parentale en deux exemplaires.<br>-de nous en remettre un exemplaire accompagn\u00e9 du r\u00e8glement par ch\u00e8que uniquement \u00e0 l&rsquo;ordre du club des \u00e9cureuils (dans la boite aux lettres du club, \u00e0 la permanence ou au forum : voir ci-dessus r\u00e8glement par ch\u00e8que)<br>&#8211;&nbsp;le second exemplaire \u00e0 remettre au kiosque des familles (Mme Cortes).<\/p>\n\n\n\n<div data-wp-interactive=\"core\/file\" class=\"wp-block-file\"><object data-wp-bind--hidden=\"!state.hasPdfPreview\" hidden class=\"wp-block-file__embed\" data=\"https:\/\/club-des-ecureuils.fr\/wp-content\/uploads\/2024\/08\/AUTORISATION-PARENTALE.pdf\" type=\"application\/pdf\" style=\"width:100%;height:600px\" aria-label=\"Contenu embarqu\u00e9 AUTORISATION  PARENTALE.\"><\/object><a id=\"wp-block-file--media-82a57f8c-ecd9-4fea-a5cc-059eb0cba06e\" href=\"https:\/\/club-des-ecureuils.fr\/wp-content\/uploads\/2024\/08\/AUTORISATION-PARENTALE.pdf\">AUTORISATION  PARENTALE<\/a><a href=\"https:\/\/club-des-ecureuils.fr\/wp-content\/uploads\/2024\/08\/AUTORISATION-PARENTALE.pdf\" class=\"wp-block-file__button wp-element-button\" download aria-describedby=\"wp-block-file--media-82a57f8c-ecd9-4fea-a5cc-059eb0cba06e\">T\u00e9l\u00e9charger<\/a><\/div>\n\n\n\n<p><\/p>\n\n\n\n<p><\/p>\n\n\n\n<p><strong><u>Questionnaire de sant\u00e9<\/u><\/strong><\/p>\n\n\n\n<p>Nous vous joignons \u00e9galement les questionnaires de sant\u00e9 : &#8211; de 18 ans et&nbsp;+ de 18 ans.<\/p>\n\n\n\n<p>Merci de prendre vos dispositions selon les consignes figurant sur ces documents.<\/p>\n\n\n\n<div data-wp-interactive=\"core\/file\" class=\"wp-block-file\"><object data-wp-bind--hidden=\"!state.hasPdfPreview\" hidden class=\"wp-block-file__embed\" data=\"https:\/\/club-des-ecureuils.fr\/wp-content\/uploads\/2023\/09\/QUESTIONNAIRE-DE-SANTE-MINEURS-club-ecureuils-3-1.pdf\" type=\"application\/pdf\" style=\"width:100%;height:600px\" aria-label=\"Contenu embarqu\u00e9 QUESTIONNAIRE-DE-SANTE-MINEURS-club-ecureuils-3-1.\"><\/object><a id=\"wp-block-file--media-f1d2c5f3-e2bb-45e6-84d6-131e3bc57343\" href=\"https:\/\/club-des-ecureuils.fr\/wp-content\/uploads\/2023\/09\/QUESTIONNAIRE-DE-SANTE-MINEURS-club-ecureuils-3-1.pdf\">QUESTIONNAIRE-DE-SANTE-MINEURS-club-ecureuils-3-1<\/a><a href=\"https:\/\/club-des-ecureuils.fr\/wp-content\/uploads\/2023\/09\/QUESTIONNAIRE-DE-SANTE-MINEURS-club-ecureuils-3-1.pdf\" class=\"wp-block-file__button wp-element-button\" download aria-describedby=\"wp-block-file--media-f1d2c5f3-e2bb-45e6-84d6-131e3bc57343\">T\u00e9l\u00e9charger<\/a><\/div>\n\n\n\n<div data-wp-interactive=\"core\/file\" class=\"wp-block-file\"><object data-wp-bind--hidden=\"!state.hasPdfPreview\" hidden class=\"wp-block-file__embed\" data=\"https:\/\/club-des-ecureuils.fr\/wp-content\/uploads\/2023\/09\/questionnaire-medical-v2-personnalisable-18-ans-1-1.pdf\" type=\"application\/pdf\" style=\"width:100%;height:600px\" aria-label=\"Contenu embarqu\u00e9 questionnaire-medical-v2-personnalisable-18-ans-1-1.\"><\/object><a id=\"wp-block-file--media-3e0c4b52-1c68-4642-affd-fd8d580fc210\" href=\"https:\/\/club-des-ecureuils.fr\/wp-content\/uploads\/2023\/09\/questionnaire-medical-v2-personnalisable-18-ans-1-1.pdf\">questionnaire-medical-v2-personnalisable-18-ans-1-1<\/a><a href=\"https:\/\/club-des-ecureuils.fr\/wp-content\/uploads\/2023\/09\/questionnaire-medical-v2-personnalisable-18-ans-1-1.pdf\" class=\"wp-block-file__button wp-element-button\" download aria-describedby=\"wp-block-file--media-3e0c4b52-1c68-4642-affd-fd8d580fc210\">T\u00e9l\u00e9charger<\/a><\/div>\n\n\n\n<p><\/p>\n","protected":false},"excerpt":{"rendered":"<p>Temps danse &#8211; Actualit\u00e9s&#8211; Horaires et tarifs &#8211; Les professeurs &#8211; L&rsquo;\u00e9quipe &#8211; Photos et Vid\u00e9os &#8211; Contact Les inscriptions pour l&rsquo;ann\u00e9e 2025\/2026 sont ouvertes ! L&rsquo;inscription se fait en deux temps : 1 &#8211; Inscription administrative En remplissant ce questionnaire : cours HORS P\u00f4le Danse: https:\/\/docs.google.com\/forms\/d\/e\/1FAIpQLSc0R0q1KmnLE6lY4B3oI5uStcEE23R_9EtcMKa_a86XBedJKA\/viewform?usp=sharing&amp;ouid=118060426003278471307 cours P\u00f4le Danse : https:\/\/docs.google.com\/forms\/d\/e\/1FAIpQLSeu0EnS7rcWFHPaWS3B-G2mywL5wnDZljzbINwNwP_w6XW1IQ\/viewform?usp=header 2 &#8211; Paiement, &hellip; <\/p>\n<p class=\"link-more\"><a href=\"https:\/\/club-des-ecureuils.fr\/?page_id=5071\" class=\"more-link\">Continuer la lecture<span class=\"screen-reader-text\"> de &laquo;&nbsp;Inscription Temps Danse&nbsp;&raquo;<\/span><\/a><\/p>\n","protected":false},"author":11,"featured_media":0,"parent":154,"menu_order":0,"comment_status":"closed","ping_status":"closed","template":"","meta":{"footnotes":""},"class_list":["post-5071","page","type-page","status-publish","hentry"],"_links":{"self":[{"href":"https:\/\/club-des-ecureuils.fr\/index.php?rest_route=\/wp\/v2\/pages\/5071","targetHints":{"allow":["GET"]}}],"collection":[{"href":"https:\/\/club-des-ecureuils.fr\/index.php?rest_route=\/wp\/v2\/pages"}],"about":[{"href":"https:\/\/club-des-ecureuils.fr\/index.php?rest_route=\/wp\/v2\/types\/page"}],"author":[{"embeddable":true,"href":"https:\/\/club-des-ecureuils.fr\/index.php?rest_route=\/wp\/v2\/users\/11"}],"replies":[{"embeddable":true,"href":"https:\/\/club-des-ecureuils.fr\/index.php?rest_route=%2Fwp%2Fv2%2Fcomments&post=5071"}],"version-history":[{"count":40,"href":"https:\/\/club-des-ecureuils.fr\/index.php?rest_route=\/wp\/v2\/pages\/5071\/revisions"}],"predecessor-version":[{"id":6815,"href":"https:\/\/club-des-ecureuils.fr\/index.php?rest_route=\/wp\/v2\/pages\/5071\/revisions\/6815"}],"up":[{"embeddable":true,"href":"https:\/\/club-des-ecureuils.fr\/index.php?rest_route=\/wp\/v2\/pages\/154"}],"wp:attachment":[{"href":"https:\/\/club-des-ecureuils.fr\/index.php?rest_route=%2Fwp%2Fv2%2Fmedia&parent=5071"}],"curies":[{"name":"wp","href":"https:\/\/api.w.org\/{rel}","templated":true}]}}