{"id":5076,"date":"2022-09-24T09:34:58","date_gmt":"2022-09-24T09:34:58","guid":{"rendered":"https:\/\/club-des-ecureuils.fr\/?page_id=5076"},"modified":"2022-09-25T21:10:33","modified_gmt":"2022-09-25T21:10:33","slug":"contact","status":"publish","type":"page","link":"https:\/\/club-des-ecureuils.fr\/?page_id=5076","title":{"rendered":"Contact Temps Danse"},"content":{"rendered":"\n<p class=\"has-text-align-center\"><a href=\"https:\/\/club-des-ecureuils.fr\/?page_id=5071\">Inscription<\/a> &#8211; <a href=\"https:\/\/club-des-ecureuils.fr\/?page_id=162\">Actualit\u00e9s<\/a>&#8211; <a href=\"https:\/\/club-des-ecureuils.fr\/?page_id=157\">Horaires et tarifs<\/a> &#8211; <a href=\"https:\/\/club-des-ecureuils.fr\/?page_id=5144\">Les professeurs<\/a> &#8211; <a href=\"https:\/\/club-des-ecureuils.fr\/?page_id=5171\">L&rsquo;\u00e9quipe<\/a> &#8211; <a href=\"https:\/\/club-des-ecureuils.fr\/?page_id=165\">Photos<\/a> et <a href=\"https:\/\/club-des-ecureuils.fr\/?page_id=167\">Vid\u00e9os<\/a> &#8211; <a href=\"https:\/\/club-des-ecureuils.fr\/?page_id=5076\">Contact<\/a><\/p>\n\n\n\n<p class=\"has-text-align-center has-medium-font-size\">Par mail :<br> <a href=\"mailto:tempsdansemarcheprime@gmail.com\">tempsdansemarcheprime@gmail.com<\/a><br><br>Et sur nos r\u00e9seaux sociaux  :<\/p>\n\n\n<div class=\"wp-block-image\">\n<figure class=\"aligncenter size-large is-resized\"><a href=\"https:\/\/www.facebook.com\/tempsdansemarcheprime\" target=\"_blank\" rel=\"noreferrer noopener\"><img loading=\"lazy\" decoding=\"async\" src=\"https:\/\/club-des-ecureuils.fr\/wp-content\/uploads\/2022\/09\/Facebook-logo-1024x717.png\" alt=\"\" class=\"wp-image-5078\" width=\"140\" height=\"97\" srcset=\"https:\/\/club-des-ecureuils.fr\/wp-content\/uploads\/2022\/09\/Facebook-logo-1024x717.png 1024w, https:\/\/club-des-ecureuils.fr\/wp-content\/uploads\/2022\/09\/Facebook-logo-300x210.png 300w, https:\/\/club-des-ecureuils.fr\/wp-content\/uploads\/2022\/09\/Facebook-logo-768x538.png 768w, https:\/\/club-des-ecureuils.fr\/wp-content\/uploads\/2022\/09\/Facebook-logo-1536x1075.png 1536w, https:\/\/club-des-ecureuils.fr\/wp-content\/uploads\/2022\/09\/Facebook-logo.png 2000w\" sizes=\"auto, (max-width: 140px) 100vw, 140px\" \/><\/a><\/figure>\n<\/div>\n\n<div class=\"wp-block-image\">\n<figure class=\"aligncenter size-full is-resized\"><a href=\"https:\/\/www.instagram.com\/tempsdansemarcheprime\/\" target=\"_blank\" rel=\"noreferrer noopener\"><img loading=\"lazy\" decoding=\"async\" src=\"https:\/\/club-des-ecureuils.fr\/wp-content\/uploads\/2022\/09\/insta-logo.webp\" alt=\"\" class=\"wp-image-5079\" width=\"83\" height=\"83\" srcset=\"https:\/\/club-des-ecureuils.fr\/wp-content\/uploads\/2022\/09\/insta-logo.webp 1024w, https:\/\/club-des-ecureuils.fr\/wp-content\/uploads\/2022\/09\/insta-logo-300x300.webp 300w, https:\/\/club-des-ecureuils.fr\/wp-content\/uploads\/2022\/09\/insta-logo-150x150.webp 150w, https:\/\/club-des-ecureuils.fr\/wp-content\/uploads\/2022\/09\/insta-logo-768x768.webp 768w, https:\/\/club-des-ecureuils.fr\/wp-content\/uploads\/2022\/09\/insta-logo-100x100.webp 100w\" sizes=\"auto, (max-width: 83px) 100vw, 83px\" \/><\/a><\/figure>\n<\/div>","protected":false},"excerpt":{"rendered":"<p>Inscription &#8211; Actualit\u00e9s&#8211; Horaires et tarifs &#8211; Les professeurs &#8211; L&rsquo;\u00e9quipe &#8211; Photos et Vid\u00e9os &#8211; Contact Par mail : tempsdansemarcheprime@gmail.com Et sur nos r\u00e9seaux sociaux :<\/p>\n","protected":false},"author":11,"featured_media":0,"parent":154,"menu_order":0,"comment_status":"closed","ping_status":"closed","template":"","meta":{"footnotes":""},"class_list":["post-5076","page","type-page","status-publish","hentry"],"_links":{"self":[{"href":"https:\/\/club-des-ecureuils.fr\/index.php?rest_route=\/wp\/v2\/pages\/5076","targetHints":{"allow":["GET"]}}],"collection":[{"href":"https:\/\/club-des-ecureuils.fr\/index.php?rest_route=\/wp\/v2\/pages"}],"about":[{"href":"https:\/\/club-des-ecureuils.fr\/index.php?rest_route=\/wp\/v2\/types\/page"}],"author":[{"embeddable":true,"href":"https:\/\/club-des-ecureuils.fr\/index.php?rest_route=\/wp\/v2\/users\/11"}],"replies":[{"embeddable":true,"href":"https:\/\/club-des-ecureuils.fr\/index.php?rest_route=%2Fwp%2Fv2%2Fcomments&post=5076"}],"version-history":[{"count":13,"href":"https:\/\/club-des-ecureuils.fr\/index.php?rest_route=\/wp\/v2\/pages\/5076\/revisions"}],"predecessor-version":[{"id":5186,"href":"https:\/\/club-des-ecureuils.fr\/index.php?rest_route=\/wp\/v2\/pages\/5076\/revisions\/5186"}],"up":[{"embeddable":true,"href":"https:\/\/club-des-ecureuils.fr\/index.php?rest_route=\/wp\/v2\/pages\/154"}],"wp:attachment":[{"href":"https:\/\/club-des-ecureuils.fr\/index.php?rest_route=%2Fwp%2Fv2%2Fmedia&parent=5076"}],"curies":[{"name":"wp","href":"https:\/\/api.w.org\/{rel}","templated":true}]}}