{"id":5144,"date":"2022-09-25T17:54:28","date_gmt":"2022-09-25T17:54:28","guid":{"rendered":"https:\/\/club-des-ecureuils.fr\/?page_id=5144"},"modified":"2024-08-31T10:09:26","modified_gmt":"2024-08-31T10:09:26","slug":"les-professeurs","status":"publish","type":"page","link":"https:\/\/club-des-ecureuils.fr\/?page_id=5144","title":{"rendered":"Les professeurs"},"content":{"rendered":"\n<p class=\"has-text-align-center\"><a href=\"https:\/\/club-des-ecureuils.fr\/?page_id=5071\">Inscription<\/a> &#8211; <a href=\"https:\/\/club-des-ecureuils.fr\/?page_id=162\">Actualit\u00e9s<\/a>&#8211; <a href=\"https:\/\/club-des-ecureuils.fr\/?page_id=157\">Horaires et tarifs<\/a> &#8211; <a href=\"https:\/\/club-des-ecureuils.fr\/?page_id=5144\">Les professeurs<\/a> &#8211; <a href=\"https:\/\/club-des-ecureuils.fr\/?page_id=5171\">L&rsquo;\u00e9quipe<\/a> &#8211; <a href=\"https:\/\/club-des-ecureuils.fr\/?page_id=165\">Photos<\/a> et <a href=\"https:\/\/club-des-ecureuils.fr\/?page_id=167\">Vid\u00e9os<\/a> &#8211; <a href=\"https:\/\/club-des-ecureuils.fr\/?page_id=5076\">Contact<\/a><\/p>\n\n\n\n<div class=\"wp-block-columns is-layout-flex wp-container-core-columns-is-layout-9d6595d7 wp-block-columns-is-layout-flex\">\n<div class=\"wp-block-column is-layout-flow wp-block-column-is-layout-flow\" style=\"flex-basis:100%\"><div class=\"wp-block-image is-resized\">\n<figure class=\"aligncenter size-full\"><a href=\"https:\/\/club-des-ecureuils.fr\/wp-content\/uploads\/2022\/09\/2f591e_a86adc01f784432ea4a10fdc8ec59a43mv2.webp\"><img loading=\"lazy\" decoding=\"async\" width=\"872\" height=\"900\" src=\"https:\/\/club-des-ecureuils.fr\/wp-content\/uploads\/2022\/09\/2f591e_a86adc01f784432ea4a10fdc8ec59a43mv2.webp\" alt=\"\" class=\"wp-image-5145\" style=\"width:336px;height:auto\" srcset=\"https:\/\/club-des-ecureuils.fr\/wp-content\/uploads\/2022\/09\/2f591e_a86adc01f784432ea4a10fdc8ec59a43mv2.webp 872w, https:\/\/club-des-ecureuils.fr\/wp-content\/uploads\/2022\/09\/2f591e_a86adc01f784432ea4a10fdc8ec59a43mv2-291x300.webp 291w, https:\/\/club-des-ecureuils.fr\/wp-content\/uploads\/2022\/09\/2f591e_a86adc01f784432ea4a10fdc8ec59a43mv2-768x793.webp 768w\" sizes=\"auto, (max-width: 767px) 89vw, (max-width: 1000px) 54vw, (max-width: 1071px) 543px, 580px\" \/><\/a><figcaption class=\"wp-element-caption\"><strong>CAROLINE <\/strong><br>Danse africaine &#8211; Afro contemporain &#8211; Eveil<\/figcaption><\/figure>\n<\/div>\n\n<div class=\"wp-block-image is-resized\">\n<figure class=\"aligncenter size-large\"><a href=\"https:\/\/club-des-ecureuils.fr\/wp-content\/uploads\/2022\/09\/202855430_856805974966619_7901363866111429719_n.jpg\"><img loading=\"lazy\" decoding=\"async\" width=\"819\" height=\"1024\" src=\"https:\/\/club-des-ecureuils.fr\/wp-content\/uploads\/2022\/09\/202855430_856805974966619_7901363866111429719_n-819x1024.jpg\" alt=\"\" class=\"wp-image-5146\" style=\"width:354px;height:auto\" srcset=\"https:\/\/club-des-ecureuils.fr\/wp-content\/uploads\/2022\/09\/202855430_856805974966619_7901363866111429719_n-819x1024.jpg 819w, https:\/\/club-des-ecureuils.fr\/wp-content\/uploads\/2022\/09\/202855430_856805974966619_7901363866111429719_n-240x300.jpg 240w, https:\/\/club-des-ecureuils.fr\/wp-content\/uploads\/2022\/09\/202855430_856805974966619_7901363866111429719_n-768x960.jpg 768w, https:\/\/club-des-ecureuils.fr\/wp-content\/uploads\/2022\/09\/202855430_856805974966619_7901363866111429719_n.jpg 1080w\" sizes=\"auto, (max-width: 767px) 89vw, (max-width: 1000px) 54vw, (max-width: 1071px) 543px, 580px\" \/><\/a><figcaption class=\"wp-element-caption\"><strong>CLEMENTINE  <\/strong><br>Hip-Hop contemporain &#8211; Ballet contemporain &#8211; Eveil &#8211; Initiation<\/figcaption><\/figure>\n<\/div><\/div>\n<\/div>\n\n\n<div class=\"wp-block-image\">\n<figure class=\"aligncenter size-large is-resized\"><a href=\"https:\/\/club-des-ecureuils.fr\/wp-content\/uploads\/2022\/09\/92570044_10218225276256775_2660737136134717440_n-1.png\"><img loading=\"lazy\" decoding=\"async\" width=\"1024\" height=\"933\" src=\"https:\/\/club-des-ecureuils.fr\/wp-content\/uploads\/2022\/09\/92570044_10218225276256775_2660737136134717440_n-1-1024x933.png\" alt=\"\" class=\"wp-image-5149\" style=\"aspect-ratio:1.0977443609022557;width:350px;height:auto\" srcset=\"https:\/\/club-des-ecureuils.fr\/wp-content\/uploads\/2022\/09\/92570044_10218225276256775_2660737136134717440_n-1-1024x933.png 1024w, https:\/\/club-des-ecureuils.fr\/wp-content\/uploads\/2022\/09\/92570044_10218225276256775_2660737136134717440_n-1-300x273.png 300w, https:\/\/club-des-ecureuils.fr\/wp-content\/uploads\/2022\/09\/92570044_10218225276256775_2660737136134717440_n-1-768x700.png 768w, https:\/\/club-des-ecureuils.fr\/wp-content\/uploads\/2022\/09\/92570044_10218225276256775_2660737136134717440_n-1.png 1070w\" sizes=\"auto, (max-width: 767px) 89vw, (max-width: 1000px) 54vw, (max-width: 1071px) 543px, 580px\" \/><\/a><figcaption class=\"wp-element-caption\"><strong>MARIE <\/strong><br>Danse Orientale<\/figcaption><\/figure>\n<\/div>\n\n<div class=\"wp-block-image is-resized\">\n<figure class=\"aligncenter size-full\"><a href=\"https:\/\/club-des-ecureuils.fr\/wp-content\/uploads\/2022\/09\/2f591e_f81ac3f861b343ca9491d0aed75d22e8mv2.png\"><img loading=\"lazy\" decoding=\"async\" width=\"468\" height=\"505\" src=\"https:\/\/club-des-ecureuils.fr\/wp-content\/uploads\/2022\/09\/2f591e_f81ac3f861b343ca9491d0aed75d22e8mv2.png\" alt=\"\" class=\"wp-image-5151\" style=\"width:366px;height:auto\" srcset=\"https:\/\/club-des-ecureuils.fr\/wp-content\/uploads\/2022\/09\/2f591e_f81ac3f861b343ca9491d0aed75d22e8mv2.png 468w, https:\/\/club-des-ecureuils.fr\/wp-content\/uploads\/2022\/09\/2f591e_f81ac3f861b343ca9491d0aed75d22e8mv2-278x300.png 278w\" sizes=\"auto, (max-width: 468px) 100vw, 468px\" \/><\/a><figcaption class=\"wp-element-caption\"><strong>CHRISTINE <\/strong><br>Danse Orientale<\/figcaption><\/figure>\n<\/div>\n\n<div class=\"wp-block-image\">\n<figure class=\"aligncenter size-full\"><a href=\"https:\/\/club-des-ecureuils.fr\/wp-content\/uploads\/2022\/09\/2f591e_835e5ca73e144033894c194e7be5c895mv2.png\"><img loading=\"lazy\" decoding=\"async\" width=\"294\" height=\"333\" src=\"https:\/\/club-des-ecureuils.fr\/wp-content\/uploads\/2022\/09\/2f591e_835e5ca73e144033894c194e7be5c895mv2.png\" alt=\"\" class=\"wp-image-5153\" srcset=\"https:\/\/club-des-ecureuils.fr\/wp-content\/uploads\/2022\/09\/2f591e_835e5ca73e144033894c194e7be5c895mv2.png 294w, https:\/\/club-des-ecureuils.fr\/wp-content\/uploads\/2022\/09\/2f591e_835e5ca73e144033894c194e7be5c895mv2-265x300.png 265w\" sizes=\"auto, (max-width: 294px) 100vw, 294px\" \/><\/a><figcaption class=\"wp-element-caption\"><strong>AMANDINE  P\u00f4le Dance<\/strong><\/figcaption><\/figure>\n<\/div>\n\n<div class=\"wp-block-image\">\n<figure class=\"aligncenter size-large is-resized\"><a href=\"https:\/\/club-des-ecureuils.fr\/wp-content\/uploads\/2022\/09\/274231632_5037156766351591_5074881298884247507_n.jpg\"><img loading=\"lazy\" decoding=\"async\" width=\"1024\" height=\"1024\" src=\"https:\/\/club-des-ecureuils.fr\/wp-content\/uploads\/2022\/09\/274231632_5037156766351591_5074881298884247507_n-1024x1024.jpg\" alt=\"\" class=\"wp-image-5154\" style=\"width:349px;height:auto\" srcset=\"https:\/\/club-des-ecureuils.fr\/wp-content\/uploads\/2022\/09\/274231632_5037156766351591_5074881298884247507_n-1024x1024.jpg 1024w, https:\/\/club-des-ecureuils.fr\/wp-content\/uploads\/2022\/09\/274231632_5037156766351591_5074881298884247507_n-300x300.jpg 300w, https:\/\/club-des-ecureuils.fr\/wp-content\/uploads\/2022\/09\/274231632_5037156766351591_5074881298884247507_n-150x150.jpg 150w, https:\/\/club-des-ecureuils.fr\/wp-content\/uploads\/2022\/09\/274231632_5037156766351591_5074881298884247507_n-768x768.jpg 768w, https:\/\/club-des-ecureuils.fr\/wp-content\/uploads\/2022\/09\/274231632_5037156766351591_5074881298884247507_n-100x100.jpg 100w, https:\/\/club-des-ecureuils.fr\/wp-content\/uploads\/2022\/09\/274231632_5037156766351591_5074881298884247507_n.jpg 1080w\" sizes=\"auto, (max-width: 767px) 89vw, (max-width: 1000px) 54vw, (max-width: 1071px) 543px, 580px\" \/><\/a><figcaption class=\"wp-element-caption\"><strong>FLORA <\/strong><br><strong> <\/strong>Modern Jazz &#8211; Eveil &#8211; Initiation &#8211; Fitness Barres<\/figcaption><\/figure>\n<\/div>\n\n<div class=\"wp-block-image is-resized\">\n<figure class=\"aligncenter size-full\"><a href=\"https:\/\/club-des-ecureuils.fr\/wp-content\/uploads\/2022\/09\/287613910_1061882454458969_2074406135461030489_n-1.png\"><img loading=\"lazy\" decoding=\"async\" width=\"332\" height=\"609\" src=\"https:\/\/club-des-ecureuils.fr\/wp-content\/uploads\/2022\/09\/287613910_1061882454458969_2074406135461030489_n-1.png\" alt=\"\" class=\"wp-image-5158\" srcset=\"https:\/\/club-des-ecureuils.fr\/wp-content\/uploads\/2022\/09\/287613910_1061882454458969_2074406135461030489_n-1.png 332w, https:\/\/club-des-ecureuils.fr\/wp-content\/uploads\/2022\/09\/287613910_1061882454458969_2074406135461030489_n-1-164x300.png 164w\" sizes=\"auto, (max-width: 332px) 100vw, 332px\" \/><\/a><figcaption class=\"wp-element-caption\"><strong>JEFF <\/strong><br>Afro D\u00e9cal\u00e9 &#8211; Street &#8211; Afro Dancehall &#8211; Hip Hop<\/figcaption><\/figure>\n<\/div>\n\n<div class=\"wp-block-image\">\n<figure class=\"aligncenter size-full is-resized\"><a href=\"https:\/\/club-des-ecureuils.fr\/wp-content\/uploads\/2022\/09\/226656534_2624285211210835_5835056632675420369_n.png\"><img loading=\"lazy\" decoding=\"async\" width=\"619\" height=\"875\" src=\"https:\/\/club-des-ecureuils.fr\/wp-content\/uploads\/2022\/09\/226656534_2624285211210835_5835056632675420369_n.png\" alt=\"\" class=\"wp-image-5159\" style=\"aspect-ratio:0.7094240837696335;width:321px;height:auto\" srcset=\"https:\/\/club-des-ecureuils.fr\/wp-content\/uploads\/2022\/09\/226656534_2624285211210835_5835056632675420369_n.png 619w, https:\/\/club-des-ecureuils.fr\/wp-content\/uploads\/2022\/09\/226656534_2624285211210835_5835056632675420369_n-212x300.png 212w\" sizes=\"auto, (max-width: 619px) 100vw, 619px\" \/><\/a><figcaption class=\"wp-element-caption\"><strong>ALEXANDRA<\/strong><br><strong> <\/strong>Cabaret &#8211; Com\u00e9die Musicale<\/figcaption><\/figure>\n<\/div>","protected":false},"excerpt":{"rendered":"<p>Inscription &#8211; Actualit\u00e9s&#8211; Horaires et tarifs &#8211; Les professeurs &#8211; L&rsquo;\u00e9quipe &#8211; Photos et Vid\u00e9os &#8211; Contact<\/p>\n","protected":false},"author":11,"featured_media":0,"parent":154,"menu_order":0,"comment_status":"closed","ping_status":"closed","template":"","meta":{"footnotes":""},"class_list":["post-5144","page","type-page","status-publish","hentry"],"_links":{"self":[{"href":"https:\/\/club-des-ecureuils.fr\/index.php?rest_route=\/wp\/v2\/pages\/5144","targetHints":{"allow":["GET"]}}],"collection":[{"href":"https:\/\/club-des-ecureuils.fr\/index.php?rest_route=\/wp\/v2\/pages"}],"about":[{"href":"https:\/\/club-des-ecureuils.fr\/index.php?rest_route=\/wp\/v2\/types\/page"}],"author":[{"embeddable":true,"href":"https:\/\/club-des-ecureuils.fr\/index.php?rest_route=\/wp\/v2\/users\/11"}],"replies":[{"embeddable":true,"href":"https:\/\/club-des-ecureuils.fr\/index.php?rest_route=%2Fwp%2Fv2%2Fcomments&post=5144"}],"version-history":[{"count":9,"href":"https:\/\/club-des-ecureuils.fr\/index.php?rest_route=\/wp\/v2\/pages\/5144\/revisions"}],"predecessor-version":[{"id":6684,"href":"https:\/\/club-des-ecureuils.fr\/index.php?rest_route=\/wp\/v2\/pages\/5144\/revisions\/6684"}],"up":[{"embeddable":true,"href":"https:\/\/club-des-ecureuils.fr\/index.php?rest_route=\/wp\/v2\/pages\/154"}],"wp:attachment":[{"href":"https:\/\/club-des-ecureuils.fr\/index.php?rest_route=%2Fwp%2Fv2%2Fmedia&parent=5144"}],"curies":[{"name":"wp","href":"https:\/\/api.w.org\/{rel}","templated":true}]}}