{"id":5171,"date":"2022-09-25T20:54:46","date_gmt":"2022-09-25T20:54:46","guid":{"rendered":"https:\/\/club-des-ecureuils.fr\/?page_id=5171"},"modified":"2025-08-29T12:12:47","modified_gmt":"2025-08-29T12:12:47","slug":"lequipe-temps-danse","status":"publish","type":"page","link":"https:\/\/club-des-ecureuils.fr\/?page_id=5171","title":{"rendered":"L&rsquo;\u00e9quipe Temps Danse"},"content":{"rendered":"\n<p class=\"has-text-align-center\"><a href=\"https:\/\/club-des-ecureuils.fr\/?page_id=5071\">Inscription<\/a> &#8211; <a href=\"https:\/\/club-des-ecureuils.fr\/?page_id=162\">Actualit\u00e9s<\/a>&#8211; <a href=\"https:\/\/club-des-ecureuils.fr\/?page_id=157\">Horaires et tarifs<\/a> &#8211; <a href=\"https:\/\/club-des-ecureuils.fr\/?page_id=5144\">Les professeurs<\/a> &#8211; <a href=\"https:\/\/club-des-ecureuils.fr\/?page_id=5171\">L&rsquo;\u00e9quipe <\/a>&#8211; <a href=\"https:\/\/club-des-ecureuils.fr\/?page_id=165\">Photos<\/a> et <a href=\"https:\/\/club-des-ecureuils.fr\/?page_id=167\">Vid\u00e9os<\/a> &#8211; <a href=\"https:\/\/club-des-ecureuils.fr\/?page_id=5076\">Contact<\/a><\/p>\n\n\n\n<p>Les membres du bureau :<\/p>\n\n\n\n<p><\/p>\n\n\n\n<p>Pr\u00e9sidente omnipotente et bienveillante : Euridys<\/p>\n\n\n\n<p>Secr\u00e9taire d\u00e9vou\u00e9e et spammeuse : Ang\u00e9lique<\/p>\n\n\n\n<p>Tr\u00e9sorier froid et calculateur : <\/p>\n\n\n\n<p>Membre du bureau en immersion : Myriam<\/p>\n\n\n\n<p>Membre du bureau noob : Laurence<\/p>\n\n\n\n<p><\/p>\n\n\n\n<p>Pour voir une photo du bureau, <a href=\"https:\/\/media.but.fr\/images_produits\/produit-zoom\/5713035043595_Q.jpg\">cliquez ici<\/a>, ou <a href=\"https:\/\/rehost.diberie.com\/Picture\/Get\/f\/205601\">ici<\/a>.<\/p>\n","protected":false},"excerpt":{"rendered":"<p>Inscription &#8211; Actualit\u00e9s&#8211; Horaires et tarifs &#8211; Les professeurs &#8211; L&rsquo;\u00e9quipe &#8211; Photos et Vid\u00e9os &#8211; Contact Les membres du bureau : Pr\u00e9sidente omnipotente et bienveillante : Euridys Secr\u00e9taire d\u00e9vou\u00e9e et spammeuse : Ang\u00e9lique Tr\u00e9sorier froid et calculateur : Membre du bureau en immersion : Myriam Membre du bureau noob : Laurence Pour voir une &hellip; <\/p>\n<p class=\"link-more\"><a href=\"https:\/\/club-des-ecureuils.fr\/?page_id=5171\" class=\"more-link\">Continuer la lecture<span class=\"screen-reader-text\"> de &laquo;&nbsp;L&rsquo;\u00e9quipe Temps Danse&nbsp;&raquo;<\/span><\/a><\/p>\n","protected":false},"author":11,"featured_media":0,"parent":154,"menu_order":0,"comment_status":"closed","ping_status":"closed","template":"","meta":{"footnotes":""},"class_list":["post-5171","page","type-page","status-publish","hentry"],"_links":{"self":[{"href":"https:\/\/club-des-ecureuils.fr\/index.php?rest_route=\/wp\/v2\/pages\/5171","targetHints":{"allow":["GET"]}}],"collection":[{"href":"https:\/\/club-des-ecureuils.fr\/index.php?rest_route=\/wp\/v2\/pages"}],"about":[{"href":"https:\/\/club-des-ecureuils.fr\/index.php?rest_route=\/wp\/v2\/types\/page"}],"author":[{"embeddable":true,"href":"https:\/\/club-des-ecureuils.fr\/index.php?rest_route=\/wp\/v2\/users\/11"}],"replies":[{"embeddable":true,"href":"https:\/\/club-des-ecureuils.fr\/index.php?rest_route=%2Fwp%2Fv2%2Fcomments&post=5171"}],"version-history":[{"count":5,"href":"https:\/\/club-des-ecureuils.fr\/index.php?rest_route=\/wp\/v2\/pages\/5171\/revisions"}],"predecessor-version":[{"id":6523,"href":"https:\/\/club-des-ecureuils.fr\/index.php?rest_route=\/wp\/v2\/pages\/5171\/revisions\/6523"}],"up":[{"embeddable":true,"href":"https:\/\/club-des-ecureuils.fr\/index.php?rest_route=\/wp\/v2\/pages\/154"}],"wp:attachment":[{"href":"https:\/\/club-des-ecureuils.fr\/index.php?rest_route=%2Fwp%2Fv2%2Fmedia&parent=5171"}],"curies":[{"name":"wp","href":"https:\/\/api.w.org\/{rel}","templated":true}]}}