{"id":5595,"date":"2023-10-10T14:00:21","date_gmt":"2023-10-10T14:00:21","guid":{"rendered":"https:\/\/club-des-ecureuils.fr\/?page_id=5595"},"modified":"2026-03-07T11:25:47","modified_gmt":"2026-03-07T11:25:47","slug":"randonnee-pedestre-les-ecureuils-marcheurs","status":"publish","type":"page","link":"https:\/\/club-des-ecureuils.fr\/?page_id=5595","title":{"rendered":"Randonn\u00e9e p\u00e9destre : les \u00e9cureuils marcheurs"},"content":{"rendered":"\n<div class=\"wp-block-group is-nowrap is-layout-flex wp-container-core-group-is-layout-ad2f72ca wp-block-group-is-layout-flex\">\n<figure class=\"wp-block-image size-full\"><a href=\"https:\/\/club-des-ecureuils.fr\/wp-content\/uploads\/2024\/07\/Logo.png\"><img loading=\"lazy\" decoding=\"async\" width=\"500\" height=\"500\" src=\"https:\/\/club-des-ecureuils.fr\/wp-content\/uploads\/2024\/07\/Logo.png\" alt=\"\" class=\"wp-image-6116\" srcset=\"https:\/\/club-des-ecureuils.fr\/wp-content\/uploads\/2024\/07\/Logo.png 500w, https:\/\/club-des-ecureuils.fr\/wp-content\/uploads\/2024\/07\/Logo-300x300.png 300w, https:\/\/club-des-ecureuils.fr\/wp-content\/uploads\/2024\/07\/Logo-150x150.png 150w, https:\/\/club-des-ecureuils.fr\/wp-content\/uploads\/2024\/07\/Logo-100x100.png 100w\" sizes=\"auto, (max-width: 500px) 100vw, 500px\" \/><\/a><\/figure>\n\n\n\n<p class=\"has-small-font-size\">Affili\u00e9e \u00e0 la <strong>F\u00e9d\u00e9ration Fran\u00e7aise de Randonn\u00e9e P\u00e9destre<\/strong>, cette section a \u00e9t\u00e9 cr\u00e9\u00e9e \u00e0 la rentr\u00e9e 2023 sur l&rsquo;initiative de l&rsquo;un de nos animateurs.<br>Le but est de randonner en groupe localement, et partout en Nouvelle Aquitaine.<\/p>\n\n\n\n<figure class=\"wp-block-image size-large\"><a href=\"https:\/\/club-des-ecureuils.fr\/wp-content\/uploads\/2026\/02\/Quadri_LogoFFRP-national_cartouche.jpg\"><img loading=\"lazy\" decoding=\"async\" width=\"1024\" height=\"394\" src=\"https:\/\/club-des-ecureuils.fr\/wp-content\/uploads\/2026\/02\/Quadri_LogoFFRP-national_cartouche-1024x394.jpg\" alt=\"\" class=\"wp-image-7622\" srcset=\"https:\/\/club-des-ecureuils.fr\/wp-content\/uploads\/2026\/02\/Quadri_LogoFFRP-national_cartouche-1024x394.jpg 1024w, https:\/\/club-des-ecureuils.fr\/wp-content\/uploads\/2026\/02\/Quadri_LogoFFRP-national_cartouche-300x116.jpg 300w, https:\/\/club-des-ecureuils.fr\/wp-content\/uploads\/2026\/02\/Quadri_LogoFFRP-national_cartouche-768x296.jpg 768w, https:\/\/club-des-ecureuils.fr\/wp-content\/uploads\/2026\/02\/Quadri_LogoFFRP-national_cartouche.jpg 1535w\" sizes=\"auto, (max-width: 767px) 89vw, (max-width: 1000px) 54vw, (max-width: 1071px) 543px, 580px\" \/><\/a><\/figure>\n<\/div>\n\n\n\n<div class=\"wp-block-group is-layout-grid wp-container-core-group-is-layout-baef362d wp-block-group-is-layout-grid\">\n<figure class=\"wp-block-image size-large is-resized\"><a href=\"https:\/\/club-des-ecureuils.fr\/wp-content\/uploads\/2026\/02\/\u00a9Fotolia_44303292_XL-scaled.jpg\"><img loading=\"lazy\" decoding=\"async\" width=\"1024\" height=\"680\" src=\"https:\/\/club-des-ecureuils.fr\/wp-content\/uploads\/2026\/02\/\u00a9Fotolia_44303292_XL-1024x680.jpg\" alt=\"\" class=\"wp-image-7624\" style=\"aspect-ratio:4\/3;object-fit:cover;width:358px;height:auto\" srcset=\"https:\/\/club-des-ecureuils.fr\/wp-content\/uploads\/2026\/02\/\u00a9Fotolia_44303292_XL-1024x680.jpg 1024w, https:\/\/club-des-ecureuils.fr\/wp-content\/uploads\/2026\/02\/\u00a9Fotolia_44303292_XL-300x199.jpg 300w, https:\/\/club-des-ecureuils.fr\/wp-content\/uploads\/2026\/02\/\u00a9Fotolia_44303292_XL-768x510.jpg 768w, https:\/\/club-des-ecureuils.fr\/wp-content\/uploads\/2026\/02\/\u00a9Fotolia_44303292_XL-1536x1020.jpg 1536w, https:\/\/club-des-ecureuils.fr\/wp-content\/uploads\/2026\/02\/\u00a9Fotolia_44303292_XL-2048x1360.jpg 2048w\" sizes=\"auto, (max-width: 767px) 89vw, (max-width: 1000px) 54vw, (max-width: 1071px) 543px, 580px\" \/><\/a><\/figure>\n\n\n\n<figure class=\"wp-block-image size-large\"><a href=\"https:\/\/club-des-ecureuils.fr\/wp-content\/uploads\/2026\/03\/\u00a9Johannes-Braun_DSC_0056-scaled.jpg\"><img loading=\"lazy\" decoding=\"async\" width=\"1024\" height=\"680\" src=\"https:\/\/club-des-ecureuils.fr\/wp-content\/uploads\/2026\/03\/\u00a9Johannes-Braun_DSC_0056-1024x680.jpg\" alt=\"\" class=\"wp-image-7679\" style=\"aspect-ratio:4\/3;object-fit:cover\" srcset=\"https:\/\/club-des-ecureuils.fr\/wp-content\/uploads\/2026\/03\/\u00a9Johannes-Braun_DSC_0056-1024x680.jpg 1024w, https:\/\/club-des-ecureuils.fr\/wp-content\/uploads\/2026\/03\/\u00a9Johannes-Braun_DSC_0056-300x199.jpg 300w, https:\/\/club-des-ecureuils.fr\/wp-content\/uploads\/2026\/03\/\u00a9Johannes-Braun_DSC_0056-768x510.jpg 768w, https:\/\/club-des-ecureuils.fr\/wp-content\/uploads\/2026\/03\/\u00a9Johannes-Braun_DSC_0056-1536x1020.jpg 1536w, https:\/\/club-des-ecureuils.fr\/wp-content\/uploads\/2026\/03\/\u00a9Johannes-Braun_DSC_0056-2048x1360.jpg 2048w\" sizes=\"auto, (max-width: 767px) 89vw, (max-width: 1000px) 54vw, (max-width: 1071px) 543px, 580px\" \/><\/a><\/figure>\n<\/div>\n\n\n\n<p class=\"has-text-align-left has-button-color-color has-text-color has-medium-font-size\">&#8211; <a href=\"https:\/\/club-des-ecureuils.fr\/?page_id=5931\"><strong>Fonctionnement Section <\/strong><\/a> <\/p>\n\n\n\n<p class=\"has-text-align-left has-button-color-color has-text-color has-medium-font-size\">&#8211; <a style=\"font-weight: bold;\" href=\"https:\/\/club-des-ecureuils.fr\/?page_id=5651\"><strong>Adh\u00e9sion Randonn\u00e9e p\u00e9destre<\/strong><\/a><\/p>\n\n\n\n<p class=\"has-text-align-left has-button-color-color has-text-color has-medium-font-size\"><b><strong>&#8211; <\/strong><\/b><a style=\"font-weight: bold;\" href=\"https:\/\/club-des-ecureuils.fr\/?page_id=5680\"><strong>Programme des sorties en randonn\u00e9e p\u00e9destre<\/strong><\/a><\/p>\n\n\n\n<p class=\"has-text-align-left has-button-color-color has-text-color has-medium-font-size\"><strong>&#8211;<\/strong> <strong><a href=\"https:\/\/club-des-ecureuils.fr\/?page_id=5701\">Phototh\u00e8que des Ecureuils marcheurs 2024\/2025 <\/a>&#8211; <a href=\"https:\/\/club-des-ecureuils.fr\/?page_id=7381\" data-type=\"page\" data-id=\"7381\">2026<\/a><\/strong><\/p>\n\n\n\n<p class=\"has-text-align-left has-button-color-color has-text-color has-medium-font-size\"><strong>&#8211;<\/strong> <a href=\"https:\/\/club-des-ecureuils.fr\/?page_id=6720\" data-type=\"page\" data-id=\"6720\"><strong>La gazette l\u2019ESQUIROL<\/strong><\/a><\/p>\n\n\n\n<p class=\"has-large-font-size\"><strong>Pr\u00e9sentation des activit\u00e9s<\/strong><\/p>\n\n\n\n<p><strong>&#8211; Objectifs de la section \u00ab Les Ecureuils Marcheurs \u00bb du Club des Ecureuils de Marcheprime<\/strong><br><br>Nos activit\u00e9s s&rsquo;adressent aux passionn\u00e9s de marche et de randonn\u00e9e qui cherchent \u00e0 pratiquer ce sport dans un esprit de convivialit\u00e9 et de bonne humeur.<br>En famille ou individuellement, chevronn\u00e9s ou d\u00e9butants, notre objectif est de partager dans un esprit de groupe les efforts et, au bout du chemin, les plaisirs et les r\u00e9compenses associ\u00e9s \u2026<\/p>\n\n\n\n<p><strong>&#8211;<\/strong> <strong>Activit\u00e9s propos\u00e9es<\/strong><\/p>\n\n\n\n<ul class=\"wp-block-list\">\n<li>Des sorties en Gironde :<br>o Tous les <strong>jeudis <\/strong>et tous les <strong>dimanches <\/strong>: des parcours d\u2019environ 12 km (demi-journ\u00e9e) dans la proche r\u00e9gion girondine,<br>o <strong>Un mardi sur deux<\/strong>, une randonn\u00e9e dite \u00ab\u00a0douce\u00a0\u00bb de 6 \u00e0 8 km sur le secteur de Marcheprime est propos\u00e9e aux personnes qui souhaitent d\u00e9marrer la randonn\u00e9e p\u00e9destre en douceur et b\u00e9n\u00e9ficier d&rsquo;une remise en forme, afin d&rsquo;\u00e9voluer ensuite vers nos randonn\u00e9es hebdomadaires.<br>o Une \u00e0 deux fois par trimestre : des parcours de 16 \u00e0 20 km (journ\u00e9e avec<br>pique-nique non fourni) dans la proche r\u00e9gion girondine,<\/li>\n\n\n\n<li>P\u00e9riodiquement (trois au quatre fois par saison), des randonn\u00e9es en montagne et\/ou des<br>s\u00e9jours en Nouvelle Aquitaine sur le week-end ou sur plusieurs jours,<\/li>\n\n\n\n<li>Des animations conviviales : repas annuel, sortie annuelle, assembl\u00e9e g\u00e9n\u00e9rale annuelle<br>\u00e9ventuellement suivie d\u2019un repas, etc.<\/li>\n<\/ul>\n\n\n\n<p><strong>&#8211;<\/strong> <strong>Organisation des sorties et participation<\/strong><br><br>Les activit\u00e9s sont organis\u00e9es b\u00e9n\u00e9volement par les membres du Comit\u00e9 directeur et\/ou par les adh\u00e9rents.<br>Toutes les sorties hebdomadaires sont accessibles librement (possibilit\u00e9 de participer \u00e0 plusieurs journ\u00e9es et\/ou d\u2019en changer \u00e0 volont\u00e9). Les participations \u00e0 ces sorties sont gratuites, les participants s&rsquo;acquittent seulement des frais li\u00e9s au transport dans le cas de covoiturage (au d\u00e9part de Marcheprime).<br>Le cas \u00e9ch\u00e9ant, les sorties sur un ou plusieurs jours (randonn\u00e9es en montagne notamment) font l\u2019objet d\u2019une cotation (niveau de difficult\u00e9) pour permettre \u00e0 chacun de se situer et de participer en toute connaissance de cause.<br>En fonction des capacit\u00e9s d\u2019h\u00e9bergement, le nombre de participants peut \u00eatre limit\u00e9. Les frais d\u2019h\u00e9bergement, de repas, et de pratique de certaines activit\u00e9s sont bien \u00e9videmment \u00e0 la charge des participants. Pour une r\u00e9servation, un acompte est demand\u00e9 lors de l\u2019inscription.<br>Les informations d\u00e9taill\u00e9es sont communiqu\u00e9es aux adh\u00e9rents :<\/p>\n\n\n\n<ul class=\"wp-block-list\">\n<li>Par message p\u00e9riodique, pour les randonn\u00e9es en Gironde,<\/li>\n\n\n\n<li>Sur fiche d\u2019inscription, pour les s\u00e9jours.<\/li>\n<\/ul>\n","protected":false},"excerpt":{"rendered":"<p>Affili\u00e9e \u00e0 la F\u00e9d\u00e9ration Fran\u00e7aise de Randonn\u00e9e P\u00e9destre, cette section a \u00e9t\u00e9 cr\u00e9\u00e9e \u00e0 la rentr\u00e9e 2023 sur l&rsquo;initiative de l&rsquo;un de nos animateurs.Le but est de randonner en groupe localement, et partout en Nouvelle Aquitaine. &#8211; Fonctionnement Section &#8211; Adh\u00e9sion Randonn\u00e9e p\u00e9destre &#8211; Programme des sorties en randonn\u00e9e p\u00e9destre &#8211; Phototh\u00e8que des Ecureuils marcheurs &hellip; <\/p>\n<p class=\"link-more\"><a href=\"https:\/\/club-des-ecureuils.fr\/?page_id=5595\" class=\"more-link\">Continuer la lecture<span class=\"screen-reader-text\"> de &laquo;&nbsp;Randonn\u00e9e p\u00e9destre : les \u00e9cureuils marcheurs&nbsp;&raquo;<\/span><\/a><\/p>\n","protected":false},"author":3,"featured_media":0,"parent":28,"menu_order":12,"comment_status":"closed","ping_status":"closed","template":"","meta":{"footnotes":""},"class_list":["post-5595","page","type-page","status-publish","hentry"],"_links":{"self":[{"href":"https:\/\/club-des-ecureuils.fr\/index.php?rest_route=\/wp\/v2\/pages\/5595","targetHints":{"allow":["GET"]}}],"collection":[{"href":"https:\/\/club-des-ecureuils.fr\/index.php?rest_route=\/wp\/v2\/pages"}],"about":[{"href":"https:\/\/club-des-ecureuils.fr\/index.php?rest_route=\/wp\/v2\/types\/page"}],"author":[{"embeddable":true,"href":"https:\/\/club-des-ecureuils.fr\/index.php?rest_route=\/wp\/v2\/users\/3"}],"replies":[{"embeddable":true,"href":"https:\/\/club-des-ecureuils.fr\/index.php?rest_route=%2Fwp%2Fv2%2Fcomments&post=5595"}],"version-history":[{"count":41,"href":"https:\/\/club-des-ecureuils.fr\/index.php?rest_route=\/wp\/v2\/pages\/5595\/revisions"}],"predecessor-version":[{"id":7680,"href":"https:\/\/club-des-ecureuils.fr\/index.php?rest_route=\/wp\/v2\/pages\/5595\/revisions\/7680"}],"up":[{"embeddable":true,"href":"https:\/\/club-des-ecureuils.fr\/index.php?rest_route=\/wp\/v2\/pages\/28"}],"wp:attachment":[{"href":"https:\/\/club-des-ecureuils.fr\/index.php?rest_route=%2Fwp%2Fv2%2Fmedia&parent=5595"}],"curies":[{"name":"wp","href":"https:\/\/api.w.org\/{rel}","templated":true}]}}