{"id":5651,"date":"2023-10-25T13:03:03","date_gmt":"2023-10-25T13:03:03","guid":{"rendered":"https:\/\/club-des-ecureuils.fr\/?page_id=5651"},"modified":"2026-03-08T11:04:39","modified_gmt":"2026-03-08T11:04:39","slug":"adhesion","status":"publish","type":"page","link":"https:\/\/club-des-ecureuils.fr\/?page_id=5651","title":{"rendered":"Adh\u00e9sion \u00e0 la section \u00ab\u00a0Ecureuils Marcheurs\u00a0\u00bb"},"content":{"rendered":"\n<figure class=\"wp-block-image size-large is-resized\"><a href=\"https:\/\/club-des-ecureuils.fr\/wp-content\/uploads\/2026\/02\/\u00a9-Johannes-Braun_DSCF3246-scaled.jpg\"><img loading=\"lazy\" decoding=\"async\" width=\"1024\" height=\"683\" src=\"https:\/\/club-des-ecureuils.fr\/wp-content\/uploads\/2026\/02\/\u00a9-Johannes-Braun_DSCF3246-1024x683.jpg\" alt=\"\" class=\"wp-image-7628\" style=\"aspect-ratio:1.4999999660412715;width:385px;height:auto\" srcset=\"https:\/\/club-des-ecureuils.fr\/wp-content\/uploads\/2026\/02\/\u00a9-Johannes-Braun_DSCF3246-1024x683.jpg 1024w, https:\/\/club-des-ecureuils.fr\/wp-content\/uploads\/2026\/02\/\u00a9-Johannes-Braun_DSCF3246-300x200.jpg 300w, https:\/\/club-des-ecureuils.fr\/wp-content\/uploads\/2026\/02\/\u00a9-Johannes-Braun_DSCF3246-768x512.jpg 768w, https:\/\/club-des-ecureuils.fr\/wp-content\/uploads\/2026\/02\/\u00a9-Johannes-Braun_DSCF3246-1536x1024.jpg 1536w, https:\/\/club-des-ecureuils.fr\/wp-content\/uploads\/2026\/02\/\u00a9-Johannes-Braun_DSCF3246-2048x1365.jpg 2048w\" sizes=\"auto, (max-width: 767px) 89vw, (max-width: 1000px) 54vw, (max-width: 1071px) 543px, 580px\" \/><\/a><\/figure>\n\n\n\n<p><br>Individuelle ou familiale, l&rsquo;adh\u00e9sion est soumise au paiement d&rsquo;une cotisation qui comprend :<\/p>\n\n\n\n<ul class=\"wp-block-list\">\n<li class=\"has-normal-font-size\">L&rsquo;adh\u00e9sion \u00e0 la F\u00e9d\u00e9ration Fran\u00e7aise de Randonn\u00e9e P\u00e9destre (<a href=\"https:\/\/www.ffrandonnee.fr\/\">FFRandonn\u00e9e<\/a>) qui fait l\u2019objet<br>d\u2019une d\u00e9livrance de licence,<\/li>\n\n\n\n<li class=\"has-normal-font-size\">L&rsquo;assurance (recommand\u00e9e), qui couvre les risques li\u00e9s \u00e0 l&rsquo;activit\u00e9,<\/li>\n\n\n\n<li class=\"has-normal-font-size\">L&rsquo;adh\u00e9sion au club des \u00c9cureuils et \u00e0 sa section de randonn\u00e9e p\u00e9destre.<br><br>La cotisation est annuelle (du 1er septembre au 31 ao\u00fbt) et non remboursable en cas d&rsquo;abandon en cours d&rsquo;ann\u00e9e. La cotisation pleine et enti\u00e8re est redevable m\u00eame pour une adh\u00e9sion en cours de saison : Aucune d\u00e9cote ou r\u00e9duction au prorata temporis ne sera accord\u00e9e.<\/li>\n<\/ul>\n\n\n\n<figure class=\"wp-block-image size-full\"><a href=\"https:\/\/club-des-ecureuils.fr\/wp-content\/uploads\/2025\/10\/Image1.jpg\"><img loading=\"lazy\" decoding=\"async\" width=\"1004\" height=\"509\" src=\"https:\/\/club-des-ecureuils.fr\/wp-content\/uploads\/2025\/10\/Image1.jpg\" alt=\"\" class=\"wp-image-6883\" srcset=\"https:\/\/club-des-ecureuils.fr\/wp-content\/uploads\/2025\/10\/Image1.jpg 1004w, https:\/\/club-des-ecureuils.fr\/wp-content\/uploads\/2025\/10\/Image1-300x152.jpg 300w, https:\/\/club-des-ecureuils.fr\/wp-content\/uploads\/2025\/10\/Image1-768x389.jpg 768w\" sizes=\"auto, (max-width: 767px) 89vw, (max-width: 1000px) 54vw, (max-width: 1071px) 543px, 580px\" \/><\/a><\/figure>\n\n\n\n<p class=\"has-large-font-size\"><strong>Les documents d&rsquo;adh\u00e9sion<\/strong><\/p>\n\n\n\n<p>Adh\u00e9sion en ligne saison 2025-2026 avec r\u00e8glement en CB<\/p>\n\n\n\n<iframe\n  id=\"haWidget\"\n  allowtransparency=\"true\"\n  src=\"https:\/\/www.helloasso.com\/associations\/club-omnisport-et-culturel-des-ecureuils-section-randonnee-pedestre\/adhesions\/formulaire-d-inscription-2025-2026\/widget-bouton\"\n  style=\"width: 100%; height: 70px; border: none;\"\n><\/iframe>\n\n<script>\n  window.addEventListener('message', function(e) {\n    if (e.data && e.data.height) {\n      const haWidgetElement = document.getElementById('haWidget');\n      if (haWidgetElement) {\n        haWidgetElement.style.height = e.data.height + 'px';\n      }\n    }\n  });\n<\/script>\n\n\n\n<p class=\"has-black-color has-text-color has-link-color wp-elements-c8e74f36ba17a818e80661011e1fdb88\">01 . <a href=\"https:\/\/club-des-ecureuils.fr\/wp-content\/uploads\/2025\/09\/01_Bulletin-dadhesion-2025-2026.pdf\">Bulletin-d&rsquo;adh\u00e9sion-2025-2026<\/a><\/p>\n\n\n\n<p class=\"has-black-color has-text-color has-link-color wp-elements-01007c47ab3e516333aeecb8507add88\">02. <a href=\"https:\/\/club-des-ecureuils.fr\/wp-content\/uploads\/2025\/10\/02-Questionnaire-sante-majeur-FFR_09-2025.pdf\">Questionnaire-sant\u00e9-majeur.pdf<\/a><\/p>\n\n\n\n<p>03. <a href=\"https:\/\/club-des-ecureuils.fr\/wp-content\/uploads\/2025\/10\/03-Questionnaire-sante-mineur-FFR_09-2025.pdf\">Questionnaire-sant\u00e9-mineur.pdf<\/a><\/p>\n\n\n\n<p>04. <a href=\"https:\/\/club-des-ecureuils.fr\/wp-content\/uploads\/2025\/09\/04_Reglementation-CACI.pdf\">R\u00e8glementation des certificats m\u00e9dicaux<\/a><\/p>\n\n\n\n<p>05. <a href=\"https:\/\/club-des-ecureuils.fr\/wp-content\/uploads\/2026\/02\/05_Vade-mecum-du-randonneur_10-2025.pdf\">Vade-mecum du randonneur<\/a><\/p>\n\n\n\n<p>06. <a href=\"https:\/\/club-des-ecureuils.fr\/wp-content\/uploads\/2026\/02\/Les-avantages-de-votre-licence-2.pdf\">Les avantages procur\u00e9s par votre licence<\/a><\/p>\n\n\n\n<p><\/p>\n\n\n\n<p><\/p>\n","protected":false},"excerpt":{"rendered":"<p>Individuelle ou familiale, l&rsquo;adh\u00e9sion est soumise au paiement d&rsquo;une cotisation qui comprend : Les documents d&rsquo;adh\u00e9sion Adh\u00e9sion en ligne saison 2025-2026 avec r\u00e8glement en CB 01 . Bulletin-d&rsquo;adh\u00e9sion-2025-2026 02. Questionnaire-sant\u00e9-majeur.pdf 03. Questionnaire-sant\u00e9-mineur.pdf 04. R\u00e8glementation des certificats m\u00e9dicaux 05. Vade-mecum du randonneur 06. Les avantages procur\u00e9s par votre licence<\/p>\n","protected":false},"author":3,"featured_media":0,"parent":5595,"menu_order":2,"comment_status":"closed","ping_status":"closed","template":"","meta":{"footnotes":""},"class_list":["post-5651","page","type-page","status-publish","hentry"],"_links":{"self":[{"href":"https:\/\/club-des-ecureuils.fr\/index.php?rest_route=\/wp\/v2\/pages\/5651","targetHints":{"allow":["GET"]}}],"collection":[{"href":"https:\/\/club-des-ecureuils.fr\/index.php?rest_route=\/wp\/v2\/pages"}],"about":[{"href":"https:\/\/club-des-ecureuils.fr\/index.php?rest_route=\/wp\/v2\/types\/page"}],"author":[{"embeddable":true,"href":"https:\/\/club-des-ecureuils.fr\/index.php?rest_route=\/wp\/v2\/users\/3"}],"replies":[{"embeddable":true,"href":"https:\/\/club-des-ecureuils.fr\/index.php?rest_route=%2Fwp%2Fv2%2Fcomments&post=5651"}],"version-history":[{"count":62,"href":"https:\/\/club-des-ecureuils.fr\/index.php?rest_route=\/wp\/v2\/pages\/5651\/revisions"}],"predecessor-version":[{"id":7683,"href":"https:\/\/club-des-ecureuils.fr\/index.php?rest_route=\/wp\/v2\/pages\/5651\/revisions\/7683"}],"up":[{"embeddable":true,"href":"https:\/\/club-des-ecureuils.fr\/index.php?rest_route=\/wp\/v2\/pages\/5595"}],"wp:attachment":[{"href":"https:\/\/club-des-ecureuils.fr\/index.php?rest_route=%2Fwp%2Fv2%2Fmedia&parent=5651"}],"curies":[{"name":"wp","href":"https:\/\/api.w.org\/{rel}","templated":true}]}}