{"id":5680,"date":"2023-10-26T13:42:18","date_gmt":"2023-10-26T13:42:18","guid":{"rendered":"https:\/\/club-des-ecureuils.fr\/?page_id=5680"},"modified":"2026-03-29T17:42:08","modified_gmt":"2026-03-29T17:42:08","slug":"programme-des-sorties-en-randonnee-pedestre","status":"publish","type":"page","link":"https:\/\/club-des-ecureuils.fr\/?page_id=5680","title":{"rendered":"Programme des sorties en randonn\u00e9e p\u00e9destre"},"content":{"rendered":"\n<figure class=\"wp-block-image size-large is-resized\"><a href=\"https:\/\/club-des-ecureuils.fr\/wp-content\/uploads\/2026\/02\/\u00a9AdobeStock_211182829-scaled.jpeg\"><img loading=\"lazy\" decoding=\"async\" width=\"1024\" height=\"683\" src=\"https:\/\/club-des-ecureuils.fr\/wp-content\/uploads\/2026\/02\/\u00a9AdobeStock_211182829-1024x683.jpeg\" alt=\"\" class=\"wp-image-7631\" style=\"aspect-ratio:1.4992770955438157;width:523px;height:auto\" srcset=\"https:\/\/club-des-ecureuils.fr\/wp-content\/uploads\/2026\/02\/\u00a9AdobeStock_211182829-1024x683.jpeg 1024w, https:\/\/club-des-ecureuils.fr\/wp-content\/uploads\/2026\/02\/\u00a9AdobeStock_211182829-300x200.jpeg 300w, https:\/\/club-des-ecureuils.fr\/wp-content\/uploads\/2026\/02\/\u00a9AdobeStock_211182829-768x512.jpeg 768w, https:\/\/club-des-ecureuils.fr\/wp-content\/uploads\/2026\/02\/\u00a9AdobeStock_211182829-1536x1024.jpeg 1536w, https:\/\/club-des-ecureuils.fr\/wp-content\/uploads\/2026\/02\/\u00a9AdobeStock_211182829-2048x1365.jpeg 2048w\" sizes=\"auto, (max-width: 767px) 89vw, (max-width: 1000px) 54vw, (max-width: 1071px) 543px, 580px\" \/><\/a><\/figure>\n\n\n\n<p><strong>Calendriers des sorties<\/strong><br><br>Le calendrier et le programme des sorties est \u00e9tablit mensuellement ou trimestriellement.<br>Les adh\u00e9rents sont vivement invit\u00e9s \u00e0 faire part de leurs id\u00e9es de sorties et \u00e0 participer \u00e0 l\u2019encadrement des randonn\u00e9es.<br>Jusqu\u2019au dernier moment \u2013 notamment en fonction des conditions m\u00e9t\u00e9orologiques (alertes temp\u00eate, orage, canicule, etc.) pouvant repr\u00e9senter un danger pour la s\u00e9curit\u00e9 du groupe \u2013 l\u2019animateur se r\u00e9serve le droit et a toutes latitudes pour annuler la sortie, supprimer certaines portions particuli\u00e8rement expos\u00e9es, ou proposer un circuit de remplacement.<\/p>\n\n\n\n<p>Pour les points de d\u00e9part en dehors de Marcheprime, nous pr\u00e9conisons de partir en covoiturage, et que chaque passager verse au chauffeur une participation financi\u00e8re bas\u00e9e selon le tableau que vous trouverez <a href=\"https:\/\/club-des-ecureuils.fr\/wp-content\/uploads\/2025\/09\/Frais-de-covoiturage-2025-2026.pdf\"><strong>en cliquant ici<\/strong><\/a>.<\/p>\n\n\n\n<h1 class=\"wp-block-heading\"><strong>SORTIES HEBDOMADAIRES :<\/strong><\/h1>\n\n\n\n<p><a href=\"https:\/\/club-des-ecureuils.fr\/wp-content\/uploads\/2026\/03\/ProgrammeT2-2026.pdf\"><strong>Programme des randonn\u00e9es d&rsquo;avril 2026 \u00e0 fin de saison 2025\/2026<\/strong><\/a><\/p>\n\n\n\n<p><a href=\"https:\/\/club-des-ecureuils.fr\/wp-content\/uploads\/2026\/03\/ProgrammeT1-2026.pdf\"><strong>Programme des randonn\u00e9es de janvier \u00e0 mars 2026<\/strong><\/a><\/p>\n\n\n\n<p><a href=\"https:\/\/club-des-ecureuils.fr\/wp-content\/uploads\/2025\/12\/Programme-randos-2025.pdf\"><strong>Programme des randonn\u00e9es 2025<\/strong><\/a><\/p>\n\n\n\n<p><a href=\"https:\/\/club-des-ecureuils.fr\/wp-content\/uploads\/2025\/12\/Programme-randos-2024.pdf\"><strong>Programme des randonn\u00e9es 2024<\/strong><\/a><\/p>\n\n\n\n<div class=\"wp-block-group is-nowrap is-layout-flex wp-container-core-group-is-layout-ad2f72ca wp-block-group-is-layout-flex\">\n<p><a href=\"https:\/\/club-des-ecureuils.fr\/wp-content\/uploads\/2023\/10\/PROGRAMME-4T2023.pdf\"><strong>Programme d&rsquo;octobre \u00e0 d\u00e9cembre 2023<\/strong><\/a><\/p>\n<\/div>\n\n\n\n<h1 class=\"wp-block-heading\"><strong>SORTIES WEEK-END :<\/strong><\/h1>\n\n\n\n<p><strong>Sortie VALLEE D&rsquo;ASPE 3 au 5 octobre 2025<\/strong>, consultez le programme <a href=\"https:\/\/club-des-ecureuils.fr\/wp-content\/uploads\/2025\/09\/WE_Vallee-dAspe_3-au-5octobre2025_Programme1.pdf\" data-type=\"link\" data-id=\"https:\/\/club-des-ecureuils.fr\/wp-content\/uploads\/2025\/09\/WE_Vallee-dAspe_3-au-5octobre2025_Programme1.pdf\"><strong>ici<\/strong><\/a><\/p>\n\n\n\n<p><strong>Sortie HAUTE SOULE 23 au 25 janvier 2026<\/strong>, consultez le programme <strong><a href=\"https:\/\/club-des-ecureuils.fr\/wp-content\/uploads\/2025\/11\/2601_WE-Hiver_HauteSoule_23au25janvier2026_Bulletin-dinscription-2.pdf\">ici<\/a><\/strong><\/p>\n\n\n\n<p><strong>Sortie LOT 4 au 6 avril 2026<\/strong>, consultez le programme <strong> <a href=\"https:\/\/club-des-ecureuils.fr\/wp-content\/uploads\/2026\/03\/2604_WE-Printemps_Lot_4au6avril2026_Bulletin-dinscription-2.pdf\">ici<\/a>    <\/strong>            <\/p>\n\n\n\n<p><\/p>\n","protected":false},"excerpt":{"rendered":"<p>Calendriers des sorties Le calendrier et le programme des sorties est \u00e9tablit mensuellement ou trimestriellement.Les adh\u00e9rents sont vivement invit\u00e9s \u00e0 faire part de leurs id\u00e9es de sorties et \u00e0 participer \u00e0 l\u2019encadrement des randonn\u00e9es.Jusqu\u2019au dernier moment \u2013 notamment en fonction des conditions m\u00e9t\u00e9orologiques (alertes temp\u00eate, orage, canicule, etc.) pouvant repr\u00e9senter un danger pour la s\u00e9curit\u00e9 &hellip; <\/p>\n<p class=\"link-more\"><a href=\"https:\/\/club-des-ecureuils.fr\/?page_id=5680\" class=\"more-link\">Continuer la lecture<span class=\"screen-reader-text\"> de &laquo;&nbsp;Programme des sorties en randonn\u00e9e p\u00e9destre&nbsp;&raquo;<\/span><\/a><\/p>\n","protected":false},"author":3,"featured_media":0,"parent":5595,"menu_order":2,"comment_status":"closed","ping_status":"closed","template":"","meta":{"footnotes":""},"class_list":["post-5680","page","type-page","status-publish","hentry"],"_links":{"self":[{"href":"https:\/\/club-des-ecureuils.fr\/index.php?rest_route=\/wp\/v2\/pages\/5680","targetHints":{"allow":["GET"]}}],"collection":[{"href":"https:\/\/club-des-ecureuils.fr\/index.php?rest_route=\/wp\/v2\/pages"}],"about":[{"href":"https:\/\/club-des-ecureuils.fr\/index.php?rest_route=\/wp\/v2\/types\/page"}],"author":[{"embeddable":true,"href":"https:\/\/club-des-ecureuils.fr\/index.php?rest_route=\/wp\/v2\/users\/3"}],"replies":[{"embeddable":true,"href":"https:\/\/club-des-ecureuils.fr\/index.php?rest_route=%2Fwp%2Fv2%2Fcomments&post=5680"}],"version-history":[{"count":40,"href":"https:\/\/club-des-ecureuils.fr\/index.php?rest_route=\/wp\/v2\/pages\/5680\/revisions"}],"predecessor-version":[{"id":7767,"href":"https:\/\/club-des-ecureuils.fr\/index.php?rest_route=\/wp\/v2\/pages\/5680\/revisions\/7767"}],"up":[{"embeddable":true,"href":"https:\/\/club-des-ecureuils.fr\/index.php?rest_route=\/wp\/v2\/pages\/5595"}],"wp:attachment":[{"href":"https:\/\/club-des-ecureuils.fr\/index.php?rest_route=%2Fwp%2Fv2%2Fmedia&parent=5680"}],"curies":[{"name":"wp","href":"https:\/\/api.w.org\/{rel}","templated":true}]}}