{"id":5931,"date":"2024-04-08T11:28:53","date_gmt":"2024-04-08T11:28:53","guid":{"rendered":"https:\/\/club-des-ecureuils.fr\/?page_id=5931"},"modified":"2026-04-03T15:21:35","modified_gmt":"2026-04-03T15:21:35","slug":"fonctionnement-section","status":"publish","type":"page","link":"https:\/\/club-des-ecureuils.fr\/?page_id=5931","title":{"rendered":"Fonctionnement de la section \u00ab\u00a0Ecureuils Marcheurs\u00a0\u00bb"},"content":{"rendered":"\n<figure class=\"wp-block-image size-large is-resized\"><a href=\"https:\/\/club-des-ecureuils.fr\/wp-content\/uploads\/2026\/02\/\u00a9AdobeStock_211183245-scaled.jpeg\"><img loading=\"lazy\" decoding=\"async\" width=\"1024\" height=\"683\" src=\"https:\/\/club-des-ecureuils.fr\/wp-content\/uploads\/2026\/02\/\u00a9AdobeStock_211183245-1024x683.jpeg\" alt=\"\" class=\"wp-image-7623\" style=\"aspect-ratio:1.4992770955438157;width:502px;height:auto\" srcset=\"https:\/\/club-des-ecureuils.fr\/wp-content\/uploads\/2026\/02\/\u00a9AdobeStock_211183245-1024x683.jpeg 1024w, https:\/\/club-des-ecureuils.fr\/wp-content\/uploads\/2026\/02\/\u00a9AdobeStock_211183245-300x200.jpeg 300w, https:\/\/club-des-ecureuils.fr\/wp-content\/uploads\/2026\/02\/\u00a9AdobeStock_211183245-768x512.jpeg 768w, https:\/\/club-des-ecureuils.fr\/wp-content\/uploads\/2026\/02\/\u00a9AdobeStock_211183245-1536x1024.jpeg 1536w, https:\/\/club-des-ecureuils.fr\/wp-content\/uploads\/2026\/02\/\u00a9AdobeStock_211183245-2048x1365.jpeg 2048w\" sizes=\"auto, (max-width: 767px) 89vw, (max-width: 1000px) 54vw, (max-width: 1071px) 543px, 580px\" \/><\/a><\/figure>\n\n\n\n<p class=\"has-vivid-cyan-blue-color has-text-color has-link-color has-medium-font-size wp-elements-cbea6eb72b030dd345580596158cedbe\"><strong>R\u00e8glement int\u00e9rieur<\/strong>&nbsp;<\/p>\n\n\n\n<p>Le r\u00e8glement int\u00e9rieur initial a \u00e9t\u00e9 vot\u00e9 lors de l&rsquo;assembl\u00e9e g\u00e9n\u00e9rale du 07\/06\/2024. Nous esp\u00e9rons que chacun puisse y retrouver les valeurs v\u00e9hicul\u00e9es par notre section.<\/p>\n\n\n\n<p><a href=\"https:\/\/club-des-ecureuils.fr\/wp-content\/uploads\/2024\/06\/Reglement-interieur_V1-0.pdf\">R\u00e8glement int\u00e9rieur V1R0<\/a><\/p>\n\n\n\n<p><a href=\"https:\/\/club-des-ecureuils.fr\/wp-content\/uploads\/2026\/03\/Reglement-interieur_V2-0_projet-a-valider-en-AG.pdf\">R\u00e8glement int\u00e9rieur V2R0 &#8211; Projet \u00e0 valider lors de la prochaine AG<\/a><\/p>\n\n\n\n<h2 class=\"wp-block-heading has-vivid-cyan-blue-color has-text-color has-link-color has-medium-font-size wp-elements-8f679ee37f6752009e8f59e3e639adab\"><strong>Comit\u00e9 Directeur : <\/strong><\/h2>\n\n\n\n<p><a href=\"https:\/\/club-des-ecureuils.fr\/wp-content\/uploads\/2025\/09\/Reglement-interieur_Annexe_24-25.pdf\">R\u00e8glement-interieur_Annexe_24-25<\/a><\/p>\n\n\n\n<p><a href=\"https:\/\/club-des-ecureuils.fr\/wp-content\/uploads\/2025\/09\/Reglement-interieur_Annexe_25-26.pdf\">R\u00e8glement-interieur_Annexe_25-26<\/a><\/p>\n\n\n\n<h2 class=\"wp-block-heading has-vivid-cyan-blue-color has-text-color has-link-color has-medium-font-size wp-elements-a10a714a73ba22279e8e06a434686100\"><strong>Animateurs :<\/strong><\/h2>\n\n\n\n<p><a href=\"https:\/\/club-des-ecureuils.fr\/wp-content\/uploads\/2026\/02\/2025-26_ListeAnimateursSection.pdf\">Animateurs saison 2025-2026<\/a><\/p>\n\n\n\n<h2 class=\"wp-block-heading has-vivid-cyan-blue-color has-text-color has-link-color has-medium-font-size wp-elements-175dc0b755abf3304375a6e18bbb596c\"><strong>Assembl\u00e9es g\u00e9n\u00e9rales :<\/strong><\/h2>\n\n\n\n<p>Le 7 juin 2024 s&rsquo;est d\u00e9roul\u00e9e notre premi\u00e8re AG pour la cl\u00f4ture de notre 1\u00e8re saison.<\/p>\n\n\n\n<p>Vous trouverez les comptes-rendus de cette AG et des suivantes ci-dessous :<\/p>\n\n\n\n<p><a href=\"https:\/\/club-des-ecureuils.fr\/wp-content\/uploads\/2025\/09\/Compte-rendu-AG-2023-2024-2.pdf\">Compte-rendu-AG-2023-2024<\/a><\/p>\n\n\n\n<p><a href=\"https:\/\/club-des-ecureuils.fr\/wp-content\/uploads\/2025\/09\/Compte-rendu-AG-2024-2025.pdf\">Compte-rendu-AG-2024-2025<\/a><\/p>\n\n\n\n<p><strong>Contacts<\/strong> :<\/p>\n\n\n\n<ul class=\"wp-block-list\">\n<li>Mail :&nbsp;<a href=\"mailto:ecureuilsmarcheurs33@gmail.com\" target=\"_blank\" rel=\"noreferrer noopener\">ecureuilsmarcheurs33@gmail.com<\/a><\/li>\n\n\n\n<li>T\u00e9l : 06-24-88-27-66 Olivier<\/li>\n\n\n\n<li><a href=\"https:\/\/www.facebook.com\/profile.php?id=61552619006995\">Facebook <\/a><\/li>\n\n\n\n<li><a href=\"https:\/\/instagram.com\/ecureuils_marcheurs_33?igshid=OGQ5ZDc2ODk2ZA==\">Instagram<\/a><\/li>\n<\/ul>\n\n\n\n<div class=\"wp-block-cover aligncenter is-light\" style=\"min-height:200px;aspect-ratio:unset;\"><span aria-hidden=\"true\" class=\"wp-block-cover__background has-background-dim-80 has-background-dim\" style=\"background-color:#93aab8\"><\/span><div class=\"wp-block-cover__inner-container is-layout-flow wp-block-cover-is-layout-flow\">\n<p class=\"has-text-align-left has-white-color has-text-color\" style=\"font-size:22px\">Nous sommes \u00e0 votre \u00e9coute !<\/p>\n\n\n\n<div class=\"wp-block-buttons is-layout-flex wp-block-buttons-is-layout-flex\">\n<div class=\"wp-block-button is-style-fill\"><a class=\"wp-block-button__link has-white-color has-black-background-color has-text-color has-background wp-element-button\" href=\"mailto:ecureuilsmarcheurs33@gmail.com\">Contactez-nous<\/a><\/div>\n<\/div>\n<\/div><\/div>\n\n\n\n<p><\/p>\n","protected":false},"excerpt":{"rendered":"<p>R\u00e8glement int\u00e9rieur&nbsp; Le r\u00e8glement int\u00e9rieur initial a \u00e9t\u00e9 vot\u00e9 lors de l&rsquo;assembl\u00e9e g\u00e9n\u00e9rale du 07\/06\/2024. Nous esp\u00e9rons que chacun puisse y retrouver les valeurs v\u00e9hicul\u00e9es par notre section. R\u00e8glement int\u00e9rieur V1R0 R\u00e8glement int\u00e9rieur V2R0 &#8211; Projet \u00e0 valider lors de la prochaine AG Comit\u00e9 Directeur : R\u00e8glement-interieur_Annexe_24-25 R\u00e8glement-interieur_Annexe_25-26 Animateurs : Animateurs saison 2025-2026 Assembl\u00e9es g\u00e9n\u00e9rales &hellip; <\/p>\n<p class=\"link-more\"><a href=\"https:\/\/club-des-ecureuils.fr\/?page_id=5931\" class=\"more-link\">Continuer la lecture<span class=\"screen-reader-text\"> de &laquo;&nbsp;Fonctionnement de la section \u00ab\u00a0Ecureuils Marcheurs\u00a0\u00bb&nbsp;&raquo;<\/span><\/a><\/p>\n","protected":false},"author":3,"featured_media":0,"parent":5595,"menu_order":1,"comment_status":"closed","ping_status":"closed","template":"","meta":{"footnotes":""},"class_list":["post-5931","page","type-page","status-publish","hentry"],"_links":{"self":[{"href":"https:\/\/club-des-ecureuils.fr\/index.php?rest_route=\/wp\/v2\/pages\/5931","targetHints":{"allow":["GET"]}}],"collection":[{"href":"https:\/\/club-des-ecureuils.fr\/index.php?rest_route=\/wp\/v2\/pages"}],"about":[{"href":"https:\/\/club-des-ecureuils.fr\/index.php?rest_route=\/wp\/v2\/types\/page"}],"author":[{"embeddable":true,"href":"https:\/\/club-des-ecureuils.fr\/index.php?rest_route=\/wp\/v2\/users\/3"}],"replies":[{"embeddable":true,"href":"https:\/\/club-des-ecureuils.fr\/index.php?rest_route=%2Fwp%2Fv2%2Fcomments&post=5931"}],"version-history":[{"count":46,"href":"https:\/\/club-des-ecureuils.fr\/index.php?rest_route=\/wp\/v2\/pages\/5931\/revisions"}],"predecessor-version":[{"id":7768,"href":"https:\/\/club-des-ecureuils.fr\/index.php?rest_route=\/wp\/v2\/pages\/5931\/revisions\/7768"}],"up":[{"embeddable":true,"href":"https:\/\/club-des-ecureuils.fr\/index.php?rest_route=\/wp\/v2\/pages\/5595"}],"wp:attachment":[{"href":"https:\/\/club-des-ecureuils.fr\/index.php?rest_route=%2Fwp%2Fv2%2Fmedia&parent=5931"}],"curies":[{"name":"wp","href":"https:\/\/api.w.org\/{rel}","templated":true}]}}