{"id":6720,"date":"2025-09-25T14:46:28","date_gmt":"2025-09-25T14:46:28","guid":{"rendered":"https:\/\/club-des-ecureuils.fr\/?page_id=6720"},"modified":"2026-02-28T12:43:19","modified_gmt":"2026-02-28T12:43:19","slug":"la-gazette-lesquiro","status":"publish","type":"page","link":"https:\/\/club-des-ecureuils.fr\/?page_id=6720","title":{"rendered":"La gazette l&rsquo;ESQUIROL"},"content":{"rendered":"\n<figure class=\"wp-block-image size-large is-resized\"><a href=\"https:\/\/club-des-ecureuils.fr\/wp-content\/uploads\/2026\/02\/DSC_0612-scaled.jpg\"><img loading=\"lazy\" decoding=\"async\" width=\"1024\" height=\"680\" src=\"https:\/\/club-des-ecureuils.fr\/wp-content\/uploads\/2026\/02\/DSC_0612-1024x680.jpg\" alt=\"\" class=\"wp-image-7637\" style=\"aspect-ratio:1.5058647954158655;width:553px;height:auto\" srcset=\"https:\/\/club-des-ecureuils.fr\/wp-content\/uploads\/2026\/02\/DSC_0612-1024x680.jpg 1024w, https:\/\/club-des-ecureuils.fr\/wp-content\/uploads\/2026\/02\/DSC_0612-300x199.jpg 300w, https:\/\/club-des-ecureuils.fr\/wp-content\/uploads\/2026\/02\/DSC_0612-768x510.jpg 768w, https:\/\/club-des-ecureuils.fr\/wp-content\/uploads\/2026\/02\/DSC_0612-1536x1020.jpg 1536w, https:\/\/club-des-ecureuils.fr\/wp-content\/uploads\/2026\/02\/DSC_0612-2048x1360.jpg 2048w\" sizes=\"auto, (max-width: 767px) 89vw, (max-width: 1000px) 54vw, (max-width: 1071px) 543px, 580px\" \/><\/a><\/figure>\n\n\n\n<p>Le tout premier num\u00e9ro de notre revue \u00ab <strong>La gazette de l\u2019Esquirol<\/strong> \u00bb, a \u00e9t\u00e9 publi\u00e9 au mois d&rsquo;ao\u00fbt 2025. Elle se donne pour vocation de faire une synth\u00e8se de nos sorties r\u00e9alis\u00e9es, de partager les informations de la section, de communiquer d\u2019autres renseignements plus g\u00e9n\u00e9raux, et de pr\u00e9senter nos activit\u00e9s futures.<\/p>\n\n\n\n<p>Vous retrouverez ci-dessous nos publications semestrielles :<\/p>\n\n\n\n<ul class=\"wp-block-list\">\n<li><strong>N\u00b0 1<\/strong> publication ao\u00fbt 2025 (p\u00e9riode de f\u00e9vrier \u00e0 ao\u00fbt 2025) : <a href=\"https:\/\/club-des-ecureuils.fr\/wp-content\/uploads\/2025\/09\/Esquirol_N01.pdf\">L&rsquo;ESQUIROL n\u00b0 1 publication ao\u00fbt 2025<\/a><\/li>\n\n\n\n<li><strong>N\u00b0 2<\/strong> publication f\u00e9vrier 2026 (p\u00e9riode de septembre 2025 \u00e0 janvier 2026) : <a href=\"https:\/\/club-des-ecureuils.fr\/wp-content\/uploads\/2026\/02\/2026-01-la-Gazette-de-lEsquirol-n\u00b02-sept-2025-a-janv-2026-1.pdf\">L&rsquo;ESQUIROL n\u00b0 2 publication f\u00e9vrier 2026<\/a><\/li>\n<\/ul>\n\n\n\n<p><\/p>\n","protected":false},"excerpt":{"rendered":"<p>Le tout premier num\u00e9ro de notre revue \u00ab La gazette de l\u2019Esquirol \u00bb, a \u00e9t\u00e9 publi\u00e9 au mois d&rsquo;ao\u00fbt 2025. Elle se donne pour vocation de faire une synth\u00e8se de nos sorties r\u00e9alis\u00e9es, de partager les informations de la section, de communiquer d\u2019autres renseignements plus g\u00e9n\u00e9raux, et de pr\u00e9senter nos activit\u00e9s futures. Vous retrouverez ci-dessous &hellip; <\/p>\n<p class=\"link-more\"><a href=\"https:\/\/club-des-ecureuils.fr\/?page_id=6720\" class=\"more-link\">Continuer la lecture<span class=\"screen-reader-text\"> de &laquo;&nbsp;La gazette l&rsquo;ESQUIROL&nbsp;&raquo;<\/span><\/a><\/p>\n","protected":false},"author":3,"featured_media":0,"parent":5595,"menu_order":0,"comment_status":"closed","ping_status":"closed","template":"","meta":{"footnotes":""},"class_list":["post-6720","page","type-page","status-publish","hentry"],"_links":{"self":[{"href":"https:\/\/club-des-ecureuils.fr\/index.php?rest_route=\/wp\/v2\/pages\/6720","targetHints":{"allow":["GET"]}}],"collection":[{"href":"https:\/\/club-des-ecureuils.fr\/index.php?rest_route=\/wp\/v2\/pages"}],"about":[{"href":"https:\/\/club-des-ecureuils.fr\/index.php?rest_route=\/wp\/v2\/types\/page"}],"author":[{"embeddable":true,"href":"https:\/\/club-des-ecureuils.fr\/index.php?rest_route=\/wp\/v2\/users\/3"}],"replies":[{"embeddable":true,"href":"https:\/\/club-des-ecureuils.fr\/index.php?rest_route=%2Fwp%2Fv2%2Fcomments&post=6720"}],"version-history":[{"count":10,"href":"https:\/\/club-des-ecureuils.fr\/index.php?rest_route=\/wp\/v2\/pages\/6720\/revisions"}],"predecessor-version":[{"id":7639,"href":"https:\/\/club-des-ecureuils.fr\/index.php?rest_route=\/wp\/v2\/pages\/6720\/revisions\/7639"}],"up":[{"embeddable":true,"href":"https:\/\/club-des-ecureuils.fr\/index.php?rest_route=\/wp\/v2\/pages\/5595"}],"wp:attachment":[{"href":"https:\/\/club-des-ecureuils.fr\/index.php?rest_route=%2Fwp%2Fv2%2Fmedia&parent=6720"}],"curies":[{"name":"wp","href":"https:\/\/api.w.org\/{rel}","templated":true}]}}