{"id":9,"date":"2015-08-24T16:18:18","date_gmt":"2015-08-24T16:18:18","guid":{"rendered":"http:\/\/club-des-ecureuils.fr\/?page_id=9"},"modified":"2025-11-14T13:56:04","modified_gmt":"2025-11-14T13:56:04","slug":"club-omnisports-et-culturel-des-ecureuils","status":"publish","type":"page","link":"https:\/\/club-des-ecureuils.fr\/","title":{"rendered":"Accueil"},"content":{"rendered":"<p style=\"text-align: center;\"><strong>Bienvenue au Club Omnisports et Culturel des \u00c9cureuils de Marcheprime.<\/strong><\/p>\n<div align=\"left\">Association cr\u00e9\u00e9e le 7 mai 1975, qui anime depuis cette date la vie de notre ville. Le Club Omnisports et Culturel des \u00c9cureuils aujourd\u2019hui, c\u2019est 10 sections et environ 700 adh\u00e9rents :<\/div>\n<div align=\"left\">Des sections qui\u00a0 vous permettent de <strong>Conserver votre<\/strong> b<strong>ien \u00eatre, <span style=\"font-size: revert; text-align: center;\">D\u00e9velopper votre sens artistique, Garder la forme.<\/span><\/strong><\/div>\n<div align=\"left\">\u00a0<\/div>\n<div align=\"left\"><strong>D\u00e9couvrez les<\/strong> ;cliquez ici: <a href=\"https:\/\/club-des-ecureuils.fr\/?page_id=6302\">Notre club, l&rsquo;essentiel.<\/a><\/div>\n<div align=\"left\">\u00a0<\/div>\n<div align=\"left\">\u00a0<\/div>\n<div align=\"left\">\n<p>Un club familial, convivial, ouvert sur sa commune et alentours.<br \/>Toute personne souhaitant partager les valeurs et l\u2019\u00e9thique du club peut nous rejoindre, seule ou en famille. Elle y sera accueillie par l\u2019ensemble des b\u00e9n\u00e9voles et adh\u00e9rents. Elle pourra pratiquer, \u00e0 sa mani\u00e8re et en toute s\u00e9curit\u00e9, l\u2019activit\u00e9 qui la passionne.<br \/>Des ateliers culturels, de la pratique individuelle aux sports d\u2019\u00e9quipe, de l\u2019activit\u00e9 de loisirs \u00e0 la comp\u00e9tition, vous trouverez, nous en sommes certains, la mani\u00e8re de satisfaire vos envies.<br \/>N\u2019h\u00e9sitez pas et venez partager avec nous les joies et les valeurs de notre club.<br \/>A tr\u00e8s bient\u00f4t.<\/p>\n<\/div>\n<h4 align=\"center\"><strong>Le Pr\u00e9sident<\/strong><\/h4>\n<h4 align=\"center\"><strong>Jean-Bernard VIGNACQ<\/strong><\/h4>\n<p style=\"text-align: center;\">Contact :\u00a0Jean-Bernard VIGNACQ\u00a0<a href=\"mailto:president@club-des-ecureuils.fr\">president@club-des-ecureuils.fr<\/a><\/p>\n\n\n<p><\/p>\n","protected":false},"excerpt":{"rendered":"<p>Bienvenue au Club Omnisports et Culturel des \u00c9cureuils de Marcheprime. Association cr\u00e9\u00e9e le 7 mai 1975, qui anime depuis cette date la vie de notre ville. Le Club Omnisports et Culturel des \u00c9cureuils aujourd\u2019hui, c\u2019est 10 sections et environ 700 adh\u00e9rents : Des sections qui\u00a0 vous permettent de Conserver votre bien \u00eatre, D\u00e9velopper votre sens &hellip; <\/p>\n<p class=\"link-more\"><a href=\"https:\/\/club-des-ecureuils.fr\/\" class=\"more-link\">Continuer la lecture<span class=\"screen-reader-text\"> de &laquo;&nbsp;Accueil&nbsp;&raquo;<\/span><\/a><\/p>\n","protected":false},"author":1,"featured_media":0,"parent":13,"menu_order":1,"comment_status":"closed","ping_status":"closed","template":"","meta":{"footnotes":""},"class_list":["post-9","page","type-page","status-publish","hentry"],"_links":{"self":[{"href":"https:\/\/club-des-ecureuils.fr\/index.php?rest_route=\/wp\/v2\/pages\/9","targetHints":{"allow":["GET"]}}],"collection":[{"href":"https:\/\/club-des-ecureuils.fr\/index.php?rest_route=\/wp\/v2\/pages"}],"about":[{"href":"https:\/\/club-des-ecureuils.fr\/index.php?rest_route=\/wp\/v2\/types\/page"}],"author":[{"embeddable":true,"href":"https:\/\/club-des-ecureuils.fr\/index.php?rest_route=\/wp\/v2\/users\/1"}],"replies":[{"embeddable":true,"href":"https:\/\/club-des-ecureuils.fr\/index.php?rest_route=%2Fwp%2Fv2%2Fcomments&post=9"}],"version-history":[{"count":55,"href":"https:\/\/club-des-ecureuils.fr\/index.php?rest_route=\/wp\/v2\/pages\/9\/revisions"}],"predecessor-version":[{"id":7036,"href":"https:\/\/club-des-ecureuils.fr\/index.php?rest_route=\/wp\/v2\/pages\/9\/revisions\/7036"}],"up":[{"embeddable":true,"href":"https:\/\/club-des-ecureuils.fr\/index.php?rest_route=\/wp\/v2\/pages\/13"}],"wp:attachment":[{"href":"https:\/\/club-des-ecureuils.fr\/index.php?rest_route=%2Fwp%2Fv2%2Fmedia&parent=9"}],"curies":[{"name":"wp","href":"https:\/\/api.w.org\/{rel}","templated":true}]}}